{"id":948,"date":"2014-05-10T05:56:18","date_gmt":"2014-05-10T05:56:18","guid":{"rendered":"http:\/\/alltimefics.com\/adote\/?page_id=948"},"modified":"2026-04-06T16:06:14","modified_gmt":"2026-04-06T19:06:14","slug":"ideias-111-a-120","status":"publish","type":"page","link":"https:\/\/espacocriativo.net\/adote\/disponiveis\/ideias-111-a-120\/","title":{"rendered":"Ideias \u00bb #111 a #120"},"content":{"rendered":"\n<p class=\"has-text-align-center\">Antes de adotar, confira as <a href=\"https:\/\/espacocriativo.net\/adote\/?page_id=609\">regras do jogo<\/a>.<\/p>\n\n\n\n<p class=\"has-text-align-center\"><a href=\"#113\">#113<\/a> | <a href=\"#114\">#114<\/a> | <a href=\"#115\">#115<\/a> | <a href=\"#116\">#116<\/a> | <a href=\"#117\">#117<\/a> | <a href=\"#118\">#118<\/a> | <a href=\"#119\">#119<\/a> | <a href=\"#120\">#120<\/a><\/p>\n\n\n\n<hr class=\"wp-block-separator has-alpha-channel-opacity\"\/>\n\n\n\n<h2 class=\"wp-block-heading has-text-align-center\">Ideia #113<\/h2>\n\n\n\n<p><a name=\"113\"><\/a><strong>Doada por <a href=\"https:\/\/twitter.com\/feelemos\" target=\"_blank\" rel=\"noopener noreferrer\">Fee Lemos<\/a>.<\/strong><br> <strong>Resumo:<\/strong> Os pais da principal se separam bem cedo. A garota continua morando com a m\u00e3e, enquanto o pai vai morar em outro pa\u00eds. Cerca de 10 anos depois, quando a m\u00e3e da garota falece, ela se v\u00ea obrigada a morar com o pai em um pa\u00eds desconhecido. S\u00f3 que agora ela ter\u00e1 tamb\u00e9m uma nova fam\u00edlia para lidar: uma madrasta que ela ainda n\u00e3o decidiu se \u00e9 legal ou megera, uma meia-irm\u00e3 de cerca de 7 anos que \u00e9 uma fofura, e dois filhos do casamento anterior de sua madrasta, sendo um deles o favorito da fic.<br> <strong>Fandom:<\/strong> Outros \/ Original<br> <strong>G\u00eanero:<\/strong> Livre<br> <strong>Nota:<\/strong> N\u00e3o usar Estados Unidos ou Inglaterra (os famosos clich\u00eas) como pa\u00eds onde o pai da principal mora e para onde ela deve se mudar. O favorito n\u00e3o deve ser o mais popular\/pegador, ele tem uma namorada de anos, que tamb\u00e9m n\u00e3o \u00e9 o famoso clich\u00ea de vil\u00e3.<br> <strong>Sugest\u00e3o:<\/strong> \u00c9 bom fugir dos clich\u00eas de vez em quando. A principal pode n\u00e3o ser t\u00e3o boazinha, a antagonista n\u00e3o precisa ser t\u00e3o chata e malvada, o favorito n\u00e3o precisa ser o playboy e queridinho do col\u00e9gio\u2026<br> <strong>Contato:<\/strong> <a href=\"mailto:nandalemos@gmail.com\">E-mail<\/a> | <a href=\"https:\/\/twitter.com\/feelemos\" target=\"_blank\" rel=\"noopener noreferrer\">Twitter<\/a><br> <strong>Nota:<\/strong> &#8212;<\/p>\n\n\n\n<p class=\"has-text-align-center\"><strong>Para adotar, complete o formul\u00e1rio a seguir: <a href=\"http:\/\/espacocriativo.net\/adote\/?page_id=594\">Link<\/a><\/strong><\/p>\n\n\n\n<hr class=\"wp-block-separator has-alpha-channel-opacity\"\/>\n\n\n\n<h2 class=\"wp-block-heading has-text-align-center\">Ideia #114<\/h2>\n\n\n\n<p><a name=\"114\"><\/a><strong>Doada por <a href=\"https:\/\/twitter.com\/BlubliPlutao\" target=\"_blank\" rel=\"noopener noreferrer\">Laura Weiller<\/a>.<\/strong><br>\n<strong>Resumo:<\/strong> Voc\u00ea \u00e9 a parceira de Niklaus, mas ningu\u00e9m ir\u00e1 saber disso. Ele te mantem escondida e sobre uma grande prote\u00e7\u00e3o, mas alguns lobisomens descobrem a sua exist\u00eancia e resolvem come\u00e7ar a te perseguir para atrair Klaus. Voc\u00ea consegue fugir deles, e em uma floresta perto de Mystic Falls esbarra em Stefan seria bom criar uma amizade entre eles onde deixaria o Klaus enciumado. Voc\u00ea foi a primeira vampira que Klaus transformou, por volta da Belle \u00c9poque na Fran\u00e7a (S\u00e9culo XIX) A parceira de Klaus \u00e9 completo oposto dele, amorosa, dedicada, paciente e compreensiva. Klaus est\u00e1 interessado em<br>\nCaroline, mas se v\u00ea confuso com a aproxima\u00e7\u00e3o da &#8220;esposa&#8221; a qual a ama, mas se v\u00ea perdido entre as duas.\u00c9 basicamente isso, queria que a fic mostrasse um lado rom\u00e2ntico do Klaus. E no final os dois juntos, Caroline com Tyler e Klaus com seu amor antigo.<br>\n<strong>Fandom:<\/strong> S\u00e9rie \u2013 The Vampire Diares<br>\n<strong>G\u00eanero:<\/strong> Romance<br>\n<strong>Nota:<\/strong> Apenas a parceira do Klaus ser interativa.<br>\n<strong>Contato:<\/strong> <a href=\"mailto:lw_fic@hotmail.com\">E-mail<\/a> | <a href=\"https:\/\/twitter.com\/BlubliPlutao\" target=\"_blank\" rel=\"noopener noreferrer\">Twitter<\/a><\/p>\n\n\n\n<p class=\"has-text-align-center\"><strong>Para adotar, complete o formul\u00e1rio a seguir: <a href=\"http:\/\/espacocriativo.net\/adote\/?page_id=594\">Link<\/a><\/strong><\/p>\n\n\n\n<hr class=\"wp-block-separator has-alpha-channel-opacity\"\/>\n\n\n\n<h2 class=\"wp-block-heading has-text-align-center\">Ideia #115<\/h2>\n\n\n\n<p><a name=\"115\"><\/a><strong>Doada por <a href=\"https:\/\/twitter.com\/Yasmin_Ribeiro\" target=\"_blank\" rel=\"noopener\">Yasmin Albuquerque<\/a>.<\/strong><br>\n<strong>Resumo:<\/strong> \u00c9 ver\u00e3o nos Hamptons e quando surge a oportunidade de a principal se ver livre da selva de concreto que \u00e9 NY, ela n\u00e3o desperdi\u00e7a. Coincidentemente o seu ex, Niall, junto com os amigos da 1D est\u00e3o com uma casa alugada ao lado da dela. Ver o ex n\u00e3o era exatamente um problema; o problema era se interessar por um amigo do ex &#8211; e ser rec\u00edproco. E como se j\u00e1 n\u00e3o fosse complicado tentar n\u00e3o evoluir com esse &#8220;pseudo relacionamento&#8221;, tem mais algu\u00e9m interessado nela. Ela odeia se envolver e concorda que tri\u00e2ngulos amorosos s\u00e3o clich\u00ea demais, mas de repente se v\u00ea envolvida em um &#8211; e \u00e9 a \u00fanica que tem ci\u00eancia disso.<br>\n<strong>Fandom:<\/strong> One Direction \/ The Wanted<br>\n<strong>G\u00eanero:<\/strong> Com\u00e9dia \/ Romance \/ Drama<br>\n<strong>Sugest\u00f5es:<\/strong> &#8212;<br>\n<strong>Contato:<\/strong> <a href=\"mailto:misty.yasmin@gmail.com\">E-mail<\/a> | <a href=\"https:\/\/twitter.com\/Yasmin_Ribeiro\" target=\"_blank\" rel=\"noopener noreferrer\">Twitter<\/a><br>\n<strong>Nota:<\/strong> D\u00e1 pra usar tanto um quanto o outro &#8211; ou qualquer banda completamente diferente. Mas \u00e9 prefer\u00edvel que seja uma banda com no m\u00ednimo quatro integrantes pra outros personagens tamb\u00e9m poderem ter participa\u00e7\u00e3o significativa.<\/p>\n\n\n\n<p class=\"has-text-align-center\"><strong>Para adotar, complete o formul\u00e1rio a seguir: <a href=\"http:\/\/espacocriativo.net\/adote\/?page_id=594\">Link<\/a><\/strong><\/p>\n\n\n\n<hr class=\"wp-block-separator has-alpha-channel-opacity\"\/>\n\n\n\n<h2 class=\"wp-block-heading has-text-align-center\">Ideia #116<\/h2>\n\n\n\n<p><a name=\"116\"><\/a><strong>Doada por <a href=\"https:\/\/twitter.com\/ikaahalho\" target=\"_blank\" rel=\"noopener\">Kaah S<\/a>.<\/strong><br>\n<strong>Resumo:<\/strong> Professora mais legal do col\u00e9gio nutre uma paix\u00e3o pelo aluno popular;<br>\nA &#8220;bitch&#8221; tem um tombo pelo aluno mais nerd e estranho da escola, mas n\u00e3o \u00e9 correspondida;<br>\nCapit\u00e3o do time de basquete \u00e9 gay e sofre bullying do pr\u00f3prio time;<br>\nA garota mais popular do col\u00e9gio faz parte do comit\u00ea crist\u00e3o e \u00e9 prima da professora, ela \u00e9 doce e gentil;<br>\nAluno mais popular odeia mauricinhos e faz parte do grupo dos losers, conhecidos por n\u00e3o estarem nem ai com o ambiente escolar. Com seus amigos ele sempre encontra uma maneira de parar na deten\u00e7\u00e3o.<br>\n<strong>Fandom:<\/strong> Livre<br>\n<strong>G\u00eanero:<\/strong> Com\u00e9dia rom\u00e2ntica<br>\n<strong>Contato:<\/strong> <a href=\"mailto:ericaseverianno@gmail.com\">E-mail<\/a> | <a href=\"https:\/\/twitter.com\/ikaahalho\" target=\"_blank\" rel=\"noopener noreferrer\">Twitter<\/a><br>\n<strong>Nota:<\/strong> &#8212;<\/p>\n\n\n\n<p class=\"has-text-align-center\"><strong>Para adotar, complete o formul\u00e1rio a seguir: <a href=\"https:\/\/espacocriativo.net\/adote\/?page_id=594\">Link<\/a><\/strong><\/p>\n\n\n\n<hr class=\"wp-block-separator has-alpha-channel-opacity\"\/>\n\n\n\n<h2 class=\"wp-block-heading has-text-align-center\">Ideia #117<\/h2>\n\n\n\n<p><a name=\"117\"><\/a><strong>Doada por <a href=\"https:\/\/twitter.com\/CupcakeOf1D_\" target=\"_blank\" rel=\"noopener\">Virginia Oliveira<\/a>.<\/strong><br>\n<strong>Resumo:<\/strong> A garota descobriu que tinha uma doen\u00e7a grave. Come\u00e7ou a tomar medicamentos, mas eles come\u00e7aram a n\u00e3o funcionar e ela teve que ficar internada. Seu m\u00e9dico \u00e9 um cara de 25 anos. Eles come\u00e7am a ser amigos, at\u00e9 que se apaixonam. (essa ideia foi inspirada no livro &#8220;a culpa \u00e9 das estrelas&#8221;)<br>\n<strong>Fandom:<\/strong> Livre<br>\n<strong>G\u00eanero:<\/strong> Romance \/ Drama<br>\n<strong>Contato:<\/strong> <a href=\"mailto:vihstyles008@gmail.com\">E-mail<\/a> | <a href=\"https:\/\/twitter.com\/CupcakeOf1D_\" target=\"_blank\" rel=\"noopener noreferrer\">Twitter<\/a><br>\n<strong>Nota:<\/strong> Seria bom que a garota fosse do tipo engra\u00e7ada, que trata a doen\u00e7a que ela tem com humor e o doutor ser um cara bem engra\u00e7ado e gentil.<\/p>\n\n\n\n<p class=\"has-text-align-center\"><strong>Para adotar, complete o formul\u00e1rio a seguir: <a href=\"http:\/\/espacocriativo.net\/adote\/?page_id=594\">Link<\/a><\/strong><\/p>\n\n\n\n<hr class=\"wp-block-separator has-alpha-channel-opacity\"\/>\n\n\n\n<h2 class=\"wp-block-heading has-text-align-center\">Ideia #118<\/h2>\n\n\n\n<p><a name=\"118\"><\/a><strong>Doada por <a href=\"https:\/\/twitter.com\/Shut_UpTom\" target=\"_blank\" rel=\"noopener\">\u00c1urea Almeida<\/a>.<\/strong><br>\n<strong>Resumo:<\/strong> S\u00e3o um grupo de quatro casais. Dois deles (principais) se gostavam, mas n\u00e3o admitiam. Trocavam indiretas quando algum ficava com outra pessoa. Indiretas que transmitia o ci\u00fames que cada um sentia. O grupo inteiro sabia que os dois se amavam, e faziam de tudo para junt\u00e1-los. Tudo mesmo, desde arma\u00e7\u00f5es simples, at\u00e9 as mais loucas: como deix\u00e1-los preso dentro de uma casa na \u00e1rvore, sendo que a principal morria de medo de altura.<br>\nPode haver bastante brigas, discuss\u00f5es, e que eles sejam os &#8220;losers&#8221; na escola. E que a fanfic seja, na medida do poss\u00edvel, um tanto quanto engra\u00e7ada.<br>\n<strong>Fandom:<\/strong> Outros \/ McFLY \/ Original<br>\n<strong>G\u00eanero:<\/strong> Com\u00e9dia \/ Romance<br>\n<strong>Contato:<\/strong> <a href=\"mailto:drikaahtomlinson@gmail.com\">E-mail<\/a> | <a href=\"https:\/\/twitter.com\/Shut_UpTom\" target=\"_blank\" rel=\"noopener noreferrer\">Twitter<\/a><br>\n<strong>Nota:<\/strong> &#8212;<\/p>\n\n\n\n<p class=\"has-text-align-center\"><strong>Para adotar, complete o formul\u00e1rio a seguir: <a href=\"http:\/\/espacocriativo.net\/adote\/?page_id=594\">Link<\/a><\/strong><\/p>\n\n\n\n<hr class=\"wp-block-separator has-alpha-channel-opacity\"\/>\n\n\n\n<h2 class=\"wp-block-heading has-text-align-center\">Ideia #119<\/h2>\n\n\n\n<p><a name=\"119\"><\/a><strong>Doada por <a href=\"https:\/\/twitter.com\/Shut_UpTom\" target=\"_blank\" rel=\"noopener\">Vit\u00f3ria Raso<\/a>.<\/strong><br>\n<strong>Resumo:<\/strong> Ela \u00e9 compositora dele, que \u00e9 um cantor de uma boyband pop teen fodona, e de um tempos pra c\u00e1, ela come\u00e7a a gostar dele, porque numa escolha de compositores da nova gravadora dele, a banda escolheu ela por ter boas letras. Quando ela come\u00e7a a gostar dele (que \u00e9 um bom tempo de conviv\u00eancia com a banda, por exemplo, dois\/tr\u00eas \u00e1lbuns depois deles se entrosarem, para que haja amizade e confian\u00e7a entre a menina e os meninos), esse sentimento corre do seu cora\u00e7\u00e3o at\u00e9 a ponta de seus dedos, e algumas m\u00fasicas do novo \u00e1lbum dele, consta algumas letras com &#8220;indiretas&#8221; (se \u00e9 que me entende). Ele percebe que ela est\u00e1 gostando dele s\u00f3 depois de seus companheiros de banda o alertarem. E as f\u00e3s (malucas, fan\u00e1ticas) come\u00e7am a perceber isso, por isso, fazem uma investiga\u00e7\u00e3o pela compositora da banda, que \u00e9 escondida pela gravadora (por causa do contrato que ela assinou).<br>\nO principal percebe depois de ser alertado que a compositora gosta dele, e ele come\u00e7a a sair com ela, mas nunca revelando que ele sabe que as letras da m\u00fasica s\u00e3o para ele.<br>\nE tudo come\u00e7a sair do eixo, ela escreve m\u00fasicas sobre ela e ele, ela escreve como ela se sente perto deles, ela at\u00e9 escreve como foi o suposto &#8220;encontro&#8221; deles dois, e as f\u00e3s continuam a procurando, at\u00e9 que.. (voc\u00ea decide)<br>\n(Por deuses) ela n\u00e3o canta em nenhum momento da vidinha dela.<br>\n<strong>Fandom:<\/strong> Livre<br>\n<strong>G\u00eanero:<\/strong> Romance \/ Drama \/ Com\u00e9dia (talvez)<br>\n<strong>Contato:<\/strong> <a href=\"mailto:anna_wonderl4nd@hotmail.com\">E-mail<\/a><br>\n<strong>Nota:<\/strong> \u00c9 fundamental e at\u00e9 obrigat\u00f3rio que a fanfic fosse narrada &gt;&gt;apenas&lt;&lt; pelo ponto de vista da garota, revelando os sentimentos dela que escreve as m\u00fasicas para a banda. E mostrando seus sentimentos do bullying que ela sofre das f\u00e3s. O drama que ela sofre de ser despedida da gravadora dos meninos.<br>\n<strong>Sugest\u00e3o:<\/strong> A m\u00fasica &#8220;Uncover&#8221; da Zara Larsson pode ser ou n\u00e3o colocada na fanfic como composi\u00e7\u00e3o da principal.<br>\nA gravadora amea\u00e7a a despedi-la do cargo, mas ela implora, e a deixam ficar, ela tem de ser controlar.<br>\nEu queria no pr\u00f3logo\/pref\u00e1cio que antes, colocassem a letra de uma m\u00fasica feita por ela, antes de gostar do cara, e depois de ter gostado, para eu e as leitoras termos uma ideia da coisa.<br>\nSe for para colocar as m\u00fasicas famosas de cantores(as) famosos na fanfic como composi\u00e7\u00e3o da garota, que sejam s\u00f3 de um estilo (ou de s\u00f3 um mesmo cantor). Assim, que n\u00e3o seja ora Cyndi Lauper, ora Demi Lovato, ora Adele, ora Jessie J, porque fica muito estranho, s\u00e3o cantores de diferente estilos que n\u00e3o se entrosam.<\/p>\n\n\n\n<p class=\"has-text-align-center\"><strong>Para adotar, complete o formul\u00e1rio a seguir: <a href=\"http:\/\/espacocriativo.net\/adote\/?page_id=594\">Link<\/a><\/strong><\/p>\n\n\n\n<hr class=\"wp-block-separator has-alpha-channel-opacity\"\/>\n\n\n\n<h2 class=\"wp-block-heading has-text-align-center\">Ideia #120<\/h2>\n\n\n\n<p><a name=\"120\"><\/a><strong>Doada por <a href=\"https:\/\/twitter.com\/Shut_UpTom\" target=\"_blank\" rel=\"noopener\">Vit\u00f3ria Raso<\/a>.<\/strong><br>\n<strong>Resumo:<\/strong> Uma fanfic em que o principal tenha um irm\u00e3o g\u00eameo. O irm\u00e3o arranja uma namorada (principal), por\u00e9m, a mesma se v\u00ea toda hora confundindo os dois. E o principal, no come\u00e7o, odiava isso. Mas depois, come\u00e7ou a abusar da situa\u00e7\u00e3o, porque ele come\u00e7a a se interessar pela mo\u00e7a. Eles se apaixonam, mas n\u00e3o sabem como dizer isso pro irm\u00e3o g\u00eameo.<br>\n<strong>Fandom:<\/strong> Outros \/ McFLY \/ Original<br>\n<strong>G\u00eanero:<\/strong> Com\u00e9dia<br>\n<strong>Contato:<\/strong> <a href=\"mailto:drikaahtomlinson@gmail.com\">E-mail<\/a> | <a href=\"https:\/\/twitter.com\/Shut_UpTom\" target=\"_blank\" rel=\"noopener noreferrer\">Twitter<\/a><br>\n<strong>Nota:<\/strong> &#8212;<\/p>\n\n\n\n<p class=\"has-text-align-center\"><strong>Para adotar, complete o formul\u00e1rio a seguir: <a href=\"https:\/\/espacocriativo.net\/adote\/?page_id=594\">Link<\/a><\/strong><\/p>\n","protected":false},"excerpt":{"rendered":"<p>Antes de adotar, confira as regras do jogo. #113 | #114 | #115 | #116 | #117 | #118 | [&hellip;]<\/p>\n","protected":false},"author":2,"featured_media":0,"parent":606,"menu_order":0,"comment_status":"closed","ping_status":"closed","template":"iframe.php","meta":{"_acf_changed":false,"footnotes":""},"class_list":["post-948","page","type-page","status-publish","hentry"],"acf":[],"_links":{"self":[{"href":"https:\/\/espacocriativo.net\/adote\/wp-json\/wp\/v2\/pages\/948","targetHints":{"allow":["GET"]}}],"collection":[{"href":"https:\/\/espacocriativo.net\/adote\/wp-json\/wp\/v2\/pages"}],"about":[{"href":"https:\/\/espacocriativo.net\/adote\/wp-json\/wp\/v2\/types\/page"}],"author":[{"embeddable":true,"href":"https:\/\/espacocriativo.net\/adote\/wp-json\/wp\/v2\/users\/2"}],"replies":[{"embeddable":true,"href":"https:\/\/espacocriativo.net\/adote\/wp-json\/wp\/v2\/comments?post=948"}],"version-history":[{"count":4,"href":"https:\/\/espacocriativo.net\/adote\/wp-json\/wp\/v2\/pages\/948\/revisions"}],"predecessor-version":[{"id":8539,"href":"https:\/\/espacocriativo.net\/adote\/wp-json\/wp\/v2\/pages\/948\/revisions\/8539"}],"up":[{"embeddable":true,"href":"https:\/\/espacocriativo.net\/adote\/wp-json\/wp\/v2\/pages\/606"}],"wp:attachment":[{"href":"https:\/\/espacocriativo.net\/adote\/wp-json\/wp\/v2\/media?parent=948"}],"curies":[{"name":"wp","href":"https:\/\/api.w.org\/{rel}","templated":true}]}}