{"id":915,"date":"2014-05-10T05:45:46","date_gmt":"2014-05-10T05:45:46","guid":{"rendered":"http:\/\/alltimefics.com\/adote\/?page_id=915"},"modified":"2025-12-09T16:54:13","modified_gmt":"2025-12-09T19:54:13","slug":"ideias-091-a-100","status":"publish","type":"page","link":"https:\/\/espacocriativo.net\/adote\/disponiveis\/ideias-091-a-100\/","title":{"rendered":"Ideias \u00bb #091 a #100"},"content":{"rendered":"\n<p class=\"has-text-align-center\">Antes de adotar, confira as <a href=\"https:\/\/espacocriativo.net\/adote\/?page_id=609\">regras do jogo<\/a>.<\/p>\n\n\n\n<p class=\"has-text-align-center\"><a href=\"#91\">#091<\/a> | <a href=\"#92\">#092<\/a> | <a href=\"#93\">#093<\/a> | <a href=\"#95\">#095<\/a> | <a href=\"#94\">#094<\/a>\u00a0| <a href=\"#96\">#096<\/a> | <a href=\"#97\">#097<\/a> | <a href=\"#98\">#098<\/a> | <a href=\"#99\">#099<\/a> | <a href=\"#100\">#100<\/a><\/p>\n\n\n\n<hr class=\"wp-block-separator has-alpha-channel-opacity\"\/>\n\n\n\n<h2 class=\"wp-block-heading has-text-align-center\">Ideia #091<\/h2>\n\n\n\n<p><a name=\"91\"><\/a><strong>Doada por <a href=\"https:\/\/twitter.com\/Trylove_me\" target=\"_blank\" rel=\"noopener noreferrer\">Luiza<\/a>.<\/strong><br>\n<strong>Resumo:<\/strong> A ideia \u00e9 mais ou menos a seguinte: Charlotte, Katherine e Blair s\u00e3o de uma banda famosa chamada &#8220;The Wicked Witches&#8221; e recebem a tarefa de colocar o 1D na m\u00eddia com duas m\u00fasicas conjuntas. Desse trabalho for\u00e7ado acaba nascendo uma amizade entre todos eles, menos entre Harry e Blair. Depois de muito tempo tentando convenc\u00ea-los as duas bandas acabam descobrindo que antes da fama os dois tiveram um relacionamento, mas Harry traiu Blair e a deixou.<br>\n<strong>Fandom:<\/strong> One Direction<br>\n<strong>G\u00eanero:<\/strong> Romance<br>\n<strong>Sugest\u00f5es:<\/strong> &#8212;<br>\n<strong>Contato:<\/strong> <a href=\"mailto:luiza_linda_becker@hotmail.com\">E-mail<\/a> | <a href=\"https:\/\/twitter.com\/Trylove_me\" target=\"_blank\" rel=\"noopener noreferrer\">@Trylove_me<\/a><br>\n<strong>Nota:<\/strong> Os nomes (Blair, Charlotte e Katherine) podem ser mudados se voc\u00ea quiser e tamb\u00e9m se quiser pode fazer interativa. Espero que goste da ideia.<\/p>\n\n\n\n<p class=\"has-text-align-center\"><strong>Para adotar, complete o formul\u00e1rio a seguir: <a href=\"https:\/\/espacocriativo.net\/adote\/?page_id=594\">Link<\/a><\/strong><\/p>\n\n\n\n<hr class=\"wp-block-separator has-alpha-channel-opacity\"\/>\n\n\n\n<h2 class=\"wp-block-heading has-text-align-center\">Ideia #092<\/h2>\n\n\n\n<p><a><\/a><strong>Doada por <a href=\"https:\/\/twitter.com\/itzanneribeiro\" target=\"_blank\" rel=\"noreferrer noopener\">Anne<\/a>.<\/strong><br><strong>Resumo:<\/strong> Voc\u00ea, rela\u00e7\u00f5es p\u00fablicas rec\u00e9m-formada e f\u00e3 da banda X (que voc\u00ea vai escolher) est\u00e1 \u00e0 procura de um emprego. Sua melhor amiga descobre que a banda est\u00e1 precisando de uma rela\u00e7\u00f5es p\u00fablicas pra cuidar da imagem da banda, j\u00e1 que o preferido est\u00e1 com problemas com drogas, j\u00e1 que n\u00e3o conseguiu superar o \u00faltimo relacionamento (no qual foi tra\u00eddo\/a mulher morreu, a sua escolha), no come\u00e7o, ele te trata mal, mas voc\u00eas acabam se apaixonando.<br><strong>Fandom:<\/strong> Livre<br><strong>G\u00eanero:<\/strong> Romance<br><strong>Sugest\u00f5es:<\/strong> &#8212;<br><strong>Contato:<\/strong> <a href=\"mailto:anneocallaghann@gmail.com\">E-mail<\/a><br><strong>Nota:<\/strong> Eu comecei a escrev\u00ea-la, mas tive um bloqueio, a ideia inicial era com All Time Low, e o Alex como favorito, caso voc\u00ea queira, s\u00f3 me mandar um e-mail! \ud83d\ude42<\/p>\n\n\n\n<p class=\"has-text-align-center\"><strong>Para adotar, complete o formul\u00e1rio a seguir: <a href=\"https:\/\/espacocriativo.net\/adote\/?page_id=594\">Link<\/a><\/strong><\/p>\n\n\n\n<hr class=\"wp-block-separator has-alpha-channel-opacity\"\/>\n\n\n\n<h2 class=\"wp-block-heading has-text-align-center\">Ideia #093<\/h2>\n\n\n\n<p><a name=\"93\"><\/a><strong>Doada por <a href=\"https:\/\/twitter.com\/BlubliPlutao\" target=\"_blank\" rel=\"noopener noreferrer\">Laura Weiller<\/a>.<\/strong><br>\n<strong>Resumo:<\/strong> O casal principal ser\u00e1 a Rosalie e o Emmett, eles est\u00e3o em uma de suas luas de mel e em uma pequena cidade interiorana no sul da Alemanha eles v\u00e3o resolver ficar por mais tempo do que imaginavam. Principalmente por causa da Rosalie, que ter\u00e1 o pressentimento de que precisa encontrar algo nesta cidade. Em um de seus passeios eles encontram um antigo convento e l\u00e1 dentro descobrem que ele tamb\u00e9m serve como orfanato. Rosalie resolve conhecer melhor o convento\/orfanato sob os protestos de Emmett que j\u00e1 sabe o que acontecer\u00e1; pois o maior desejo de Rosalie \u00e9 ser m\u00e3e. Nisso eles conhecem a madre superiora e descobrem que ela tamb\u00e9m \u00e9 uma vampira, uma vampira com apar\u00eancia de uma senhora de 90 anos e ela diz que Rosalie est\u00e1 perto de encontrar o que tanto deseja. Em um passeio pelo jardim Rosalie v\u00ea uma pequena menina loira de longos cachos brincando no balan\u00e7o sozinha. Ela fica intrigada, mas a madre ao perceber que Rosalie se interessou pela menina resolve dizer que j\u00e1 est\u00e1 tarde para o casal.<br>\n\u00c9 basicamente o seguinte, Rosalie depois de muito insistir; vamos colocar uns 3 meses; consegue adotar a menina. A primeira vez que ela viu a menina no balan\u00e7o a garota teria por volta dos 2 anos e quando ela for pra casa j\u00e1 teria uns 8 anos. Sim, a menina \u00e9 uma meia vampira, tudo o que se sabe \u00e9 que uma novi\u00e7a engravidou e ao dar \u00e0 luz veio a falecer, a madre que auxiliava no parto acabou sendo mordida pela crian\u00e7a e se transformando em uma vampira tamb\u00e9m. Mas, o grande mist\u00e9rio est\u00e1 em quem ser\u00e1 o pai da Mini Rosalie, que ser\u00e1 o Aro Volturi. Por ter um pai t\u00e3o poderoso a menina acabou que herdando um dom, que \u00e9 o de poder infiltrar dentro da mente das pessoas e colocar as imagens que quiser. Basicamente manipular as pessoas, ler suas mentes e implantar imagens falsas ou verdadeiras dentro dela. Al\u00e9m de ter outro dom de conseguir influenciar as pessoas ao seu redor atrav\u00e9s do seu humor, se ela est\u00e1 com raiva uma pessoa pr\u00f3xima a si tamb\u00e9m fica com raiva. Um poder herdado da m\u00e3e, onde seria uma novi\u00e7a muito bonita, delicada, gentil, simp\u00e1tica e que conseguia influenciar a todos, desde deixa-los tristes a felizes. Os dois poderes com o tempo ela ir\u00e1 aprender a controlar e usar eles s\u00f3 quando quiser.<br>\nSeria bom deixar claro que a menina \u00e9 parecida fisicamente com a Rosalie, loira de olhos claros e por mais que a Rosalie a queira como uma verdadeira Barbie ela seria mais como o Emmett, mas aceitaria \u00e0s vezes vestir um dos vestidos que Rosalie quisesse e brincasse de boneca com ela. A menina deve realmente ser encantadora e amar a Rosalie e o Emmett como seus verdadeiros pais, seria interessante uma rixa entre a Nessie e a novata, mas nada muito longo e dr\u00e1stico, apenas no come\u00e7o e logo que se tornassem amigas. Outro ponto interessante \u00e9 que quando os Volturi descobrirem o novo membro do cl\u00e3 Cullen descubram apenas o segundo poder da menina; o de influenciar atrav\u00e9s de seus sentimentos as pessoas; e n\u00e3o o primeiro, onde um subordinado iria verificar se ela seria uma amea\u00e7a, assim passando em branco pelos l\u00edderes. E os Cullens tamb\u00e9m devem omitir que ela foi encontrada na Alemanha, para n\u00e3o levantar suspeitas, pois a madre ir\u00e1 descrever o homem que um dia foi visitar o convento e depois de algumas semanas a novi\u00e7a apareceu gr\u00e1vida. Seria legal tamb\u00e9m se a menina fosse louca pela It\u00e1lia e seu grande sonho fosse conhecer a mesma, e j\u00e1 que os Cullens desconfiam de quem pode ser seu pai fossem contra, mas depois de muito ceder um presente de 15 anos, depois de uma festa enorme feita pela Alice eles levassem ela. E em um passeio ela visse o Alec e se apaixonasse por ele.<br>\nA paix\u00e3o dela pelo Alec, dever\u00e1 ser reciproca e muito dif\u00edcil, onde o melhor amigo da menina ser\u00e1 o Seth; um lobisomem; mas devemos lembrar que a Nessie \u00e9 o imprinting de Jacob e ent\u00e3o eles tem um contato maior com os Quileutes. \u00c9 basicamente isso, claro que no desenrolar da fic Aro ir\u00e1 descobrir o relacionamento secreto da menina com o Alec; onde depois que os Cullens perceberem que n\u00e3o tem como evitar aprovassem o relacionamento, mas com uma r\u00edgida supervis\u00e3o de toda a fam\u00edlia, at\u00e9 a Nessia sendo meio contra por ele ser Vvolturi; o Alec por tr\u00e1s de toda apar\u00eancia de brava dever\u00e1 ser um verdadeiro rom\u00e2ntico com ares de s\u00e9culo XXI, como por exemplo sequestrando a menina para lev\u00e1-la em um show de rock, claro, com muitas consequ\u00eancias depois.<br>\n<strong>Fandom:<\/strong> Livro \u2013 Twilight<br>\n<strong>G\u00eanero:<\/strong> Romance \/ Com\u00e9dia<br>\n<strong>Sugest\u00f5es:<\/strong> Apenas a filha da Rosalie ser interativa.<br>\n<strong>Contato:<\/strong> <a href=\"mailto:lw_fic@hotmail.com\">E-mail<\/a> | <a href=\"https:\/\/twitter.com\/BlubliPlutao\" target=\"_blank\" rel=\"noopener noreferrer\">@BlubliPlutao<\/a><br>\n<strong>Nota:<\/strong> Eu queria uma fanfic grande, pois eu imagino essa hist\u00f3ria a muito tempo e que quem adotasse a ideia pudesse me passar alguma coisa pois quanto mais falo mais ideias surgem. \ud83d\ude09<\/p>\n\n\n\n<p class=\"has-text-align-center\"><strong>Para adotar, complete o formul\u00e1rio a seguir: <a href=\"https:\/\/espacocriativo.net\/adote\/?page_id=594\">Link<\/a><\/strong><\/p>\n\n\n\n<hr class=\"wp-block-separator has-alpha-channel-opacity\"\/>\n\n\n\n<h2 class=\"wp-block-heading has-text-align-center\">Ideia #094<\/h2>\n\n\n\n<p><strong>Doada por <a href=\"https:\/\/twitter.com\/isJuliaFarias\" target=\"_blank\" rel=\"noreferrer noopener\">Ju F.<\/a>.<\/strong>\n<strong>Resumo:<\/strong> Harry sempre levou a vida na farra, mas dessa vez passou do limite. Paul, seu empres\u00e1rio, diz que ter\u00e1 que arranjar um falso \u201dnamoro\u201d para tentar amenizar as coisas que Harry causou. O que ele n\u00e3o esperava \u00e9 que pudesse se apaixonar de verdade.\n<strong>Fandom:<\/strong> One Direction\n<strong>G\u00eanero:<\/strong> Romance\n<strong>Sugest\u00f5es:<\/strong> &#8212;\n<strong>Contato:<\/strong> <a href=\"mailto:juliafariasdois@gmail.com\">E-mail<\/a> | <a href=\"https:\/\/twitter.com\/isJuliaFarias\" target=\"_blank\" rel=\"noreferrer noopener\">@isJuliaFarias<\/a>\n<strong>Nota:<\/strong> Harry \u00e9 principal; N\u00e3o conseguir imaginar essa hist\u00f3ria sem ser ele.\n<p style=\"text-align: center;\"><strong>Para adotar, complete o formul\u00e1rio a seguir: <a href=\"https:\/\/espacocriativo.net\/adote\/?page_id=594\">Link<\/a><\/strong><\/p><\/p>\n\n\n<hr \/>\n<h2 align=\"center\">Ideia #095<\/h2>\n<p><a name=\"95\"><\/a><strong>Doada por <a href=\"https:\/\/twitter.com\/Liss_Hell\" target=\"_blank\" rel=\"noopener noreferrer\">Liss<\/a>.<\/strong><br \/>\n<strong>Resumo:<\/strong> Ela era uma garota normal e continuaria sendo se a vida n\u00e3o fosse t\u00e3o cruel. Passou por muitas dificuldades, e agora \u00e9 a garota maluca, violenta, fria, antissocial e sem cora\u00e7\u00e3o. Mas apar\u00eancias enganam. Tudo isso \u00e9 apenas uma m\u00e1scara para proteger tanto a si mesma quanto aos outros.<br \/>\nEla tem um cora\u00e7\u00e3o que est\u00e1 trancado a sete chaves, mas quem disse que alguns garotos n\u00e3o podem faz\u00ea-la voltar a ser o que era antes?<br \/>\n<strong>Fandom:<\/strong> Bandas<br \/>\n<strong>G\u00eanero:<\/strong> Livre<br \/>\n<strong>Sugest\u00f5es:<\/strong> &#8212;<br \/>\n<strong>Contato:<\/strong> <a href=\"mailto:licedna2010@hotmail.com\">E-mail<\/a> | <a href=\"https:\/\/twitter.com\/Liss_Hell\" target=\"_blank\" rel=\"noopener noreferrer\">Twitter<\/a><br \/>\n<strong>Nota:<\/strong> &#8212;<\/p>\n<p style=\"text-align: center;\"><strong>Para adotar, complete o formul\u00e1rio a seguir: <a href=\"https:\/\/espacocriativo.net\/adote\/?page_id=594\">Link<\/a><\/strong><\/p>\n<hr \/>\n<h2 align=\"center\">Ideia #096<\/h2>\n<p><a name=\"96\"><\/a><strong>Doada por <a href=\"https:\/\/twitter.com\/Liss_Hell\" target=\"_blank\" rel=\"noopener noreferrer\">Liss<\/a>.<\/strong><br \/>\n<strong>Resumo:<\/strong> Eles eram amigos. Mudaram de escola. Est\u00e3o em turmas separadas. Isso os afastou. Elas s\u00e3o quatro, eles s\u00e3o seis. Elas fizeram novas amizades\u2026 e eles tamb\u00e9m. Depois de alguns meses, uma delas j\u00e1 sente falta. Depois de um ano ela n\u00e3o aguenta mais. Ela quer a amizade de volta. Mas e quanto \u00e0s suas amigas? J\u00e1 conseguiu o apoio de uma\u2026 faltam duas. Elas conseguir\u00e3o reconstruir aquela antiga rela\u00e7\u00e3o? Todos mudaram, n\u00e3o s\u00e3o mais os mesmos. Muitas coisas ainda est\u00e3o para acontecer.<br \/>\n<strong>Fandom:<\/strong> Livre<br \/>\n<strong>G\u00eanero:<\/strong> Livre<br \/>\n<strong>Sugest\u00f5es:<\/strong> &#8212;<br \/>\n<strong>Contato:<\/strong> <a href=\"mailto:licedna2010@hotmail.com\">E-mail<\/a> | <a href=\"https:\/\/twitter.com\/Liss_Hell\" target=\"_blank\" rel=\"noopener noreferrer\">Twitter<\/a><br \/>\n<strong>Nota:<\/strong> &#8212;<\/p>\n<p style=\"text-align: center;\"><strong>Para adotar, complete o formul\u00e1rio a seguir: <a href=\"https:\/\/espacocriativo.net\/adote\/?page_id=594\">Link<\/a><\/strong><\/p>\n<hr \/>\n<h2 align=\"center\">Ideia #097<\/h2>\n<p><a name=\"97\"><\/a><strong>Doada por <i>Isla Kiepper<\/i>.<\/strong><br \/>\n<strong>Resumo:<\/strong> Ele faz parte de uma banda e passa por dificuldades juntamente com seus colegas de trabalho. Em um dos \u00faltimos shows de sua segunda turn\u00ea, antes de uma parada para colocarem as ideias no lugar, ele conhece ela: linda, simples e de um sorriso encantador! Ser\u00e1 ela a solu\u00e7\u00e3o para seus problemas?<br \/>\n<strong>Fandom:<\/strong> One Direction \/ The Wanted<br \/>\n<strong>G\u00eanero:<\/strong> Livre<br \/>\n<strong>Sugest\u00f5es:<\/strong> Tente colocar a fanfic na vis\u00e3o do famoso para diferenciar um pouco das fics j\u00e1 existentes no site.<br \/>\n<strong>Contato:<\/strong> <a href=\"mailto:my-vips@hotmail.com\">E-mail<\/a> | <a href=\"https:\/\/twitter.com\/IslaKiepper\" target=\"_blank\" rel=\"noopener noreferrer\">@IslaKiepper<\/a><br \/>\n<strong>Nota:<\/strong> De um casal principal s\u00f3, mais que um a historia fica cansativa de ler.<\/p>\n<p style=\"text-align: center;\"><strong>Para adotar, complete o formul\u00e1rio a seguir: <a href=\"https:\/\/espacocriativo.net\/adote\/?page_id=594\">Link<\/a><\/strong><\/p>\n<hr \/>\n<h2 align=\"center\">Ideia #098<\/h2>\n<p><a name=\"98\"><\/a><strong>Doada por <i>Bruna Borges<\/i>.<\/strong><br \/>\n<strong>Resumo:<\/strong> Uma hist\u00f3ria que envolva a morte, que voc\u00ea ou o preferido seja a morte.<br \/>\nQuem ficar como morte tenha que entrar no corpo de um humano id\u00eantico a si, mas que para isso tenha consequ\u00eancias.<br \/>\n<strong>Fandom:<\/strong> One Direction \/ McFLY<br \/>\n<strong>G\u00eanero:<\/strong> Terror<br \/>\n<strong>Sugest\u00f5es:<\/strong> &#8212;<br \/>\n<strong>Contato:<\/strong> <a href=\"mailto:brunaebdg@hotmail.com\">E-mail<\/a><br \/>\n<strong>Nota:<\/strong> De um casal principal s\u00f3, mais que um a historia fica cansativa de ler.<\/p>\n<p style=\"text-align: center;\"><strong>Para adotar, complete o formul\u00e1rio a seguir: <a href=\"https:\/\/espacocriativo.net\/adote\/?page_id=594\">Link<\/a><\/strong><\/p>\n<hr \/>\n<h2 align=\"center\">Ideia #099<\/h2>\n<p><a name=\"99\"><\/a><strong>Doada por <i>Keh<\/i>.<\/strong><br \/>\n<strong>Resumo:<\/strong> Voc\u00ea e mais 4 meninas v\u00e3o para o t\u00e3o famoso reality show chamado The X-Factor. Voc\u00eas s\u00e3o recusadas, mas os jurados resolvem lhe dar uma chance e chamam voc\u00ea e mais 4 meninas para montar um grupo e voc\u00eas se tornam amigas. Est\u00e3o ficando cada vez mais famosas, mas os meninos do One Direction e voc\u00ea e suas amigas n\u00e3o se d\u00e3o muito bem. Sera que dessa implic\u00e2ncia pode sair o verdadeiro amor?<br \/>\n<strong>Fandom:<\/strong> One Direction<br \/>\n<strong>G\u00eanero:<\/strong> Com\u00e9dia Rom\u00e2ntica<br \/>\n<strong>Sugest\u00f5es:<\/strong> &#8212;<br \/>\n<strong>Contato:<\/strong> <a href=\"mailto:ketlynmp@hotmail.com\">E-mail<\/a><br \/>\n<strong>Nota:<\/strong> Seria bom se ela fosse interativa.<\/p>\n<p style=\"text-align: center;\"><strong>Para adotar, complete o formul\u00e1rio a seguir: <a href=\"https:\/\/espacocriativo.net\/adote\/?page_id=594\">Link<\/a><\/strong><\/p>\n<hr \/>\n<h2 align=\"center\">Ideia #100<\/h2>\n<p><a name=\"100\"><\/a><strong>Doada por <i>Keh<\/i>.<\/strong><br \/>\n<strong>Resumo:<\/strong> Voc\u00ea e ele s\u00e3o se suportam, est\u00e3o sempre soltando alfinetados um para o outro, at\u00e9 que um dia seus pais e os deles j\u00e1 cansados dessas briguinhas di\u00e1rias resolvem mandar voc\u00eas dois para uma semana numa casa na praia. N\u00e3o satisfeitos pedem para os pais deixarem alguns amigos irem junto e os pais assentiram. E \u00e9 ai aonde tudo come\u00e7a!<br \/>\n<strong>Fandom:<\/strong> Outros \/ Original<br \/>\n<strong>G\u00eanero:<\/strong> Com\u00e9dia \/ Romance<br \/>\n<strong>Sugest\u00f5es:<\/strong> &#8212;<br \/>\n<strong>Contato:<\/strong> <a href=\"mailto:ketlynmp@hotmail.com\">E-mail<\/a><br \/>\n<strong>Nota:<\/strong> &#8212;<\/p>\n<p style=\"text-align: center;\"><strong>Para adotar, complete o formul\u00e1rio a seguir: <a href=\"https:\/\/espacocriativo.net\/adote\/?page_id=594\">Link<\/a><\/strong><\/p>","protected":false},"excerpt":{"rendered":"<p>Antes de adotar, confira as regras do jogo. #091 | #092 | #093 | #095 | #094\u00a0| #096 | #097 [&hellip;]<\/p>\n","protected":false},"author":2,"featured_media":0,"parent":606,"menu_order":0,"comment_status":"closed","ping_status":"closed","template":"iframe.php","meta":{"_acf_changed":false,"footnotes":""},"class_list":["post-915","page","type-page","status-publish","hentry"],"acf":[],"_links":{"self":[{"href":"https:\/\/espacocriativo.net\/adote\/wp-json\/wp\/v2\/pages\/915","targetHints":{"allow":["GET"]}}],"collection":[{"href":"https:\/\/espacocriativo.net\/adote\/wp-json\/wp\/v2\/pages"}],"about":[{"href":"https:\/\/espacocriativo.net\/adote\/wp-json\/wp\/v2\/types\/page"}],"author":[{"embeddable":true,"href":"https:\/\/espacocriativo.net\/adote\/wp-json\/wp\/v2\/users\/2"}],"replies":[{"embeddable":true,"href":"https:\/\/espacocriativo.net\/adote\/wp-json\/wp\/v2\/comments?post=915"}],"version-history":[{"count":7,"href":"https:\/\/espacocriativo.net\/adote\/wp-json\/wp\/v2\/pages\/915\/revisions"}],"predecessor-version":[{"id":8431,"href":"https:\/\/espacocriativo.net\/adote\/wp-json\/wp\/v2\/pages\/915\/revisions\/8431"}],"up":[{"embeddable":true,"href":"https:\/\/espacocriativo.net\/adote\/wp-json\/wp\/v2\/pages\/606"}],"wp:attachment":[{"href":"https:\/\/espacocriativo.net\/adote\/wp-json\/wp\/v2\/media?parent=915"}],"curies":[{"name":"wp","href":"https:\/\/api.w.org\/{rel}","templated":true}]}}