{"id":878,"date":"2014-05-10T05:32:34","date_gmt":"2014-05-10T05:32:34","guid":{"rendered":"http:\/\/alltimefics.com\/adote\/?page_id=878"},"modified":"2024-05-10T14:17:54","modified_gmt":"2024-05-10T17:17:54","slug":"ideias-071-a-080","status":"publish","type":"page","link":"https:\/\/espacocriativo.net\/adote\/indisponiveis\/ideias-071-a-080\/","title":{"rendered":"Ideias \u00bb #071 a #080"},"content":{"rendered":"<p style=\"text-align: center;\">N\u00e3o temos ideias adotadas neste se\u00e7\u00e3o. Adote uma!<\/p>\n<p><!--\n\n\n<p align=\"center\"><a href=\"#76\">#076<\/a><\/p>\n\n\n\n\n\n\n<hr \/>\n\n\n\n\n\n<div class=\"tabber\"><\/div>\n\n\n--><\/p>\n","protected":false},"excerpt":{"rendered":"<p>N\u00e3o temos ideias adotadas neste se\u00e7\u00e3o. Adote uma!<\/p>\n","protected":false},"author":2,"featured_media":0,"parent":643,"menu_order":0,"comment_status":"closed","ping_status":"closed","template":"iframe.php","meta":{"_acf_changed":false,"footnotes":""},"class_list":["post-878","page","type-page","status-publish","hentry"],"acf":[],"_links":{"self":[{"href":"https:\/\/espacocriativo.net\/adote\/wp-json\/wp\/v2\/pages\/878","targetHints":{"allow":["GET"]}}],"collection":[{"href":"https:\/\/espacocriativo.net\/adote\/wp-json\/wp\/v2\/pages"}],"about":[{"href":"https:\/\/espacocriativo.net\/adote\/wp-json\/wp\/v2\/types\/page"}],"author":[{"embeddable":true,"href":"https:\/\/espacocriativo.net\/adote\/wp-json\/wp\/v2\/users\/2"}],"replies":[{"embeddable":true,"href":"https:\/\/espacocriativo.net\/adote\/wp-json\/wp\/v2\/comments?post=878"}],"version-history":[{"count":4,"href":"https:\/\/espacocriativo.net\/adote\/wp-json\/wp\/v2\/pages\/878\/revisions"}],"predecessor-version":[{"id":7883,"href":"https:\/\/espacocriativo.net\/adote\/wp-json\/wp\/v2\/pages\/878\/revisions\/7883"}],"up":[{"embeddable":true,"href":"https:\/\/espacocriativo.net\/adote\/wp-json\/wp\/v2\/pages\/643"}],"wp:attachment":[{"href":"https:\/\/espacocriativo.net\/adote\/wp-json\/wp\/v2\/media?parent=878"}],"curies":[{"name":"wp","href":"https:\/\/api.w.org\/{rel}","templated":true}]}}