{"id":855,"date":"2014-05-10T04:51:25","date_gmt":"2014-05-10T04:51:25","guid":{"rendered":"http:\/\/alltimefics.com\/adote\/?page_id=855"},"modified":"2025-12-09T16:17:13","modified_gmt":"2025-12-09T19:17:13","slug":"ideias-061-a-070","status":"publish","type":"page","link":"https:\/\/espacocriativo.net\/adote\/disponiveis\/ideias-061-a-070\/","title":{"rendered":"Ideias \u00bb #061 a #070"},"content":{"rendered":"\n<p class=\"has-text-align-center\">Antes de adotar, confira as <a href=\"https:\/\/espacocriativo.net\/adote\/?page_id=609\">regras do jogo<\/a>.<\/p>\n\n\n\n<p class=\"has-text-align-center\"><a href=\"#61\">#061<\/a> | <a href=\"#62\">#062<\/a> | <a href=\"#63\">#063<\/a>  | <a href=\"#64\">#064<\/a> |\u00a0<a href=\"#65\">#065<\/a>  | <a href=\"#66\">#066<\/a> | <a href=\"#67\">#067<\/a> | <a href=\"#68\">#068<\/a> | <a href=\"#69\">#069<\/a> | <a href=\"#70\">#070<\/a><\/p>\n\n\n\n<hr class=\"wp-block-separator has-alpha-channel-opacity\"\/>\n\n\n\n<p class=\"has-text-align-center\"><strong>Para adotar, complete o formul\u00e1rio a seguir: <a href=\"https:\/\/espacocriativo.net\/adote\/?page_id=594\">Link<\/a><\/strong><\/p>\n\n\n\n<hr class=\"wp-block-separator has-alpha-channel-opacity\"\/>\n\n\n\n<h2 class=\"wp-block-heading has-text-align-center\">Ideia #061<\/h2>\n\n\n\n<p><a name=\"61\"><\/a><strong>Doada por <i>Lolla Finucchi<\/i>.<\/strong><br><strong>Resumo:<\/strong> Fic narrada pelo cara. Um jovem casal rec\u00e9m-casados que brigam muito. Ele pede a separa\u00e7\u00e3o, a garota implorando para que o casamento n\u00e3o termine. Ele quer que ela seja feliz e v\u00ea que ao seu lado n\u00e3o \u00e9 o melhor lugar.<br>Acontece a separa\u00e7\u00e3o, ela muda de cidade e ele fica na cidade lembrando da vida que tinha com a garota que lhe ensinou a amar.<br>Depois de 2 anos ela volta &#8220;feliz&#8221;, com seu novo marido ou namorado.<br>Num dia eles t\u00eam uma noite juntos, mas n\u00e3o voltam.<br><strong>Fandom:<\/strong> Outros \/ Original<br><strong>G\u00eanero:<\/strong> Romance \/ Drama<br><strong>Sugest\u00f5es:<\/strong> Que os dois n\u00e3o fiquem juntos, mostre que apesar do amor que um sente pelo outro, eles junto n\u00e3o tem futuro.<br><strong>Contato:<\/strong> <a href=\"mailto:t_fa_@hotmail.com\">E-mail<\/a><br><strong>Nota:<\/strong> Eu meio que me inspirei nessa ideia quando estava escutando uma m\u00fasica. Chama Solo da banda Marilanne.<\/p>\n\n\n\n<p class=\"has-text-align-center\"><strong>Para adotar, complete o formul\u00e1rio a seguir: <a href=\"https:\/\/espacocriativo.net\/adote\/?page_id=594\">Link<\/a><\/strong><\/p>\n\n\n\n<hr class=\"wp-block-separator has-alpha-channel-opacity\"\/>\n\n\n\n<h2 class=\"wp-block-heading has-text-align-center\">Ideia #062<\/h2>\n\n\n\n<p><a name=\"62\"><\/a><strong>Doada por <i>Gabriela<\/i>.<\/strong><br>\n<strong>Resumo:<\/strong> Fic baseada nas m\u00fasicas Summer Love (Justin Timberlake) e Summer Paradise (Simple Plan), uma jun\u00e7\u00e3o das duas, como se uma completasse a outra! \ud83d\ude42<br>\n<strong>Fandom:<\/strong> Livre<br>\n<strong>G\u00eanero:<\/strong> Com\u00e9dia Rom\u00e2ntica \/ Drama \/ Restrita<br>\n<strong>Sugest\u00f5es:<\/strong> O principal moraria em um lugar praiano e a principal conseguiria uma bolsa de interc\u00e2mbio de 6 meses e se mudaria para l\u00e1.<br>\n<strong>Contato:<\/strong> <a href=\"mailto:gabss_ts345@hotmail.com\">E-mail<\/a><br>\n<strong>Nota:<\/strong> &#8212;<\/p>\n\n\n\n<p class=\"has-text-align-center\"><strong>Para adotar, complete o formul\u00e1rio a seguir: <a href=\"https:\/\/espacocriativo.net\/adote\/?page_id=594\">Link<\/a><\/strong><\/p>\n\n\n\n<hr class=\"wp-block-separator has-alpha-channel-opacity\"\/>\n\n\n\n<h2 class=\"wp-block-heading has-text-align-center\">Ideia #063<\/h2>\n\n\n\n<p><a name=\"63\"><\/a><strong>Doada por <i>Samara<\/i>.<\/strong><br>\n<strong>Resumo:<\/strong> Voc\u00ea se interessa por um colega de classe e descobre que ele tem um irm\u00e3o g\u00eameo que \u00e9 bem mais interessante. O seu colega pede para ficar com voc\u00ea, e voc\u00ea aceita, j\u00e1 que o irm\u00e3o n\u00e3o estuda\/conhece voc\u00ea. Voc\u00ea acaba ficando, mas descobre alguns meses depois (atrav\u00e9s do irm\u00e3o do cara) que ele ficava com voc\u00ea e mais outra. Voc\u00ea acaba se aproximando do outro g\u00eameo e ambos se apaixonam, e a\u00ed? Magoar o outro ou viver esse amor?<br>\n<strong>Fandom:<\/strong> Livre<br>\n<strong>G\u00eanero:<\/strong> Romance \/ Drama<br>\n<strong>Sugest\u00f5es:<\/strong> Sugiro que a pp se envolva com os dois, e pode ser restrita, n\u00e3o precisa, mas acharia legal.<br>\n<strong>Contato:<\/strong> <a href=\"mailto:miihlenny123@gmail.com\">E-mail<\/a><br>\n<strong>Nota:<\/strong> Quero manter contato com a escritora. Quanto mais treta melhor, e se precisar de ajuda, eu ajudo com o maior prazer, se quiser at\u00e9 podemos fazer parceria.<\/p>\n\n\n\n<p class=\"has-text-align-center\"><strong>Para adotar, complete o formul\u00e1rio a seguir: <a href=\"https:\/\/espacocriativo.net\/adote\/?page_id=594\">Link<\/a><\/strong><\/p>\n\n\n\n<hr class=\"wp-block-separator has-alpha-channel-opacity\"\/>\n\n\n\n<h2 class=\"wp-block-heading has-text-align-center\">Ideia #064<\/h2>\n\n\n\n<p><strong>Doada por <a href=\"https:\/\/twitter.com\/_jessicawn\" target=\"_blank\" rel=\"noreferrer noopener\">J\u00e9ssica Malinverno<\/a>.<\/strong><br><strong>Resumo:<\/strong> Voc\u00ea tinha uma vida normal at\u00e9 o acidente. Tudo mudou, voc\u00ea perdeu parte da sua mem\u00f3ria, tudo o que tinha de lembran\u00e7as se foi, apenas um nome n\u00e3o a deixava de perturbar: (nome do principal), seu (ex?)namorado. E ele far\u00e1 de tudo para te conquistar novamente.<br><strong>Fandom:<\/strong> Livre<br><strong>G\u00eanero:<\/strong> Livre<br><strong>Sugest\u00f5es:<\/strong> Acho que ficaria legal se a autora contasse o antes do acidente, o acidente e depois.<br>Inicialmente a principal n\u00e3o iria querer nada com o menino principal, iria tentar afast\u00e1-lo mentalmente e fisicamente, mas ele n\u00e3o iria desistir de reconquist\u00e1-la.<br>Ele n\u00e3o revela o que \u00e9\/era dela logo que se reaproximou e a autora pode revelar o peda\u00e7o anexado na metade da fic, quando a principal j\u00e1 estivesse come\u00e7ando a gostar do garoto.<br><strong>Contato:<\/strong> <a href=\"mailto:jessicamalinverno@hotmail.com\">E-mail<\/a> | <a href=\"https:\/\/twitter.com\/_jessicawn\" target=\"_blank\" rel=\"noreferrer noopener\">Twitter<\/a><br><strong>Nota:<\/strong> Se a autora puder fazer uma longfic interativa eu ficaria muuuito grata!<\/p>\n\n\n\n<p class=\"has-text-align-center\"><strong>Para adotar, complete o formul\u00e1rio a seguir: <a href=\"https:\/\/espacocriativo.net\/adote\/?page_id=594\">Link<\/a><\/strong><\/p>\n\n\n\n<hr class=\"wp-block-separator has-alpha-channel-opacity\"\/>\n\n\n\n<h2 class=\"wp-block-heading has-text-align-center\">Ideia #065<\/h2>\n\n\n\n<p><a name=\"65\"><\/a><strong>Doada por <a href=\"https:\/\/twitter.com\/feelemos\" target=\"_blank\" rel=\"noopener noreferrer\">Fee Lemos<\/a>.<\/strong><br>\n<strong>Resumo:<\/strong> A personagem principal vive sua vida da melhor maneira poss\u00edvel: est\u00e1 na faculdade, tira notas altas, faz est\u00e1gio, tem um namorado lindo, est\u00e1 sempre nas festas mais badaladas com uma por\u00e7\u00e3o de amigos, al\u00e9m de ser bastante rica. No entanto, ela passa a sentir sintomas diferentes e procura um m\u00e9dico. Ap\u00f3s exames em diversos hospitais renomados, os m\u00e9dicos descobrem que ela sofre de uma doen\u00e7a rara e que 99% das pessoas que t\u00eam essa doen\u00e7a acabam morrendo. Eles constatam que ela tem pouco mais de dois meses de vida. Nisso, todos aqueles que ela pensava serem seus amigos, inclusive seu namorado, se afastam dela. Ela s\u00f3 pode contar com sua fam\u00edlia (que mesmo com todo o dinheiro do mundo n\u00e3o pode ajud\u00e1-la) e com sua melhor amiga e um amigo da faculdade. A principal percebe que nunca realizar\u00e1 seu maior sonho desde crian\u00e7a: casar de v\u00e9u e grinalda, com um cara lindo, em um resort em uma praia paradis\u00edaca, usando um vestido branco assinado por um importante estilista. Sua melhor amiga e o amigo da faculdade ent\u00e3o se unem. Mesmo n\u00e3o a amando, ele convence a principal a se casar com ele, bolando um lindo pedido de casamento, e a melhor amiga \u00e9 escolhida como madrinha da noiva, encarregada de todos os preparativos. Em um m\u00eas, acontece o casamento. A principal vive as duas semanas seguintes em lua de mel, sempre viajando e sendo mimada pelo seu amigo, agora marido. Mas, depois das duas semanas, o novo casal volta para a cidade. Quando se passam os dois meses de vida que foram dados para ela, os m\u00e9dicos a examinam de novo e constatam que aconteceu um milagre e ela foi curada somente tomando os medicamentos e seguindo as restri\u00e7\u00f5es dadas por eles. O favorito\/marido fica chocado com isso, pois embora tenha torcido para ela ficar bem, apenas viveu um dia de cada vez como se fosse o \u00faltimo e agora n\u00e3o sabe o que fazer, pois n\u00e3o a ama da maneira que ela merece e n\u00e3o sabe se o correto \u00e9 acabar com o casamento. A\u00ed entram as d\u00favidas, brigas, ci\u00fames, etc. Eles podem decidir viver na mesma casa ou se separar quando a crise se instala. Ser\u00e1 que eles conseguir\u00e3o se manter casados em um relacionamento onde o amor fica em segundo plano ou a melhor sa\u00edda \u00e9 terminar tudo e voltarem a ser apenas amigos?<br>\n<strong>Fandom:<\/strong> Livre<br>\n<strong>G\u00eanero:<\/strong> Livre<br>\n<strong>Sugest\u00f5es:<\/strong> Seria bom pesquisar sobre uma doen\u00e7a rara que n\u00e3o afete tanto a mobilidade ou o f\u00edsico das pessoas, assim a principal poder\u00e1 viajar sem maiores problemas. Quando a principal estiver recuperada e a crise no relacionamento se instalar, o ex-namorado dela pode voltar a aparecer, fazendo o cora\u00e7\u00e3o dela balan\u00e7ar mesmo ele tendo a deixado em um momento crucial. Ou ela pode conhecer um novo pretendente, talvez algum m\u00e9dico. Seria bom n\u00e3o faz\u00ea-la engravidar, a n\u00e3o ser que fosse extremamente necess\u00e1rio e no final da fic.<br>\n<strong>Contato:<\/strong> <a href=\"mailto:nandalemos@gmail.com\">E-mail<\/a> | <a href=\"https:\/\/twitter.com\/feelemos\" target=\"_blank\" rel=\"noopener noreferrer\">Twitter<\/a><br>\n<strong>Nota:<\/strong> Tem que ser longfic pra poder desenvolver bem a hist\u00f3ria sem pular acontecimentos cruciais. O fandom \u00e9 &#8220;outros&#8221; mesmo, pois n\u00e3o fala sobre ningu\u00e9m especificamente ent\u00e3o qualquer pessoa pode abrir a fic e ler com o favorito que quiser.<\/p>\n\n\n\n<p class=\"has-text-align-center\"><strong>Para adotar, complete o formul\u00e1rio a seguir: <a href=\"https:\/\/espacocriativo.net\/adote\/?page_id=594\">Link<\/a><\/strong><\/p>\n\n\n\n<hr class=\"wp-block-separator has-alpha-channel-opacity\"\/>\n\n\n\n<h2 class=\"wp-block-heading has-text-align-center\">Ideia #066<\/h2>\n\n\n\n<p><a name=\"66\"><\/a><strong>Doada por <a href=\"https:\/\/twitter.com\/feelemos\" target=\"_blank\" rel=\"noopener noreferrer\">Fee Lemos<\/a>.<\/strong><br>\n<strong>Resumo:<\/strong> Muito mais na brincadeira do que por qualquer outra coisa, a principal e suas amigas v\u00e3o at\u00e9 uma loja de bruxas, onde encontram objetos e instrumentos m\u00e1gicos. Orientadas por uma jovem bruxa, as amigas levam, cada uma, itens como cristais, livros com simpatias, etc. No entanto, a principal \u00e9 descrente e faz piadas o tempo todo, achando-se importante demais para acreditar em coisas como magia e bruxaria. Sem se deixar aborrecer, a jovem bruxa oferece de gra\u00e7a um porta-retrato para a principal, que acha estranho, mas aceita mesmo assim por press\u00e3o das amigas empolgadas. Ao chegar em casa, ela decide colocar uma foto sua no porta-retratos. Ao acordar na manh\u00e3 seguinte, se descobre em outra dimens\u00e3o, totalmente diferente da sua verdadeira realidade. A jovem bruxa da loja aparece ent\u00e3o como uma miragem e explica para a principal que aquela foi uma li\u00e7\u00e3o dada a ela, que ela deve aprender a respeitar a magia e as bruxas, enfim, explica que enquanto a principal est\u00e1 naquele mundo alternativo outra garota, seu alter ego, muito mais maquiav\u00e9lica, est\u00e1 no seu lugar, e que cabe \u00e0 principal voltar ao seu mundo normal e recuperar seus amigos e namorado, j\u00e1 que a seu alter ego est\u00e1 modificando todas as suas rela\u00e7\u00f5es.<br>\n<strong>Fandom:<\/strong> Outros \/ Original<br>\n<strong>G\u00eanero:<\/strong> Livre<br>\n<strong>Sugest\u00f5es:<\/strong> No &#8220;mundo normal&#8221;, a principal tem uma vida comum, com amigos, namorado e familiares que a adoram. Ela tira boas notas e nunca se meteu em confus\u00f5es. No &#8220;mundo alternativo&#8221;, seu alter ego (c\u00f3pia id\u00eantica fisicamente dela que antes morava nesse mundo) \u00e9 uma garota mesquinha e maquiav\u00e9lica. Nem tudo que existe no &#8220;mundo normal&#8221; existe no &#8220;mundo alternativo&#8221; e vice-versa. No &#8220;mundo alternativo&#8221; podem existir guerras, poderes sobrenaturais, magia, bruxaria, etc. Ao colocar sua foto no porta-retrato m\u00e1gico, essas duas personalidades se inverteram. A autora tem que saber diferenciar um mundo do outro na hora de escrever para n\u00e3o confundir os leitores, por exemplo: escrever um cap\u00edtulo no &#8220;mundo alternativo&#8221; e o outro no &#8220;mundo normal&#8221;.<br>\n<strong>Contato:<\/strong> <a href=\"mailto:nandalemos@gmail.com\">E-mail<\/a> | <a href=\"https:\/\/twitter.com\/feelemos\" target=\"_blank\" rel=\"noopener noreferrer\">Twitter<\/a><br>\n<strong>Nota:<\/strong> Sugiro que antes de escrever sobre a ida \u00e0 loja de bruxas e a mudan\u00e7a de realidades, a autora descreva um pouco como \u00e9 a vida da principal no &#8220;mundo normal&#8221;, para quando for escrever sobre a nova vida dela no &#8220;mundo alternativo&#8221; os leitores vejam a diferen\u00e7a. A principal deve ter um namorado no &#8220;mundo normal&#8221; (que seu alter ego vai querer para ela tamb\u00e9m), e pode tamb\u00e9m ter um relacionamento com algum ser m\u00e1gico do &#8220;mundo alternativo&#8221; (talvez um parceiro do alter ego dela, invertendo assim os namorados de ambas). O segredo todo pode estar no porta-retratos, e resta saber se existe, no &#8220;mundo alternativo&#8221;, um objeto equivalente ao porta-retrato, que possa traz\u00ea-la de volta para o seu &#8220;mundo normal&#8221;. S\u00f3 que pra isso acontecer, podem rolar d\u00favidas, como deixar ou n\u00e3o seu novo pretendente, etc.<\/p>\n\n\n\n<p class=\"has-text-align-center\"><strong>Para adotar, complete o formul\u00e1rio a seguir: <a href=\"https:\/\/espacocriativo.net\/adote\/?page_id=594\">Link<\/a><\/strong><\/p>\n\n\n\n<hr class=\"wp-block-separator has-alpha-channel-opacity\"\/>\n\n\n\n<h2 class=\"wp-block-heading has-text-align-center\">Ideia #067<\/h2>\n\n\n\n<p><a name=\"67\"><\/a><strong>Doada por <a href=\"https:\/\/twitter.com\/SaraMVieira1\" target=\"_blank\" rel=\"noopener noreferrer\">Sara Mendon\u00e7a Vieira<\/a>.<\/strong><br>\n<strong>Resumo:<\/strong> Ele \u00e9 um jogador de futebol famoso, ela sonha em ter ele. Ela passa pra uma faculdade de medicina no Rio de Janeiro, e l\u00e1 eles se conhecem. Come\u00e7am a sair juntos, e ela come\u00e7a a ser cobi\u00e7ada pelos paparazzi. Eles come\u00e7am a namorar, e depois se casam. O sonho dela se torna realidade.<br>\n<strong>Fandom:<\/strong> Outros \/ Original<br>\n<strong>G\u00eanero:<\/strong> Com\u00e9dia Rom\u00e2ntica \/ Drama \/ Romance<br>\n<strong>Sugest\u00f5es:<\/strong> &#8212;<br>\n<strong>Contato:<\/strong> <a href=\"mailto:sara_m.v@hotmail.com\">E-mail<\/a> | <a href=\"https:\/\/twitter.com\/SaraMVieira1\" target=\"_blank\" rel=\"noopener noreferrer\">Twitter<\/a><br>\n<strong>Nota:<\/strong> &#8212;<\/p>\n\n\n\n<p class=\"has-text-align-center\"><strong>Para adotar, complete o formul\u00e1rio a seguir: <a href=\"https:\/\/espacocriativo.net\/adote\/?page_id=594\">Link<\/a><\/strong><\/p>\n\n\n\n<hr class=\"wp-block-separator has-alpha-channel-opacity\"\/>\n\n\n\n<h2 class=\"wp-block-heading has-text-align-center\">Ideia #068<\/h2>\n\n\n\n<p><a name=\"68\"><\/a><strong>Doada por <a href=\"https:\/\/twitter.com\/dessadile\" target=\"_blank\" rel=\"noopener noreferrer\">Dess<\/a>.<\/strong><br>\n<strong>Resumo:<\/strong> Desde da morte de sua m\u00e3e, ela foi criada como filha pelos patr\u00f5es da m\u00e3e, mas nunca foi adotada formalmente. Assim, o filho dos patr\u00f5es ganhou uma ador\u00e1vel irm\u00e3 mais nova. Mas, quando ele completa 18 anos e sai de casa para trabalhar e estudar, a rela\u00e7\u00e3o de irmandade \u00e9 estremecida.<br>\nAgora, com 22 anos, ele perde os pais em um acidente de carro e se v\u00ea obrigado a cuidar da irm\u00e3 de cria\u00e7\u00e3o 6 anos mais nova. Mas, ser\u00e1 que ele est\u00e1 preparado pra isso? E ser\u00e1 realmente que o que existe \u00e9 s\u00f3 amor de irm\u00e3o?<br>\n<strong>Fandom:<\/strong> McFly \/ The Maine<br>\n<strong>G\u00eanero:<\/strong> Romance \/ Restrita (a crit\u00e9rio) \/ Com\u00e9dia Rom\u00e2ntica<br>\n<strong>Sugest\u00f5es:<\/strong> &#8212;<br>\n<strong>Contato:<\/strong> <a href=\"mailto:dressa.dile@hotmail.com\">E-mail<\/a> | <a href=\"https:\/\/twitter.com\/dessadile\" target=\"_blank\" rel=\"noopener noreferrer\">Twitter<\/a><br>\n<strong>Nota:<\/strong> &#8212;<\/p>\n\n\n\n<p class=\"has-text-align-center\"><strong>Para adotar, complete o formul\u00e1rio a seguir: <a href=\"https:\/\/espacocriativo.net\/adote\/?page_id=594\">Link<\/a><\/strong><\/p>\n\n\n\n<hr class=\"wp-block-separator has-alpha-channel-opacity\"\/>\n\n\n\n<h2 class=\"wp-block-heading has-text-align-center\">Ideia #069<\/h2>\n\n\n\n<p><a name=\"69\"><\/a><strong>Doada por <a href=\"https:\/\/twitter.com\/sevieh_e\" target=\"_blank\" rel=\"noopener noreferrer\">Sevie H. E.<\/a>.<\/strong><br>\n<strong>Resumo:<\/strong> Ela \u00e9 a garota estranha do col\u00e9gio, a menina que todos tem medo, a garota que apanha em casa e aprendeu a n\u00e3o confiar em ningu\u00e9m. At\u00e9 que um dia, um garoto novo surge no col\u00e9gio. A vida dele parece perfeita diante dos seus olhos e voc\u00ea o odeia mais do que a qualquer outra pessoa por isso. Mas ele n\u00e3o desiste de tentar te fazer feliz, mesmo com voc\u00ea o tratando mal. Ele te ensina que para ser feliz voc\u00ea n\u00e3o precisa de mais ningu\u00e9m, apenas uma floresta densa no jardim de casa e muita, mas muita imagina\u00e7\u00e3o.<br>\n<strong>Fandom:<\/strong> Zayn Malik<br>\n<strong>G\u00eanero:<\/strong> Romance \/ Drama<br>\n<strong>Sugest\u00f5es:<\/strong> Fazer uma cidade interiorana, uma hist\u00f3ria pacata sem os requintes que moram na mente de algumas autoras, afinal, o simples pode ser surpreendente.<br>\n<strong>Contato:<\/strong> <a href=\"mailto:sevieheofficial@gmail.com\">E-mail<\/a> | <a href=\"https:\/\/twitter.com\/sevieh_e\" target=\"_blank\" rel=\"noopener noreferrer\">Twitter<\/a><br>\n<strong>Nota:<\/strong> Baseado no filme &#8220;Ponte Para Terab\u00edtia&#8221;.<\/p>\n\n\n\n<p class=\"has-text-align-center\"><strong>Para adotar, complete o formul\u00e1rio a seguir: <a href=\"https:\/\/espacocriativo.net\/adote\/?page_id=594\">Link<\/a><\/strong><\/p>\n\n\n\n<hr class=\"wp-block-separator has-alpha-channel-opacity\"\/>\n\n\n\n<h2 class=\"wp-block-heading has-text-align-center\">Ideia #070<\/h2>\n\n\n\n<p><a><\/a><strong>Doada por <a href=\"https:\/\/twitter.com\/_MillenaBorges\" target=\"_blank\" rel=\"noreferrer noopener\">Millena Borges<\/a>.<br><\/strong><strong>Resumo:<\/strong> No folclore alem\u00e3o existe o que eles chamam de Doppelg\u00e4nger. A lenda diz que para cada ser humano na Terra h\u00e1 um deste, uma esp\u00e9cie de &#8220;clone&#8221;, com caracter\u00edsticas f\u00edsicas e de personalidade exatamente iguais as do seu respectivo humano. Dizem que o Doppelg\u00e4nger de uma pessoa pode estar mais pr\u00f3ximo dela do que se imagina, ou ent\u00e3o, em qualquer outra parte do mundo.<br>O namorado da principal morre em um acidente, e ela era perdidamente apaixonada por ele.<br>Abalada pelo acontecimento ela resolve se mudar para outro lugar, outro continente, querendo refazer sua vida, e refazer o tempo perdido.<br>Ent\u00e3o depois de ter sua faculdade transferida e tudo j\u00e1 pronto, ela conhece um homem exatamente igual ao seu namorado morto, e se apaixona novamente.<br><strong>Fandom:<\/strong> Outros \/ Original<br><strong>G\u00eanero:<\/strong> Romance \/ Drama<br><strong>Sugest\u00f5es:<\/strong> A hist\u00f3ria pode ir mais pro lado de ser uma c\u00f3pia mesmo e n\u00e3o um monstro.<br>O homem poderia descobrir sobre o ex namorado da principal e se irritar<br><strong>Contato:<\/strong> <a href=\"mailto:millenatoledo@hotmail.com\">E-mail<\/a> | <a href=\"https:\/\/twitter.com\/_MillenaBorges\" target=\"_blank\" rel=\"noreferrer noopener\">Twitter<\/a><br><strong>Nota:<\/strong> &#8212;<\/p>\n\n\n\n<p class=\"has-text-align-center\"><strong>Para adotar, complete o formul\u00e1rio a seguir: <a href=\"https:\/\/espacocriativo.net\/adote\/?page_id=594\">Link<\/a><\/strong><\/p>\n","protected":false},"excerpt":{"rendered":"<p>Antes de adotar, confira as regras do jogo. #061 | #062 | #063 | #064 |\u00a0#065 | #066 | #067 [&hellip;]<\/p>\n","protected":false},"author":2,"featured_media":0,"parent":606,"menu_order":0,"comment_status":"closed","ping_status":"closed","template":"iframe.php","meta":{"_acf_changed":false,"footnotes":""},"class_list":["post-855","page","type-page","status-publish","hentry"],"acf":[],"_links":{"self":[{"href":"https:\/\/espacocriativo.net\/adote\/wp-json\/wp\/v2\/pages\/855","targetHints":{"allow":["GET"]}}],"collection":[{"href":"https:\/\/espacocriativo.net\/adote\/wp-json\/wp\/v2\/pages"}],"about":[{"href":"https:\/\/espacocriativo.net\/adote\/wp-json\/wp\/v2\/types\/page"}],"author":[{"embeddable":true,"href":"https:\/\/espacocriativo.net\/adote\/wp-json\/wp\/v2\/users\/2"}],"replies":[{"embeddable":true,"href":"https:\/\/espacocriativo.net\/adote\/wp-json\/wp\/v2\/comments?post=855"}],"version-history":[{"count":8,"href":"https:\/\/espacocriativo.net\/adote\/wp-json\/wp\/v2\/pages\/855\/revisions"}],"predecessor-version":[{"id":8407,"href":"https:\/\/espacocriativo.net\/adote\/wp-json\/wp\/v2\/pages\/855\/revisions\/8407"}],"up":[{"embeddable":true,"href":"https:\/\/espacocriativo.net\/adote\/wp-json\/wp\/v2\/pages\/606"}],"wp:attachment":[{"href":"https:\/\/espacocriativo.net\/adote\/wp-json\/wp\/v2\/media?parent=855"}],"curies":[{"name":"wp","href":"https:\/\/api.w.org\/{rel}","templated":true}]}}