{"id":8159,"date":"2024-12-17T19:07:44","date_gmt":"2024-12-17T22:07:44","guid":{"rendered":"https:\/\/espacocriativo.net\/adote\/?page_id=8159"},"modified":"2026-01-23T12:37:24","modified_gmt":"2026-01-23T15:37:24","slug":"temporada-035","status":"publish","type":"page","link":"https:\/\/espacocriativo.net\/adote\/songfics\/musicas-indisponiveis\/temporada-035\/","title":{"rendered":"Temporada #035"},"content":{"rendered":"\n<h2 class=\"wp-block-heading has-text-align-center\">Ideia #002<\/h2>\n\n\n\n<p><strong>Enviada por&nbsp;<\/strong><a href=\"mailto:lelenzets@gmail.com\">Lelen<\/a><strong>.<\/strong><br><strong>M\u00fasica:<\/strong>&nbsp;<a href=\"https:\/\/www.youtube.com\/watch?v=ZNCGlch6xDw\" target=\"_blank\" rel=\"noreferrer noopener\">Slip The Noose \u2013 The Maine<\/a><a rel=\"noreferrer noopener\" href=\"https:\/\/www.youtube.com\/watch?v=fuzLp9gDcwY\" target=\"_blank\"><br><\/a><strong>Fandom \/ G\u00eanero \/ Classifica\u00e7\u00e3o:<\/strong>&nbsp;Livre<\/p>\n\n\n\n<p class=\"has-text-align-center\"><strong>Esta ideia j\u00e1 foi reservada!<\/strong><\/p>\n\n\n\n<ul class=\"wp-block-list\">\n<li><strong>Nome:<\/strong>&nbsp;Liv<\/li>\n\n\n\n<li><strong>Contato:<\/strong>&nbsp;<a href=\"mailto:livfernandes4@gmail.com\">@<\/a><\/li>\n\n\n\n<li><strong>Hist\u00f3ria online!<\/strong><br>Leia: <a href=\"https:\/\/espacocriativo.net\/fictions\/restritas-finalizada\/restritas-nao-interativa-finalizada\/bts-restrita-nao-interativa-finalizada\/\" target=\"_blank\" rel=\"noreferrer noopener\">Slip the noose<\/a> <em>{K-Pop, BTS, Restrita, N\u00e3o-Interativa, Finalizada}<\/em><\/li>\n<\/ul>\n","protected":false},"excerpt":{"rendered":"<p>Ideia #002 Enviada por&nbsp;Lelen.M\u00fasica:&nbsp;Slip The Noose \u2013 The MaineFandom \/ G\u00eanero \/ Classifica\u00e7\u00e3o:&nbsp;Livre Esta ideia j\u00e1 foi reservada!<\/p>\n","protected":false},"author":2,"featured_media":0,"parent":3931,"menu_order":0,"comment_status":"closed","ping_status":"closed","template":"iframe.php","meta":{"_acf_changed":false,"footnotes":""},"class_list":["post-8159","page","type-page","status-publish","hentry"],"acf":[],"_links":{"self":[{"href":"https:\/\/espacocriativo.net\/adote\/wp-json\/wp\/v2\/pages\/8159","targetHints":{"allow":["GET"]}}],"collection":[{"href":"https:\/\/espacocriativo.net\/adote\/wp-json\/wp\/v2\/pages"}],"about":[{"href":"https:\/\/espacocriativo.net\/adote\/wp-json\/wp\/v2\/types\/page"}],"author":[{"embeddable":true,"href":"https:\/\/espacocriativo.net\/adote\/wp-json\/wp\/v2\/users\/2"}],"replies":[{"embeddable":true,"href":"https:\/\/espacocriativo.net\/adote\/wp-json\/wp\/v2\/comments?post=8159"}],"version-history":[{"count":3,"href":"https:\/\/espacocriativo.net\/adote\/wp-json\/wp\/v2\/pages\/8159\/revisions"}],"predecessor-version":[{"id":8504,"href":"https:\/\/espacocriativo.net\/adote\/wp-json\/wp\/v2\/pages\/8159\/revisions\/8504"}],"up":[{"embeddable":true,"href":"https:\/\/espacocriativo.net\/adote\/wp-json\/wp\/v2\/pages\/3931"}],"wp:attachment":[{"href":"https:\/\/espacocriativo.net\/adote\/wp-json\/wp\/v2\/media?parent=8159"}],"curies":[{"name":"wp","href":"https:\/\/api.w.org\/{rel}","templated":true}]}}