{"id":8065,"date":"2024-09-30T21:02:35","date_gmt":"2024-10-01T00:02:35","guid":{"rendered":"https:\/\/espacocriativo.net\/adote\/?page_id=8065"},"modified":"2025-01-09T03:23:19","modified_gmt":"2025-01-09T06:23:19","slug":"temporada-034","status":"publish","type":"page","link":"https:\/\/espacocriativo.net\/adote\/songfics\/songfics-musicas-disponiveis\/temporada-034\/","title":{"rendered":"Temporada #034"},"content":{"rendered":"\n<h2 class=\"wp-block-heading has-text-align-center\">Ideia #003<\/h2>\n\n\n\n<p><strong>Enviada por&nbsp;<\/strong><a href=\"mailto:natashiamk@gmail.com\">Natashia Kitamura<\/a><strong>.<\/strong><br><strong>M\u00fasica:<\/strong>&nbsp;<a href=\"https:\/\/www.youtube.com\/watch?v=1_AeRcL4bBE\" target=\"_blank\" rel=\"noreferrer noopener\">Giulia Be \u2013 FBI<\/a><a rel=\"noreferrer noopener\" href=\"https:\/\/www.youtube.com\/watch?v=fuzLp9gDcwY\" target=\"_blank\"><br><\/a><strong>Fandom \/ G\u00eanero \/ Classifica\u00e7\u00e3o:<\/strong>&nbsp;Livre<\/p>\n\n\n\n<p class=\"has-text-align-center\"><strong>Para adotar, complete o formul\u00e1rio a seguir:&nbsp;<a href=\"https:\/\/espacocriativo.net\/adote\/?page_id=594\">Link<\/a><\/strong><\/p>\n","protected":false},"excerpt":{"rendered":"<p>Ideia #003 Enviada por&nbsp;Natashia Kitamura.M\u00fasica:&nbsp;Giulia Be \u2013 FBIFandom \/ G\u00eanero \/ Classifica\u00e7\u00e3o:&nbsp;Livre Para adotar, complete o formul\u00e1rio a seguir:&nbsp;Link<\/p>\n","protected":false},"author":2,"featured_media":0,"parent":3928,"menu_order":0,"comment_status":"closed","ping_status":"closed","template":"iframe.php","meta":{"_acf_changed":false,"footnotes":""},"class_list":["post-8065","page","type-page","status-publish","hentry"],"acf":[],"_links":{"self":[{"href":"https:\/\/espacocriativo.net\/adote\/wp-json\/wp\/v2\/pages\/8065","targetHints":{"allow":["GET"]}}],"collection":[{"href":"https:\/\/espacocriativo.net\/adote\/wp-json\/wp\/v2\/pages"}],"about":[{"href":"https:\/\/espacocriativo.net\/adote\/wp-json\/wp\/v2\/types\/page"}],"author":[{"embeddable":true,"href":"https:\/\/espacocriativo.net\/adote\/wp-json\/wp\/v2\/users\/2"}],"replies":[{"embeddable":true,"href":"https:\/\/espacocriativo.net\/adote\/wp-json\/wp\/v2\/comments?post=8065"}],"version-history":[{"count":4,"href":"https:\/\/espacocriativo.net\/adote\/wp-json\/wp\/v2\/pages\/8065\/revisions"}],"predecessor-version":[{"id":8205,"href":"https:\/\/espacocriativo.net\/adote\/wp-json\/wp\/v2\/pages\/8065\/revisions\/8205"}],"up":[{"embeddable":true,"href":"https:\/\/espacocriativo.net\/adote\/wp-json\/wp\/v2\/pages\/3928"}],"wp:attachment":[{"href":"https:\/\/espacocriativo.net\/adote\/wp-json\/wp\/v2\/media?parent=8065"}],"curies":[{"name":"wp","href":"https:\/\/api.w.org\/{rel}","templated":true}]}}