{"id":803,"date":"2014-05-10T04:03:05","date_gmt":"2014-05-10T04:03:05","guid":{"rendered":"http:\/\/alltimefics.com\/adote\/?page_id=803"},"modified":"2025-12-09T16:51:05","modified_gmt":"2025-12-09T19:51:05","slug":"ideias-041-a-050","status":"publish","type":"page","link":"https:\/\/espacocriativo.net\/adote\/indisponiveis\/ideias-041-a-050\/","title":{"rendered":"Ideias \u00bb #041 a #050"},"content":{"rendered":"\n<p class=\"has-text-align-center\"><a href=\"#43\">#043<\/a> | <a href=\"#45\">#045<\/a> | <a href=\"#46\">#046<\/a> | <a href=\"#47\">#047<\/a>&nbsp;| <a href=\"#49\">#049<\/a><\/p>\n\n\n\n<hr class=\"wp-block-separator has-alpha-channel-opacity\"\/>\n\n\n\n<h2 class=\"wp-block-heading has-text-align-center\">Ideia #043<\/h2>\n\n\n<div class=\"wp-block-image\">\n<figure class=\"aligncenter size-large\"><img decoding=\"async\" src=\"https:\/\/espacocriativo.net\/adote\/wp-content\/uploads\/2023\/08\/OK-Twists-Of-Life-1024x279.png\" alt=\"\" class=\"wp-image-7269\"\/><\/figure>\n<\/div>\n\n\n<p><a name=\"43\"><\/a><strong>Doada por <a rel=\"noopener noreferrer\" href=\"https:\/\/twitter.com\/natharasantanna\" target=\"_blank\">Naty Sant&#8217;anna<\/a>.<\/strong><br><strong>Resumo:<\/strong> Ela uma jovem jornalista que para continuar em seu est\u00e1gio tem que se tornar amiga dos membros de uma famosa banda brit\u00e2nica, e conseguir informa\u00e7\u00f5es previlegiadas que nenhum jornal ou revista j\u00e1 teve. Ela conquista a amizade deles, mas o que n\u00e3o imaginava \u00e9 que iria acabar se apaixonado tamb\u00e9m, s\u00f3 que decidida, passa por cima dos seus sentimentos e termina a mat\u00e9ria, mas o que ela n\u00e3o sabia e nem imaginava \u00e9 que acabaria gr\u00e1vida e humilhada por ele e os amigos.<br><strong>Fandom:<\/strong> McFly \/ One Direction<br><strong>G\u00eanero:<\/strong> Drama<br><strong>Sugest\u00f5es:<\/strong> &#8211;<br><strong>Contato:<\/strong> <a href=\"mailto:nathara.s@hotmail.com\">E-mail<\/a><br><strong>Nota:<\/strong> &#8211;<\/p>\n\n\n\n<h3 class=\"wp-block-heading has-text-align-center\">Esta ideia j\u00e1 foi reservada!<\/h3>\n\n\n\n<ul class=\"wp-block-list\">\n<li><strong>Nome:<\/strong> Thariny Vit\u00f3ria<\/li>\n\n\n\n<li><strong>Contato:<\/strong> <a href=\"mailto:tharinyvivi@hotmail.com\">E-mail<\/a><\/li>\n\n\n\n<li><strong>Hist\u00f3ria no ar!<\/strong><br><strong>Leia:<\/strong> <a href=\"https:\/\/espacocriativo.net\/adote\/?p=3364\" target=\"_blank\" rel=\"noopener noreferrer\">Twists Of Life<\/a> <em>{One Direction, Finalizada}<\/em><\/li>\n<\/ul>\n\n\n\n<hr class=\"wp-block-separator has-alpha-channel-opacity\"\/>\n\n\n\n<h2 class=\"wp-block-heading has-text-align-center\">Ideia #047<\/h2>\n\n\n\n<p><strong>Doada por <a rel=\"noreferrer noopener\" href=\"https:\/\/twitter.com\/natashiamk@gmail.com\" target=\"_blank\">Natashia Kitamura<\/a>.<\/strong><br><strong>Resumo:<\/strong> Ela \u00e9 uma garota ing\u00eanua que quer crescer na vida. Faz tudo para todos, v\u00ea sempre o lado positivo das situa\u00e7\u00f5es e \u00e9 completamente vulner\u00e1vel a pessoas de g\u00eanio forte. Seu prop\u00f3sito \u00e9 ser a jornalista principal de uma revista de moda\/fama. Por\u00e9m, ela n\u00e3o percebe que \u00e9 sempre jogada para os piores projetos porque \u00e9 a \u00fanica que faz sem reclamar. Pode-se dizer at\u00e9 que ela sofre um tipo de &#8216;bullying&#8217; no trabalho. Tudo muda quando sua chefe lhe manda fazer uma reportagem sobre a vida de um artista, mandando-a acompanhar um artista (o favorito) que ela assinou contrato para a mat\u00e9ria. Ent\u00e3o, a personagem dever\u00e1 seguir o artista por um prazo (duas semanas &#8211; um m\u00eas) para criar sua mat\u00e9ria. O problema \u00e9 que depois de um tempo, ele acaba se preocupando com a garota que era t\u00e3o sorridente e tenta ajud\u00e1-la a sair daquela fria de empresa.<br><strong>Fandom:<\/strong> Livre<br><strong>G\u00eanero:<\/strong> Livre<br><strong>Sugest\u00f5es:<\/strong> A garota tem de ser ing\u00eanua, n\u00e3o boba. Seria legal se a fanfic fosse narrada na primeira pessoa do feminino, de modo que possamos ver que as pessoas fazem mal \u00e0 ela propositalmente, mas ao mesmo tempo, ela n\u00e3o percebe e age como se fosse normal.<br><strong>Contato:<\/strong> <a href=\"mailto:natashiamk@gmail.com\">E-mail<\/a> | <a rel=\"noreferrer noopener\" href=\"https:\/\/twitter.com\/natashiamk\" target=\"_blank\">Twitter<\/a><br><strong>Nota:<\/strong> \u00c9 fundamental que a autora sofra o &#8216;bullying&#8217; para que possamos ver o qu\u00e3o &#8220;boa&#8221; e &#8220;ing\u00eanua&#8221; ela \u00e9 com as pessoas. O fato do favorito querer ajud\u00e1-la apenas depois de um tempo de conviv\u00eancia, uma ou duas semanas, se deve ao fato de que \u00e9 necess\u00e1rio haver um tempo para a garota conquistar a simpatia dele e a confian\u00e7a tamb\u00e9m.<\/p>\n\n\n\n<h3 class=\"wp-block-heading has-text-align-center\">Esta ideia j\u00e1 foi reservada!<\/h3>\n\n\n\n<ul class=\"wp-block-list\">\n<li><strong>Nome:<\/strong>\u00a0Soldada<\/li>\n\n\n\n<li><strong>Contato:<\/strong>\u00a0<a href=\"mailto:detinha41@gmail.com\">E-mail<\/a><\/li>\n\n\n\n<li><strong>Leia:<\/strong> <a href=\"https:\/\/espacocriativo.net\/fictions\/restritas-andamento\/original-restrita-andamento\/\" target=\"_blank\" rel=\"noreferrer noopener\">The Runes<\/a>\u00a0<em>{Original, Restrita, Andamento}<\/em>\u00a0<\/li>\n<\/ul>\n\n\n\n<hr class=\"wp-block-separator has-alpha-channel-opacity\"\/>\n\n\n\n<h2 class=\"wp-block-heading has-text-align-center\">Ideia #049<\/h2>\n\n\n\n<figure class=\"wp-block-image size-large\"><img decoding=\"async\" src=\"https:\/\/espacocriativo.net\/adote\/wp-content\/uploads\/2023\/08\/OK-Darko-1024x279.png\" alt=\"\" class=\"wp-image-7226\"\/><\/figure>\n\n\n\n<p><a name=\"49\"><\/a><strong>Doada por <a rel=\"noopener noreferrer\" href=\"https:\/\/twitter.com\/nattydarko\" target=\"_blank\">Natty Darko<\/a>.<\/strong><br><strong>Resumo:<\/strong> Quando uma garota se v\u00ea perdida, ela decide se arriscar sendo a cobaia de uma experi\u00eancia sem garantias de voltar a ter uma vida normal. Ela enfrentou bravamente cada momento dessa experi\u00eancia que a fez mudar totalmente, tornando-a irreconhec\u00edvel. Agora tudo o que resta a fazer \u00e9 ir pelo caminho que ela sempre quis ir e derrubar a todos que um dia ousaram enfrent\u00e1-la.<br>O experimento que v\u00e3o fazer com ela \u00e9 por conta da autora, mas se precisar de ajuda \u00e9 s\u00f3 entrar em contato.<br><strong>Fandom:<\/strong> Outros<br><strong>G\u00eanero:<\/strong> Drama<br><strong>Sugest\u00f5es: <\/strong>&#8212;<br><strong>Contato:<\/strong> <a href=\"mailto:nattydarko@yahoo.com\">E-mail<\/a><br><strong>Nota:<\/strong> A autora pode decidir se vai levar a fic mais para o drama ou para o lado obscuro.<\/p>\n\n\n\n<h3 class=\"wp-block-heading has-text-align-center\">Esta ideia j\u00e1 foi reservada!<\/h3>\n\n\n\n<ul class=\"wp-block-list\">\n<li><strong>Nome:<\/strong> P\u00e2ms Martins<\/li>\n\n\n\n<li><strong>Contato:<\/strong> <a href=\"mailto:pm2.fics@gmail.com\">E-mail<\/a><\/li>\n\n\n\n<li><strong>Hist\u00f3ria no ar!<\/strong><br><strong>Leia:<\/strong> <a rel=\"noopener noreferrer\" href=\"https:\/\/espacocriativo.net\/adote\/?p=5081\" target=\"_blank\">Darko<\/a> <em>{Outros, Finalizada}<\/em><\/li>\n<\/ul>\n","protected":false},"excerpt":{"rendered":"<p>#043 | #045 | #046 | #047&nbsp;| #049 Ideia #043 Doada por Naty Sant&#8217;anna.Resumo: Ela uma jovem jornalista que para [&hellip;]<\/p>\n","protected":false},"author":2,"featured_media":0,"parent":643,"menu_order":0,"comment_status":"open","ping_status":"open","template":"iframe.php","meta":{"_acf_changed":false,"footnotes":""},"class_list":["post-803","page","type-page","status-publish","hentry"],"acf":[],"_links":{"self":[{"href":"https:\/\/espacocriativo.net\/adote\/wp-json\/wp\/v2\/pages\/803","targetHints":{"allow":["GET"]}}],"collection":[{"href":"https:\/\/espacocriativo.net\/adote\/wp-json\/wp\/v2\/pages"}],"about":[{"href":"https:\/\/espacocriativo.net\/adote\/wp-json\/wp\/v2\/types\/page"}],"author":[{"embeddable":true,"href":"https:\/\/espacocriativo.net\/adote\/wp-json\/wp\/v2\/users\/2"}],"replies":[{"embeddable":true,"href":"https:\/\/espacocriativo.net\/adote\/wp-json\/wp\/v2\/comments?post=803"}],"version-history":[{"count":8,"href":"https:\/\/espacocriativo.net\/adote\/wp-json\/wp\/v2\/pages\/803\/revisions"}],"predecessor-version":[{"id":8424,"href":"https:\/\/espacocriativo.net\/adote\/wp-json\/wp\/v2\/pages\/803\/revisions\/8424"}],"up":[{"embeddable":true,"href":"https:\/\/espacocriativo.net\/adote\/wp-json\/wp\/v2\/pages\/643"}],"wp:attachment":[{"href":"https:\/\/espacocriativo.net\/adote\/wp-json\/wp\/v2\/media?parent=803"}],"curies":[{"name":"wp","href":"https:\/\/api.w.org\/{rel}","templated":true}]}}