{"id":7929,"date":"2024-06-18T11:10:02","date_gmt":"2024-06-18T14:10:02","guid":{"rendered":"https:\/\/espacocriativo.net\/adote\/?page_id=7929"},"modified":"2025-01-09T04:14:02","modified_gmt":"2025-01-09T07:14:02","slug":"temporada-032","status":"publish","type":"page","link":"https:\/\/espacocriativo.net\/adote\/songfics\/musicas-indisponiveis\/temporada-032\/","title":{"rendered":"Temporada #032"},"content":{"rendered":"\n<h2 class=\"wp-block-heading has-text-align-center\">Ideia #001<\/h2>\n\n\n\n<p><strong>Enviada por <\/strong><a href=\"mailto:autoraraydias@gmail.com\">Ray Dias<\/a><strong>.<\/strong><br><strong>M\u00fasica:<\/strong> <a rel=\"noreferrer noopener\" href=\"https:\/\/www.youtube.com\/watch?v=muCl7tXmpc8\" target=\"_blank\">The Show \u2013 Niall Horan<\/a><br><strong>Fandom \/ G\u00eanero \/ Classifica\u00e7\u00e3o:<\/strong> Livre<\/p>\n\n\n\n<p class=\"has-text-align-center\"><strong>Esta ideia j\u00e1 foi reservada!<\/strong><\/p>\n\n\n\n<ul class=\"wp-block-list\">\n<li><strong>Nome:<\/strong>&nbsp;P\u00e2ms<\/li>\n\n\n\n<li><strong>Contato:<\/strong>&nbsp;<a href=\"mailto:pm2.fics@gmail.com\">E-mail<\/a> | <a href=\"https:\/\/twitter.com\/meguerine\">Twitter<\/a> | <a href=\"https:\/\/instagram.com\/pamsfics\">Instagram<\/a><\/li>\n\n\n\n<li><strong>Leia:<\/strong> <a rel=\"noreferrer noopener\" href=\"https:\/\/espacocriativo.net\/web\/t\/theshow\" target=\"_blank\">The Show<\/a><em> <\/em><em>{Original, Finalizada}<\/em><\/li>\n<\/ul>\n","protected":false},"excerpt":{"rendered":"<p>Ideia #001 Enviada por Ray Dias.M\u00fasica: The Show \u2013 Niall HoranFandom \/ G\u00eanero \/ Classifica\u00e7\u00e3o: Livre Esta ideia j\u00e1 foi [&hellip;]<\/p>\n","protected":false},"author":2,"featured_media":0,"parent":3931,"menu_order":0,"comment_status":"closed","ping_status":"closed","template":"iframe.php","meta":{"_acf_changed":false,"footnotes":""},"class_list":["post-7929","page","type-page","status-publish","hentry"],"acf":[],"_links":{"self":[{"href":"https:\/\/espacocriativo.net\/adote\/wp-json\/wp\/v2\/pages\/7929","targetHints":{"allow":["GET"]}}],"collection":[{"href":"https:\/\/espacocriativo.net\/adote\/wp-json\/wp\/v2\/pages"}],"about":[{"href":"https:\/\/espacocriativo.net\/adote\/wp-json\/wp\/v2\/types\/page"}],"author":[{"embeddable":true,"href":"https:\/\/espacocriativo.net\/adote\/wp-json\/wp\/v2\/users\/2"}],"replies":[{"embeddable":true,"href":"https:\/\/espacocriativo.net\/adote\/wp-json\/wp\/v2\/comments?post=7929"}],"version-history":[{"count":4,"href":"https:\/\/espacocriativo.net\/adote\/wp-json\/wp\/v2\/pages\/7929\/revisions"}],"predecessor-version":[{"id":8234,"href":"https:\/\/espacocriativo.net\/adote\/wp-json\/wp\/v2\/pages\/7929\/revisions\/8234"}],"up":[{"embeddable":true,"href":"https:\/\/espacocriativo.net\/adote\/wp-json\/wp\/v2\/pages\/3931"}],"wp:attachment":[{"href":"https:\/\/espacocriativo.net\/adote\/wp-json\/wp\/v2\/media?parent=7929"}],"curies":[{"name":"wp","href":"https:\/\/api.w.org\/{rel}","templated":true}]}}