{"id":774,"date":"2014-04-01T00:35:09","date_gmt":"2014-04-01T00:35:09","guid":{"rendered":"http:\/\/adote.alltimefics.com\/?page_id=774"},"modified":"2025-12-09T16:41:02","modified_gmt":"2025-12-09T19:41:02","slug":"ideias-031-a-040","status":"publish","type":"page","link":"https:\/\/espacocriativo.net\/adote\/indisponiveis\/ideias-031-a-040\/","title":{"rendered":"Ideias \u00bb #031 a #040"},"content":{"rendered":"\n<p class=\"has-text-align-center\">N\u00e3o temos ideias adotadas neste se\u00e7\u00e3o. Adote uma!<\/p>\n","protected":false},"excerpt":{"rendered":"<p>N\u00e3o temos ideias adotadas neste se\u00e7\u00e3o. Adote uma!<\/p>\n","protected":false},"author":2,"featured_media":0,"parent":643,"menu_order":0,"comment_status":"closed","ping_status":"closed","template":"iframe.php","meta":{"_acf_changed":false,"footnotes":""},"class_list":["post-774","page","type-page","status-publish","hentry"],"acf":[],"_links":{"self":[{"href":"https:\/\/espacocriativo.net\/adote\/wp-json\/wp\/v2\/pages\/774","targetHints":{"allow":["GET"]}}],"collection":[{"href":"https:\/\/espacocriativo.net\/adote\/wp-json\/wp\/v2\/pages"}],"about":[{"href":"https:\/\/espacocriativo.net\/adote\/wp-json\/wp\/v2\/types\/page"}],"author":[{"embeddable":true,"href":"https:\/\/espacocriativo.net\/adote\/wp-json\/wp\/v2\/users\/2"}],"replies":[{"embeddable":true,"href":"https:\/\/espacocriativo.net\/adote\/wp-json\/wp\/v2\/comments?post=774"}],"version-history":[{"count":3,"href":"https:\/\/espacocriativo.net\/adote\/wp-json\/wp\/v2\/pages\/774\/revisions"}],"predecessor-version":[{"id":8418,"href":"https:\/\/espacocriativo.net\/adote\/wp-json\/wp\/v2\/pages\/774\/revisions\/8418"}],"up":[{"embeddable":true,"href":"https:\/\/espacocriativo.net\/adote\/wp-json\/wp\/v2\/pages\/643"}],"wp:attachment":[{"href":"https:\/\/espacocriativo.net\/adote\/wp-json\/wp\/v2\/media?parent=774"}],"curies":[{"name":"wp","href":"https:\/\/api.w.org\/{rel}","templated":true}]}}