{"id":7737,"date":"2023-11-09T18:29:52","date_gmt":"2023-11-09T21:29:52","guid":{"rendered":"https:\/\/espacocriativo.net\/adote\/?page_id=7737"},"modified":"2024-11-07T14:33:32","modified_gmt":"2024-11-07T17:33:32","slug":"temporada-002","status":"publish","type":"page","link":"https:\/\/espacocriativo.net\/adote\/songfics\/songfics-musicas-disponiveis\/temporada-002\/","title":{"rendered":"Temporada #002"},"content":{"rendered":"\n<p class=\"has-text-align-center\">Todas as m\u00fasicas desta temporada t\u00eam hist\u00f3ria!<\/p>\n","protected":false},"excerpt":{"rendered":"<p>Todas as m\u00fasicas desta temporada t\u00eam hist\u00f3ria!<\/p>\n","protected":false},"author":2,"featured_media":0,"parent":3928,"menu_order":0,"comment_status":"closed","ping_status":"closed","template":"iframe.php","meta":{"_acf_changed":false,"footnotes":""},"class_list":["post-7737","page","type-page","status-publish","hentry"],"acf":[],"_links":{"self":[{"href":"https:\/\/espacocriativo.net\/adote\/wp-json\/wp\/v2\/pages\/7737","targetHints":{"allow":["GET"]}}],"collection":[{"href":"https:\/\/espacocriativo.net\/adote\/wp-json\/wp\/v2\/pages"}],"about":[{"href":"https:\/\/espacocriativo.net\/adote\/wp-json\/wp\/v2\/types\/page"}],"author":[{"embeddable":true,"href":"https:\/\/espacocriativo.net\/adote\/wp-json\/wp\/v2\/users\/2"}],"replies":[{"embeddable":true,"href":"https:\/\/espacocriativo.net\/adote\/wp-json\/wp\/v2\/comments?post=7737"}],"version-history":[{"count":2,"href":"https:\/\/espacocriativo.net\/adote\/wp-json\/wp\/v2\/pages\/7737\/revisions"}],"predecessor-version":[{"id":8107,"href":"https:\/\/espacocriativo.net\/adote\/wp-json\/wp\/v2\/pages\/7737\/revisions\/8107"}],"up":[{"embeddable":true,"href":"https:\/\/espacocriativo.net\/adote\/wp-json\/wp\/v2\/pages\/3928"}],"wp:attachment":[{"href":"https:\/\/espacocriativo.net\/adote\/wp-json\/wp\/v2\/media?parent=7737"}],"curies":[{"name":"wp","href":"https:\/\/api.w.org\/{rel}","templated":true}]}}