{"id":7632,"date":"2023-09-05T11:25:37","date_gmt":"2023-09-05T14:25:37","guid":{"rendered":"https:\/\/espacocriativo.net\/adote\/?page_id=7632"},"modified":"2024-07-25T11:36:38","modified_gmt":"2024-07-25T14:36:38","slug":"temporada-029","status":"publish","type":"page","link":"https:\/\/espacocriativo.net\/adote\/songfics\/musicas-indisponiveis\/temporada-029\/","title":{"rendered":"Temporada #029"},"content":{"rendered":"\n<h2 class=\"wp-block-heading has-text-align-center\">IDEIA #001<\/h2>\n\n\n\n<p><strong>Enviada por&nbsp;<\/strong><a href=\"mailto:pm2.fics@gmail.com\">P\u00e2ms<\/a><strong>.<\/strong><br><strong>M\u00fasica:<\/strong>&nbsp;<a rel=\"noreferrer noopener\" href=\"https:\/\/www.youtube.com\/watch?v=gyXy0m-4bvE\" target=\"_blank\">Face &#8211; Nu&#8217;Est<\/a><br><strong>Fandom \/ G\u00eanero \/ Classifica\u00e7\u00e3o:<\/strong>&nbsp;Livre<\/p>\n\n\n\n<p class=\"has-text-align-center\"><strong>Esta ideia j\u00e1 foi reservada!<\/strong><\/p>\n\n\n\n<ul class=\"wp-block-list\">\n<li><strong>Nome:<\/strong>&nbsp;P\u00e2ms<\/li>\n\n\n\n<li><strong>Contato:<\/strong>&nbsp;<a href=\"mailto:pm2.fics@gmail.com\">E-mail<\/a> | <a href=\"https:\/\/twitter.com\/meguerine\">Twitter<\/a> | <a href=\"https:\/\/instagram.com\/pamsfics\">Instagram<\/a><\/li>\n\n\n\n<li><strong>Leia:<\/strong> <a href=\"https:\/\/espacocriativo.net\/fictions\/interativas-finalizada\/school-2013-finalizada\/\">FA<\/a><a href=\"https:\/\/espacocriativo.net\/fictions\/interativas-finalizada\/school-2013-finalizada\/\" target=\"_blank\" rel=\"noreferrer noopener\">C<\/a><a href=\"https:\/\/espacocriativo.net\/fictions\/interativas-finalizada\/school-2013-finalizada\/\">E<\/a><em> {K-Drama, School 2013, Finalizada}<\/em><\/li>\n<\/ul>\n","protected":false},"excerpt":{"rendered":"<p>IDEIA #001 Enviada por&nbsp;P\u00e2ms.M\u00fasica:&nbsp;Face &#8211; Nu&#8217;EstFandom \/ G\u00eanero \/ Classifica\u00e7\u00e3o:&nbsp;Livre Esta ideia j\u00e1 foi reservada!<\/p>\n","protected":false},"author":2,"featured_media":0,"parent":3931,"menu_order":0,"comment_status":"closed","ping_status":"closed","template":"iframe.php","meta":{"_acf_changed":false,"footnotes":""},"class_list":["post-7632","page","type-page","status-publish","hentry"],"acf":[],"_links":{"self":[{"href":"https:\/\/espacocriativo.net\/adote\/wp-json\/wp\/v2\/pages\/7632","targetHints":{"allow":["GET"]}}],"collection":[{"href":"https:\/\/espacocriativo.net\/adote\/wp-json\/wp\/v2\/pages"}],"about":[{"href":"https:\/\/espacocriativo.net\/adote\/wp-json\/wp\/v2\/types\/page"}],"author":[{"embeddable":true,"href":"https:\/\/espacocriativo.net\/adote\/wp-json\/wp\/v2\/users\/2"}],"replies":[{"embeddable":true,"href":"https:\/\/espacocriativo.net\/adote\/wp-json\/wp\/v2\/comments?post=7632"}],"version-history":[{"count":2,"href":"https:\/\/espacocriativo.net\/adote\/wp-json\/wp\/v2\/pages\/7632\/revisions"}],"predecessor-version":[{"id":8000,"href":"https:\/\/espacocriativo.net\/adote\/wp-json\/wp\/v2\/pages\/7632\/revisions\/8000"}],"up":[{"embeddable":true,"href":"https:\/\/espacocriativo.net\/adote\/wp-json\/wp\/v2\/pages\/3931"}],"wp:attachment":[{"href":"https:\/\/espacocriativo.net\/adote\/wp-json\/wp\/v2\/media?parent=7632"}],"curies":[{"name":"wp","href":"https:\/\/api.w.org\/{rel}","templated":true}]}}