{"id":695,"date":"2014-03-26T21:47:40","date_gmt":"2014-03-26T21:47:40","guid":{"rendered":"http:\/\/adote.alltimefics.com\/?page_id=695"},"modified":"2026-01-23T12:34:48","modified_gmt":"2026-01-23T15:34:48","slug":"disponiveis-ideias-011-a-020","status":"publish","type":"page","link":"https:\/\/espacocriativo.net\/adote\/disponiveis\/disponiveis-ideias-011-a-020\/","title":{"rendered":"Ideias \u00bb #011 a #020"},"content":{"rendered":"\n<p class=\"has-text-align-center\">Antes de adotar, confira as <a href=\"https:\/\/espacocriativo.net\/adote\/?page_id=609\">regras do jogo<\/a>.<\/p>\n\n\n\n<p class=\"has-text-align-center\"><a href=\"#11\">#011<\/a> | <a href=\"#12\">#012<\/a> | <a href=\"#13\">#013<\/a> | <a href=\"#14\">#014<\/a> | <a href=\"#15\">#015<\/a> | <a href=\"#16\">#016<\/a> | <a href=\"#18\">#018<\/a> | <a href=\"#19\">#019<\/a> |\u00a0<a href=\"#20\">#020<\/a><\/p>\n\n\n\n<hr class=\"wp-block-separator has-alpha-channel-opacity\"\/>\n\n\n\n<h2 class=\"wp-block-heading has-text-align-center\">Ideia #011<\/h2>\n\n\n\n<p><a name=\"11\"><\/a><strong>Doada por <a href=\"https:\/\/twitter.com\/ilzamattore\" target=\"_blank\" rel=\"noopener noreferrer\">Giorgia Zamattore<\/a>.<\/strong><br>\n<strong>Resumo:<\/strong> A sobrinha do dr. Scotty \u00e9 a nova subordinada da USS Enterprise, exercendo a mesma profiss\u00e3o que o tio, e acaba chamando a aten\u00e7\u00e3o do c\u00e9lebre Capit\u00e3o James T. Kirk. Mas h\u00e1 um pequeno problema nisso tudo: O fofo Alferes Chekov tamb\u00e9m se interessou pela mo\u00e7a e est\u00e1 mais perto de conquistar seu cora\u00e7\u00e3o que o pr\u00f3prio Jim, que num ato desesperado, pede ajuda \u00e0 Spock e Uhura.<br>\n<strong>Fandom:<\/strong> Star Trek.<br>\n<strong>G\u00eanero:<\/strong> Fic\u00e7\u00e3o Cient\u00edfica | Com\u00e9dia Rom\u00e2ntica | Aventura<br>\n<strong>Sugest\u00f5es:<\/strong> Fic escrita no ponto de vista geral. Alguns POV&#8217;s do Jim, Chekov e da garota tamb\u00e9m podem ser vi\u00e1veis.<br>\n<strong>Contato:<\/strong> <a href=\"mailto:gii_z@live.com\">E-mail<\/a> | <a href=\"https:\/\/twitter.com\/ilzamattore\" target=\"_blank\" rel=\"noopener noreferrer\">Twitter<\/a><br>\n<strong>Nota:<\/strong> Esse \u00e9 meu filme favorito!<\/p>\n\n\n\n<p class=\"has-text-align-center\"><strong>Para adotar, complete o formul\u00e1rio a seguir: <a href=\"https:\/\/espacocriativo.net\/adote\/?page_id=594\">Link<\/a><\/strong><\/p>\n\n\n\n<hr class=\"wp-block-separator has-alpha-channel-opacity\"\/>\n\n\n\n<h2 class=\"wp-block-heading has-text-align-center\">Ideia #012<\/h2>\n\n\n\n<p><a name=\"12\"><\/a><strong>Doada por <a href=\"https:\/\/twitter.com\/anybuss\" target=\"_blank\" rel=\"noopener noreferrer\">Any<\/a>.<\/strong><br>\n<strong>Resumo:<\/strong> Ela \u00e9 f\u00e3 da banda The Beatles, apaixonada pela hist\u00f3ria de vida de John Lenoon. Atualmente, tudo o que ela quer \u00e9 poder ajudar seu \u00eddolo de alguma forma, para que ele n\u00e3o morra do modo como morreu. De alguma forma ela ir\u00e1 voltar ao tempo e ter a oportunidade de conhec\u00ea-lo, mas o que ela n\u00e3o se toca \u00e9 que dependendo o que ela fizer no passado, poder\u00e1 mudar completamente n\u00e3o s\u00f3 o seu futuro, mas o do mundo todo. Afinal, John Lennon tinha e ainda tem uma grande quantidade de f\u00e3s.<br>\n<strong>Fandom:<\/strong> The Beatles<br>\n<strong>G\u00eanero:<\/strong> Com\u00e9dia \/ Aventura<br>\n<strong>Sugest\u00f5es:<\/strong> Sugiro que a fic continue sendo sobre o John (The Beatles) e que os integrantes sejam fixos, porque poder\u00e1 perder a ess\u00eancia se fizer com outro artista\/banda.<br>\nSe voc\u00ea ainda nunca assistiu &#8220;Back to the future I, II &amp; III diria que \u00e9 o melhor a se fazer para come\u00e7ar a escrever a fic.<br>\n<strong>Contato:<\/strong> <a href=\"mailto:heymyonlydreams@gmail.com\">E-mail<\/a><br>\n<strong>Nota:<\/strong> Acredite se quiser, mas eu tenho mais de 20 ideias de fics soltas pelo meu computador. Resolvi doar essa de primeira porque tinha mais do que <em>certeza absoluta<\/em> de que eu nunca a escreveria. Acho ela bem criativa, e espero que algu\u00e9m goste e tenha pelo menos uma ideia muito mais ampla com essa minha doa\u00e7\u00e3o \ud83d\ude42<\/p>\n\n\n\n<p class=\"has-text-align-center\"><strong>Para adotar, complete o formul\u00e1rio a seguir: <a href=\"https:\/\/espacocriativo.net\/adote\/?page_id=594\">Link<\/a><\/strong><\/p>\n\n\n\n<hr class=\"wp-block-separator has-alpha-channel-opacity\"\/>\n\n\n\n<h2 class=\"wp-block-heading has-text-align-center\">Ideia #013<\/h2>\n\n\n\n<p><a name=\"13\"><\/a><strong>Doada por <a href=\"https:\/\/twitter.com\/Frankitoscoca\" target=\"_blank\" rel=\"noopener noreferrer\">Stelah<\/a>.<\/strong><br>\n<strong>Resumo:<\/strong> Voc\u00ea est\u00e1 fazendo faculdade junto com o garoto que voc\u00ea mais odiava no ensino fundamental. Mas o que mais te irrita \u00e9 que mesmo com todos os defeitos dele voc\u00ea o ama.<br>\n<strong>Fandom:<\/strong> Forever The Sickest Kids<br>\n<strong>G\u00eanero:<\/strong> Com\u00e9dia Rom\u00e2ntica \/ Songfic<br>\n<strong>Sugest\u00f5es:<\/strong> Comecei a escrever a fic, mas n\u00e3o consegui terminar. Estou doando a id\u00e9ia porque \u00e9 bem engra\u00e7ada e tenho certeza de que algu\u00e9m pode se dar muito bem com ela.<br>\n<strong>Contato:<\/strong> <a href=\"mailto:xxstelahxx@hotmail.com\">E-mail<\/a> | <a href=\"https:\/\/twitter.com\/Frankitoscoca\" target=\"_blank\" rel=\"noopener noreferrer\">Twitter<\/a><br>\n<strong>Nota:<\/strong> &#8212;<\/p>\n\n\n\n<p class=\"has-text-align-center\"><strong>Para adotar, complete o formul\u00e1rio a seguir: <a href=\"https:\/\/espacocriativo.net\/adote\/?page_id=594\">Link<\/a><\/strong><\/p>\n\n\n\n<hr class=\"wp-block-separator has-alpha-channel-opacity\"\/>\n\n\n\n<h2 class=\"wp-block-heading has-text-align-center\">Ideia #014<\/h2>\n\n\n\n<p><a name=\"14\"><\/a><strong>Doada por <i>Mari Estrada<\/i>.<\/strong><br>\n<strong>Resumo:<\/strong> Fic na qual amigas f\u00e3s da banda, por alguma situa\u00e7\u00e3o n\u00e3o planejada e de muita sorte, tem a oportunidade de conhecer os integrantes. S\u00f3 que acaba que elas se encantam mais com os faves umas das outras do que pelos seus respectivos faves da banda. N\u00e3o teria conflito entre elas, seria mais um conflito mental ou algo assim. A principal de in\u00edcio tenta ficar com o fave dela, mas ele acaba virando um bom amigo\/irm\u00e3o e a\u00ed quando v\u00ea j\u00e1 est\u00e1 envolvida com o fave da sua amiga, que suuuper est\u00e1 dando sinais de que vai com a sua cara&#8230; Enquanto essa sua amiga est\u00e1 um pouco decepcionada, pois esse seu fave n\u00e3o \u00e9 como ela imaginava.<br>\n<strong>Fandom:<\/strong> McFly \/ Cine<br>\n<strong>G\u00eanero:<\/strong> Com\u00e9dia \/ Romance \/ Drama<br>\n<strong>Sugest\u00f5es:<\/strong> As amigas e os meninos seriam todos personagens interativos, n\u00e3o seriam fixos.<br>\n<strong>Contato:<\/strong> <a href=\"mailto:marygpi@yahoo.com.br\">E-mail<\/a><\/p>\n\n\n\n<p class=\"has-text-align-center\"><strong>Para adotar, complete o formul\u00e1rio a seguir: <a href=\"https:\/\/espacocriativo.net\/adote\/?page_id=594\">Link<\/a><\/strong><\/p>\n\n\n\n<hr class=\"wp-block-separator has-alpha-channel-opacity\"\/>\n\n\n\n<h2 class=\"wp-block-heading has-text-align-center\">Ideia #015<\/h2>\n\n\n\n<p><a name=\"15\"><\/a><strong>Doada por <a href=\"https:\/\/twitter.com\/_MillenaBorges\" target=\"_blank\" rel=\"noopener noreferrer\">Millena Borges<\/a>.<\/strong><br>\n<strong>Resumo:<\/strong> House se apaixona. Como \u00e9 poss\u00edvel? A mulher fora uma vadia com ele e o largou, deixando uma filha. Ela cresceu, e no auge de seus 17 anos, se apaixona por um garoto de sua classe. Mas tinha um problema. N\u00e3o pra voc\u00ea e sim pro seu pai: Ele era um drogado viciado em \u00e1lcool. Seu pai ja n\u00e3o gostava dele por, um dia, quando tratava da av\u00f3 do garoto ele confessou sentir tes\u00e3o pela filha de House e querer fazer sexo com ela a todo tempo.<br>\n<strong>Fandom:<\/strong> House<br>\n<strong>G\u00eanero:<\/strong> Romance<br>\n<strong>Contato:<\/strong> <a href=\"mailto:millenatoledo@hotmail.com\">E-mail<\/a> | <a href=\"https:\/\/twitter.com\/_MillenaBorges\" target=\"_blank\" rel=\"noopener noreferrer\">Twitter<\/a><br>\n<strong>Nota:<\/strong> O garoto pode ser qualquer pessoa. Ex: Christofer Drew. O lance sobre ele sentir tes\u00e3o pela filha de House \u00e9 apenas uma ideia que eu tive pra poder deixar o House mas&#8230; House.<\/p>\n\n\n\n<p class=\"has-text-align-center\"><strong>Para adotar, complete o formul\u00e1rio a seguir: <a href=\"https:\/\/espacocriativo.net\/adote\/?page_id=594\">Link<\/a><\/strong><\/p>\n\n\n\n<hr class=\"wp-block-separator has-alpha-channel-opacity\"\/>\n\n\n\n<h2 class=\"wp-block-heading has-text-align-center\">Ideia #016<\/h2>\n\n\n\n<p><a name=\"16\"><\/a><strong>Doada por <a href=\"https:\/\/twitter.com\/DudaVC\" target=\"_blank\" rel=\"noopener noreferrer\">Eduarda Colchete<\/a>.<\/strong><br>\n<strong>Resumo:<\/strong> Ela est\u00e1 de volta \u00e0 sua antiga escola, lugar de onde ningu\u00e9m tinha fugido, antes dela e sua melhor amiga, e todos os estudantes se voltam contra ela. Todos querem saber o motivo de sua fuga, e se realmente foi ela quem matou a melhor amiga dela enquanto estavam foragidas, mas ningu\u00e9m sabe, nem seu atual namorado. O verdadeiro motivo que \u00e9 alguns sequestradores sobrenaturais (dem\u00f4nios) estavam atr\u00e1s de quem ela achava ser sua melhor amiga, quando na verdade era ela. Tudo isso porque ela morreu e, agora que est\u00e1 de volta \u00e0 vida, tem a localiza\u00e7\u00e3o de um objeto muito poderoso.<br>\n<strong>Fandom:<\/strong> Academia de Vampiros<br>\n<strong>G\u00eanero:<\/strong> Romance \/ Drama<br>\n<strong>Nota:<\/strong> Comecei a escrever, mas n\u00e3o tive coragem de terminar porque meus cap\u00edtulos n\u00e3o ficaram legais (eu escrevi eles muito ruins), mas a ideia \u00e9 muito legal, ent\u00e3o, se algu\u00e9m quiser aproveit\u00e1-la, est\u00e1 a\u00ed. Ah, tamb\u00e9m recomendo que escolham o fandom Academia de Vampiros, pelo fato de ela j\u00e1 ter morrido uma vez e ter toda uma academia com Moroi e Dampiros, mas voc\u00eas podem adaptar para qualquer outro.<br>\n<strong>Sugest\u00f5es:<\/strong> &#8212;<br>\n<strong>Contato:<\/strong> <a href=\"mailto:vampireuniversebr@gmail.com\">E-mail<\/a> | <a href=\"https:\/\/twitter.com\/DudaVC\" target=\"_blank\" rel=\"noopener noreferrer\">Twitter<\/a><\/p>\n\n\n\n<p class=\"has-text-align-center\"><strong>Para adotar, complete o formul\u00e1rio a seguir: <a href=\"https:\/\/espacocriativo.net\/adote\/?page_id=594\">Link<\/a><\/strong><\/p>\n\n\n\n<hr class=\"wp-block-separator has-alpha-channel-opacity\"\/>\n\n\n\n<h2 class=\"wp-block-heading has-text-align-center\">Ideia #018<\/h2>\n\n\n\n<p><a name=\"18\"><\/a><strong>Doada por <a href=\"https:\/\/twitter.com\/_MillenaBorges\" target=\"_blank\" rel=\"noopener noreferrer\">Millena Borges<\/a>.<\/strong><br>\n<strong>Resumo:<\/strong> Gerard e Bert eram melhores amigos. At\u00e9 eles brigarem por algo extremamente f\u00fatil. Eles tem uma amiga em comum, e ela quer juntar eles de novo sem perder a amizade dos dois. A autora contara desde como eles se conheceram at\u00e9 a briga.<br>\n<strong>Fandom:<\/strong> My Chemical Romance \/ The Used<br>\n<strong>G\u00eanero:<\/strong> Com\u00e9dia<br>\n<strong>Nota:<\/strong> Eu sei como \u00e9 dif\u00edcil descrever um beijo gay, mas a fic \u00e9 pra ser mais com\u00e9dia e n\u00e3o romance, n\u00e3o precisa ter muito beijos. A amiga n\u00e3o \u00e9 a personagem principal, mas ter\u00e1 seu papel.<br>\n<strong>Sugest\u00f5es:<\/strong> Ela pode ter um namorado que n\u00e3o seja de nenhuma das duas bandas, e os personagens da banda serem fixos.<br>\n<strong>Contato:<\/strong> <a href=\"mailto:millenaborges@gmail.com\">E-mail<\/a><\/p>\n\n\n\n<p class=\"has-text-align-center\"><strong>Para adotar, complete o formul\u00e1rio a seguir: <a href=\"https:\/\/espacocriativo.net\/adote\/?page_id=594\">Link<\/a><\/strong><\/p>\n\n\n\n<hr class=\"wp-block-separator has-alpha-channel-opacity\"\/>\n\n\n\n<h2 class=\"wp-block-heading has-text-align-center\">Ideia #019<\/h2>\n\n\n\n<p><strong>Doada por <a href=\"https:\/\/twitter.com\/_jessicawn\" target=\"_blank\" rel=\"noreferrer noopener\">J\u00e9ssica Malinverno<\/a>.<\/strong><br><strong>Resumo:<\/strong> Voc\u00ea foi numa festa da escola. Uma loucura s\u00f3, tudo rolando, bebidas, drogas e tudo mais. Ao tentar voltar para casa n\u00e3o consegue nem andar, cai no ch\u00e3o e ele te acude. Voc\u00ea nem consegue ver o rosto dele direito e na manh\u00e3 seguinte acorda s\u00f3 de roupas intimas no quarto dele, e ele te observando.<br><strong>Fandom:<\/strong> Livre<br><strong>G\u00eanero:<\/strong> Com\u00e9dia Rom\u00e2ntica \/ Restrita<br><strong>Contato:<\/strong> <a href=\"mailto:jessicamalinverno@hotmail.com\">E-mail<\/a> | <a href=\"https:\/\/twitter.com\/_jessicawn\" target=\"_blank\" rel=\"noreferrer noopener\">Twitter<\/a><\/p>\n\n\n\n<p class=\"has-text-align-center\"><strong>Para adotar, complete o formul\u00e1rio a seguir: <a href=\"https:\/\/espacocriativo.net\/adote\/?page_id=594\">Link<\/a><\/strong><\/p>\n\n\n\n<hr class=\"wp-block-separator has-alpha-channel-opacity\"\/>\n\n\n\n<h2 class=\"wp-block-heading has-text-align-center\">Ideia #020<\/h2>\n\n\n\n<p><a name=\"20\"><\/a><strong>Doada por <a href=\"https:\/\/twitter.com\/nattydarko\" target=\"_blank\" rel=\"noopener noreferrer\">Natty Darko<\/a>.<\/strong><br>\n<strong>Resumo:<\/strong> Uma garota de apenas vinte anos com uma misteriosa doen\u00e7a d\u00e1 entrada no hospital, House se interessa pelo caso e ent\u00e3o o pega para si e sua equipe. Chase come\u00e7a a se interessar pela mo\u00e7a e House descobre que ela \u00e9 sua filha com um de seus amores do passado e agora ela est\u00e1 em estado terminal e ela precisa dele mais que nunca. House deve se decidir entre curar sua filha, doando o \u00f3rg\u00e3o que ela precisa ou deixar ela perecer enquanto duvida de sua integridade. Enquanto Chase observa a garota, cada vez mais encantado por ela.<br>\n<strong>Fandom:<\/strong> House<br>\n<strong>G\u00eanero:<\/strong> Drama<br>\n<strong>Sugest\u00f5es:<\/strong> Seria muito interessante ter o Chase narrando a hist\u00f3ria.<br>\n<strong>Contato:<\/strong> <a href=\"mailto:nattydarko@yahoo.com\">E-mail<\/a> | <a href=\"https:\/\/twitter.com\/nattydarko\" target=\"_blank\" rel=\"noopener noreferrer\">Twitter<\/a><\/p>\n\n\n\n<p class=\"has-text-align-center\"><strong>Para adotar, complete o formul\u00e1rio a seguir: <a href=\"https:\/\/espacocriativo.net\/adote\/?page_id=594\">Link<\/a><\/strong><\/p>\n","protected":false},"excerpt":{"rendered":"<p>Antes de adotar, confira as regras do jogo. #011 | #012 | #013 | #014 | #015 | #016 | [&hellip;]<\/p>\n","protected":false},"author":2,"featured_media":0,"parent":606,"menu_order":0,"comment_status":"closed","ping_status":"closed","template":"iframe.php","meta":{"_acf_changed":false,"footnotes":""},"class_list":["post-695","page","type-page","status-publish","hentry"],"acf":[],"_links":{"self":[{"href":"https:\/\/espacocriativo.net\/adote\/wp-json\/wp\/v2\/pages\/695","targetHints":{"allow":["GET"]}}],"collection":[{"href":"https:\/\/espacocriativo.net\/adote\/wp-json\/wp\/v2\/pages"}],"about":[{"href":"https:\/\/espacocriativo.net\/adote\/wp-json\/wp\/v2\/types\/page"}],"author":[{"embeddable":true,"href":"https:\/\/espacocriativo.net\/adote\/wp-json\/wp\/v2\/users\/2"}],"replies":[{"embeddable":true,"href":"https:\/\/espacocriativo.net\/adote\/wp-json\/wp\/v2\/comments?post=695"}],"version-history":[{"count":5,"href":"https:\/\/espacocriativo.net\/adote\/wp-json\/wp\/v2\/pages\/695\/revisions"}],"predecessor-version":[{"id":8502,"href":"https:\/\/espacocriativo.net\/adote\/wp-json\/wp\/v2\/pages\/695\/revisions\/8502"}],"up":[{"embeddable":true,"href":"https:\/\/espacocriativo.net\/adote\/wp-json\/wp\/v2\/pages\/606"}],"wp:attachment":[{"href":"https:\/\/espacocriativo.net\/adote\/wp-json\/wp\/v2\/media?parent=695"}],"curies":[{"name":"wp","href":"https:\/\/api.w.org\/{rel}","templated":true}]}}