{"id":6392,"date":"2022-03-01T12:47:19","date_gmt":"2022-03-01T12:47:19","guid":{"rendered":"https:\/\/espacocriativo.net\/adote\/?page_id=5738"},"modified":"2023-09-19T11:33:24","modified_gmt":"2023-09-19T14:33:24","slug":"ideias-021-a-030-2","status":"publish","type":"page","link":"https:\/\/espacocriativo.net\/adote\/leitor-criativo-2\/ideias-021-a-030-2\/","title":{"rendered":"Ideias \u00bb #021 a #030"},"content":{"rendered":"<p align=\"center\"><b>N\u00e3o h\u00e1 ideias dispon\u00edveis para inscri\u00e7\u00e3o.<\/b><br \/>\nEscolha uma ideia no <a href=\"https:\/\/espacocriativo.net\/adote\" target=\"_blank\" rel=\"noopener\">Adote Uma Ideia<\/a> e desenvolva-a aqui no Leitor Criativo!<\/p>\n","protected":false},"excerpt":{"rendered":"<p>N\u00e3o h\u00e1 ideias dispon\u00edveis para inscri\u00e7\u00e3o. Escolha uma ideia no Adote Uma Ideia e desenvolva-a aqui no Leitor Criativo!<\/p>\n","protected":false},"author":1,"featured_media":0,"parent":5315,"menu_order":0,"comment_status":"closed","ping_status":"closed","template":"iframe.php","meta":{"_acf_changed":false,"footnotes":""},"class_list":["post-6392","page","type-page","status-publish","hentry"],"acf":[],"_links":{"self":[{"href":"https:\/\/espacocriativo.net\/adote\/wp-json\/wp\/v2\/pages\/6392","targetHints":{"allow":["GET"]}}],"collection":[{"href":"https:\/\/espacocriativo.net\/adote\/wp-json\/wp\/v2\/pages"}],"about":[{"href":"https:\/\/espacocriativo.net\/adote\/wp-json\/wp\/v2\/types\/page"}],"author":[{"embeddable":true,"href":"https:\/\/espacocriativo.net\/adote\/wp-json\/wp\/v2\/users\/1"}],"replies":[{"embeddable":true,"href":"https:\/\/espacocriativo.net\/adote\/wp-json\/wp\/v2\/comments?post=6392"}],"version-history":[{"count":3,"href":"https:\/\/espacocriativo.net\/adote\/wp-json\/wp\/v2\/pages\/6392\/revisions"}],"predecessor-version":[{"id":7686,"href":"https:\/\/espacocriativo.net\/adote\/wp-json\/wp\/v2\/pages\/6392\/revisions\/7686"}],"up":[{"embeddable":true,"href":"https:\/\/espacocriativo.net\/adote\/wp-json\/wp\/v2\/pages\/5315"}],"wp:attachment":[{"href":"https:\/\/espacocriativo.net\/adote\/wp-json\/wp\/v2\/media?parent=6392"}],"curies":[{"name":"wp","href":"https:\/\/api.w.org\/{rel}","templated":true}]}}