{"id":6366,"date":"2022-12-07T20:43:22","date_gmt":"2022-12-07T20:43:22","guid":{"rendered":"https:\/\/espacocriativo.net\/adote\/?page_id=6366"},"modified":"2024-07-25T22:29:25","modified_gmt":"2024-07-26T01:29:25","slug":"temporada-025","status":"publish","type":"page","link":"https:\/\/espacocriativo.net\/adote\/songfics\/musicas-indisponiveis\/temporada-025\/","title":{"rendered":"Temporada #025"},"content":{"rendered":"\n<h2 class=\"wp-block-heading has-text-align-center\">IDEIA #001<\/h2>\n\n\n<div class=\"wp-block-image\">\n<figure class=\"aligncenter size-large\"><img loading=\"lazy\" decoding=\"async\" width=\"1024\" height=\"279\" src=\"https:\/\/espacocriativo.net\/adote\/wp-content\/uploads\/2024\/07\/apartedemimqueesqueci-1024x279.png\" alt=\"\" class=\"wp-image-8005\" srcset=\"https:\/\/espacocriativo.net\/adote\/wp-content\/uploads\/2024\/07\/apartedemimqueesqueci-1024x279.png 1024w, https:\/\/espacocriativo.net\/adote\/wp-content\/uploads\/2024\/07\/apartedemimqueesqueci-300x82.png 300w, https:\/\/espacocriativo.net\/adote\/wp-content\/uploads\/2024\/07\/apartedemimqueesqueci-768x210.png 768w, https:\/\/espacocriativo.net\/adote\/wp-content\/uploads\/2024\/07\/apartedemimqueesqueci-1536x419.png 1536w, https:\/\/espacocriativo.net\/adote\/wp-content\/uploads\/2024\/07\/apartedemimqueesqueci-2048x559.png 2048w\" sizes=\"auto, (max-width: 1024px) 100vw, 1024px\" \/><\/figure>\n<\/div>\n\n\n<p><strong>Enviada por&nbsp;<\/strong><a href=\"mailto:khloepetit@gmail.com\">Khloe Petit<\/a><strong>.<\/strong><br><strong>M\u00fasica:<\/strong>&nbsp;<a rel=\"noreferrer noopener\" href=\"https:\/\/youtu.be\/RYHxIBHOMog\" target=\"_blank\">Exceptional &#8211; JoJo<\/a><br><strong>Fandom \/ G\u00eanero \/ Classifica\u00e7\u00e3o:<\/strong>&nbsp;Livre<\/p>\n\n\n\n<p class=\"has-text-align-center\"><strong>Esta ideia j\u00e1 foi reservada!<\/strong><\/p>\n\n\n\n<ul class=\"wp-block-list\">\n<li><strong>Nome:<\/strong>&nbsp;Natashia Kitamura<\/li>\n\n\n\n<li><strong>Contato:<\/strong>&nbsp;<a href=\"mailto:natashiamk@gmail.com\">E-mail<\/a><\/li>\n\n\n\n<li><strong>Leia:<\/strong> <a rel=\"noreferrer noopener\" href=\"https:\/\/espacocriativo.net\/fictions\/interativas-finalizada\/esportes-volei-finalizada\/\" target=\"_blank\">A parte de mim que esqueci<\/a>&nbsp;<em>{Esportes, V\u00f4lei (Yuki Ishikawa), Finalizada}<\/em><\/li>\n<\/ul>\n","protected":false},"excerpt":{"rendered":"<p>IDEIA #001 Enviada por&nbsp;Khloe Petit.M\u00fasica:&nbsp;Exceptional &#8211; JoJoFandom \/ G\u00eanero \/ Classifica\u00e7\u00e3o:&nbsp;Livre Esta ideia j\u00e1 foi reservada!<\/p>\n","protected":false},"author":2,"featured_media":0,"parent":3931,"menu_order":0,"comment_status":"closed","ping_status":"closed","template":"iframe.php","meta":{"_acf_changed":false,"footnotes":""},"class_list":["post-6366","page","type-page","status-publish","hentry"],"acf":[],"_links":{"self":[{"href":"https:\/\/espacocriativo.net\/adote\/wp-json\/wp\/v2\/pages\/6366","targetHints":{"allow":["GET"]}}],"collection":[{"href":"https:\/\/espacocriativo.net\/adote\/wp-json\/wp\/v2\/pages"}],"about":[{"href":"https:\/\/espacocriativo.net\/adote\/wp-json\/wp\/v2\/types\/page"}],"author":[{"embeddable":true,"href":"https:\/\/espacocriativo.net\/adote\/wp-json\/wp\/v2\/users\/2"}],"replies":[{"embeddable":true,"href":"https:\/\/espacocriativo.net\/adote\/wp-json\/wp\/v2\/comments?post=6366"}],"version-history":[{"count":3,"href":"https:\/\/espacocriativo.net\/adote\/wp-json\/wp\/v2\/pages\/6366\/revisions"}],"predecessor-version":[{"id":8009,"href":"https:\/\/espacocriativo.net\/adote\/wp-json\/wp\/v2\/pages\/6366\/revisions\/8009"}],"up":[{"embeddable":true,"href":"https:\/\/espacocriativo.net\/adote\/wp-json\/wp\/v2\/pages\/3931"}],"wp:attachment":[{"href":"https:\/\/espacocriativo.net\/adote\/wp-json\/wp\/v2\/media?parent=6366"}],"curies":[{"name":"wp","href":"https:\/\/api.w.org\/{rel}","templated":true}]}}