{"id":6364,"date":"2022-12-07T20:42:26","date_gmt":"2022-12-07T20:42:26","guid":{"rendered":"https:\/\/espacocriativo.net\/adote\/?page_id=6364"},"modified":"2025-01-30T18:36:23","modified_gmt":"2025-01-30T21:36:23","slug":"temporada-023","status":"publish","type":"page","link":"https:\/\/espacocriativo.net\/adote\/songfics\/musicas-indisponiveis\/temporada-023\/","title":{"rendered":"Temporada #023"},"content":{"rendered":"\n<h2 class=\"wp-block-heading has-text-align-center\">Ideia #002<\/h2>\n\n\n\n<p><strong>Enviada por <\/strong><a href=\"mailto:lelenzets@gmail.com\">Lelen<\/a><strong>.<\/strong><br><strong>M\u00fasica:<\/strong> <a href=\"https:\/\/www.youtube.com\/watch?v=_NopH1AxEq8\">A Little Space &#8211; Pentatonix ft ATEEZ<\/a><br><strong>Fandom \/ G\u00eanero \/ Classifica\u00e7\u00e3o:<\/strong> Livre<\/p>\n\n\n\n<p class=\"has-text-align-center\"><strong>Esta ideia j\u00e1 foi reservada!<\/strong><\/p>\n\n\n\n<ul class=\"wp-block-list\">\n<li><strong>Nome:<\/strong> Betiza<\/li>\n\n\n\n<li><strong>Contato:<\/strong>&nbsp;<a href=\"mailto:detinha41@gmail.com\">@<\/a> | <a href=\"https:\/\/www.instagram.com\/archivefics\/\" target=\"_blank\" rel=\"noreferrer noopener\">Instagram<\/a> | <a href=\"https:\/\/x.com\/bangtangotfam\" target=\"_blank\" rel=\"noreferrer noopener\">X (Twitter)<\/a><\/li>\n\n\n\n<li><strong>Leia:<\/strong> <a rel=\"noreferrer noopener\" href=\"https:\/\/espacocriativo.net\/fictions\/interativas-finalizada\/asiaticos\/seventeen-finalizada\/\" target=\"_blank\">A Little Space<\/a>\u00a0<em>{K-pop, Seventeen, Finalizada}<\/em><\/li>\n<\/ul>\n\n\n\n<hr class=\"wp-block-separator has-alpha-channel-opacity\"\/>\n\n\n\n<h2 class=\"wp-block-heading has-text-align-center\">Ideia #003<\/h2>\n\n\n\n<p><strong>Enviada por <\/strong><a href=\"mailto:nakamotojulia31@gmail.com\">Julia Nakamoto<\/a><strong>.<\/strong><br><strong>M\u00fasica:<\/strong> <a href=\"https:\/\/www.youtube.com\/watch?v=FoxfU6wxCuQ\">Temporary Bliss &#8211; The Cab<\/a><br><strong>Fandom \/ G\u00eanero \/ Classifica\u00e7\u00e3o:<\/strong> Livre<\/p>\n\n\n\n<p class=\"has-text-align-center\"><strong>Esta ideia j\u00e1 foi reservada!<\/strong><\/p>\n\n\n\n<ul class=\"wp-block-list\">\n<li><strong>Nome:<\/strong> Betiza<\/li>\n\n\n\n<li><strong>Contato:<\/strong>&nbsp;<a href=\"mailto:detinha41@gmail.com\">@<\/a> | <a href=\"https:\/\/www.instagram.com\/archivefics\/\" target=\"_blank\" rel=\"noreferrer noopener\">Instagram<\/a> | <a href=\"https:\/\/x.com\/bangtangotfam\" target=\"_blank\" rel=\"noreferrer noopener\">X (Twitter)<\/a><\/li>\n\n\n\n<li><strong>Leia: <\/strong><a rel=\"noreferrer noopener\" href=\"https:\/\/espacocriativo.net\/fictions\/interativas-finalizada\/enhypen-finalizada\/\" target=\"_blank\">Temporary Bliss<\/a>\u00a0<em>{K-pop, Enhypen, Finalizada}<\/em>\u00a0<\/li>\n<\/ul>\n","protected":false},"excerpt":{"rendered":"<p>Ideia #002 Enviada por Lelen.M\u00fasica: A Little Space &#8211; Pentatonix ft ATEEZFandom \/ G\u00eanero \/ Classifica\u00e7\u00e3o: Livre Esta ideia j\u00e1 [&hellip;]<\/p>\n","protected":false},"author":2,"featured_media":0,"parent":3931,"menu_order":0,"comment_status":"closed","ping_status":"closed","template":"iframe.php","meta":{"_acf_changed":false,"footnotes":""},"class_list":["post-6364","page","type-page","status-publish","hentry"],"acf":[],"_links":{"self":[{"href":"https:\/\/espacocriativo.net\/adote\/wp-json\/wp\/v2\/pages\/6364","targetHints":{"allow":["GET"]}}],"collection":[{"href":"https:\/\/espacocriativo.net\/adote\/wp-json\/wp\/v2\/pages"}],"about":[{"href":"https:\/\/espacocriativo.net\/adote\/wp-json\/wp\/v2\/types\/page"}],"author":[{"embeddable":true,"href":"https:\/\/espacocriativo.net\/adote\/wp-json\/wp\/v2\/users\/2"}],"replies":[{"embeddable":true,"href":"https:\/\/espacocriativo.net\/adote\/wp-json\/wp\/v2\/comments?post=6364"}],"version-history":[{"count":4,"href":"https:\/\/espacocriativo.net\/adote\/wp-json\/wp\/v2\/pages\/6364\/revisions"}],"predecessor-version":[{"id":8270,"href":"https:\/\/espacocriativo.net\/adote\/wp-json\/wp\/v2\/pages\/6364\/revisions\/8270"}],"up":[{"embeddable":true,"href":"https:\/\/espacocriativo.net\/adote\/wp-json\/wp\/v2\/pages\/3931"}],"wp:attachment":[{"href":"https:\/\/espacocriativo.net\/adote\/wp-json\/wp\/v2\/media?parent=6364"}],"curies":[{"name":"wp","href":"https:\/\/api.w.org\/{rel}","templated":true}]}}