{"id":609,"date":"2013-05-09T23:03:27","date_gmt":"2013-05-09T23:03:27","guid":{"rendered":"http:\/\/alltimefics.com\/adocao\/?page_id=609"},"modified":"2025-11-22T21:17:33","modified_gmt":"2025-11-23T00:17:33","slug":"regras","status":"publish","type":"page","link":"https:\/\/espacocriativo.net\/adote\/regras\/","title":{"rendered":"Regras"},"content":{"rendered":"\n<h2 class=\"wp-block-heading\">SOBRE<\/h2>\n\n\n\n<p>Para aqueles que possuem boas ideias que podem resultar em grandes fanfics, mas que n\u00e3o conseguem desenvolv\u00ea-la. <strong>Doe sua ideia para o projeto e d\u00ea a oportunidade dela ser escrita por uma outra pessoa!<\/strong><\/p>\n\n\n\n<p>Para autores que buscam ideias para escrever, mas que n\u00e3o t\u00eam nada em mente. <strong>Adote uma ideia!<\/strong><\/p>\n\n\n\n<h2 class=\"wp-block-heading\">Regras<\/h2>\n\n\n\n<h3 class=\"wp-block-heading\">\u2192 DO DOADOR<\/h3>\n\n\n\n<ol class=\"wp-block-list\">\n<li>Uma vez doada a ideia, o doador\u00a0<span style=\"text-decoration: underline;\">n\u00e3o poder\u00e1 peg\u00e1-la de volta<\/span>.<\/li>\n\n\n\n<li><span style=\"text-decoration: underline;\">Todos os dados<\/span> enviados inicialmente n\u00e3o poder\u00e3o ser alterados depois de estarem online no site.<\/li>\n\n\n\n<li>O doador n\u00e3o pode enviar ideias que sejam continua\u00e7\u00e3o de outras ideias &#8211; os adotantes podem ser pessoas diferentes, prejudicando o enredo.<\/li>\n<\/ol>\n\n\n\n<h3 class=\"wp-block-heading\">\u2192 DO ADOTANTE<\/h3>\n\n\n\n<ol class=\"wp-block-list\">\n<li><strong>Todas as fanfics devem ser obrigatoriamente postadas no <a href=\"http:\/\/espacocriativo.net\" target=\"_blank\" rel=\"noopener noreferrer\">Espa\u00e7o Criativo<\/a>. Posteriormente, caso postadas em outros sites, \u00e9 obrigat\u00f3rio dar os cr\u00e9ditos da ideia ao doador E ao projeto. <\/strong><\/li>\n\n\n\n<li><span style=\"text-decoration: underline;\">\u00c9 obrigat\u00f3rio seguir o fandom e pelo menos um dos g\u00eaneros estipulados na ideia<\/span>. <em>Caso haja a inten\u00e7\u00e3o de troca, \u00e9 necess\u00e1rio entrar em contato com a administra\u00e7\u00e3o para negociarmos com o doador da ideia.<\/em><\/li>\n\n\n\n<li>O prazo do envio da fanfic \u00e9 de <span style=\"text-decoration: underline;\">um m\u00eas<\/span> a partir da confirma\u00e7\u00e3o da ado\u00e7\u00e3o. A postagem, a depender do projeto, poder\u00e1 ser <em>em andamento ou finalizada*<\/em>.<\/li>\n\n\n\n<li>Ideias j\u00e1 adotadas n\u00e3o podem ser reservadas por mais de um autor.<\/li>\n\n\n\n<li>Antes de considerar a ideia sua, <strong><span style=\"text-decoration: underline;\">aguarde a confirma\u00e7\u00e3o da administra\u00e7\u00e3o<\/span><\/strong>.\u00a0Sem o e-mail de confirma\u00e7\u00e3o, voc\u00ea n\u00e3o tem permiss\u00e3o de pegar a ideia e post\u00e1-la.<\/li>\n\n\n\n<li>Todas as hist\u00f3rias\u00a0ser\u00e3o betadas por uma mesma beta-reader, assim, n\u00e3o \u00e9 permitido a prefer\u00eancia de beta para este projeto.\u00a0<em>Favor n\u00e3o insistir<\/em>.<\/li>\n\n\n\n<li>Um adotante n\u00e3o pode adotar 2 ideias e escrever uma hist\u00f3ria para as duas.<\/li>\n<\/ol>\n\n\n\n<p><strong><span style=\"color: #ff0000;\">!!!<\/span> Descumprido o item 1, entraremos em contato com o autor solicitando a postagem dos devidos cr\u00e9ditos. Se mesmo assim n\u00e3o houver o cumprimento da regra, o autor estar\u00e1 banido de participar do Espa\u00e7o Criativo at\u00e9 que a fanfic seja retirada do ar dos demais sites ou que os cr\u00e9ditos sejam devidamente dados.<\/strong><\/p>\n\n\n\n<h3 class=\"wp-block-heading\">\u2192 DE AMBOS<\/h3>\n\n\n\n<ol class=\"wp-block-list\">\n<li>O contato entre doador e adotante N\u00c3O \u00c9 obrigat\u00f3rio;<\/li>\n\n\n\n<li>Em caso de qualquer altera\u00e7\u00e3o combinada pessoalmente entre doador e adotante, \u00e9 obrigat\u00f3rio o aviso, por parte de qualquer um dos lados, \u00e0 administra\u00e7\u00e3o do projeto, para que a postagem n\u00e3o seja barrada de ir ao ar por diverg\u00eancia de dados;<\/li>\n\n\n\n<li>Tendo uma fanfic desvinculada da ideia, o autor pode adot\u00e1-la novamente, entretanto:\n<ol class=\"wp-block-list\">\n<li>N\u00e3o poder\u00e1 associar uma fanfic existente (dentro do site Espa\u00e7o Criativo) \u00e0 ideia, e;<\/li>\n\n\n\n<li>N\u00e3o poder\u00e1 retirar uma fanfic do site e envi\u00e1-la novamente como nova.<\/li>\n<\/ol>\n<\/li>\n<\/ol>\n\n\n\n<figure class=\"wp-block-image size-full\"><img loading=\"lazy\" decoding=\"async\" width=\"984\" height=\"210\" src=\"https:\/\/espacocriativo.net\/adote\/wp-content\/uploads\/2025\/11\/adoteplus.png\" alt=\"\" class=\"wp-image-8385\" srcset=\"https:\/\/espacocriativo.net\/adote\/wp-content\/uploads\/2025\/11\/adoteplus.png 984w, https:\/\/espacocriativo.net\/adote\/wp-content\/uploads\/2025\/11\/adoteplus-300x64.png 300w, https:\/\/espacocriativo.net\/adote\/wp-content\/uploads\/2025\/11\/adoteplus-768x164.png 768w\" sizes=\"auto, (max-width: 984px) 100vw, 984px\" \/><\/figure>\n\n\n\n<h2 class=\"wp-block-heading\">Sobre<\/h2>\n\n\n\n<p>O Adote Uma Ideia+ (Plus) chegou para substituir o antigo Leitor Criativo. Nele, a ado\u00e7\u00e3o \u00e9 feita normalmente como no Adote Uma Ideia, mas a postagem \u00e9 feita de forma diferente.<br>Na vers\u00e3o Plus, o autor ir\u00e1 se desafiar a pr\u00e9-determinar a quantidade de cap\u00edtulos que a hist\u00f3ria ter\u00e1, e o prazo fixo que utilizar\u00e1 para enviar as atualiza\u00e7\u00f5es.<br><strong>Para participar, basta selecionar no formul\u00e1rio de ado\u00e7\u00e3o, a op\u00e7\u00e3o Adote Plus.<\/strong><\/p>\n\n\n\n<h2 class=\"wp-block-heading\">Regras<\/h2>\n\n\n\n<p><strong>Todas as regras do Adote Uma Ideia s\u00e3o v\u00e1lidas para a vers\u00e3o Plus<\/strong>, com exce\u00e7\u00e3o do t\u00f3pico 3 do adotante. Na vers\u00e3o Plus:<\/p>\n\n\n\n<p>3. O prazo do envio <span style=\"text-decoration: underline;\">do primeiro cap\u00edtulo<\/span> \u00e9 de um m\u00eas a partir da confirma\u00e7\u00e3o da ado\u00e7\u00e3o. A postagem dever\u00e1 sempre ser feita em andamento.<\/p>\n\n\n\n<p>Al\u00e9m disso:<\/p>\n\n\n\n<ol class=\"wp-block-list\">\n<li>A quantidade pr\u00e9-determinada de cap\u00edtulos n\u00e3o poder\u00e1 ser alterada ap\u00f3s a confirma\u00e7\u00e3o da ado\u00e7\u00e3o.<\/li>\n\n\n\n<li>Cap\u00edtulos divididos em partes, cada parte contar\u00e1 como um cap\u00edtulo (se postadas separadas).<\/li>\n\n\n\n<li>Ser\u00e1 escolha do autor considerar Pr\u00f3logo e Ep\u00edlogo como cap\u00edtulo. \u00c9 importante avisar a beta-reader para que ele seja ou n\u00e3o contado.<\/li>\n\n\n\n<li>A pontua\u00e7\u00e3o para o VIP em qualquer atividade ser\u00e1 o dobro da pontua\u00e7\u00e3o do Adote Uma Ideia.<\/li>\n\n\n\n<li>O n\u00e3o envio das atualiza\u00e7\u00f5es dentro do prazo resultam em pontos negativos no VIP: <strong>\u201325 pontos<\/strong><\/li>\n\n\n\n<li>\u00c9 permitido atualiza\u00e7\u00e3o dupla\/tripla\/etc. Cada cap\u00edtulo valer\u00e1 1 (seguindo as regras dos t\u00f3picos 2 e 3).<\/li>\n\n\n\n<li>Doadores podem pr\u00e9-determinar <span style=\"text-decoration: underline;\">SOMENTE<\/span> a quantidade de cap\u00edtulos. Adotantes podem solicitar a altera\u00e7\u00e3o da quantidade; caso haja a inten\u00e7\u00e3o de troca, \u00e9 necess\u00e1rio entrar em contato com a administra\u00e7\u00e3o para negociarmos com o doador da ideia.<\/li>\n<\/ol>\n","protected":false},"excerpt":{"rendered":"<p>SOBRE Para aqueles que possuem boas ideias que podem resultar em grandes fanfics, mas que n\u00e3o conseguem desenvolv\u00ea-la. Doe sua [&hellip;]<\/p>\n","protected":false},"author":2,"featured_media":0,"parent":0,"menu_order":0,"comment_status":"closed","ping_status":"closed","template":"","meta":{"_acf_changed":false,"footnotes":""},"class_list":["post-609","page","type-page","status-publish","hentry"],"acf":[],"_links":{"self":[{"href":"https:\/\/espacocriativo.net\/adote\/wp-json\/wp\/v2\/pages\/609","targetHints":{"allow":["GET"]}}],"collection":[{"href":"https:\/\/espacocriativo.net\/adote\/wp-json\/wp\/v2\/pages"}],"about":[{"href":"https:\/\/espacocriativo.net\/adote\/wp-json\/wp\/v2\/types\/page"}],"author":[{"embeddable":true,"href":"https:\/\/espacocriativo.net\/adote\/wp-json\/wp\/v2\/users\/2"}],"replies":[{"embeddable":true,"href":"https:\/\/espacocriativo.net\/adote\/wp-json\/wp\/v2\/comments?post=609"}],"version-history":[{"count":4,"href":"https:\/\/espacocriativo.net\/adote\/wp-json\/wp\/v2\/pages\/609\/revisions"}],"predecessor-version":[{"id":8386,"href":"https:\/\/espacocriativo.net\/adote\/wp-json\/wp\/v2\/pages\/609\/revisions\/8386"}],"wp:attachment":[{"href":"https:\/\/espacocriativo.net\/adote\/wp-json\/wp\/v2\/media?parent=609"}],"curies":[{"name":"wp","href":"https:\/\/api.w.org\/{rel}","templated":true}]}}