{"id":596,"date":"2013-05-09T22:43:25","date_gmt":"2013-05-09T22:43:25","guid":{"rendered":"http:\/\/alltimefics.com\/adocao\/?page_id=596"},"modified":"2025-11-22T15:37:02","modified_gmt":"2025-11-22T18:37:02","slug":"doe-uma-ideia","status":"publish","type":"page","link":"https:\/\/espacocriativo.net\/adote\/formularios\/doe-uma-ideia\/","title":{"rendered":"Doe uma ideia!"},"content":{"rendered":"<p style=\"text-align: center;\">N\u00e3o deixe de ler as\u00a0<a href=\"http:\/\/espacocriativo.net\/adote\/?page_id=609\">regras<\/a>\u00a0antes de realizar uma doa\u00e7\u00e3o.<br \/>\nPara doar uma ideia, complete todos os espa\u00e7os abaixo e aguarde um retorno de nossa Administra\u00e7\u00e3o.<\/p>\n<blockquote>\n<h2><strong>Dicas de doa\u00e7\u00e3o<\/strong><\/h2>\n<p><strong>\u00bb<\/strong>\u00a0Procure n\u00e3o criar muitas situa\u00e7\u00f5es na ideia, isso pode limitar a imagina\u00e7\u00e3o da autora.<br \/>\n<strong>\u00bb<\/strong>\u00a0Se n\u00e3o se importa com fandom e g\u00eanero, deixe-os\u00a0<strong>LIVRE<\/strong>.<br \/>\n<strong>\u00bb<\/strong>\u00a0Seja generalista, deixe a ideia em aberto para que a autora possa se decidir sobre o desenvolvimento da hist\u00f3ria.<\/p><\/blockquote>\n<h2><b>ATEN\u00c7\u00c3O!<\/b><\/h2>\n<p>N\u00e3o \u00e9 poss\u00edvel doar m\u00fasicas para o Songfics. Nele se encontram somente as m\u00fasicas n\u00e3o desenvolvidas no <a href=\"http:\/\/espacocriativo.net\/?page_id=32724\" rel=\"noopener\" target=\"_blank\">projeto Songfics<\/a>.<\/p>\n<p><\/p>\n<p style=\"text-align: center;\">\n<div class=\"wpcf7 no-js\" id=\"wpcf7-f3996-o1\" lang=\"en-US\" dir=\"ltr\" data-wpcf7-id=\"3996\">\n<div class=\"screen-reader-response\"><p role=\"status\" aria-live=\"polite\" aria-atomic=\"true\"><\/p> <ul><\/ul><\/div>\n<form action=\"\/adote\/wp-json\/wp\/v2\/pages\/596#wpcf7-f3996-o1\" method=\"post\" class=\"wpcf7-form init\" aria-label=\"Contact form\" enctype=\"multipart\/form-data\" novalidate=\"novalidate\" data-status=\"init\">\n<fieldset class=\"hidden-fields-container\"><input type=\"hidden\" name=\"_wpcf7\" value=\"3996\" \/><input type=\"hidden\" name=\"_wpcf7_version\" value=\"6.1.4\" \/><input type=\"hidden\" name=\"_wpcf7_locale\" value=\"en_US\" \/><input type=\"hidden\" name=\"_wpcf7_unit_tag\" value=\"wpcf7-f3996-o1\" \/><input type=\"hidden\" name=\"_wpcf7_container_post\" value=\"0\" \/><input type=\"hidden\" name=\"_wpcf7_posted_data_hash\" value=\"\" \/>\n<\/fieldset>\n<p><b>*<\/b><i>Campos obrigat\u00f3rios.<\/i>\n<\/p>\n<p><strong>Nome:*<\/strong>\n<\/p>\n<p><span class=\"wpcf7-form-control-wrap\" data-name=\"your-name\"><input size=\"40\" maxlength=\"400\" class=\"wpcf7-form-control wpcf7-text wpcf7-validates-as-required\" aria-required=\"true\" aria-invalid=\"false\" value=\"\" type=\"text\" name=\"your-name\" \/><\/span>\n<\/p>\n<p><strong>E-mail:*<\/strong>\n<\/p>\n<p><span class=\"wpcf7-form-control-wrap\" data-name=\"your-email\"><input size=\"40\" maxlength=\"400\" class=\"wpcf7-form-control wpcf7-email wpcf7-validates-as-required wpcf7-text wpcf7-validates-as-email\" aria-required=\"true\" aria-invalid=\"false\" value=\"\" type=\"email\" name=\"your-email\" \/><\/span>\n<\/p>\n<p><strong>Twitter:<\/strong>\n<\/p>\n<p><span class=\"wpcf7-form-control-wrap\" data-name=\"text-929\"><input size=\"40\" maxlength=\"400\" class=\"wpcf7-form-control wpcf7-text\" aria-invalid=\"false\" value=\"\" type=\"text\" name=\"text-929\" \/><\/span>\n<\/p>\n<p><strong>Sua ideia ser\u00e1 destinada a qual projeto?*<\/strong><small>Todas as ideias doadas para o Leitor Criativo que n\u00e3o forem adotadas em 3 meses consecutivos ser\u00e3o transferidas para o Adote Uma Ideia.<\/small>\n<\/p>\n<p><span class=\"wpcf7-form-control-wrap\" data-name=\"menu-664\"><select class=\"wpcf7-form-control wpcf7-select wpcf7-validates-as-required\" aria-required=\"true\" aria-invalid=\"false\" name=\"menu-664\"><option value=\"\">&#8212;Please choose an option&#8212;<\/option><option value=\"Ambos\">Ambos<\/option><option value=\"Adote Uma Ideia\">Adote Uma Ideia<\/option><option value=\"Leitor Criativo\">Leitor Criativo<\/option><\/select><\/span>\n<\/p>\n<p><strong>Ideia:*<\/strong><br \/>\n<small>\u2013 Fale sobre a sua ideia.<\/small>\n<\/p>\n<p><span class=\"wpcf7-form-control-wrap\" data-name=\"your-message\"><textarea cols=\"40\" rows=\"10\" maxlength=\"2000\" class=\"wpcf7-form-control wpcf7-textarea wpcf7-validates-as-required\" aria-required=\"true\" aria-invalid=\"false\" name=\"your-message\"><\/textarea><\/span>\n<\/p>\n<p><strong>Ideia\u00b2:<\/strong><br \/>\n<small>\u2013 Se n\u00e3o couber na caixa de cima, continue abaixo.<\/small>\n<\/p>\n<p><span class=\"wpcf7-form-control-wrap\" data-name=\"textarea-199\"><textarea cols=\"40\" rows=\"10\" maxlength=\"2000\" class=\"wpcf7-form-control wpcf7-textarea\" aria-invalid=\"false\" name=\"textarea-199\"><\/textarea><\/span>\n<\/p>\n<p><strong>Fandom*:<\/strong><br \/>\n<small>\u2013 Se n\u00e3o houver prefer\u00eancia, coloque LIVRE.<\/small>\n<\/p>\n<p><span class=\"wpcf7-form-control-wrap\" data-name=\"text-451\"><input size=\"40\" maxlength=\"400\" class=\"wpcf7-form-control wpcf7-text wpcf7-validates-as-required\" aria-required=\"true\" aria-invalid=\"false\" value=\"\" type=\"text\" name=\"text-451\" \/><\/span>\n<\/p>\n<p><strong>G\u00eanero(s)*:<\/strong>\n<\/p>\n<p><span class=\"wpcf7-form-control-wrap\" data-name=\"text-452\"><input size=\"40\" maxlength=\"400\" class=\"wpcf7-form-control wpcf7-text wpcf7-validates-as-required\" aria-required=\"true\" aria-invalid=\"false\" value=\"\" type=\"text\" name=\"text-452\" \/><\/span>\n<\/p>\n<p><strong>Nota:<\/strong><br \/>\n<small>\u2013 Alguma observa\u00e7\u00e3o sobre sua ideia ou coment\u00e1rio para o autor que pegar sua ideia.<\/small>\n<\/p>\n<p><span class=\"wpcf7-form-control-wrap\" data-name=\"textarea-868\"><textarea cols=\"40\" rows=\"10\" maxlength=\"2000\" class=\"wpcf7-form-control wpcf7-textarea\" aria-invalid=\"false\" name=\"textarea-868\"><\/textarea><\/span>\n<\/p>\n<p><strong>Sugest\u00e3o:<\/strong><br \/>\n<small>\u2013 Pode ou n\u00e3o ser considerada pela autora adotiva.<\/small>\n<\/p>\n<p><span class=\"wpcf7-form-control-wrap\" data-name=\"textarea-869\"><textarea cols=\"40\" rows=\"10\" maxlength=\"2000\" class=\"wpcf7-form-control wpcf7-textarea\" aria-invalid=\"false\" name=\"textarea-869\"><\/textarea><\/span>\n<\/p>\n<p><small>Os pr\u00f3ximos campos s\u00e3o destinados \u00e0 ideias do Leitor Criativo. Se voc\u00ea decidiu doar somente para o Adote Uma Ideia, siga direto para o final.<\/small>\n<\/p>\n<h2>PARA 'LEITOR CRIATIVO'\n<\/h2>\n<p><strong>Escolha um(a) autor(a) para escrever sua fic:*<\/strong>\n<\/p>\n<p><span class=\"wpcf7-form-control-wrap\" data-name=\"menu-665\"><select class=\"wpcf7-form-control wpcf7-select\" aria-invalid=\"false\" name=\"menu-665\"><option value=\"\">&#8212;Please choose an option&#8212;<\/option><option value=\"Qualquer um(a)\">Qualquer um(a)<\/option><option value=\"Lika\">Lika<\/option><option value=\"Natashia Kitamura\">Natashia Kitamura<\/option><option value=\"P\u00e2ms\">P\u00e2ms<\/option><\/select><\/span>\n<\/p>\n<p><strong>Se ele(a) n\u00e3o estiver dispon\u00edvel, quem seria sua pr\u00f3xima escolha?*<\/strong>\n<\/p>\n<p><span class=\"wpcf7-form-control-wrap\" data-name=\"menu-663\"><select class=\"wpcf7-form-control wpcf7-select\" aria-invalid=\"false\" name=\"menu-663\"><option value=\"\">&#8212;Please choose an option&#8212;<\/option><option value=\"Qualquer um(a)\">Qualquer um(a)<\/option><option value=\"Lika\">Lika<\/option><option value=\"Natashia Kitamura\">Natashia Kitamura<\/option><option value=\"P\u00e2ms\">P\u00e2ms<\/option><\/select><\/span>\n<\/p>\n<p><strong>Quantos cap\u00edtulos ter\u00e1 sua fanfic?*<\/strong>\n<\/p>\n<p><span class=\"wpcf7-form-control-wrap\" data-name=\"menu-662\"><select class=\"wpcf7-form-control wpcf7-select\" aria-invalid=\"false\" name=\"menu-662\"><option value=\"\">&#8212;Please choose an option&#8212;<\/option><option value=\"5\">5<\/option><option value=\"6\">6<\/option><option value=\"7\">7<\/option><option value=\"8\">8<\/option><option value=\"9\">9<\/option><option value=\"10\">10<\/option><option value=\"11\">11<\/option><option value=\"12\">12<\/option><option value=\"13\">13<\/option><option value=\"14\">14<\/option><option value=\"15\">15<\/option><\/select><\/span>\n<\/p>\n<p><strong>Sua ideia j\u00e1 possui texto ou roteiro pronto? Envie o arquivo em anexo e o encaminharemos para a autora adotiva.<\/strong>\n<\/p>\n<p><strong>Selecione o arquivo:<\/strong><span class=\"wpcf7-form-control-wrap\" data-name=\"file-812\"><input size=\"40\" class=\"wpcf7-form-control wpcf7-file\" accept=\"audio\/*,video\/*,image\/*\" aria-invalid=\"false\" type=\"file\" name=\"file-812\" \/><\/span>\n<\/p>\n<p><input class=\"wpcf7-form-control wpcf7-submit has-spinner\" type=\"submit\" value=\"Send\" \/>\n<\/p><div class=\"wpcf7-response-output\" aria-hidden=\"true\"><\/div>\n<\/form>\n<\/div>\n<\/p>\n","protected":false},"excerpt":{"rendered":"<p>N\u00e3o deixe de ler as\u00a0regras\u00a0antes de realizar uma doa\u00e7\u00e3o. Para doar uma ideia, complete todos os espa\u00e7os abaixo e aguarde [&hellip;]<\/p>\n","protected":false},"author":2,"featured_media":0,"parent":587,"menu_order":0,"comment_status":"closed","ping_status":"closed","template":"iframe.php","meta":{"_acf_changed":false,"footnotes":""},"class_list":["post-596","page","type-page","status-publish","hentry"],"acf":[],"_links":{"self":[{"href":"https:\/\/espacocriativo.net\/adote\/wp-json\/wp\/v2\/pages\/596","targetHints":{"allow":["GET"]}}],"collection":[{"href":"https:\/\/espacocriativo.net\/adote\/wp-json\/wp\/v2\/pages"}],"about":[{"href":"https:\/\/espacocriativo.net\/adote\/wp-json\/wp\/v2\/types\/page"}],"author":[{"embeddable":true,"href":"https:\/\/espacocriativo.net\/adote\/wp-json\/wp\/v2\/users\/2"}],"replies":[{"embeddable":true,"href":"https:\/\/espacocriativo.net\/adote\/wp-json\/wp\/v2\/comments?post=596"}],"version-history":[{"count":1,"href":"https:\/\/espacocriativo.net\/adote\/wp-json\/wp\/v2\/pages\/596\/revisions"}],"predecessor-version":[{"id":8380,"href":"https:\/\/espacocriativo.net\/adote\/wp-json\/wp\/v2\/pages\/596\/revisions\/8380"}],"up":[{"embeddable":true,"href":"https:\/\/espacocriativo.net\/adote\/wp-json\/wp\/v2\/pages\/587"}],"wp:attachment":[{"href":"https:\/\/espacocriativo.net\/adote\/wp-json\/wp\/v2\/media?parent=596"}],"curies":[{"name":"wp","href":"https:\/\/api.w.org\/{rel}","templated":true}]}}