{"id":5897,"date":"2022-03-04T13:34:33","date_gmt":"2022-03-04T13:34:33","guid":{"rendered":"https:\/\/espacocriativo.net\/adote\/?page_id=5897"},"modified":"2025-12-09T17:53:39","modified_gmt":"2025-12-09T20:53:39","slug":"temporada-020","status":"publish","type":"page","link":"https:\/\/espacocriativo.net\/adote\/songfics\/musicas-indisponiveis\/temporada-020\/","title":{"rendered":"Temporada #020"},"content":{"rendered":"\n<figure class=\"wp-block-image size-large\"><img loading=\"lazy\" decoding=\"async\" width=\"1024\" height=\"279\" src=\"https:\/\/espacocriativo.net\/adote\/wp-content\/uploads\/2024\/06\/SALT-CAPA-ADOTE-1024x279.png\" alt=\"\" class=\"wp-image-7940\" srcset=\"https:\/\/espacocriativo.net\/adote\/wp-content\/uploads\/2024\/06\/SALT-CAPA-ADOTE-1024x279.png 1024w, https:\/\/espacocriativo.net\/adote\/wp-content\/uploads\/2024\/06\/SALT-CAPA-ADOTE-300x82.png 300w, https:\/\/espacocriativo.net\/adote\/wp-content\/uploads\/2024\/06\/SALT-CAPA-ADOTE-768x210.png 768w, https:\/\/espacocriativo.net\/adote\/wp-content\/uploads\/2024\/06\/SALT-CAPA-ADOTE-1536x419.png 1536w, https:\/\/espacocriativo.net\/adote\/wp-content\/uploads\/2024\/06\/SALT-CAPA-ADOTE-2048x559.png 2048w\" sizes=\"auto, (max-width: 1024px) 100vw, 1024px\" \/><\/figure>\n\n\n\n<h2 class=\"wp-block-heading has-text-align-center\">Ideia #002<\/h2>\n\n\n\n<p><strong>Enviada por&nbsp;<a href=\"mailto:\">Natashia Kitamura<\/a>.<\/strong><br><strong>M\u00fasica:<\/strong>&nbsp;<a rel=\"noreferrer noopener\" href=\"https:\/\/www.youtube.com\/watch?v=PKWHYLtmAGA\" target=\"_blank\">Salt \u2013 Ava Max<\/a><br><strong>Fandom \/ G\u00eanero \/ Classifica\u00e7\u00e3o:<\/strong>&nbsp;Livre<\/p>\n\n\n\n<p class=\"has-text-align-center\"><strong>Esta ideia j\u00e1 foi reservada!<\/strong><\/p>\n\n\n\n<ul class=\"wp-block-list\">\n<li><strong>Nome:<\/strong>&nbsp;Lysse<\/li>\n\n\n\n<li><strong>Contato:<\/strong>&nbsp;<a href=\"mailto:lismcq757@gmail.com\">E-mail<\/a><\/li>\n\n\n\n<li><strong>Leia:<\/strong> <a href=\"https:\/\/espacocriativo.net\/web\/s\/salt\" target=\"_blank\" rel=\"noreferrer noopener\">Salt<\/a> <em>{Original, Finalizada}<\/em><\/li>\n<\/ul>\n","protected":false},"excerpt":{"rendered":"<p>Ideia #002 Enviada por&nbsp;Natashia Kitamura.M\u00fasica:&nbsp;Salt \u2013 Ava MaxFandom \/ G\u00eanero \/ Classifica\u00e7\u00e3o:&nbsp;Livre Esta ideia j\u00e1 foi reservada!<\/p>\n","protected":false},"author":1,"featured_media":0,"parent":3931,"menu_order":0,"comment_status":"closed","ping_status":"closed","template":"iframe.php","meta":{"_acf_changed":false,"footnotes":""},"class_list":["post-5897","page","type-page","status-publish","hentry"],"acf":[],"_links":{"self":[{"href":"https:\/\/espacocriativo.net\/adote\/wp-json\/wp\/v2\/pages\/5897","targetHints":{"allow":["GET"]}}],"collection":[{"href":"https:\/\/espacocriativo.net\/adote\/wp-json\/wp\/v2\/pages"}],"about":[{"href":"https:\/\/espacocriativo.net\/adote\/wp-json\/wp\/v2\/types\/page"}],"author":[{"embeddable":true,"href":"https:\/\/espacocriativo.net\/adote\/wp-json\/wp\/v2\/users\/1"}],"replies":[{"embeddable":true,"href":"https:\/\/espacocriativo.net\/adote\/wp-json\/wp\/v2\/comments?post=5897"}],"version-history":[{"count":6,"href":"https:\/\/espacocriativo.net\/adote\/wp-json\/wp\/v2\/pages\/5897\/revisions"}],"predecessor-version":[{"id":8473,"href":"https:\/\/espacocriativo.net\/adote\/wp-json\/wp\/v2\/pages\/5897\/revisions\/8473"}],"up":[{"embeddable":true,"href":"https:\/\/espacocriativo.net\/adote\/wp-json\/wp\/v2\/pages\/3931"}],"wp:attachment":[{"href":"https:\/\/espacocriativo.net\/adote\/wp-json\/wp\/v2\/media?parent=5897"}],"curies":[{"name":"wp","href":"https:\/\/api.w.org\/{rel}","templated":true}]}}