{"id":5874,"date":"2022-03-04T12:57:31","date_gmt":"2022-03-04T12:57:31","guid":{"rendered":"https:\/\/espacocriativo.net\/adote\/?page_id=5874"},"modified":"2025-01-30T18:33:43","modified_gmt":"2025-01-30T21:33:43","slug":"temporada-009","status":"publish","type":"page","link":"https:\/\/espacocriativo.net\/adote\/songfics\/musicas-indisponiveis\/temporada-009\/","title":{"rendered":"Temporada #009"},"content":{"rendered":"\n<h2 class=\"wp-block-heading has-text-align-center\">Ideia #001<\/h2>\n\n\n<div class=\"wp-block-image\">\n<figure class=\"aligncenter size-large\"><img decoding=\"async\" src=\"https:\/\/espacocriativo.net\/adote\/wp-content\/uploads\/2023\/08\/OK-Nervous-1024x279.jpg\" alt=\"\" class=\"wp-image-7249\"\/><\/figure>\n<\/div>\n\n\n<p><strong>Enviada por&nbsp;<a href=\"mailto:sarahiscouto@gmail.com\">Sarah<\/a>.<\/strong><br><strong>M\u00fasica:<\/strong>&nbsp;<a rel=\"noreferrer noopener\" href=\"https:\/\/youtu.be\/DGzy8FE1Rhk\" target=\"_blank\">Nervous \u2013 Shawn Mendes<\/a><br><strong>Fandom \/ G\u00eanero \/ Classifica\u00e7\u00e3o:<\/strong>&nbsp;Livre<\/p>\n\n\n\n<p class=\"has-text-align-center\"><strong>Esta ideia j\u00e1 foi reservada!<\/strong><\/p>\n\n\n\n<ul class=\"wp-block-list\">\n<li><strong>Nome:<\/strong>&nbsp;Nicole Manjiro<\/li>\n\n\n\n<li><strong>Contato:<\/strong>&nbsp;<a href=\"mailto:nicolemanjiro@gmail.com\">E-mail<\/a><\/li>\n\n\n\n<li><strong>Leia:<\/strong>&nbsp;<a rel=\"noreferrer noopener\" href=\"https:\/\/espacocriativo.net\/?page_id=8825\" target=\"_blank\">Nervous<\/a>&nbsp;<em>{Artistas, Noah Centineo, N\u00e3o-interativa, Finalizada}<\/em><\/li>\n<\/ul>\n\n\n\n<hr class=\"wp-block-separator has-alpha-channel-opacity\"\/>\n\n\n\n<h2 class=\"wp-block-heading has-text-align-center\">Ideia #002<\/h2>\n\n\n\n<p><strong>Enviada por&nbsp;<a href=\"mailto:lelenzets@gmail.com\">Lelen<\/a>.<\/strong><br><strong>M\u00fasica:<\/strong>&nbsp;<a rel=\"noreferrer noopener\" href=\"https:\/\/youtu.be\/oz5biQdM6bc\" target=\"_blank\">Euphoria \u2013 BTS \u2013 Jeon Jungkook<\/a><br><strong>Fandom \/ G\u00eanero \/ Classifica\u00e7\u00e3o:<\/strong>&nbsp;Livre<\/p>\n\n\n\n<p class=\"has-text-align-center\"><strong>Esta ideia j\u00e1 foi reservada!<\/strong><\/p>\n\n\n\n<ul class=\"wp-block-list\">\n<li><strong>Nome:<\/strong>&nbsp;Lelen<\/li>\n\n\n\n<li><strong>Contato:<\/strong>&nbsp;<a href=\"mailto:lelenzets@gmail.com\">E-mail<\/a> | <a href=\"https:\/\/instagram.com\/haylelen\" target=\"_blank\" rel=\"noreferrer noopener\">Instagram<\/a> | <a href=\"https:\/\/twitter.com\/justnarcisism\" target=\"_blank\" rel=\"noreferrer noopener\">Twitter<\/a><\/li>\n\n\n\n<li><strong>Leia:<\/strong> <a href=\"https:\/\/espacocriativo.net\/fictions\/interativas-finalizada\/asiaticos\/k-pop-livre-finalizada\/\" target=\"_blank\" rel=\"noreferrer noopener\">Noona &#8211; Euphoria<\/a> {K-Pop, Livre, Finalizada}<\/li>\n<\/ul>\n\n\n\n<hr class=\"wp-block-separator has-alpha-channel-opacity\"\/>\n\n\n\n<h2 class=\"wp-block-heading has-text-align-center\">Ideia #003<\/h2>\n\n\n<div class=\"wp-block-image\">\n<figure class=\"aligncenter size-large\"><img decoding=\"async\" src=\"https:\/\/espacocriativo.net\/adote\/wp-content\/uploads\/2023\/08\/dont-give-me-one-two-drinks-CAPA-GRANDE-1024x279.png\" alt=\"\" class=\"wp-image-7343\"\/><\/figure>\n<\/div>\n\n\n<p><strong>Enviada por&nbsp;<a href=\"mailto:bruna.lobato.14@gmail.com\">Queen B.<\/a>.<\/strong><br><strong>M\u00fasica:<\/strong>&nbsp;<a rel=\"noreferrer noopener\" href=\"https:\/\/www.youtube.com\/watch?v=pinpRPKeDIA\" target=\"_blank\">Don\u2019t Give it to Me \u2013 Loco &amp; Hwasa<\/a><br><strong>Fandom \/ G\u00eanero \/ Classifica\u00e7\u00e3o:<\/strong>&nbsp;Livre<\/p>\n\n\n\n<p class=\"has-text-align-center\"><strong>Esta ideia j\u00e1 foi reservada!<\/strong><\/p>\n\n\n\n<ul class=\"wp-block-list\">\n<li><strong>Nome:<\/strong>&nbsp;Liv<\/li>\n\n\n\n<li><strong>Contato:<\/strong>&nbsp;<a href=\"mailto:livfernandes4@gmail.com\">E-mail<\/a><\/li>\n\n\n\n<li><strong>Leia:<\/strong> <a rel=\"noreferrer noopener\" href=\"https:\/\/espacocriativo.net\/?page_id=36883\" target=\"_blank\">don\u2019t give me one, two drinks<\/a>&nbsp;<em>{K-pop, BTS, Finalizada}<\/em>&nbsp;<\/li>\n<\/ul>\n\n\n\n<hr class=\"wp-block-separator has-css-opacity\"\/>\n\n\n\n<h2 class=\"wp-block-heading has-text-align-center\">Ideia #004<\/h2>\n\n\n<div class=\"wp-block-image\">\n<figure class=\"aligncenter size-large\"><img decoding=\"async\" src=\"https:\/\/espacocriativo.net\/adote\/wp-content\/uploads\/2023\/08\/OK-You-Ain-Worth-1024x279.png\" alt=\"\" class=\"wp-image-7272\"\/><\/figure>\n<\/div>\n\n\n<p><strong>Enviada por&nbsp;<a href=\"mailto:livfernandes4@gmail.com\">Liv<\/a>.<\/strong><br><strong>M\u00fasica:<\/strong>&nbsp;<a rel=\"noreferrer noopener\" href=\"https:\/\/youtu.be\/mP9S4BDIoDs\" target=\"_blank\">Playinwitme \u2013 Kyle ft Kehlani<\/a><br><strong>Fandom \/ G\u00eanero \/ Classifica\u00e7\u00e3o:<\/strong>&nbsp;Livre<\/p>\n\n\n\n<p class=\"has-text-align-center\"><strong>Esta ideia j\u00e1 foi reservada!<\/strong><\/p>\n\n\n\n<ul class=\"wp-block-list\">\n<li><strong>Nome:<\/strong>&nbsp;Nicole Manjiro<\/li>\n\n\n\n<li><strong>Contato:<\/strong>&nbsp;<a href=\"mailto:nicolemanjiro@gmail.com\">E-mail<\/a><\/li>\n\n\n\n<li><strong>Leia:<\/strong>&nbsp;<a rel=\"noreferrer noopener\" href=\"https:\/\/espacocriativo.net\/?page_id=29630\" target=\"_blank\">You (Ain\u2019) Worth<\/a>&nbsp;<em>{Original, Finalizada}<\/em><\/li>\n<\/ul>\n\n\n\n<hr class=\"wp-block-separator has-alpha-channel-opacity\"\/>\n\n\n\n<h2 class=\"wp-block-heading has-text-align-center\">Ideia #005<\/h2>\n\n\n\n<p><strong>Enviada por&nbsp;<a href=\"mailto:livfernandes4@gmail.com\">Nicole Manjiro<\/a>.<\/strong><br><strong>M\u00fasica:<\/strong>&nbsp;<a rel=\"noreferrer noopener\" href=\"https:\/\/www.youtube.com\/watch?v=pj6k-EFxqAI\" target=\"_blank\">Capital Letters \u2013 Haylee Steinfeld ft. Bloodpop\u00ae<\/a><br><strong>Fandom \/ G\u00eanero \/ Classifica\u00e7\u00e3o:<\/strong>&nbsp;Livre<\/p>\n\n\n\n<p class=\"has-text-align-center\"><strong>Esta ideia j\u00e1 foi reservada!<\/strong><\/p>\n\n\n\n<ul class=\"wp-block-list\">\n<li><strong>Nome:<\/strong> Betiza<\/li>\n\n\n\n<li><strong>Contato:<\/strong>&nbsp;<a href=\"mailto:detinha41@gmail.com\">@<\/a> | <a href=\"https:\/\/www.instagram.com\/archivefics\/\" target=\"_blank\" rel=\"noreferrer noopener\">Instagram<\/a> | <a href=\"https:\/\/x.com\/bangtangotfam\" target=\"_blank\" rel=\"noreferrer noopener\">X (Twitter)<\/a><\/li>\n\n\n\n<li><strong>Leia:<\/strong> <a rel=\"noreferrer noopener\" href=\"https:\/\/espacocriativo.net\/fictions\/interativas-finalizada\/txt-finalizada\/\" target=\"_blank\">Em Letras Mai\u00fasculas<\/a>\u00a0<em>{K-pop, TXT, Finalizada}<\/em>\u00a0<\/li>\n<\/ul>\n","protected":false},"excerpt":{"rendered":"<p>Ideia #001 Enviada por&nbsp;Sarah.M\u00fasica:&nbsp;Nervous \u2013 Shawn MendesFandom \/ G\u00eanero \/ Classifica\u00e7\u00e3o:&nbsp;Livre Esta ideia j\u00e1 foi reservada! Ideia #002 Enviada por&nbsp;Lelen.M\u00fasica:&nbsp;Euphoria [&hellip;]<\/p>\n","protected":false},"author":1,"featured_media":0,"parent":3931,"menu_order":0,"comment_status":"closed","ping_status":"closed","template":"iframe.php","meta":{"_acf_changed":false,"footnotes":""},"class_list":["post-5874","page","type-page","status-publish","hentry"],"acf":[],"_links":{"self":[{"href":"https:\/\/espacocriativo.net\/adote\/wp-json\/wp\/v2\/pages\/5874","targetHints":{"allow":["GET"]}}],"collection":[{"href":"https:\/\/espacocriativo.net\/adote\/wp-json\/wp\/v2\/pages"}],"about":[{"href":"https:\/\/espacocriativo.net\/adote\/wp-json\/wp\/v2\/types\/page"}],"author":[{"embeddable":true,"href":"https:\/\/espacocriativo.net\/adote\/wp-json\/wp\/v2\/users\/1"}],"replies":[{"embeddable":true,"href":"https:\/\/espacocriativo.net\/adote\/wp-json\/wp\/v2\/comments?post=5874"}],"version-history":[{"count":5,"href":"https:\/\/espacocriativo.net\/adote\/wp-json\/wp\/v2\/pages\/5874\/revisions"}],"predecessor-version":[{"id":8266,"href":"https:\/\/espacocriativo.net\/adote\/wp-json\/wp\/v2\/pages\/5874\/revisions\/8266"}],"up":[{"embeddable":true,"href":"https:\/\/espacocriativo.net\/adote\/wp-json\/wp\/v2\/pages\/3931"}],"wp:attachment":[{"href":"https:\/\/espacocriativo.net\/adote\/wp-json\/wp\/v2\/media?parent=5874"}],"curies":[{"name":"wp","href":"https:\/\/api.w.org\/{rel}","templated":true}]}}