{"id":5868,"date":"2022-03-04T12:54:48","date_gmt":"2022-03-04T12:54:48","guid":{"rendered":"https:\/\/espacocriativo.net\/adote\/?page_id=5868"},"modified":"2022-03-04T12:54:48","modified_gmt":"2022-03-04T12:54:48","slug":"temporada-006","status":"publish","type":"page","link":"https:\/\/espacocriativo.net\/adote\/songfics\/musicas-indisponiveis\/temporada-006\/","title":{"rendered":"Temporada #006"},"content":{"rendered":"\n<h2 class=\"wp-block-heading has-text-align-center\">Ideia #001<\/h2>\n\n\n\n<figure class=\"wp-block-image size-large\"><img decoding=\"async\" src=\"https:\/\/espacocriativo.net\/adote\/wp-content\/uploads\/2023\/08\/OK-As-Duas-Faces-1024x279.png\" alt=\"\" class=\"wp-image-7222\"\/><\/figure>\n\n\n\n<p><strong>Enviada por&nbsp;<a href=\"mailto:layanerrbarreto@gmail.com\">Lay<\/a>.<\/strong><br><strong>M\u00fasica:<\/strong>&nbsp;<a rel=\"noreferrer noopener\" href=\"https:\/\/youtu.be\/37gZVzIxMco\" target=\"_blank\">Freak \u2013 Little Mix<\/a><br><strong>Fandom \/ G\u00eanero \/ Classifica\u00e7\u00e3o:<\/strong>&nbsp;Livre<\/p>\n\n\n\n<p class=\"has-text-align-center\"><strong>Esta ideia j\u00e1 foi reservada!<\/strong><\/p>\n\n\n\n<ul class=\"wp-block-list\">\n<li><strong>Nome:<\/strong>&nbsp;Natashia Kitamura<\/li>\n\n\n\n<li><strong>Contato:<\/strong>&nbsp;<a href=\"mailto:natashiamk@gmail.com\">E-mail<\/a><\/li>\n\n\n\n<li><strong>Leia:<\/strong>&nbsp;<a href=\"https:\/\/espacocriativo.net\/web\/a\/asduasfaces\" target=\"_blank\" rel=\"noreferrer noopener\">As Duas Faces<\/a>&nbsp;<em>{Original, Finalizada}<\/em><\/li>\n<\/ul>\n\n\n\n<hr class=\"wp-block-separator has-css-opacity\"\/>\n\n\n\n<h2 class=\"wp-block-heading has-text-align-center\">Ideia #002<\/h2>\n\n\n<div class=\"wp-block-image\">\n<figure class=\"aligncenter size-large\"><img decoding=\"async\" src=\"https:\/\/espacocriativo.net\/adote\/wp-content\/uploads\/2023\/08\/OK-O-Amor-Se-Lembrara-1024x279.png\" alt=\"\" class=\"wp-image-7252\"\/><\/figure>\n<\/div>\n\n\n<p><strong>Enviada por&nbsp;<a href=\"mailto:livfernandes4@gmail.com\">Liv<\/a>.<\/strong><br><strong>M\u00fasica:<\/strong>&nbsp;<a href=\"https:\/\/www.youtube.com\/watch?v=CUIQyfK6YRA\" target=\"_blank\" rel=\"noreferrer noopener\">Love Will Remember \u2013 Selena Gomez<\/a><br><strong>Fandom \/ G\u00eanero \/ Classifica\u00e7\u00e3o:<\/strong>&nbsp;Livre<\/p>\n\n\n\n<p class=\"has-text-align-center\"><strong>Esta ideia j\u00e1 foi reservada!<\/strong><\/p>\n\n\n\n<ul class=\"wp-block-list\">\n<li><strong>Nome:<\/strong>&nbsp;Maria Eduarda Batista<\/li>\n\n\n\n<li><strong>Contato:<\/strong>&nbsp;<a href=\"mailto:mariaeduarda_batista346@yahoo.com\">E-mail<\/a><\/li>\n\n\n\n<li><strong>Leia:<\/strong>&nbsp;<a href=\"https:\/\/espacocriativo.net\/?page_id=29563\" target=\"_blank\" rel=\"noreferrer noopener\">O Amor Se Lembrar\u00e1 \u2013 Escolhas Entre Incertezas<\/a>&nbsp;<em>{Original, N\u00e3o-Interativa, Finalizada}<\/em><\/li>\n<\/ul>\n\n\n\n<hr class=\"wp-block-separator has-css-opacity\"\/>\n\n\n\n<h2 class=\"wp-block-heading has-text-align-center\">Ideia #003<\/h2>\n\n\n<div class=\"wp-block-image\">\n<figure class=\"aligncenter size-large\"><img decoding=\"async\" src=\"https:\/\/espacocriativo.net\/adote\/wp-content\/uploads\/2023\/08\/OK-Meu-Amor-do-Passado-1024x279.png\" alt=\"\" class=\"wp-image-7245\"\/><\/figure>\n<\/div>\n\n\n<p><strong>Enviada por&nbsp;<a href=\"mailto:isabelle.castro005@gmail.com\">Belle Castro<\/a>.<\/strong><br><strong>M\u00fasica:<\/strong>&nbsp;<a rel=\"noreferrer noopener\" href=\"https:\/\/www.youtube.com\/watch?v=8FGwl7m0E1Y\" target=\"_blank\">Almost Famous \u2013 Noah Cyrus<\/a><br><strong>Fandom \/ G\u00eanero \/ Classifica\u00e7\u00e3o:<\/strong>&nbsp;Livre<\/p>\n\n\n\n<p class=\"has-text-align-center\"><strong>Esta ideia j\u00e1 foi reservada!<\/strong><\/p>\n\n\n\n<ul class=\"wp-block-list\">\n<li><strong>Nome:<\/strong>&nbsp;Samilla Way<\/li>\n\n\n\n<li><strong>Contato:<\/strong>&nbsp;<a href=\"mailto:samilla.way1@gmail.com\">E-mail<\/a><\/li>\n\n\n\n<li><strong>Leia:<\/strong>&nbsp;<a href=\"https:\/\/espacocriativo.net\/adote\/?p=5053\" target=\"_blank\" rel=\"noreferrer noopener\">Meu amor do passado<\/a>&nbsp;<em>{The Avengers, Finalizada}<\/em><\/li>\n<\/ul>\n\n\n\n<hr class=\"wp-block-separator has-css-opacity\"\/>\n\n\n\n<h2 class=\"wp-block-heading has-text-align-center\">Ideia #004<\/h2>\n\n\n\n<figure class=\"wp-block-image size-large\"><a href=\"https:\/\/espacocriativo.net\/adote\/?p=5468\"><img decoding=\"async\" src=\"https:\/\/espacocriativo.net\/adote\/wp-content\/uploads\/2021\/07\/missyou-1024x279.png\" alt=\"\" class=\"wp-image-6340\"\/><\/a><\/figure>\n\n\n\n<p><strong>Enviada por&nbsp;<a href=\"mailto:puddingmoncha@gmail.com\">lagrimas-estelares<\/a>.<\/strong><br><strong>M\u00fasica:<\/strong>&nbsp;<a rel=\"noreferrer noopener\" href=\"https:\/\/youtu.be\/GanQ7SZBhF4\" target=\"_blank\">Miss You \u2013 Louis Tomlinson<\/a><br><strong>Fandom \/ G\u00eanero \/ Classifica\u00e7\u00e3o:<\/strong>&nbsp;Livre<\/p>\n\n\n\n<p class=\"has-text-align-center\"><strong>Esta ideia j\u00e1 foi reservada!<\/strong><\/p>\n\n\n\n<ul class=\"wp-block-list\">\n<li><strong>Nome:<\/strong>&nbsp;Khloe Petit<\/li>\n\n\n\n<li><strong>Contato:<\/strong>&nbsp;<a href=\"mailto:khloepetit@gmail.com\">E-mail<\/a><\/li>\n\n\n\n<li><strong>Leia:<\/strong>&nbsp;<a href=\"https:\/\/espacocriativo.net\/adote\/?p=5468\" target=\"_blank\" rel=\"noreferrer noopener\">Miss You<\/a>&nbsp;<em>{Outros, Restrita, Finalizada}<\/em><\/li>\n<\/ul>\n","protected":false},"excerpt":{"rendered":"<p>Ideia #001 Enviada por&nbsp;Lay.M\u00fasica:&nbsp;Freak \u2013 Little MixFandom \/ G\u00eanero \/ Classifica\u00e7\u00e3o:&nbsp;Livre Esta ideia j\u00e1 foi reservada! Ideia #002 Enviada por&nbsp;Liv.M\u00fasica:&nbsp;Love [&hellip;]<\/p>\n","protected":false},"author":1,"featured_media":0,"parent":3931,"menu_order":0,"comment_status":"closed","ping_status":"closed","template":"iframe.php","meta":{"_acf_changed":false,"footnotes":""},"class_list":["post-5868","page","type-page","status-publish","hentry"],"acf":[],"_links":{"self":[{"href":"https:\/\/espacocriativo.net\/adote\/wp-json\/wp\/v2\/pages\/5868","targetHints":{"allow":["GET"]}}],"collection":[{"href":"https:\/\/espacocriativo.net\/adote\/wp-json\/wp\/v2\/pages"}],"about":[{"href":"https:\/\/espacocriativo.net\/adote\/wp-json\/wp\/v2\/types\/page"}],"author":[{"embeddable":true,"href":"https:\/\/espacocriativo.net\/adote\/wp-json\/wp\/v2\/users\/1"}],"replies":[{"embeddable":true,"href":"https:\/\/espacocriativo.net\/adote\/wp-json\/wp\/v2\/comments?post=5868"}],"version-history":[{"count":0,"href":"https:\/\/espacocriativo.net\/adote\/wp-json\/wp\/v2\/pages\/5868\/revisions"}],"up":[{"embeddable":true,"href":"https:\/\/espacocriativo.net\/adote\/wp-json\/wp\/v2\/pages\/3931"}],"wp:attachment":[{"href":"https:\/\/espacocriativo.net\/adote\/wp-json\/wp\/v2\/media?parent=5868"}],"curies":[{"name":"wp","href":"https:\/\/api.w.org\/{rel}","templated":true}]}}