{"id":5866,"date":"2022-03-04T12:53:33","date_gmt":"2022-03-04T12:53:33","guid":{"rendered":"https:\/\/espacocriativo.net\/adote\/?page_id=5866"},"modified":"2022-03-04T12:53:33","modified_gmt":"2022-03-04T12:53:33","slug":"temporada-005","status":"publish","type":"page","link":"https:\/\/espacocriativo.net\/adote\/songfics\/musicas-indisponiveis\/temporada-005\/","title":{"rendered":"Temporada #005"},"content":{"rendered":"\n<h2 class=\"wp-block-heading has-text-align-center\">Ideia #001<\/h2>\n\n\n<div class=\"wp-block-image\">\n<figure class=\"aligncenter size-large\"><img decoding=\"async\" src=\"https:\/\/espacocriativo.net\/adote\/wp-content\/uploads\/2023\/08\/OK-Minhas-Regras-1024x279.png\" alt=\"\" class=\"wp-image-7246\"\/><\/figure>\n<\/div>\n\n\n<p><strong>Enviada por&nbsp;<a href=\"mailto:livfernandes4@gmail.com\">Liv<\/a>.<\/strong><br><strong>M\u00fasica:<\/strong>&nbsp;<a href=\"https:\/\/www.youtube.com\/watch?v=k2qgadSvNyU\" target=\"_blank\" rel=\"noreferrer noopener\">New Rules \u2013 Dua Lipa<\/a><br><strong>Fandom \/ G\u00eanero \/ Classifica\u00e7\u00e3o:<\/strong>&nbsp;Livre<strong>Esta ideia j\u00e1 foi reservada!<\/strong><\/p>\n\n\n\n<ul class=\"wp-block-list\">\n<li><strong>Nome:<\/strong>&nbsp;Annelise Stengel<\/li>\n\n\n\n<li><strong>Contato:<\/strong>&nbsp;<a href=\"mailto:annelisestengel@gmail.com\">E-mail<\/a><\/li>\n\n\n\n<li><strong>Leia:<\/strong>&nbsp;<a href=\"https:\/\/espacocriativo.net\/adote\/?p=5057\" target=\"_blank\" rel=\"noreferrer noopener\">Minhas Regras<\/a>&nbsp;<em>{Outros, Finalizada}<\/em><\/li>\n<\/ul>\n\n\n\n<hr class=\"wp-block-separator has-css-opacity\"\/>\n\n\n\n<h2 class=\"wp-block-heading has-text-align-center\">Ideia #002<\/h2>\n\n\n<div class=\"wp-block-image\">\n<figure class=\"aligncenter size-large\"><img decoding=\"async\" src=\"https:\/\/espacocriativo.net\/adote\/wp-content\/uploads\/2023\/08\/OK-Aquela-Crianca-1024x279.png\" alt=\"\" class=\"wp-image-7221\"\/><\/figure>\n<\/div>\n\n\n<p><strong>Enviada por&nbsp;<a href=\"mailto:snow79729@gmail.com\">Victoria<\/a>.<\/strong><br><strong>M\u00fasica:<\/strong>&nbsp;<a href=\"https:\/\/www.youtube.com\/watch?v=1w7OgIMMRc4\" target=\"_blank\" rel=\"noreferrer noopener\">Sweet Child O\u2019 Mine \u2013 Guns N\u2019 Roses<\/a><br><strong>Fandom \/ G\u00eanero \/ Classifica\u00e7\u00e3o:<\/strong>&nbsp;Livre<strong>Esta ideia j\u00e1 foi reservada!<\/strong><\/p>\n\n\n\n<ul class=\"wp-block-list\">\n<li><strong>Nome:<\/strong>&nbsp;Natashia Kitamura<\/li>\n\n\n\n<li><strong>Contato:<\/strong>&nbsp;<a href=\"mailto:natashiamk@gmail.com\">E-mail<\/a><\/li>\n\n\n\n<li><strong>Leia:<\/strong>&nbsp;<a href=\"https:\/\/espacocriativo.net\/adote\/?p=4930\" target=\"_blank\" rel=\"noreferrer noopener\">Aquela Crian\u00e7a<\/a>&nbsp;<em>{Original, N\u00e3o-Interativa, Finalizada}<\/em><\/li>\n<\/ul>\n\n\n\n<hr class=\"wp-block-separator has-css-opacity\"\/>\n\n\n\n<h2 class=\"wp-block-heading has-text-align-center\">Ideia #003<\/h2>\n\n\n<div class=\"wp-block-image\">\n<figure class=\"aligncenter size-large\"><img decoding=\"async\" src=\"https:\/\/espacocriativo.net\/adote\/wp-content\/uploads\/2023\/08\/OK-A-Maldicao-de-San-Valentin-1024x279.png\" alt=\"\" class=\"wp-image-7218\"\/><\/figure>\n<\/div>\n\n\n<p><strong>Enviada por&nbsp;<a href=\"mailto:livgarcia7@gmail.com\">Lyra M<\/a>.<\/strong><br><strong>M\u00fasica:<\/strong>&nbsp;<a href=\"https:\/\/www.youtube.com\/watch?v=MkElfR_NPBI\" target=\"_blank\" rel=\"noreferrer noopener\">Black Magic \u2013 Little Mix<\/a><br><strong>Fandom \/ G\u00eanero \/ Classifica\u00e7\u00e3o:<\/strong>&nbsp;Livre<strong>Esta ideia j\u00e1 foi reservada!<\/strong><\/p>\n\n\n\n<ul class=\"wp-block-list\">\n<li><strong>Nome:<\/strong>&nbsp;Natashia Kitamura<\/li>\n\n\n\n<li><strong>Contato:<\/strong>&nbsp;<a href=\"mailto:natashiamk@gmail.com\">E-mail<\/a><\/li>\n\n\n\n<li><strong>Leia:<\/strong>&nbsp;<a href=\"https:\/\/espacocriativo.net\/adote\/?p=4939\" target=\"_blank\" rel=\"noreferrer noopener\">A Maldi\u00e7\u00e3o de San Valentin<\/a>&nbsp;<em>{Original, Finalizada}<\/em><\/li>\n<\/ul>\n","protected":false},"excerpt":{"rendered":"<p>Ideia #001 Enviada por&nbsp;Liv.M\u00fasica:&nbsp;New Rules \u2013 Dua LipaFandom \/ G\u00eanero \/ Classifica\u00e7\u00e3o:&nbsp;LivreEsta ideia j\u00e1 foi reservada! Ideia #002 Enviada por&nbsp;Victoria.M\u00fasica:&nbsp;Sweet [&hellip;]<\/p>\n","protected":false},"author":1,"featured_media":0,"parent":3931,"menu_order":0,"comment_status":"closed","ping_status":"closed","template":"iframe.php","meta":{"_acf_changed":false,"footnotes":""},"class_list":["post-5866","page","type-page","status-publish","hentry"],"acf":[],"_links":{"self":[{"href":"https:\/\/espacocriativo.net\/adote\/wp-json\/wp\/v2\/pages\/5866","targetHints":{"allow":["GET"]}}],"collection":[{"href":"https:\/\/espacocriativo.net\/adote\/wp-json\/wp\/v2\/pages"}],"about":[{"href":"https:\/\/espacocriativo.net\/adote\/wp-json\/wp\/v2\/types\/page"}],"author":[{"embeddable":true,"href":"https:\/\/espacocriativo.net\/adote\/wp-json\/wp\/v2\/users\/1"}],"replies":[{"embeddable":true,"href":"https:\/\/espacocriativo.net\/adote\/wp-json\/wp\/v2\/comments?post=5866"}],"version-history":[{"count":0,"href":"https:\/\/espacocriativo.net\/adote\/wp-json\/wp\/v2\/pages\/5866\/revisions"}],"up":[{"embeddable":true,"href":"https:\/\/espacocriativo.net\/adote\/wp-json\/wp\/v2\/pages\/3931"}],"wp:attachment":[{"href":"https:\/\/espacocriativo.net\/adote\/wp-json\/wp\/v2\/media?parent=5866"}],"curies":[{"name":"wp","href":"https:\/\/api.w.org\/{rel}","templated":true}]}}