{"id":5850,"date":"2022-03-04T12:29:00","date_gmt":"2022-03-04T12:29:00","guid":{"rendered":"https:\/\/espacocriativo.net\/adote\/?page_id=5850"},"modified":"2025-01-09T04:12:48","modified_gmt":"2025-01-09T07:12:48","slug":"temporada-019","status":"publish","type":"page","link":"https:\/\/espacocriativo.net\/adote\/songfics\/songfics-musicas-disponiveis\/temporada-019\/","title":{"rendered":"Temporada #019"},"content":{"rendered":"\n<h2 class=\"wp-block-heading has-text-align-center\">Ideia #002<\/h2>\n\n\n\n<p><strong>Enviada por&nbsp;<a href=\"mailto:nicolemanjiro@gmail.com\">Nicole Manjiro<\/a>.<\/strong><br><strong>M\u00fasica:<\/strong>&nbsp;<a rel=\"noreferrer noopener\" href=\"https:\/\/www.youtube.com\/watch?v=idUCYuVDAZ8\" target=\"_blank\">Popular \u2013 The Veronicas<\/a><br><strong>Fandom \/ G\u00eanero \/ Classifica\u00e7\u00e3o:<\/strong>&nbsp;Livre<\/p>\n\n\n\n<blockquote class=\"wp-block-quote is-layout-flow wp-block-quote-is-layout-flow\">\n<p class=\"has-text-align-center\"><strong>Para adotar, complete o formul\u00e1rio a seguir:&nbsp;<a href=\"https:\/\/espacocriativo.net\/adote\/?page_id=594\">Link<\/a><\/strong><\/p>\n<\/blockquote>\n","protected":false},"excerpt":{"rendered":"<p>Ideia #002 Enviada por&nbsp;Nicole Manjiro.M\u00fasica:&nbsp;Popular \u2013 The VeronicasFandom \/ G\u00eanero \/ Classifica\u00e7\u00e3o:&nbsp;Livre Para adotar, complete o formul\u00e1rio a seguir:&nbsp;Link<\/p>\n","protected":false},"author":1,"featured_media":0,"parent":3928,"menu_order":0,"comment_status":"closed","ping_status":"closed","template":"iframe.php","meta":{"_acf_changed":false,"footnotes":""},"class_list":["post-5850","page","type-page","status-publish","hentry"],"acf":[],"_links":{"self":[{"href":"https:\/\/espacocriativo.net\/adote\/wp-json\/wp\/v2\/pages\/5850","targetHints":{"allow":["GET"]}}],"collection":[{"href":"https:\/\/espacocriativo.net\/adote\/wp-json\/wp\/v2\/pages"}],"about":[{"href":"https:\/\/espacocriativo.net\/adote\/wp-json\/wp\/v2\/types\/page"}],"author":[{"embeddable":true,"href":"https:\/\/espacocriativo.net\/adote\/wp-json\/wp\/v2\/users\/1"}],"replies":[{"embeddable":true,"href":"https:\/\/espacocriativo.net\/adote\/wp-json\/wp\/v2\/comments?post=5850"}],"version-history":[{"count":1,"href":"https:\/\/espacocriativo.net\/adote\/wp-json\/wp\/v2\/pages\/5850\/revisions"}],"predecessor-version":[{"id":8233,"href":"https:\/\/espacocriativo.net\/adote\/wp-json\/wp\/v2\/pages\/5850\/revisions\/8233"}],"up":[{"embeddable":true,"href":"https:\/\/espacocriativo.net\/adote\/wp-json\/wp\/v2\/pages\/3928"}],"wp:attachment":[{"href":"https:\/\/espacocriativo.net\/adote\/wp-json\/wp\/v2\/media?parent=5850"}],"curies":[{"name":"wp","href":"https:\/\/api.w.org\/{rel}","templated":true}]}}