{"id":5847,"date":"2022-03-04T12:24:18","date_gmt":"2022-03-04T12:24:18","guid":{"rendered":"https:\/\/espacocriativo.net\/adote\/?page_id=5847"},"modified":"2024-11-07T14:41:17","modified_gmt":"2024-11-07T17:41:17","slug":"temporada-018","status":"publish","type":"page","link":"https:\/\/espacocriativo.net\/adote\/songfics\/songfics-musicas-disponiveis\/temporada-018\/","title":{"rendered":"Temporada #018"},"content":{"rendered":"\n<h2 class=\"wp-block-heading has-text-align-center\">Ideia #002<\/h2>\n\n\n\n<p><strong>Enviada por&nbsp;<a href=\"mailto:lelenzets@gmail.com\">Lelen<\/a>.<\/strong><br><strong>M\u00fasica:<\/strong>&nbsp;<a rel=\"noreferrer noopener\" href=\"https:\/\/www.youtube.com\/watch?v=jhKu95eWIz0\" target=\"_blank\">Your Eyes Tell \u2013 BTS<\/a><br><strong>Fandom \/ G\u00eanero \/ Classifica\u00e7\u00e3o:<\/strong>&nbsp;Livre<\/p>\n\n\n\n<p class=\"has-text-align-center\"><strong>Para adotar, complete o formul\u00e1rio a seguir:&nbsp;<a href=\"https:\/\/espacocriativo.net\/adote\/?page_id=594\">Link<\/a><\/strong><\/p>\n","protected":false},"excerpt":{"rendered":"<p>Ideia #002 Enviada por&nbsp;Lelen.M\u00fasica:&nbsp;Your Eyes Tell \u2013 BTSFandom \/ G\u00eanero \/ Classifica\u00e7\u00e3o:&nbsp;Livre Para adotar, complete o formul\u00e1rio a seguir:&nbsp;Link<\/p>\n","protected":false},"author":1,"featured_media":0,"parent":3928,"menu_order":0,"comment_status":"closed","ping_status":"closed","template":"iframe.php","meta":{"_acf_changed":false,"footnotes":""},"class_list":["post-5847","page","type-page","status-publish","hentry"],"acf":[],"_links":{"self":[{"href":"https:\/\/espacocriativo.net\/adote\/wp-json\/wp\/v2\/pages\/5847","targetHints":{"allow":["GET"]}}],"collection":[{"href":"https:\/\/espacocriativo.net\/adote\/wp-json\/wp\/v2\/pages"}],"about":[{"href":"https:\/\/espacocriativo.net\/adote\/wp-json\/wp\/v2\/types\/page"}],"author":[{"embeddable":true,"href":"https:\/\/espacocriativo.net\/adote\/wp-json\/wp\/v2\/users\/1"}],"replies":[{"embeddable":true,"href":"https:\/\/espacocriativo.net\/adote\/wp-json\/wp\/v2\/comments?post=5847"}],"version-history":[{"count":5,"href":"https:\/\/espacocriativo.net\/adote\/wp-json\/wp\/v2\/pages\/5847\/revisions"}],"predecessor-version":[{"id":8112,"href":"https:\/\/espacocriativo.net\/adote\/wp-json\/wp\/v2\/pages\/5847\/revisions\/8112"}],"up":[{"embeddable":true,"href":"https:\/\/espacocriativo.net\/adote\/wp-json\/wp\/v2\/pages\/3928"}],"wp:attachment":[{"href":"https:\/\/espacocriativo.net\/adote\/wp-json\/wp\/v2\/media?parent=5847"}],"curies":[{"name":"wp","href":"https:\/\/api.w.org\/{rel}","templated":true}]}}