{"id":5843,"date":"2022-03-04T12:19:50","date_gmt":"2022-03-04T12:19:50","guid":{"rendered":"https:\/\/espacocriativo.net\/adote\/?page_id=5843"},"modified":"2022-03-04T12:19:50","modified_gmt":"2022-03-04T12:19:50","slug":"temporada-016","status":"publish","type":"page","link":"https:\/\/espacocriativo.net\/adote\/songfics\/songfics-musicas-disponiveis\/temporada-016\/","title":{"rendered":"Temporada #016"},"content":{"rendered":"\n<h2 class=\"has-text-align-center wp-block-heading\">Ideia #001<\/h2>\n\n\n\n<p><strong>Enviada por&nbsp;<a href=\"mailto:lelenzets@gmail.com\">Lelen<\/a>.<\/strong><br><strong>M\u00fasica:<\/strong>&nbsp;<a href=\"https:\/\/www.youtube.com\/watch?v=ccbKFBMvmoQ\" target=\"_blank\" rel=\"noreferrer noopener\">Jaded \u2013 ONE OK ROCK ft Alex Gaskarth<\/a><br><strong>Fandom \/ G\u00eanero \/ Classifica\u00e7\u00e3o:<\/strong>&nbsp;Livre<\/p>\n\n\n\n<blockquote class=\"wp-block-quote is-layout-flow wp-block-quote-is-layout-flow\"><p><strong>Para adotar, complete o formul\u00e1rio a seguir:&nbsp;<a href=\"https:\/\/espacocriativo.net\/adote\/?page_id=594\">Link<\/a><\/strong><\/p><\/blockquote>\n\n\n\n<hr class=\"wp-block-separator\"\/>\n\n\n\n<h2 class=\"has-text-align-center wp-block-heading\">Ideia #002<\/h2>\n\n\n\n<p><strong>Enviada por&nbsp;<a href=\"mailto:danielecabralsc@gmail.com\">Lostanny<\/a>.<\/strong><br><strong>M\u00fasica:<\/strong>&nbsp;<a href=\"https:\/\/youtu.be\/gToK4sMcSY8\" target=\"_blank\" rel=\"noreferrer noopener\">The Only Difference Between Martyrdon and Suicide Is Press Coverages \u2013 Panic! At The Disco<\/a><br><strong>Fandom \/ G\u00eanero \/ Classifica\u00e7\u00e3o:<\/strong>&nbsp;Livre<\/p>\n\n\n\n<blockquote class=\"wp-block-quote is-layout-flow wp-block-quote-is-layout-flow\"><p><strong>Para adotar, complete o formul\u00e1rio a seguir:&nbsp;<a href=\"https:\/\/espacocriativo.net\/adote\/?page_id=594\">Link<\/a><\/strong><\/p><\/blockquote>\n","protected":false},"excerpt":{"rendered":"<p>Ideia #001 Enviada por&nbsp;Lelen.M\u00fasica:&nbsp;Jaded \u2013 ONE OK ROCK ft Alex GaskarthFandom \/ G\u00eanero \/ Classifica\u00e7\u00e3o:&nbsp;Livre Para adotar, complete o formul\u00e1rio [&hellip;]<\/p>\n","protected":false},"author":1,"featured_media":0,"parent":3928,"menu_order":0,"comment_status":"closed","ping_status":"closed","template":"iframe.php","meta":{"_acf_changed":false,"footnotes":""},"class_list":["post-5843","page","type-page","status-publish","hentry"],"acf":[],"_links":{"self":[{"href":"https:\/\/espacocriativo.net\/adote\/wp-json\/wp\/v2\/pages\/5843","targetHints":{"allow":["GET"]}}],"collection":[{"href":"https:\/\/espacocriativo.net\/adote\/wp-json\/wp\/v2\/pages"}],"about":[{"href":"https:\/\/espacocriativo.net\/adote\/wp-json\/wp\/v2\/types\/page"}],"author":[{"embeddable":true,"href":"https:\/\/espacocriativo.net\/adote\/wp-json\/wp\/v2\/users\/1"}],"replies":[{"embeddable":true,"href":"https:\/\/espacocriativo.net\/adote\/wp-json\/wp\/v2\/comments?post=5843"}],"version-history":[{"count":0,"href":"https:\/\/espacocriativo.net\/adote\/wp-json\/wp\/v2\/pages\/5843\/revisions"}],"up":[{"embeddable":true,"href":"https:\/\/espacocriativo.net\/adote\/wp-json\/wp\/v2\/pages\/3928"}],"wp:attachment":[{"href":"https:\/\/espacocriativo.net\/adote\/wp-json\/wp\/v2\/media?parent=5843"}],"curies":[{"name":"wp","href":"https:\/\/api.w.org\/{rel}","templated":true}]}}