{"id":5841,"date":"2022-03-04T12:18:42","date_gmt":"2022-03-04T12:18:42","guid":{"rendered":"https:\/\/espacocriativo.net\/adote\/?page_id=5841"},"modified":"2024-06-18T10:48:14","modified_gmt":"2024-06-18T13:48:14","slug":"temporada-015","status":"publish","type":"page","link":"https:\/\/espacocriativo.net\/adote\/songfics\/songfics-musicas-disponiveis\/temporada-015\/","title":{"rendered":"Temporada #015"},"content":{"rendered":"\n<h2 class=\"wp-block-heading has-text-align-center\">Ideia #001<\/h2>\n\n\n\n<p><strong>Enviada por&nbsp;<a href=\"mailto:nickgarciama145@gmail.com\">mercury<\/a>.<\/strong><br><strong>M\u00fasica:<\/strong>&nbsp;<a href=\"https:\/\/www.youtube.com\/watch?v=HWSqv-xsc5o\" target=\"_blank\" rel=\"noreferrer noopener\">Roaring 20s \u2013 Panic! At The Disco<\/a><br><strong>Fandom \/ G\u00eanero \/ Classifica\u00e7\u00e3o:<\/strong>&nbsp;Livre<\/p>\n\n\n\n<blockquote class=\"wp-block-quote is-layout-flow wp-block-quote-is-layout-flow\">\n<p><strong>Para adotar, complete o formul\u00e1rio a seguir:&nbsp;<a href=\"https:\/\/espacocriativo.net\/adote\/?page_id=594\">Link<\/a><\/strong><\/p>\n<\/blockquote>\n\n\n\n<hr class=\"wp-block-separator has-css-opacity\"\/>\n\n\n\n<h2 class=\"wp-block-heading has-text-align-center\">Ideia #003<\/h2>\n\n\n\n<p><strong>Enviada por&nbsp;<a href=\"mailto:juliacastro956@gmail.com\">Jubs<\/a>.<\/strong><br><strong>M\u00fasica:<\/strong>&nbsp;<a href=\"https:\/\/www.youtube.com\/watch?v=nfs8NYg7yQM\" target=\"_blank\" rel=\"noreferrer noopener\">Attention \u2013 Charlie Puth<\/a><br><strong>Fandom \/ G\u00eanero \/ Classifica\u00e7\u00e3o:<\/strong>&nbsp;Livre<\/p>\n\n\n\n<blockquote class=\"wp-block-quote is-layout-flow wp-block-quote-is-layout-flow\">\n<p><strong>Para adotar, complete o formul\u00e1rio a seguir:&nbsp;<a href=\"https:\/\/espacocriativo.net\/adote\/?page_id=594\">Link<\/a><\/strong><\/p>\n<\/blockquote>\n","protected":false},"excerpt":{"rendered":"<p>Ideia #001 Enviada por&nbsp;mercury.M\u00fasica:&nbsp;Roaring 20s \u2013 Panic! At The DiscoFandom \/ G\u00eanero \/ Classifica\u00e7\u00e3o:&nbsp;Livre Para adotar, complete o formul\u00e1rio a [&hellip;]<\/p>\n","protected":false},"author":1,"featured_media":0,"parent":3928,"menu_order":0,"comment_status":"closed","ping_status":"closed","template":"iframe.php","meta":{"_acf_changed":false,"footnotes":""},"class_list":["post-5841","page","type-page","status-publish","hentry"],"acf":[],"_links":{"self":[{"href":"https:\/\/espacocriativo.net\/adote\/wp-json\/wp\/v2\/pages\/5841","targetHints":{"allow":["GET"]}}],"collection":[{"href":"https:\/\/espacocriativo.net\/adote\/wp-json\/wp\/v2\/pages"}],"about":[{"href":"https:\/\/espacocriativo.net\/adote\/wp-json\/wp\/v2\/types\/page"}],"author":[{"embeddable":true,"href":"https:\/\/espacocriativo.net\/adote\/wp-json\/wp\/v2\/users\/1"}],"replies":[{"embeddable":true,"href":"https:\/\/espacocriativo.net\/adote\/wp-json\/wp\/v2\/comments?post=5841"}],"version-history":[{"count":1,"href":"https:\/\/espacocriativo.net\/adote\/wp-json\/wp\/v2\/pages\/5841\/revisions"}],"predecessor-version":[{"id":7906,"href":"https:\/\/espacocriativo.net\/adote\/wp-json\/wp\/v2\/pages\/5841\/revisions\/7906"}],"up":[{"embeddable":true,"href":"https:\/\/espacocriativo.net\/adote\/wp-json\/wp\/v2\/pages\/3928"}],"wp:attachment":[{"href":"https:\/\/espacocriativo.net\/adote\/wp-json\/wp\/v2\/media?parent=5841"}],"curies":[{"name":"wp","href":"https:\/\/api.w.org\/{rel}","templated":true}]}}