{"id":5833,"date":"2022-03-04T12:12:15","date_gmt":"2022-03-04T12:12:15","guid":{"rendered":"https:\/\/espacocriativo.net\/adote\/?page_id=5833"},"modified":"2022-03-04T12:12:15","modified_gmt":"2022-03-04T12:12:15","slug":"temporada-completa","status":"publish","type":"page","link":"https:\/\/espacocriativo.net\/adote\/songfics\/temporada-completa\/","title":{"rendered":"Temporada completa"},"content":{"rendered":"\n<p class=\"has-text-align-center\">Todas as m\u00fasicas desta temporada t\u00eam hist\u00f3ria!<\/p>\n","protected":false},"excerpt":{"rendered":"<p>Todas as m\u00fasicas desta temporada t\u00eam hist\u00f3ria!<\/p>\n","protected":false},"author":1,"featured_media":0,"parent":3923,"menu_order":0,"comment_status":"closed","ping_status":"closed","template":"iframe.php","meta":{"_acf_changed":false,"footnotes":""},"class_list":["post-5833","page","type-page","status-publish","hentry"],"acf":[],"_links":{"self":[{"href":"https:\/\/espacocriativo.net\/adote\/wp-json\/wp\/v2\/pages\/5833","targetHints":{"allow":["GET"]}}],"collection":[{"href":"https:\/\/espacocriativo.net\/adote\/wp-json\/wp\/v2\/pages"}],"about":[{"href":"https:\/\/espacocriativo.net\/adote\/wp-json\/wp\/v2\/types\/page"}],"author":[{"embeddable":true,"href":"https:\/\/espacocriativo.net\/adote\/wp-json\/wp\/v2\/users\/1"}],"replies":[{"embeddable":true,"href":"https:\/\/espacocriativo.net\/adote\/wp-json\/wp\/v2\/comments?post=5833"}],"version-history":[{"count":0,"href":"https:\/\/espacocriativo.net\/adote\/wp-json\/wp\/v2\/pages\/5833\/revisions"}],"up":[{"embeddable":true,"href":"https:\/\/espacocriativo.net\/adote\/wp-json\/wp\/v2\/pages\/3923"}],"wp:attachment":[{"href":"https:\/\/espacocriativo.net\/adote\/wp-json\/wp\/v2\/media?parent=5833"}],"curies":[{"name":"wp","href":"https:\/\/api.w.org\/{rel}","templated":true}]}}