{"id":5798,"date":"2022-03-03T20:20:38","date_gmt":"2022-03-03T20:20:38","guid":{"rendered":"https:\/\/espacocriativo.net\/adote\/?page_id=5798"},"modified":"2022-03-03T20:20:38","modified_gmt":"2022-03-03T20:20:38","slug":"leitor-criativo-regras-de-participacao","status":"publish","type":"page","link":"https:\/\/espacocriativo.net\/adote\/leitor-criativo-regras-de-participacao\/","title":{"rendered":"Regras de Participa\u00e7\u00e3o"},"content":{"rendered":"\n<p>O Leitor Criativo \u00e9 um projeto destinados aos leitores que possuem ideias incr\u00edveis e que gostaria de v\u00ea-las desenvolvidas e dispon\u00edvel online para leitura.<br>Diferente do Adote, as ideias do Leitor Criativo possuem prazo de escrita em suas atualiza\u00e7\u00f5es, garantindo que a hist\u00f3ria seja finalizada.<\/p>\n\n\n\n<p>O Leitor entra na hist\u00f3ria como idealizador, o dono da ideia daquele enredo. J\u00e1 os autores, respons\u00e1veis pela escrita e desenvolvimento, ter\u00e3o os cr\u00e9ditos dispon\u00edveis no in\u00edcio de cada cap\u00edtulo escrito por ele*.<\/p>\n\n\n\n<p>A ideia do projeto \u00e9 produzir hist\u00f3rias para leitores que ainda n\u00e3o t\u00eam seguran\u00e7a em sua escrita, mas que desejam ver suas ideias desenvolvidas e postadas online. Se voc\u00ea \u00e9 autor, colabore com o projeto e garanta a alegria de um leitor! <a rel=\"noreferrer noopener\" href=\"https:\/\/espacocriativo.net\/adote\/?page_id=4873\" target=\"_blank\">Inscreva-se aqui.<\/a><\/p>\n\n\n\n<p><small>*A autoria do autor que desenvolveu a hist\u00f3ria \u00e9 anunciada na tabela da fanfic somente no caso dele ter escrito a fanfic inteira sozinho. Mais de um autor escrevendo a hist\u00f3ria, os cr\u00e9ditos da co-autoria estar\u00e3o no cap\u00edtulo escrito pelo mesmo.<\/small><\/p>\n\n\n\n<h2 class=\"wp-block-heading\">COMO FUNCIONA<\/h2>\n\n\n\n<ol class=\"wp-block-list\"><li>O <strong>Leitor<\/strong> dever\u00e1 doar uma ideia (<a href=\"http:\/\/espacocriativo.net\/adote\/?page_id=596\">formul\u00e1rio<\/a>), selecionando as op\u00e7\u00f5es <strong>Leitor Criativo<\/strong> OU\u00a0<strong>Ambos<\/strong>*.<\/li><li>O <strong>Autor<\/strong> dever\u00e1 se inscrever (<a href=\"https:\/\/espacocriativo.net\/adote\/?page_id=4873\">formul\u00e1rio<\/a>), mantendo sempre seu e-mail de contato atualizado.<\/li><li>Todas as ideias ser\u00e3o enviadas a todos os autores inscritos que estiverem dispon\u00edveis. Se tornar\u00e1 o autor da ideia, aquele que se manifestar primeiro, via e-mail, \u00e0 administra\u00e7\u00e3o do projeto. Demais inscri\u00e7\u00f5es feitas ser\u00e3o colocadas em uma lista de espera.<\/li><li>Adotada a ideia, a postagem do 1\u00ba cap\u00edtulo deve ser feita dentro do prazo de <strong>1 m\u00eas<\/strong>.<\/li><li>Postada a fanfic, o autor dever\u00e1 enviar as atualiza\u00e7\u00f5es quinzenalmente, ou seja, a cada 15 dias. O n\u00e3o envio dentro do prazo garante ao autor 1 falta. 3* faltas consecutivas, ou seja, n\u00e3o atualizar por 3 vezes seguidas, faz com que o autor seja retirado da fanfic e outro possa entrar em seu lugar, continuando a escrever a hist\u00f3ria.<br>Diferente do Adote Uma Ideia, a hist\u00f3ria j\u00e1 desenvolvida n\u00e3o \u00e9 retirada do ar e o cr\u00e9dito do autor anterior \u00e9 mantido nos cap\u00edtulos escritos por ele.<\/li><\/ol>\n\n\n\n<blockquote class=\"wp-block-quote is-layout-flow wp-block-quote-is-layout-flow\"><p><strong>Extra!<\/strong><br>Autores participantes podem selecionar uma ideia dispon\u00edvel do <em>Adote uma Ideia<\/em> para desenvolver a qualquer momento, valendo as regras do Leitor Criativo. Neste caso:<\/p><\/blockquote>\n\n\n\n<ol class=\"wp-block-list\"><li>O(s) autor(es) participante(s) ser\u00e1(\u00e3o) o(s) \u00fanico(s) autor(es) creditado(s) na hist\u00f3ria.<\/li><li>Outros autores poder\u00e3o se inscrever para escrever tal fanfic, caso o primeiro seja retirado da responsabilidade (por n\u00e3o atualizar a fanfic 3 vezes consecutivas, de acordo com os prazos estipulados pelas regras do Leitor Criativo).<\/li><li>Na falta de autores inscritos, a fanfic \u00e9 retirada do site por falta de atualiza\u00e7\u00e3o e a ideia volta a ficar dispon\u00edvel no Adote Uma Ideia.<\/li><li>Por n\u00e3o haver n\u00famero definido de cap\u00edtulos, o autor que adotar a ideia dever\u00e1 informar para a administra\u00e7\u00e3o do projeto o n\u00famero de cap\u00edtulos entre 5-15 \u2013 tal informa\u00e7\u00e3o n\u00e3o poder\u00e1 ser alterada posteriormente.<\/li><\/ol>\n\n\n\n<p><small><strong>*<\/strong> Ao selecionar a op\u00e7\u00e3o <strong>AMBOS<\/strong>, a ideia permanecer\u00e1 dispon\u00edvel para ado\u00e7\u00e3o exclusivamente no Leitor Criativo pelo per\u00edodo de 1 m\u00eas. Ap\u00f3s esse prazo, ela ser\u00e1 transferida para o Adote Uma Ideia.<br> J\u00e1 a op\u00e7\u00e3o <strong>LEITOR CRIATIVO<\/strong> faz com que a ideia permane\u00e7a dispon\u00edvel exclusivamente neste projeto pelo per\u00edodo de 3 meses consecutivos. Ap\u00f3s esse prazo, a ideia ser\u00e1 transferida para o Adote Uma Ideia.<br> <strong>*<\/strong> Autores VIP possuem direito a 4 faltas consecutivas. Saiba como se tornar VIP gratuitamente <a href=\"https:\/\/espacocriativo.net\/vip\">aqui<\/a>.<\/small><\/p>\n\n\n\n<blockquote class=\"wp-block-quote has-text-align-center is-layout-flow wp-block-quote-is-layout-flow\"><p>Se voc\u00ea \u00e9 autor, participe se inscrevendo! Clique <a href=\"http:\/\/espacocriativo.net\/adote\/?page_id=4873\">aqui<\/a>.<\/p><\/blockquote>\n","protected":false},"excerpt":{"rendered":"<p>O Leitor Criativo \u00e9 um projeto destinados aos leitores que possuem ideias incr\u00edveis e que gostaria de v\u00ea-las desenvolvidas e [&hellip;]<\/p>\n","protected":false},"author":1,"featured_media":0,"parent":0,"menu_order":0,"comment_status":"closed","ping_status":"closed","template":"modelo-leitor-internas.php","meta":{"_acf_changed":false,"footnotes":""},"class_list":["post-5798","page","type-page","status-publish","hentry"],"acf":[],"_links":{"self":[{"href":"https:\/\/espacocriativo.net\/adote\/wp-json\/wp\/v2\/pages\/5798","targetHints":{"allow":["GET"]}}],"collection":[{"href":"https:\/\/espacocriativo.net\/adote\/wp-json\/wp\/v2\/pages"}],"about":[{"href":"https:\/\/espacocriativo.net\/adote\/wp-json\/wp\/v2\/types\/page"}],"author":[{"embeddable":true,"href":"https:\/\/espacocriativo.net\/adote\/wp-json\/wp\/v2\/users\/1"}],"replies":[{"embeddable":true,"href":"https:\/\/espacocriativo.net\/adote\/wp-json\/wp\/v2\/comments?post=5798"}],"version-history":[{"count":0,"href":"https:\/\/espacocriativo.net\/adote\/wp-json\/wp\/v2\/pages\/5798\/revisions"}],"wp:attachment":[{"href":"https:\/\/espacocriativo.net\/adote\/wp-json\/wp\/v2\/media?parent=5798"}],"curies":[{"name":"wp","href":"https:\/\/api.w.org\/{rel}","templated":true}]}}