{"id":5751,"date":"2022-03-01T13:17:24","date_gmt":"2022-03-01T13:17:24","guid":{"rendered":"https:\/\/espacocriativo.net\/adote\/?page_id=5751"},"modified":"2023-09-12T12:55:27","modified_gmt":"2023-09-12T15:55:27","slug":"letra-p","status":"publish","type":"page","link":"https:\/\/espacocriativo.net\/adote\/autores\/letra-p\/","title":{"rendered":"Letra P"},"content":{"rendered":"<p><strong>Nome:<\/strong> P\u00e2ms<br \/>\n<strong>Portf\u00f3lio:<\/strong> <a href=\"https:\/\/espacocriativo.net\/autor\/p\/pams\" target=\"_blank\" rel=\"noopener\">Lista de hist\u00f3rias<\/a><br \/>\n<strong>Fandom:<\/strong> Originais \u2013 Kpop<br \/>\n<strong>G\u00eanero:<\/strong> Romance | A\u00e7\u00e3o<br \/>\n<strong>Obs.:<\/strong> N\u00c3O escrevo fics restritas!<\/p>\n<p><strong>FANFICS EM ANDAMENTO<br \/>\n<\/strong>\u2022\u00a0<a href=\"https:\/\/espacocriativo.net\/web\/v\/visium\" target=\"_blank\" rel=\"noopener noreferrer\">Visium<\/a> <em>{Outros, Andamento}<\/em><\/p>\n<p><strong>FANFICS FINALIZADAS<\/strong><br \/>\n\u2022 <a href=\"https:\/\/espacocriativo.net\/web\/s\/sangueechocolate\" target=\"_blank\" rel=\"noopener noreferrer\">Sangue e Chocolate<\/a> <em>{Outros, Finalizada}<br \/>\n<\/em>\u2022 <a href=\"https:\/\/espacocriativo.net\/adote\/?p=5656\" target=\"_blank\" rel=\"noopener noreferrer\">United Dreams<\/a> <em>{Now United, Finalizada}<br \/>\n<\/em><\/p>\n<blockquote>\n<p style=\"text-align: center;\">Participe do Leitor Criativo como autor! <a href=\"https:\/\/espacocriativo.net\/adote\/?page_id=4873\">Inscreva-se aqui.<\/a><\/p>\n<\/blockquote>\n","protected":false},"excerpt":{"rendered":"<p>Nome: P\u00e2ms Portf\u00f3lio: Lista de hist\u00f3rias Fandom: Originais \u2013 Kpop G\u00eanero: Romance | A\u00e7\u00e3o Obs.: N\u00c3O escrevo fics restritas! FANFICS [&hellip;]<\/p>\n","protected":false},"author":1,"featured_media":0,"parent":4878,"menu_order":0,"comment_status":"closed","ping_status":"closed","template":"iframe.php","meta":{"_acf_changed":false,"footnotes":""},"class_list":["post-5751","page","type-page","status-publish","hentry"],"acf":[],"_links":{"self":[{"href":"https:\/\/espacocriativo.net\/adote\/wp-json\/wp\/v2\/pages\/5751","targetHints":{"allow":["GET"]}}],"collection":[{"href":"https:\/\/espacocriativo.net\/adote\/wp-json\/wp\/v2\/pages"}],"about":[{"href":"https:\/\/espacocriativo.net\/adote\/wp-json\/wp\/v2\/types\/page"}],"author":[{"embeddable":true,"href":"https:\/\/espacocriativo.net\/adote\/wp-json\/wp\/v2\/users\/1"}],"replies":[{"embeddable":true,"href":"https:\/\/espacocriativo.net\/adote\/wp-json\/wp\/v2\/comments?post=5751"}],"version-history":[{"count":1,"href":"https:\/\/espacocriativo.net\/adote\/wp-json\/wp\/v2\/pages\/5751\/revisions"}],"predecessor-version":[{"id":7664,"href":"https:\/\/espacocriativo.net\/adote\/wp-json\/wp\/v2\/pages\/5751\/revisions\/7664"}],"up":[{"embeddable":true,"href":"https:\/\/espacocriativo.net\/adote\/wp-json\/wp\/v2\/pages\/4878"}],"wp:attachment":[{"href":"https:\/\/espacocriativo.net\/adote\/wp-json\/wp\/v2\/media?parent=5751"}],"curies":[{"name":"wp","href":"https:\/\/api.w.org\/{rel}","templated":true}]}}