{"id":5631,"date":"2021-12-19T18:09:48","date_gmt":"2021-12-19T18:09:48","guid":{"rendered":"https:\/\/espacocriativo.net\/adote\/?page_id=5631"},"modified":"2026-04-28T22:37:51","modified_gmt":"2026-04-29T01:37:51","slug":"ideias-251-a-260","status":"publish","type":"page","link":"https:\/\/espacocriativo.net\/adote\/disponiveis\/ideias-251-a-260\/","title":{"rendered":"Ideias \u00bb #251 a #260"},"content":{"rendered":"\n<p class=\"has-text-align-center\">Antes de adotar, confira as <a href=\"https:\/\/espacocriativo.net\/adote\/?page_id=609\">regras do jogo<\/a>.<\/p>\n\n\n\n<p class=\"has-text-align-center\"><a href=\"#251\">#251<\/a>\u00a0| <a href=\"#252\">#252<\/a> | <a href=\"#253\">#253<\/a> | <a href=\"#254\">#254<\/a> | <a href=\"#255\">#255<\/a>\u00a0| <a href=\"#256\">#256<\/a> | <a href=\"#257\">#257<\/a> | <a href=\"#258\">#258<\/a> | <a href=\"#259\">#259<\/a><\/p>\n\n\n\n<hr class=\"wp-block-separator has-alpha-channel-opacity\"\/>\n\n\n\n<h2 class=\"wp-block-heading has-text-align-center\">Ideia #251<\/h2>\n\n\n\n<p><a name=\"251\"><\/a><strong>Doada por <i>Aura.<\/i><\/strong><br>\n<strong>Resumo:<\/strong> Ela e ele s\u00e3o melhores amigos desde a inf\u00e2ncia e dividem o mesmo neur\u00f4nio. S\u00e3o dois seres encrenqueiros que n\u00e3o fazem ideia de como se envolvem em problemas, mas sempre que tentam resolver algo, a confus\u00e3o s\u00f3 aumenta. Seus problemas s\u00f3 s\u00e3o esquecidos quando MAIORES aparecem pelo caminho e anulam os anteriores. Eles trabalham pra um caf\u00e9 famoso por al\u00e9m do caf\u00e9, fazer voc\u00ea encontrar sua alma g\u00eamea (Akai ito: A lenda de que no seu dedo mindinho existe uma linha vermelha, e a outra ponta est\u00e1 ligada com sua alma g\u00eamea; n\u00e3o importa quanto tempo, voc\u00eas v\u00e3o se encontrar); um dia os dois se confundem e fazem um casal se apaixonar pelas pessoas erradas. Agora, o casal destinado a ficar junto est\u00e1 causando uma completa confus\u00e3o emaranhado os fios, e fazendo com que as outras pessoas se apaixonem por eles. S\u00f3 h\u00e1 um por\u00e9m, nisso tudo, um desse casal e apaixonado perdidamente pelo Protagonista, e ele, embora jamais v\u00e1 admitir, e apaixonado pela Protagonista, sua melhor amiga, mas ela nunca amou ningu\u00e9m, at\u00e9 agora. Mas quem \u00e9 essa pessoa?<br>\n<strong>Fandom:<\/strong> Livre<br>\n<strong>G\u00eanero:<\/strong> Com\u00e9dia \/ Romance \/ Fic\u00e7\u00e3o Cient\u00edfica<br>\n<strong>Nota:<\/strong> Inspirado em &#8220;Sonho de Uma Noite de Ver\u00e3o&#8221;.<br>\n<strong>Sugest\u00e3o:<\/strong> &#8212;<br>\n<strong>Contato:<\/strong> <a href=\"mailto:beckeraura956@gmail.com\">E-mail<\/a><\/p>\n\n\n\n<p class=\"has-text-align-center\"><strong>Para adotar, complete o formul\u00e1rio a seguir: <a href=\"https:\/\/espacocriativo.net\/adote\/?page_id=594\">Link<\/a><\/strong><\/p>\n\n\n\n<hr class=\"wp-block-separator has-alpha-channel-opacity\"\/>\n\n\n\n<h2 class=\"wp-block-heading has-text-align-center\">Ideia #252<\/h2>\n\n\n\n<p><strong>Doada por <em>Aura<\/em>.<\/strong><br><strong>Resumo:<\/strong> Ela comanda um grupo de piratas, \u00e9 famosa por ser uma das melhores e mais implac\u00e1veis piratas que j\u00e1 existiram. Um dia, um estranho chega e lhe faz uma oferta: &#8220;invadir a pris\u00e3o e matar um prisioneiro, sem ser pega e ent\u00e3o ela receberia dinheiro o suficiente para nunca se preocupar com algo outra vez; do contr\u00e1rio, ela seria morta ali mesmo&#8221;. Ela aceita, \u00e9 claro. A boa not\u00edcia, \u00e9 que ela consegue invadir a pris\u00e3o, a m\u00e1 not\u00edcia, \u00e9 que o alvo dela \u00e9 a \u00faltima pessoa que esperava ver. \u00c9 o pr\u00f3prio Imperador, seu marido.<br><strong>Fandom:<\/strong> Livre<br><strong>G\u00eanero:<\/strong> Fantasia \u00c9pica<br><strong>Nota:<\/strong> O casamento deles era arranjado e por contrato. Ela fugiu porque n\u00e3o suportava viver sua vida sendo controlada, ele foi preso pq houve um usurpador no trono. Quem est\u00e1 no trono \u00e9 o irm\u00e3o g\u00eameo do mal do Imperador. O vil\u00e3o tem se passado por ele desde que ela fugiu.<br><strong>Sugest\u00e3o:<\/strong> &#8212;<br><strong>Contato:<\/strong> <a href=\"mailto:beckeraura956@gmail.com\">E-mail<\/a><\/p>\n\n\n\n<p class=\"has-text-align-center\"><strong>Para adotar, complete o formul\u00e1rio a seguir: <a href=\"https:\/\/espacocriativo.net\/adote\/?page_id=594\">Link<\/a><\/strong><\/p>\n\n\n\n<hr class=\"wp-block-separator has-alpha-channel-opacity\"\/>\n\n\n\n<h2 class=\"wp-block-heading has-text-align-center\">Ideia #253<\/h2>\n\n\n\n<p><a name=\"253\"><\/a><strong>Doada por <i>Aura<\/i>.<\/strong><br>\n<strong>Resumo:<\/strong> \u2013 Ele \u00e9 um habilidoso mec\u00e2nico.<br>\n\u2013 Ela, um rob\u00f4 defeituoso a muito abandonado.<br>\nUm dia ele a encontra e tenta concert\u00e1-la, mas ela \u00e9, na verdade, humana.<br>\n<strong>Fandom:<\/strong> Livre<br>\n<strong>G\u00eanero:<\/strong> A\u00e7\u00e3o \/ Romance<br>\n<strong>Nota:<\/strong> &#8212;<br>\n<strong>Sugest\u00e3o:<\/strong> Acho que seria legal algo entre Steampunk ou Cyberpunk na hora de criar o universo, caso seja original.<br>\n<strong>Contato:<\/strong> <a href=\"mailto:beckeraura956@gmail.com\">E-mail<\/a><\/p>\n\n\n\n<p class=\"has-text-align-center\"><strong>Para adotar, complete o formul\u00e1rio a seguir: <a href=\"https:\/\/espacocriativo.net\/adote\/?page_id=594\">Link<\/a><\/strong><\/p>\n\n\n\n<hr class=\"wp-block-separator has-alpha-channel-opacity\"\/>\n\n\n\n<h2 class=\"wp-block-heading has-text-align-center\">Ideia #254<\/h2>\n\n\n\n<p><a name=\"254\"><\/a><strong>Doada por <a href=\"https:\/\/twitter.com\/z0ldyckx\" target=\"_blank\" rel=\"noopener\">Giulia Abrah\u00e3o<\/a>.<\/strong><br>\n<strong>Resumo:<\/strong> Uma hist\u00f3ria com uma pegada terror psicol\u00f3gico que se desenvolva em torno de um grupo de adolescentes (17 \u2013 19 anos), \u2013 n\u00e3o precisam ser amigos \u2013 que possuam um plot twist no final que choque o leitor.<br>\n<strong>Fandom:<\/strong> Livre<br>\n<strong>G\u00eanero:<\/strong> Terror \/ Romance \/ Drama \/ Colegial<br>\n<strong>Nota:<\/strong> Autores como Edgar Allan Poe e Stephen King s\u00e3o as melhores op\u00e7\u00f5es pra buscar por inspira\u00e7\u00e3o. Crie um ambiente bem detalhado e personagens que conquistem os leitores e por favor, add um casal.<br>\n<strong>Sugest\u00e3o:<\/strong> &#8212;<br>\n<strong>Contato:<\/strong> <a href=\"mailto:giuliaramos22@gmail.com\">E-mail<\/a> | <a href=\"https:\/\/twitter.com\/z0ldyckx\" target=\"_blank\" rel=\"noopener\">@z0ldyckx<\/a><\/p>\n\n\n\n<p class=\"has-text-align-center\"><strong>Para adotar, complete o formul\u00e1rio a seguir: <a href=\"https:\/\/espacocriativo.net\/adote\/?page_id=594\">Link<\/a><\/strong><\/p>\n\n\n\n<hr class=\"wp-block-separator has-alpha-channel-opacity\"\/>\n\n\n\n<h2 class=\"wp-block-heading has-text-align-center\">Ideia #255<\/h2>\n\n\n\n<p><strong>Doada por <em>Geovana<\/em>.<\/strong><br><strong>Resumo:<\/strong> Eles podem gostar muito de caminhar, todos os dias, ent\u00e3o, todas as vezes que eles se encontram nessa caminhada, eles v\u00e3o conversando e se conhecendo melhor. Da\u00ed eles se apaixonam, e ent\u00e3o voc\u00eas podem sempre colocar algo relacionado a caminhada, porque o primeiro encontro deles ser\u00e3o nessa caminhada.<br>Uma id\u00e9ia que eu acabei de ter escrevendo isso daqui. \u00c9 que, o personagem que voc\u00ea escolher para narrar (narrador-personagem*\/ POV ou narrador-onisciente*), o mesmo pode come\u00e7ar tendo problemas de sa\u00fade, e a\u00ed que ele come\u00e7a a caminhar todos os dias (como hipertens\u00e3o, c\u00e2ncer, diabetes ou colesterol).<br><strong>Fandom:<\/strong> Livre<br><strong>G\u00eanero:<\/strong> Romance<br><strong>Nota:<\/strong> &#8212;<br><strong>Sugest\u00e3o:<\/strong> &#8212;<br><strong>Contato:<\/strong> <a href=\"mailto:gvnmoon@gmail.com\">E-mail<\/a><br><p style=\"text-align: center;\"><strong>Para adotar, complete o formul\u00e1rio a seguir: <a href=\"https:\/\/espacocriativo.net\/adote\/?page_id=594\">Link<\/a><\/strong><\/p><\/p>\n\n\n<hr \/>\n\n\n<h2 class=\"wp-block-heading has-text-align-center\">Ideia #256<\/h2>\n\n\n\n<p><strong>Doada por <a href=\"https:\/\/twitter.com\/asfarasiknow12\" target=\"_blank\" rel=\"noreferrer noopener\">Julia Nakamoto<\/a>.<\/strong><br><strong>Resumo:<\/strong> \u2013 Ele atrai as garotas com facilidade, \u00e9 um dom\/maldi\u00e7\u00e3o (pode ser algum ser m\u00edstico tamb\u00e9m)<br>\u2013 Ela \u00e9 designada para ajud\u00e1-lo porque n\u00e3o \u00e9 influenciada por esse dom. Isso porque ela j\u00e1 ama algu\u00e9m de verdade, seu noivo.<br>\u2013 Ele precisa encontrar o amor de sua vida ou o dom\/maldi\u00e7\u00e3o o consumir\u00e1, e esse \u00e9 o trabalho da pp, ajudar ele a se controlar (j\u00e1 que quando o dom dele est\u00e1 ativo, ele se torna um &#8220;predador&#8221; sedutor, um homem completamente diferente) e a encontrar a alma g\u00eamea dele<br>\u2013 O noivo dela \u00e9 morto (numa batalha ou algo assim)<br>\u2013 Ele na verdade sabe que a pp \u00e9 a sua alma g\u00eamea \u2013 descobriu depois de um tempo \u2013 mas ele n\u00e3o tem coragem de dizer pra ela por ela ser noiva e depois por ter acabado de perder quem amava<br>\u2013 Um dia o lado \u201camaldi\u00e7oado\u201d do pp surge e acaba se descontrolando na presen\u00e7a da pp que fica um pouco impactada, j\u00e1 que nunca esse lado tinha se voltado de forma t\u00e3o selvagem para ela, e decide se afastar dessa \u201cajuda\u201d que estava prestando.<br>\u2013 Com a dist\u00e2ncia da pp, ele come\u00e7a a ficar doente e fica de cama<br>\u2013 A m\u00e3e dele descobre que ele j\u00e1 sabe quem \u00e9 sua alma g\u00eamea e vai contar pra pp<br>\u2013 Ele diz que s\u00f3 precisa que ela fique por perto pra se sentir melhor<br>\u2013 Os dois passam a ficar mais tempo juntos e aos poucos ela vai abrindo seu cora\u00e7\u00e3o para ele, apesar de amar seu noivo morto e sentir que o est\u00e1 traindo<br><strong>Fandom:<\/strong> Outros \/ Original<br><strong>G\u00eanero:<\/strong> Livre<br><strong>Nota:<\/strong> A &#8220;segunda parte&#8221; do relacionamento dos pps precisa ser tratada com muito cuidado, j\u00e1 que a pp ainda est\u00e1 de luto e meio que foi &#8220;atacada&#8221; pelo pp h\u00e1 pouco tempo.<br><strong>Sugest\u00e3o:<\/strong> Os dois lados do pp podem ser como seres completamente diferentes vivendo num mesmo corpo (como se fossem personalidades m\u00faltiplas), a \u00fanica coisa em comum \u00e9 a vontade de permanecer vivo.<br>Para o lado &#8220;amaldi\u00e7oado&#8221; n\u00e3o importa o que \u00e9 necess\u00e1rio fazer para viver, para o lado &#8220;normal&#8221; \u00e9 preciso seguir moral e princ\u00edpios.<br><strong>Contato:<\/strong> <a href=\"mailto:nakamotojulia31@gmail.com\">E-mail<\/a> | <a href=\"https:\/\/twitter.com\/asfarasiknow12\" target=\"_blank\" rel=\"noreferrer noopener\">@asfarasiknow12<\/a><\/p>\n\n\n<p style=\"text-align: center;\"><strong>Para adotar, complete o formul\u00e1rio a seguir: <a href=\"https:\/\/espacocriativo.net\/adote\/?page_id=594\">Link<\/a><\/strong><\/p>\n<hr \/>\n<h2 align=\"center\">Ideia #257<\/h2>\n<p><a name=\"257\"><\/a><strong>Doada por <a href=\"https:\/\/twitter.com\/asfarasiknow12\" target=\"_blank\" rel=\"noopener\">Julia Nakamoto<\/a>.<\/strong><br \/>\n<strong>Resumo:<\/strong> FIC COM GEORGE WEASLEY CASO DECIDA IR PELO FANDOM.<\/p>\n<p>Retratar o tempo depois da morte de Fred.<\/p>\n<p>\u2013 Ela foi criada como uma pessoa normal (trouxa), mas tem o dom de fazer com que as outras pessoas se sintam bem na sua presen\u00e7a, \u00e9 como se ela sugasse os sentimentos ruins dos outros<br \/>\n\u2013 Ele est\u00e1 deprimido e vai para o mundo normal se embebedar (ou fazer qualquer outra coisa, o importante \u00e9 que ele v\u00e1 para o mundo trouxa) e ela o v\u00ea pela primeira vez<br \/>\n\u2013 Eles passam a se encontrar mais vezes por acaso e um dia se trombam na rua, e ela brinca que \u00e9 o destino<br \/>\n\u2013 Eles come\u00e7am a conversar e o pp come\u00e7a a se sentir melhor<br \/>\n\u2013 Ela n\u00e3o tem mais fam\u00edlia, os pais (ela foi adotada) a deixaram com os av\u00f3s e os av\u00f3s j\u00e1 faleceram. Ela tem um irm\u00e3o adotivo que N\u00c3O DEVE SURGIR antes do meio\/fim da hist\u00f3ria<br \/>\n\u2013 Ele passa a ter uma afetividade muito grande com ela<br \/>\n\u2013 Ela sempre sente quando algu\u00e9m est\u00e1 com sentimentos negativos<\/p>\n<p>\u2013 Ele passa a ter pesadelos com a pp em que coisas ruins acontecem com ela. E \u00e0s vezes ele tem sonhos em que ela \u00e9 submissa e ele pode fazer o que quiser com ela, mas se culpa eternamente por ter esses pensamentos<\/p>\n<p>\u2013 O nome do irm\u00e3o da pp surge em um dos sonhos mais aterrorizantes dele<\/p>\n<p>\u2013 Ela conta sobre seu \u00fanico relacionamento em que seu namorado era apaixonado pelas sensa\u00e7\u00f5es que ela dava e n\u00e3o por ela. Era um relacionamento de necessidade, por isso ela n\u00e3o se envolvia com ningu\u00e9m e muito menos com pessoas de quem ela realmente gostasse. Por esse motivo (ou antes) o pp resolve se afastar da pp, pra n\u00e3o se &#8220;iludir&#8221; e pra n\u00e3o v\u00ea-la sofrer com os efeitos de sugar todas as emo\u00e7\u00f5es ruins dele.<\/p>\n<p>\u2013 Ela \u00e9 sequestrada pelo irm\u00e3o que desde sempre nutriu um amor pela irm\u00e3 adotiva, mas tamb\u00e9m foi por causa das sensa\u00e7\u00f5es boas que ela trazia<br \/>\n\u2013 O irm\u00e3o da pp a controla como no sonho do pp que se descobre ter sido \u201cimplantado\u201d em sua mente pelo irm\u00e3o dela (numa tentativa de fazer o pp &#8220;colaborar&#8221; com o &#8220;vil\u00e3o&#8221;)<\/p>\n<p>\u2013 O lado &#8220;sombrio&#8221; da pp desperta e seu efeito \u00e9 como o dos dementadores. Ela suga a ess\u00eancia do irm\u00e3o adotivo e se esvai (o lado sombrio), ela \u00e9 resultado de todas as emo\u00e7\u00f5es ruins que a pp absorveu durante toda a vida.<br \/>\n<b>Fandom:<\/b> Harry Potter \/ Original<br \/>\n<b>G\u00eanero:<\/b> Livre<br \/>\n<b>Nota:<\/b> A hist\u00f3ria precisa ter uma certa profundidade e trabalhar bastante com sentimentos e emo\u00e7\u00f5es.<br \/>\nTente mostrar a diferen\u00e7a entre um relacionamento de necessidade e um relacionamento que realmente as pessoas envolvidas se importam umas com as outras. &lt;3<br \/>\n<b>Sugest\u00e3o:<\/b> \u2013 Ele tem um sonho com a pp em que ela \u00e9 sequestrada, sofre, mas ele n\u00e3o pode fazer nada.<br \/>\n\u2013 Ele vai at\u00e9 o apartamento dela em plena madrugada e n\u00e3o a encontra, e come\u00e7a a surtar, quando ela chega de volta de uma sa\u00edda com amigas, ele pede para que ela passe o resto do fim de semana com ele na casa de sua fam\u00edlia.<br \/>\n\u2013 \u00c9 a\u00ed que ele come\u00e7a a ter mais pesadelos<br \/>\n<strong>Contato:<\/strong> <a href=\"mailto:nakamotojulia31@gmail.com\">E-mail<\/a> | <a href=\"https:\/\/twitter.com\/asfarasiknow12\" target=\"_blank\" rel=\"noopener\">@asfarasiknow12<\/a><\/p>\n<p style=\"text-align: center;\"><strong>Para adotar, complete o formul\u00e1rio a seguir: <a href=\"https:\/\/espacocriativo.net\/adote\/?page_id=594\">Link<\/a><\/strong><\/p>\n<hr \/>\n<h2 align=\"center\">Ideia #258<\/h2>\n<p><a name=\"258\"><\/a><strong>Doada por <a href=\"https:\/\/twitter.com\/asfarasiknow12\" target=\"_blank\" rel=\"noopener\">Julia Nakamoto<\/a>.<\/strong><br \/>\n<strong>Resumo:<\/strong> Basear a hist\u00f3ria no seguinte:<br \/>\nAlgumas pessoas podem ver exatamente quanto tempo de vida as outras t\u00eam, em alguns casos, essas pessoas podem interceder (como em casos de acidentes ou tentativas de suic\u00eddio).<br \/>\n<b>Fandom:<\/b> Outros \/ Original<br \/>\n<b>G\u00eanero:<\/b> Livre<br \/>\n<b>Nota:<\/b> A ideia foi baseada no clipe &#8220;Savin&#8217; Me&#8221; do Nickelback (https:\/\/www.youtube.com\/watch?v=_JQiEs32SqQ)<br \/>\n<b>Sugest\u00e3o:<\/b> \u2013 O pp (ou a pp) pode ser um cara normal como no clipe, mas depois de passar por uma experi\u00eancia de quase morte, acaba ficando com esse &#8220;dom&#8221; de ver o tempo restante das pessoas.<br \/>\n\u2013 O par do pp pode ter algum &#8220;problema&#8221; (sobrenatural ou somente muito azar mesmo) que faz com que ela viva tendo que &#8220;ser salva&#8221; pelo pp.<br \/>\n<strong>Contato:<\/strong> <a href=\"mailto:nakamotojulia31@gmail.com\">E-mail<\/a> | <a href=\"https:\/\/twitter.com\/asfarasiknow12\" target=\"_blank\" rel=\"noopener\">@asfarasiknow12<\/a><\/p>\n<p style=\"text-align: center;\"><strong>Para adotar, complete o formul\u00e1rio a seguir: <a href=\"https:\/\/espacocriativo.net\/adote\/?page_id=594\">Link<\/a><\/strong><\/p>\n<hr \/>\n<h2 align=\"center\">Ideia #259<\/h2>\n<p><a name=\"259\"><\/a><strong>Doada por <a href=\"https:\/\/twitter.com\/shekindabieber\" target=\"_blank\" rel=\"noopener\">Giovanna A.<\/a>.<\/strong><br \/>\n<strong>Resumo:<\/strong> \u2013 o PP \u00e9 brasileiro, jogador de futebol por\u00e9m em time fora do pa\u00eds (pode ser qualquer time desde que seja em time fora do Brasil)<br \/>\n\u2013 A PP \u00e9 brasileira e tem sonho de conhecer o mundo (\u00e9 o maior sonho dela)<br \/>\n\u2013 Se envolveram muito novos (17 \u2013 19 anos) por um rela\u00e7\u00e3o de 2 anos de forma virtual pois ele morava fora e ela no Brasil (por conta da faculdade)<br \/>\n\u2013 Ap\u00f3s 4 anos, ela j\u00e1 formada e ele contratado por um time famoso se reencontram mas n\u00e3o d\u00e1 forma que eles esperavam<br \/>\n\u2013 A pp decide ser aupair (bab\u00e1) para treinar o seu ingl\u00eas, e por coincid\u00eancia \u00e9 de um parceiro de time do pp<br \/>\n\u2013 O pp se casou e tem filhos com uma modelo (tradicional) mas o casamento est\u00e1 bem conturbado<br \/>\n\u2013 Com o reencontro dos pp junto os sentimentos voltam a tona e vira uma confus\u00e3o por div\u00f3rcio, interesse de amigos, amizade<br \/>\n\u2013 Colocar jogadores como Neymar, Coutinho, Davi Luiz pois s\u00e3o brasileiros e alguns estrangeiros que sejam famosos<br \/>\n\u2013 A pp tem um breve relacionamento com um companheiro de time do pp (que fica com ci\u00fames) mas ele (o amigo) percebe que eles s\u00e3o apaixonados e vira cupido<br \/>\n\u2013 A esposa do pp \u00e9 uma doce e entende que o casamento n\u00e3o est\u00e1 mil maravilhas, mas eles mant\u00eam as apar\u00eancias devido a m\u00eddia e inclusive ajuda os dois a ficarem juntos<br \/>\n\u2013 O t\u00e9rmino dos pps na adolesc\u00eancia foi sem brigas apenas por conta da dist\u00e2ncia (n\u00e3o tem m\u00e1goas entre eles, o sentimento sempre existiu)<br \/>\n\u2013 Eles n\u00e3o se falavam com frequ\u00eancia, apenas em anivers\u00e1rios e coment\u00e1rios nas redes sociais<br \/>\n<b>Fandom:<\/b> Futebol<br \/>\n<b>G\u00eanero:<\/b> Livre<br \/>\n<b>Nota:<\/b> A ideia foi baseada no clipe &#8220;Savin&#8217; Me&#8221; do Nickelback (https:\/\/www.youtube.com\/watch?v=_JQiEs32SqQ)<br \/>\n\u2013 N\u00e3o me importo com os nomes dos personagens principais<br \/>\n\u2013 A hist\u00f3ria precisa contar a vers\u00e3o da pp e do pp<br \/>\n<b>Sugest\u00e3o:<\/b> \u2013 A m\u00fasica do casal \u00e9 Closer \u2013 The Chainsmokers (pode usar alguns trechos da m\u00fasica para os cap\u00edtulos, principalmente o do reencontro)<br \/>\n\u2013 Hist\u00f3ria brevemente ver\u00eddica (oficial minha)<br \/>\n\u2013 Pode me chamar para conversar se necess\u00e1rio sobre a hist\u00f3ria (como se conheceram)<br \/>\n<strong>Contato:<\/strong> <a href=\"mailto:giovanna-aquino@hotmail.com\">E-mail<\/a> | <a href=\"https:\/\/twitter.com\/shekindabieber\" target=\"_blank\" rel=\"noopener\">@ shekindabieber <\/a><\/p>\n<p style=\"text-align: center;\"><strong>Para adotar, complete o formul\u00e1rio a seguir: <a href=\"https:\/\/espacocriativo.net\/adote\/?page_id=594\">Link<\/a><\/strong><\/p>","protected":false},"excerpt":{"rendered":"<p>Antes de adotar, confira as regras do jogo. #251\u00a0| #252 | #253 | #254 | #255\u00a0| #256 | #257 | [&hellip;]<\/p>\n","protected":false},"author":2,"featured_media":0,"parent":606,"menu_order":0,"comment_status":"closed","ping_status":"closed","template":"iframe.php","meta":{"_acf_changed":false,"footnotes":""},"class_list":["post-5631","page","type-page","status-publish","hentry"],"acf":[],"_links":{"self":[{"href":"https:\/\/espacocriativo.net\/adote\/wp-json\/wp\/v2\/pages\/5631","targetHints":{"allow":["GET"]}}],"collection":[{"href":"https:\/\/espacocriativo.net\/adote\/wp-json\/wp\/v2\/pages"}],"about":[{"href":"https:\/\/espacocriativo.net\/adote\/wp-json\/wp\/v2\/types\/page"}],"author":[{"embeddable":true,"href":"https:\/\/espacocriativo.net\/adote\/wp-json\/wp\/v2\/users\/2"}],"replies":[{"embeddable":true,"href":"https:\/\/espacocriativo.net\/adote\/wp-json\/wp\/v2\/comments?post=5631"}],"version-history":[{"count":11,"href":"https:\/\/espacocriativo.net\/adote\/wp-json\/wp\/v2\/pages\/5631\/revisions"}],"predecessor-version":[{"id":8552,"href":"https:\/\/espacocriativo.net\/adote\/wp-json\/wp\/v2\/pages\/5631\/revisions\/8552"}],"up":[{"embeddable":true,"href":"https:\/\/espacocriativo.net\/adote\/wp-json\/wp\/v2\/pages\/606"}],"wp:attachment":[{"href":"https:\/\/espacocriativo.net\/adote\/wp-json\/wp\/v2\/media?parent=5631"}],"curies":[{"name":"wp","href":"https:\/\/api.w.org\/{rel}","templated":true}]}}