{"id":5366,"date":"2021-04-12T01:14:42","date_gmt":"2021-04-12T01:14:42","guid":{"rendered":"https:\/\/espacocriativo.net\/adote\/?page_id=5366"},"modified":"2025-05-23T12:38:09","modified_gmt":"2025-05-23T15:38:09","slug":"ideias-241-a-250","status":"publish","type":"page","link":"https:\/\/espacocriativo.net\/adote\/indisponiveis\/ideias-241-a-250\/","title":{"rendered":"Ideias \u00bb #241 a #250"},"content":{"rendered":"\n<h2 class=\"wp-block-heading has-text-align-center\">Ideia #249<\/h2>\n\n\n\n<p><a><\/a><strong>Doada por <em>Aura<\/em>.<\/strong><br><strong>Resumo:<\/strong> \u2013 Ela \u00e9 A MELHOR assassina de aluguel de todo o pa\u00eds\/reino.<br>\u2013 Ele \u00e9 o herdeiro por direito ao trono que est\u00e1 determinado a reivindicar sei lugar por direito.<br>\u2013 Ela foi enviada pra matar ele; ele sabe quem ela \u00e9 e o qu\u00e3o vantajoso seria ter ela do seu lado.<\/p>\n\n\n\n<p>S\u00f3 existe um por\u00e9m nessa hist\u00f3ria, um dos dois est\u00e1 mentindo. Mas quem?<br><strong>Fandom:<\/strong> Livre<br><strong>G\u00eanero:<\/strong> A\u00e7\u00e3o \/ Suspense<br><strong>Nota:<\/strong> Fique \u00e0 vontade pra escolher em que \u00e9poca ou realidade a hist\u00f3ria se passa. N\u00e3o h\u00e1 muitas prefer\u00eancias da minha parte. Boa sorte!<br><strong>Sugest\u00e3o:<\/strong> &#8212;<br><strong>Contato:<\/strong> <a href=\"mailto:beckeraura956@gmail.com\">E-mail<\/a><\/p>\n\n\n\n<h3 class=\"wp-block-heading has-text-align-center\">Esta ideia j\u00e1 foi reservada!<\/h3>\n\n\n\n<ul class=\"wp-block-list\">\n<li><strong>Nome:<\/strong> P\u00e2ms<\/li>\n\n\n\n<li><strong>Contato:<\/strong> <a href=\"mailto:pm2.fics@gmail.com\">@<\/a><\/li>\n\n\n\n<li><strong>Em cria\u00e7\u00e3o.<\/strong><\/li>\n<\/ul>\n","protected":false},"excerpt":{"rendered":"<p>Ideia #249 Doada por Aura.Resumo: \u2013 Ela \u00e9 A MELHOR assassina de aluguel de todo o pa\u00eds\/reino.\u2013 Ele \u00e9 o [&hellip;]<\/p>\n","protected":false},"author":2,"featured_media":0,"parent":643,"menu_order":0,"comment_status":"closed","ping_status":"closed","template":"iframe.php","meta":{"_acf_changed":false,"footnotes":""},"class_list":["post-5366","page","type-page","status-publish","hentry"],"acf":[],"_links":{"self":[{"href":"https:\/\/espacocriativo.net\/adote\/wp-json\/wp\/v2\/pages\/5366","targetHints":{"allow":["GET"]}}],"collection":[{"href":"https:\/\/espacocriativo.net\/adote\/wp-json\/wp\/v2\/pages"}],"about":[{"href":"https:\/\/espacocriativo.net\/adote\/wp-json\/wp\/v2\/types\/page"}],"author":[{"embeddable":true,"href":"https:\/\/espacocriativo.net\/adote\/wp-json\/wp\/v2\/users\/2"}],"replies":[{"embeddable":true,"href":"https:\/\/espacocriativo.net\/adote\/wp-json\/wp\/v2\/comments?post=5366"}],"version-history":[{"count":5,"href":"https:\/\/espacocriativo.net\/adote\/wp-json\/wp\/v2\/pages\/5366\/revisions"}],"predecessor-version":[{"id":8344,"href":"https:\/\/espacocriativo.net\/adote\/wp-json\/wp\/v2\/pages\/5366\/revisions\/8344"}],"up":[{"embeddable":true,"href":"https:\/\/espacocriativo.net\/adote\/wp-json\/wp\/v2\/pages\/643"}],"wp:attachment":[{"href":"https:\/\/espacocriativo.net\/adote\/wp-json\/wp\/v2\/media?parent=5366"}],"curies":[{"name":"wp","href":"https:\/\/api.w.org\/{rel}","templated":true}]}}