{"id":5135,"date":"2020-11-01T04:41:06","date_gmt":"2020-11-01T04:41:06","guid":{"rendered":"https:\/\/espacocriativo.net\/adote\/?page_id=5135"},"modified":"2020-11-01T04:41:06","modified_gmt":"2020-11-01T04:41:06","slug":"leitor-criativo-ideias-disponiveis","status":"publish","type":"page","link":"https:\/\/espacocriativo.net\/adote\/leitor-criativo-ideias-disponiveis\/","title":{"rendered":"Ideias dispon\u00edveis"},"content":{"rendered":"\n<p>Para adotar as ideias abaixo, \u00e9 necess\u00e1rio possuir o perfil de autor no projeto Leitor Criativo. Caso ainda n\u00e3o esteja inscrito, <a href=\"https:\/\/espacocriativo.net\/adote\/?page_id=4873\" target=\"_blank\" rel=\"noopener noreferrer\">clique aqui e fa\u00e7a sua inscri\u00e7\u00e3o agora!<\/a><\/p>\n\n<ul>\n<li>Para ideias com autores definidos, encontra-se dispon\u00edvel a lista de espera, exceto aquelas que est\u00e3o a 1 cap\u00edtulo de finalizar;<\/li>\n<li>Atente-se ao prazo para ado\u00e7\u00e3o. Algumas ideias foram selecionadas para serem transferidas para o Adote Uma Ideia, portanto, n\u00e3o ficar\u00e3o permanente dispon\u00edveis aqui no Leitor Criativo;<\/li>\n<li>Relembre as regras do projeto <a href=\"https:\/\/espacocriativo.net\/adote\/?page_id=5798\" target=\"_blank\" rel=\"noopener noreferrer\">aqui<\/a>.<\/li>\n<\/ul>\n\n<blockquote>\n<p style=\"text-align: center;\"><strong><a href=\"https:\/\/espacocriativo.net\/adote\/?page_id=594\" target=\"_blank\" rel=\"noopener noreferrer\">Formul\u00e1rio de ado\u00e7\u00e3o e lista de espera<\/a><\/strong><\/p>\n<\/blockquote>\n\n<div class=\"tabber\">\n<div class=\"tabbertab\" title=\"DISPON\u00cdVEIS\">\n\n<h2 align=\"center\">Ideia #3 \u2013 DISPON\u00cdVEL<\/h2>\n\n<p><b>Leitor Criativo:<\/b> Julia Nakamoto<br>\n<b>Autor respons\u00e1vel:<\/b> ???<br>\n<b>N\u00ba de cap\u00edtulos:<\/b> 15<br>\n<b>Ideia:<\/b> \u2013 Ele atrai as garotas com facilidade, \u00e9 um dom\/maldi\u00e7\u00e3o (pode ser algum ser m\u00edstico tamb\u00e9m)<br>\n\u2013 Ela \u00e9 designada para ajud\u00e1-lo porque n\u00e3o \u00e9 influenciada por esse dom. Isso porque ela j\u00e1 ama algu\u00e9m de verdade, seu noivo.<br>\n\u2013 Ele precisa encontrar o amor de sua vida ou o dom\/maldi\u00e7\u00e3o o consumir\u00e1, e esse \u00e9 o trabalho da pp, ajudar ele a se controlar (j\u00e1 que quando o dom dele est\u00e1 ativo, ele se torna um &#8220;predador&#8221; sedutor, um homem completamente diferente) e a encontrar a alma g\u00eamea dele<br>\n\u2013 O noivo dela \u00e9 morto (numa batalha ou algo assim)<br>\n\u2013 Ele na verdade sabe que a pp \u00e9 a sua alma g\u00eamea \u2013 descobriu depois de um tempo \u2013 mas ele n\u00e3o tem coragem de dizer pra ela por ela ser noiva e depois por ter acabado de perder quem amava<br>\n\u2013 Um dia o lado \u201camaldi\u00e7oado\u201d do pp surge e acaba se descontrolando na presen\u00e7a da pp que fica um pouco impactada, j\u00e1 que nunca esse lado tinha se voltado de forma t\u00e3o selvagem para ela, e decide se afastar dessa \u201cajuda\u201d que estava prestando.<br>\n\u2013 Com a dist\u00e2ncia da pp, ele come\u00e7a a ficar doente e fica de cama<br>\n\u2013 A m\u00e3e dele descobre que ele j\u00e1 sabe quem \u00e9 sua alma g\u00eamea e vai contar pra pp<br>\n\u2013 Ele diz que s\u00f3 precisa que ela fique por perto pra se sentir melhor<br>\n\u2013 Os dois passam a ficar mais tempo juntos e aos poucos ela vai abrindo seu cora\u00e7\u00e3o para ele, apesar de amar seu noivo morto e sentir que o est\u00e1 traindo<br>\n<b>Fandom:<\/b> Outros \/ Original<br>\n<b>G\u00eanero:<\/b> Livre<br>\n<b>Nota:<\/b> A &#8220;segunda parte&#8221; do relacionamento dos pps precisa ser tratada com muito cuidado, j\u00e1 que a pp ainda est\u00e1 de luto e meio que foi &#8220;atacada&#8221; pelo pp h\u00e1 pouco tempo.<br>\n<b>Sugest\u00e3o:<\/b> Os dois lados do pp podem ser como seres completamente diferentes vivendo num mesmo corpo (como se fossem personalidades m\u00faltiplas), a \u00fanica coisa em comum \u00e9 a vontade de permanecer vivo.<br>\nPara o lado &#8220;amaldi\u00e7oado&#8221; n\u00e3o importa o que \u00e9 necess\u00e1rio fazer para viver, para o lado &#8220;normal&#8221; \u00e9 preciso seguir moral e princ\u00edpios.<\/p>\n\n<blockquote>\n<p align=\"center\"><b>Ideia dispon\u00edvel para ado\u00e7\u00e3o! Adote-a!<\/b><br>\n<strong><a href=\"https:\/\/espacocriativo.net\/adote\/?page_id=594\" target=\"_blank\" rel=\"noopener noreferrer\">Formul\u00e1rio \u2022 Lista de espera<\/a><\/strong><\/p>\n<\/blockquote>\n\n<hr>\n\n<h2 align=\"center\">Ideia #4 \u2013 DISPON\u00cdVEL<\/h2>\n\n<p><b>Leitor Criativo:<\/b> Julia Nakamoto<br>\n<b>Autor respons\u00e1vel:<\/b> ???<br>\n<b>N\u00ba de cap\u00edtulos:<\/b> 15<br>\n<b>Ideia:<\/b> FIC COM GEORGE WEASLEY CASO DECIDA IR PELO FANDOM.<\/p>\n\n<p>Retratar o tempo depois da morte de Fred.<\/p>\n\n<p>\u2013 Ela foi criada como uma pessoa normal (trouxa), mas tem o dom de fazer com que as outras pessoas se sintam bem na sua presen\u00e7a, \u00e9 como se ela sugasse os sentimentos ruins dos outros<br>\n\u2013 Ele est\u00e1 deprimido e vai para o mundo normal se embebedar (ou fazer qualquer outra coisa, o importante \u00e9 que ele v\u00e1 para o mundo trouxa) e ela o v\u00ea pela primeira vez<br>\n\u2013 Eles passam a se encontrar mais vezes por acaso e um dia se trombam na rua, e ela brinca que \u00e9 o destino<br>\n\u2013 Eles come\u00e7am a conversar e o pp come\u00e7a a se sentir melhor<br>\n\u2013 Ela n\u00e3o tem mais fam\u00edlia, os pais (ela foi adotada) a deixaram com os av\u00f3s e os av\u00f3s j\u00e1 faleceram. Ela tem um irm\u00e3o adotivo que N\u00c3O DEVE SURGIR antes do meio\/fim da hist\u00f3ria<br>\n\u2013 Ele passa a ter uma afetividade muito grande com ela<br>\n\u2013 Ela sempre sente quando algu\u00e9m est\u00e1 com sentimentos negativos<\/p>\n\n<p>\u2013 Ele passa a ter pesadelos com a pp em que coisas ruins acontecem com ela. E \u00e0s vezes ele tem sonhos em que ela \u00e9 submissa e ele pode fazer o que quiser com ela, mas se culpa eternamente por ter esses pensamentos<\/p>\n\n<p>\u2013 O nome do irm\u00e3o da pp surge em um dos sonhos mais aterrorizantes dele<\/p>\n\n<p>\u2013 Ela conta sobre seu \u00fanico relacionamento em que seu namorado era apaixonado pelas sensa\u00e7\u00f5es que ela dava e n\u00e3o por ela. Era um relacionamento de necessidade, por isso ela n\u00e3o se envolvia com ningu\u00e9m e muito menos com pessoas de quem ela realmente gostasse. Por esse motivo (ou antes) o pp resolve se afastar da pp, pra n\u00e3o se &#8220;iludir&#8221; e pra n\u00e3o v\u00ea-la sofrer com os efeitos de sugar todas as emo\u00e7\u00f5es ruins dele.<\/p>\n\n<p>\u2013 Ela \u00e9 sequestrada pelo irm\u00e3o que desde sempre nutriu um amor pela irm\u00e3 adotiva, mas tamb\u00e9m foi por causa das sensa\u00e7\u00f5es boas que ela trazia<br>\n\u2013 O irm\u00e3o da pp a controla como no sonho do pp que se descobre ter sido \u201cimplantado\u201d em sua mente pelo irm\u00e3o dela (numa tentativa de fazer o pp &#8220;colaborar&#8221; com o &#8220;vil\u00e3o&#8221;)<\/p>\n\n<p>\u2013 O lado &#8220;sombrio&#8221; da pp desperta e seu efeito \u00e9 como o dos dementadores. Ela suga a ess\u00eancia do irm\u00e3o adotivo e se esvai (o lado sombrio), ela \u00e9 resultado de todas as emo\u00e7\u00f5es ruins que a pp absorveu durante toda a vida.<br>\n<b>Fandom:<\/b> Harry Potter \/ Original<br>\n<b>G\u00eanero:<\/b> Livre<br>\n<b>Nota:<\/b> A hist\u00f3ria precisa ter uma certa profundidade e trabalhar bastante com sentimentos e emo\u00e7\u00f5es.\nTente mostrar a diferen\u00e7a entre um relacionamento de necessidade e um relacionamento que realmente as pessoas envolvidas se importam umas com as outras. &lt;3<br>\n<b>Sugest\u00e3o:<\/b> \u2013 Ele tem um sonho com a pp em que ela \u00e9 sequestrada, sofre, mas ele n\u00e3o pode fazer nada.<br>\n\u2013 Ele vai at\u00e9 o apartamento dela em plena madrugada e n\u00e3o a encontra, e come\u00e7a a surtar, quando ela chega de volta de uma sa\u00edda com amigas, ele pede para que ela passe o resto do fim de semana com ele na casa de sua fam\u00edlia.<br>\n\u2013 \u00c9 a\u00ed que ele come\u00e7a a ter mais pesadelos<\/p>\n\n<blockquote>\n<p align=\"center\"><b>Ideia dispon\u00edvel para ado\u00e7\u00e3o! Adote-a!<\/b><br>\n<\/p><p style=\"text-align: center;\"><strong><a href=\"https:\/\/espacocriativo.net\/adote\/?page_id=594\" target=\"_blank\" rel=\"noopener noreferrer\">Formul\u00e1rio \u2022 Ado\u00e7\u00e3o<\/a><\/strong><\/p>\n<\/blockquote>\n\n<hr>\n\n<h2 align=\"center\">Ideia #5 \u2013 DISPON\u00cdVEL<\/h2>\n\n<p><small><span style=\"color: #ff0000;\">*<\/span><i>Esta j\u00e1 possui fanfic online. O autor que quiser adot\u00e1-la, dever\u00e1 escrever a partir de onde ela parou.<\/i><\/small><br>\n<b>Leitor Criativo:<\/b> Julia Nakamoto<br>\n<b>Autor respons\u00e1vel:<\/b> ???<br>\n<b>N\u00ba de cap\u00edtulos:<\/b> 15<br>\n<b>Ideia:<\/b> Basear a hist\u00f3ria no seguinte:<br>\nAlgumas pessoas podem ver exatamente quanto tempo de vida as outras t\u00eam, em alguns casos, essas pessoas podem interceder (como em casos de acidentes ou tentativas de suic\u00eddio).<br>\n<b>Fandom:<\/b> Outros \/ Original<br>\n<b>G\u00eanero:<\/b> Livre<br>\n<b>Nota:<\/b> A ideia foi baseada no clipe &#8220;Savin&#8217; Me&#8221; do Nickelback (https:\/\/www.youtube.com\/watch?v=_JQiEs32SqQ)<br>\n<b>Sugest\u00e3o:<\/b> \u2013 O pp (ou a pp) pode ser um cara normal como no clipe, mas depois de passar por uma experi\u00eancia de quase morte, acaba ficando com esse &#8220;dom&#8221; de ver o tempo restante das pessoas.<br>\n\u2013 O par do pp pode ter algum &#8220;problema&#8221; (sobrenatural ou somente muito azar mesmo) que faz com que ela viva tendo que &#8220;ser salva&#8221; pelo pp.<\/p>\n\n<blockquote>\n<p align=\"center\"><a href=\"https:\/\/espacocriativo.net\/adote\/?p=5336\" target=\"_blank\" rel=\"noopener noreferrer\">Leia: Omen {Original, Andamento}<\/a><br>\n<b>Ideia dispon\u00edvel para ado\u00e7\u00e3o! Adote-a!<\/b><br>\n<strong><a href=\"https:\/\/espacocriativo.net\/adote\/?page_id=594\" target=\"_blank\" rel=\"noopener noreferrer\">Formul\u00e1rio \u2022 Lista de espera<\/a><\/strong><\/p>\n<\/blockquote>\n\n<hr>\n\n<h2 align=\"center\">Ideia #12  \u2013 DISPON\u00cdVEL<\/h2>\n\n<p><small><span style=\"color: #ff0000;\">*<\/span><i>Esta j\u00e1 possui fanfic online. O autor que quiser adot\u00e1-la, dever\u00e1 escrever a partir de onde ela parou.<\/i><\/small><br>\n<b>Leitor Criativo:<\/b> Giulia Abrah\u00e3o<br>\n<b>Autor respons\u00e1vel:<\/b> ???<br>\n<b>N\u00ba de cap\u00edtulos:<\/b> 10<br>\n<b>Ideia:<\/b> Uma hist\u00f3ria com uma pegada terror psicol\u00f3gico que se desenvolva em torno de um grupo de adolescentes (17 \u2013 19 anos), \u2013 n\u00e3o precisam ser amigos \u2013 que possuam um plot twist no final que choque o leitor.<br>\n<b>Fandom:<\/b> Livre<br>\n<b>G\u00eanero:<\/b> Terror, romance, drama, colegial<br>\n<b>Nota:<\/b> Autores como Edgar Allan Poe e Stephen King s\u00e3o as melhores op\u00e7\u00f5es pra buscar por inspira\u00e7\u00e3o. Crie um ambiente bem detalhado e personagens que conquistem os leitores e por favor, add um casal.<br>\n<b>Sugest\u00e3o:<\/b> &#8212;<\/p>\n\n<blockquote>\n<p align=\"center\"><a href=\"https:\/\/espacocriativo.net\/adote\/?page_id=5241\" target=\"_blank\" rel=\"noopener noreferrer\">Leia: Bauk {Original, Restrita, Andamento}<\/a><br>\n<b>Ideia dispon\u00edvel para ado\u00e7\u00e3o! Adote-a!<\/b><br>\n<strong><a href=\"https:\/\/espacocriativo.net\/adote\/?page_id=594\" target=\"_blank\" rel=\"noopener noreferrer\">Formul\u00e1rio \u2022 Ado\u00e7\u00e3o<\/a><\/strong><\/p>\n<\/blockquote>\n\n<hr>\n\n<h2 align=\"center\">Ideia #22  \u2013 DISPON\u00cdVEL<\/h2>\n\n<p><b>Leitor Criativo:<\/b> Aura<br>\n<b>Autor respons\u00e1vel:<\/b> <br>\n<b>N\u00ba de cap\u00edtulos:<\/b> 10<br>\n<b>Ideia:<\/b> Duas sociedade secretas que se odeiam profundamente. Os Corvos e as Harpias. No que parece uma brincadeira de c\u00e3o e gato, tudo muda quando um poderoso inimigo se apresenta e agora eles precisam trabalhar juntos para impedi-lo. Mas isto \u00e9 s\u00f3 uma distra\u00e7\u00e3o, o verdadeiro vil\u00e3o est\u00e1 dentro de uma das sociedades e ele quer controlar o livre arb\u00edtrio das pessoas, mas pra isso precisa encontrar a \u00fanica pessoa que sabe sobre o artefato capaz disso: a protagonista.<br>\n<b>Fandom:<\/b> Livre<br>\n<b>G\u00eanero:<\/b> A\u00e7\u00e3o \/ Romance<br>\n<b>Nota:<\/b> Inspirado em Romeu e Julieta e Assassin&#8217;s Creed. Enimies to Lovers, mas por favor, sem ser t\u00f3xico.<br>\n<b>Sugest\u00e3o:<\/b> &#8212;<\/p>\n\n<blockquote>\n<p align=\"center\"><b>Ideia dispon\u00edvel para ado\u00e7\u00e3o! Adote-a!<\/b><br>\n<p style=\"text-align: center;\"><strong><a href=\"https:\/\/espacocriativo.net\/adote\/?page_id=594\" target=\"_blank\" rel=\"noopener noreferrer\">Formul\u00e1rio \u2022 Ado\u00e7\u00e3o<\/a><\/strong><\/p>\n<\/blockquote>\n\n<\/div>\n\n<div class=\"tabbertab\" title=\"DISPON\u00cdVEL \u2013 LISTA DE ESPERA\">\n\n<h2 align=\"center\">Ideia #6 \u2013 DISPON\u00cdVEL PARA LISTA DE ESPERA<\/h2>\n\n<p><b>Leitor Criativo:<\/b> Julia Nakamoto<br>\n<b>Autor respons\u00e1vel:<\/b> Natashia Kitamura<br>\n<b>N\u00ba de cap\u00edtulos:<\/b> 15<br>\n<b>Ideia:<\/b> Ela e a melhor amiga s\u00e3o completamente o oposto uma da outra. Ela, a santinha; a amiga, a pegadora. A amiga tem um caso com um cara pegador, mas antes disso, teve uma breve ficada com o melhor amigo dele, que \u00e9 mais certinho. Para tentar fazer o ex ficante esquecer dela, ela decide apresentar a pp para ele.<br>\nA hist\u00f3ria em si:<br>\nA pp vai come\u00e7ar um relacionamento com o rapaz certinho e at\u00e9 curte os momentos com ele, at\u00e9 que o melhor amigo dele come\u00e7a a mostrar interesse nela, mas ele ainda est\u00e1 &#8220;pegando&#8221; a melhor amiga da pp de vez em quando. Ela luta at\u00e9 o ultimo fio de cabelo contra as sensa\u00e7\u00f5es que o &#8220;pegador&#8221; lhe causa, dizendo ser rea\u00e7\u00f5es hormonais e etc, porque tudo o que ela mais quer \u00e9 seguran\u00e7a no relacionamento, que \u00e9 o que o favorito certinho lhe passa. Mas o certinho n\u00e3o faz surgir as borboletas no est\u00f4mago assim como o &#8220;pegador&#8221;.<br>\nDepois de uma discuss\u00e3o e de acabarem por decidir ser melhor terminar o relacionamento e serem apenas amigos, o certinho acaba virando o cupido do melhor amigo com a pp.<br>\n<b>Fandom:<\/b> Livre<br>\n<b>G\u00eanero:<\/b> Livre<br>\n<b>Nota:<\/b> Tentar fazer o relacionamento n\u00e3o ser t\u00f3xico apesar da premissa. Por favor. &lt;3<br>\n<b>Sugest\u00e3o:<\/b> &#8212;<\/p>\n\n<blockquote>\n<p align=\"center\"><a href=\"https:\/\/espacocriativo.net\/web\/o\/oparperfeito\" target=\"_blank\" rel=\"noopener noreferrer\">Leia: O Par Perfeito {Original, Restrita, Andamento}<\/a><br>\n<b>Lista de espera aberta!<\/b><br>\n<strong><a href=\"https:\/\/espacocriativo.net\/adote\/?page_id=594\" target=\"_blank\" rel=\"noopener noreferrer\">Formul\u00e1rio \u2022 Lista de espera<\/a><\/strong><\/p>\n<\/blockquote>\n\n<hr>\n\n<h2 align=\"center\">Ideia #16 \u2013 DISPON\u00cdVEL PARA LISTA DE ESPERA<\/h2>\n\n<p><b>Leitor Criativo:<\/b> Julia Nakamoto<br>\n<b>Autor respons\u00e1vel:<\/b> Yasmin Ayana<br>\n<b>N\u00ba de cap\u00edtulos:<\/b> 12<br>\n<b>Ideia:<\/b> Baseada no clipe de ALL IN.<br>\nExiste um grupo de criminosos (ladr\u00f5es) que est\u00e1 tirando o sono da pol\u00edcia (local ou nacional). O l\u00edder dos criminosos \u00e9 irm\u00e3o g\u00eameo do l\u00edder de policiais a frente de investiga\u00e7\u00f5es importantes. Depois de um roubo astron\u00f4mico e ousado, o irm\u00e3o policial \u00e9 chamado para liderar mais aquela investiga\u00e7\u00e3o, levando em conta que ambos s\u00e3o irm\u00e3os.<br>\n<b>Fandom:<\/b> Stray Kids (K-Pop)<br>\n<b>G\u00eanero:<\/b> A\u00e7\u00e3o \/ Aventura \/ Romance<br>\n<b>Nota:<\/b> Seria legal que os personagens fossem fixos para se manter certas caracter\u00edsticas dos meninos, se for o caso, poderia ter algum dos que usam nomes art\u00edsticos como o principal g\u00eameo (Felix, I.N, Bang Chan, Lee Know \u2013 n\u00e3o considerei o Han porque &#8220;Han&#8221; seria o sobrenome da fam\u00edlia na hist\u00f3ria)<br>\nE se forem fixos, por favor, colocar um romancezinho secund\u00e1rio para Felix ou Lee Know caso um deles n\u00e3o seja escolhido como principal &#8220;criminoso\/policial&#8221;. Kkk<br>\n<b>Sugest\u00e3o:<\/b> \u2013 A principal tanto pode ser uma civil qualquer que acaba se envolvendo nessa hist\u00f3ria, quanto pode ser uma criminosa solit\u00e1ria (estilo Mulher Gato da Anne Hathaway);<br>\n\u2013 O grupo de criminosos pode agir como Robin Hood ou como os Cavaleiros de Truque de Mestre, outra op\u00e7\u00e3o \u00e9 serem como no filme &#8220;Quebrando a Banca&#8221;, em que eles agem em cassinos e jogos de azar;<br>\n\u2013 Caso os meninos sejam fixos, pode ser interessante dividi-los entre os policiais e os criminosos.<\/p>\n\n<blockquote>\n<p align=\"center\"><a href=\"https:\/\/espacocriativo.net\/adote\/?p=5577\" target=\"_blank\" rel=\"noopener noreferrer\">Leia: All In {Stray Kids, N\u00e3o-Interativa, Andamento}<\/a><br>\n<b>Lista de espera aberta!<\/b><br>\n<strong><a href=\"https:\/\/espacocriativo.net\/adote\/?page_id=594\" target=\"_blank\" rel=\"noopener noreferrer\">Formul\u00e1rio \u2022 Lista de espera<\/a><\/strong><\/p>\n<\/blockquote>\n\n<hr>\n\n<h2 align=\"center\">Ideia #17 \u2013 DISPON\u00cdVEL PARA LISTA DE ESPERA<\/h2>\n\n<p><b>Leitor Criativo:<\/b> Giovanna<br>\n<b>Autor respons\u00e1vel:<\/b> P\u00e2ms<br>\n<b>N\u00ba de cap\u00edtulos:<\/b> 15<br>\n<b>Ideia:<\/b> Noah Urrea, integrante do Now United, foi selecionado para gravar um filme com a Netflix. O que ele menos esperava que iria se envolver pela sua parceira de cena.<br>\nQuatro meses s\u00e3o tudo que eles possuem, mas at\u00e9 l\u00e1 o caminho \u00e9 repleto de amizade, divers\u00e3o e romance.<br>\nO que ele menos esperava era que se tornariam parceiros da mesmo grupo, e ainda teriam um contrato!<br>\nA personagem principal tem dupla cidadania (brasileira\/italiana), e ela est\u00e1 na italiana fazendo faculdade, foi convidada para participar do filme pois era perfeita para o papel!<br>\nMas o que n\u00e3o imaginava e que, ap\u00f3s o filme, seria convidada por Simon Fuller para ser a \u00faltima integrante do N.U representando a It\u00e1lia. O que ela n\u00e3o imaginava era uma cl\u00e1usula do contrato que n\u00e3o podem se envolver com os integrantes. Ser\u00e1 que conseguiria ficar ao lado do Noah como se nada do que viveram tivesse acontecido?<br>\n<b>Fandom:<\/b> Noah Urrea (Now United)<br>\n<b>G\u00eanero:<\/b> Romance \/ Com\u00e9dia Rom\u00e2ntica \/ Suspense<br>\n<b>Nota:<\/b> A ideia surgiu de sonhos que eu tive (?), como tem poucas informa\u00e7\u00f5es sobre o filme ainda fica complicado de ter detalhes sobre os personagens e as cenas. Al\u00e9m de n\u00e3o saber de forma concreta as caracter\u00edsticas e hist\u00f3ria personagem principal, ou seja toda a trajet\u00f3ria dela para ser reconhecida e entrar no filme e NU. Mas tudo precisar envolver cantar e dan\u00e7ar!<br>\n<b>Sugest\u00e3o:<\/b> \u2013 Noah se ausenta por 4 meses do grupo para gravar o filme<br>\n\u2013 Pp n\u00e3o \u00e9 famosa<br>\n\u2013 A pp precisa ter um nome e sobrenome italiano<br>\n\u2013 A pp tem dupla cidadania (brasileira\/italiana), sabe falar ingl\u00eas, portugu\u00eas e italiano<br>\n\u2013 Tem que envolver m\u00fasica e dan\u00e7a<br>\n\u2013 A m\u00fasica Legends so now United seria incr\u00edvel para ser a m\u00fasica \u201csolo\u201d deles<br>\n\u2013 Noah e Beatrice v\u00e3o viver um romance durante os 4 meses juntos na grava\u00e7\u00e3o do filme, al\u00e9m da amizade e cumplicidade<br>\n\u2013 Ambos voltam para a rotina normal, mas Beatrice recebe uma proposta para ser uma das integrantes do Now United devido coment\u00e1rios e\/ou v\u00eddeos ou inscri\u00e7\u00e3o antiga (?)<br>\n\u2013 Mas os integrantes do grupo tem um contato e n\u00e3o por\u00e9m manter um relacionamento entre si, e ela est\u00e1 muito apaixonada pelo Noah<br>\n\u2013 Ela entra no grupo, eles ficam um pouco tristes pela falta de contato e por n\u00e3o poderem demostrar o que sentem um pelo outro mas todo o grupo ajuda os dois a ficarem juntos apesar do contrato!<br>\n\u2013 tem que envolver todo o grupo na parte final<\/p>\n\n<blockquote>\n<p align=\"center\"><a href=\"https:\/\/espacocriativo.net\/adote\/?p=5656\" target=\"_blank\" rel=\"noopener noreferrer\">Leia: United Dreams {Now United, Andamento}<\/a><br>\n<b>Lista de espera aberta!<\/b><br>\n<strong><a href=\"https:\/\/espacocriativo.net\/adote\/?page_id=594\" target=\"_blank\" rel=\"noopener noreferrer\">Formul\u00e1rio \u2022 Lista de espera<\/a><\/strong><\/p>\n<\/blockquote>\n\n<hr>\n\n<h2 align=\"center\">Ideia #24 \u2013 DISPON\u00cdVEL PARA LISTA DE ESPERA<\/h2>\n\n<p><b>Leitor Criativo:<\/b> Giovanna A.<br>\n<b>Autor respons\u00e1vel:<\/b> Vee<br>\n<b>N\u00ba de cap\u00edtulos:<\/b> 10<br>\n<b>Ideia:<\/b> \u2013 o PP \u00e9 brasileiro, jogador de futebol por\u00e9m em time fora do pa\u00eds (pode ser qualquer time desde que seja em time fora do Brasil)<br>\n\u2013 A PP \u00e9 brasileira e tem sonho de conhecer o mundo (\u00e9 o maior sonho dela)<br>\n\u2013 Se envolveram muito novos (17 \u2013 19 anos) por um rela\u00e7\u00e3o de 2 anos de forma virtual pois ele morava fora e ela no Brasil (por conta da faculdade)<br>\n\u2013 Ap\u00f3s 4 anos, ela j\u00e1 formada e ele contratado por um time famoso se reencontram mas n\u00e3o d\u00e1 forma que eles esperavam<br>\n\u2013 A pp decide ser aupair (bab\u00e1) para treinar o seu ingl\u00eas, e por coincid\u00eancia \u00e9 de um parceiro de time do pp<br>\n\u2013 O pp se casou e tem filhos com uma modelo (tradicional) mas o casamento est\u00e1 bem conturbado<br>\n\u2013 Com o reencontro dos pp junto os sentimentos voltam a tona e vira uma confus\u00e3o por div\u00f3rcio, interesse de amigos, amizade<br>\n\u2013 Colocar jogadores como Neymar, Coutinho, Davi Luiz pois s\u00e3o brasileiros e alguns estrangeiros que sejam famosos<br>\n\u2013 A pp tem um breve relacionamento com um companheiro de time do pp (que fica com ci\u00fames) mas ele (o amigo) percebe que eles s\u00e3o apaixonados e vira cupido<br>\n\u2013 A esposa do pp \u00e9 uma doce e entende que o casamento n\u00e3o est\u00e1 mil maravilhas, mas eles mant\u00eam as apar\u00eancias devido a m\u00eddia e inclusive ajuda os dois a ficarem juntos<br>\n\u2013 O t\u00e9rmino dos pps na adolesc\u00eancia foi sem brigas apenas por conta da dist\u00e2ncia (n\u00e3o tem m\u00e1goas entre eles, o sentimento sempre existiu)<br>\n\u2013 Eles n\u00e3o se falavam com frequ\u00eancia, apenas em anivers\u00e1rios e coment\u00e1rios nas redes sociais<br>\n<b>Fandom:<\/b> Jogador de futebol (livre)<br>\n<b>G\u00eanero:<\/b> Romance \/ Suspense<br>\n<b>Nota:<\/b> \u2013 N\u00e3o me importo com os nomes dos personagens principais<br>\n\u2013 A hist\u00f3ria precisa contar a vers\u00e3o da pp e do pp<br>\n<b>Sugest\u00e3o:<\/b> \u2013 A m\u00fasica do casal \u00e9 Closer \u2013 The Chainsmokers (pode usar alguns trechos da m\u00fasica para os cap\u00edtulos, principalmente o do reencontro)<br>\n\u2013 Hist\u00f3ria brevemente ver\u00eddica (oficial minha)<br>\n\u2013 Pode me chamar para conversar se necess\u00e1rio sobre a hist\u00f3ria (como se conheceram)<\/p>\n\n<blockquote>\n<p align=\"center\">EM CRIA\u00c7\u00c3O. <b>Lista de espera aberta!<\/b><br>\n<strong><a href=\"https:\/\/espacocriativo.net\/adote\/?page_id=594\" target=\"_blank\" rel=\"noopener noreferrer\">Formul\u00e1rio \u2022 Lista de espera<\/a><\/strong><\/p>\n<\/blockquote>\n\n<\/div>\n<\/div>\n\n<!-- <hr>\n\n<h2 align=\"center\"><span style=\"color: #ff0000;\">!!<\/span> Ideia #  \u2013 DISPON\u00cdVEL<\/h2>\n\n<p align=\"center\"><b>Essa ideia deve ser adotada at\u00e9 <u>06 de Dezembro de 2021<\/u>.<\/b><\/p>\n\n<p><b>Leitor Criativo:<\/b> <br>\n<b>Autor respons\u00e1vel:<\/b> <br>\n<b>N\u00ba de cap\u00edtulos:<\/b> 1<br>\n<b>Ideia:<\/b> <br>\n<b>Fandom:<\/b> <br>\n<b>G\u00eanero:<\/b> <br>\n<b>Nota:<\/b> <br>\n<b>Sugest\u00e3o:<\/b> <\/p>\n\n<blockquote>\n<p align=\"center\"><b>Ideia dispon\u00edvel para ado\u00e7\u00e3o! Adote-a!<\/b><br>\n<p style=\"text-align: center;\"><strong><a href=\"https:\/\/espacocriativo.net\/adote\/?page_id=594\" target=\"_blank\" rel=\"noopener noreferrer\">Formul\u00e1rio \u2022 Ado\u00e7\u00e3o<\/a><\/strong><\/p>\n<\/blockquote>\n\n -->\n","protected":false},"excerpt":{"rendered":"<p>Para adotar as ideias abaixo, \u00e9 necess\u00e1rio possuir o perfil de autor no projeto Leitor Criativo. Caso ainda n\u00e3o esteja [&hellip;]<\/p>\n","protected":false},"author":2,"featured_media":0,"parent":0,"menu_order":0,"comment_status":"closed","ping_status":"closed","template":"modelo-leitor-internas.php","meta":{"_acf_changed":false,"footnotes":""},"class_list":["post-5135","page","type-page","status-publish","hentry"],"acf":[],"_links":{"self":[{"href":"https:\/\/espacocriativo.net\/adote\/wp-json\/wp\/v2\/pages\/5135","targetHints":{"allow":["GET"]}}],"collection":[{"href":"https:\/\/espacocriativo.net\/adote\/wp-json\/wp\/v2\/pages"}],"about":[{"href":"https:\/\/espacocriativo.net\/adote\/wp-json\/wp\/v2\/types\/page"}],"author":[{"embeddable":true,"href":"https:\/\/espacocriativo.net\/adote\/wp-json\/wp\/v2\/users\/2"}],"replies":[{"embeddable":true,"href":"https:\/\/espacocriativo.net\/adote\/wp-json\/wp\/v2\/comments?post=5135"}],"version-history":[{"count":0,"href":"https:\/\/espacocriativo.net\/adote\/wp-json\/wp\/v2\/pages\/5135\/revisions"}],"wp:attachment":[{"href":"https:\/\/espacocriativo.net\/adote\/wp-json\/wp\/v2\/media?parent=5135"}],"curies":[{"name":"wp","href":"https:\/\/api.w.org\/{rel}","templated":true}]}}