{"id":4873,"date":"2020-06-20T21:17:55","date_gmt":"2020-06-20T21:17:55","guid":{"rendered":"http:\/\/espacocriativo.net\/adote\/?page_id=4873"},"modified":"2020-06-20T21:17:55","modified_gmt":"2020-06-20T21:17:55","slug":"inscricao-autores","status":"publish","type":"page","link":"https:\/\/espacocriativo.net\/adote\/formularios\/inscricao-autores\/","title":{"rendered":"\u2757\ufe0fInscri\u00e7\u00e3o Autores"},"content":{"rendered":"<blockquote>\n<h2><strong>IMPORTANTE!<\/strong><\/h2>\n<p><strong>\u00bb<\/strong> Sempre mantenha seus contatos atualizados.<br \/>\n<strong>\u00bb<\/strong>\u00a0Se n\u00e3o se importa com fandom e g\u00eanero, deixe-os\u00a0<strong>LIVRE<\/strong>.<br \/>\n<strong>\u00bb<\/strong> Confira todas as regras do projetos antes de se inscrever. Clique <a href=\"https:\/\/espacocriativo.net\/adote\/?page_id=5798\" target=\"_blank\" rel=\"noopener\">aqui<\/a>.<br \/>\n<strong>\u00bb <\/strong>O prazo de retorno \u00e9 de 2 dias. Caso ultrapasse este per\u00edodo, entre em contato pelo e-mail\u00a0<em>projetos.espacocriativo@gmail.com<\/em> com seu nome ou as informa\u00e7\u00f5es dos campos abaixo completadas.<\/p><\/blockquote>\n<hr \/>\n\n<div class=\"wpcf7 no-js\" id=\"wpcf7-f4874-o1\" lang=\"pt-BR\" dir=\"ltr\" data-wpcf7-id=\"4874\">\n<div class=\"screen-reader-response\"><p role=\"status\" aria-live=\"polite\" aria-atomic=\"true\"><\/p> <ul><\/ul><\/div>\n<form action=\"\/adote\/wp-json\/wp\/v2\/pages\/4873#wpcf7-f4874-o1\" method=\"post\" class=\"wpcf7-form init\" aria-label=\"Formul\u00e1rios de contato\" novalidate=\"novalidate\" data-status=\"init\">\n<fieldset class=\"hidden-fields-container\"><input type=\"hidden\" name=\"_wpcf7\" value=\"4874\" \/><input type=\"hidden\" name=\"_wpcf7_version\" value=\"6.1.4\" \/><input type=\"hidden\" name=\"_wpcf7_locale\" value=\"pt_BR\" \/><input type=\"hidden\" name=\"_wpcf7_unit_tag\" value=\"wpcf7-f4874-o1\" \/><input type=\"hidden\" name=\"_wpcf7_container_post\" value=\"0\" \/><input type=\"hidden\" name=\"_wpcf7_posted_data_hash\" value=\"\" \/>\n<\/fieldset>\n<h2>\u2192 SOBRE O AUTOR\n<\/h2>\n<p><b>*<\/b><i>Campos obrigat\u00f3rios.<\/i>\n<\/p>\n<p><strong>Nome:*<\/strong>\n<\/p>\n<p><span class=\"wpcf7-form-control-wrap\" data-name=\"your-name\"><input size=\"40\" maxlength=\"400\" class=\"wpcf7-form-control wpcf7-text wpcf7-validates-as-required\" aria-required=\"true\" aria-invalid=\"false\" value=\"\" type=\"text\" name=\"your-name\" \/><\/span>\n<\/p>\n<p><strong>E-mail:*<\/strong>\n<\/p>\n<p><span class=\"wpcf7-form-control-wrap\" data-name=\"your-email\"><input size=\"40\" maxlength=\"400\" class=\"wpcf7-form-control wpcf7-email wpcf7-validates-as-required wpcf7-text wpcf7-validates-as-email\" aria-required=\"true\" aria-invalid=\"false\" value=\"\" type=\"email\" name=\"your-email\" \/><\/span>\n<\/p>\n<p><strong>Redes sociais:<\/strong>\n<\/p>\n<p><span class=\"wpcf7-form-control-wrap\" data-name=\"textarea-837\"><textarea cols=\"40\" rows=\"10\" maxlength=\"2000\" class=\"wpcf7-form-control wpcf7-textarea\" aria-invalid=\"false\" name=\"textarea-837\"><\/textarea><\/span>\n<\/p>\n<p>\n<hr \/>\n<\/p>\n<h2>\u2192 PREFER\u00caNCIAS\n<\/h2>\n<p><strong>Fandom:* <\/strong><i>Coloque apenas 2 op\u00e7\u00f5es. Caso coloque mais, ser\u00e3o consideradas apenas as 2 primeiras. <u>Se n\u00e3o h\u00e1 prefer\u00eancia, coloque LIVRE.<\/u><\/i>\n<\/p>\n<p><span class=\"wpcf7-form-control-wrap\" data-name=\"text-13\"><input size=\"40\" maxlength=\"400\" class=\"wpcf7-form-control wpcf7-text wpcf7-validates-as-required\" aria-required=\"true\" aria-invalid=\"false\" value=\"\" type=\"text\" name=\"text-13\" \/><\/span>\n<\/p>\n<p><strong>G\u00eaneros 1:*<\/strong><i>Se n\u00e3o h\u00e1 prefer\u00eancia, selecione LIVRE.<\/i>\n<\/p>\n<p><span class=\"wpcf7-form-control-wrap\" data-name=\"menu-208\"><select class=\"wpcf7-form-control wpcf7-select wpcf7-validates-as-required\" aria-required=\"true\" aria-invalid=\"false\" name=\"menu-208\"><option value=\"\">&#8212;Escolha uma op\u00e7\u00e3o&#8212;<\/option><option value=\"LIVRE\">LIVRE<\/option><option value=\"A\u00e7\u00e3o\">A\u00e7\u00e3o<\/option><option value=\"Com\u00e9dia\">Com\u00e9dia<\/option><option value=\"Com\u00e9dia rom\u00e2ntica\">Com\u00e9dia rom\u00e2ntica<\/option><option value=\"Restrita\">Restrita<\/option><option value=\"Romance\">Romance<\/option><option value=\"Suspense\">Suspense<\/option><option value=\"Terror\">Terror<\/option><option value=\"Outro (escreva no campo abaixo)\">Outro (escreva no campo abaixo)<\/option><\/select><\/span>\n<\/p>\n<p><span class=\"wpcf7-form-control-wrap\" data-name=\"text-14\"><input size=\"40\" maxlength=\"400\" class=\"wpcf7-form-control wpcf7-text\" aria-invalid=\"false\" value=\"\" type=\"text\" name=\"text-14\" \/><\/span>\n<\/p>\n<p><strong>G\u00eaneros 2:*<\/strong><i>Se n\u00e3o h\u00e1 prefer\u00eancia, selecione LIVRE.<\/i>\n<\/p>\n<p><span class=\"wpcf7-form-control-wrap\" data-name=\"menu-209\"><select class=\"wpcf7-form-control wpcf7-select wpcf7-validates-as-required\" aria-required=\"true\" aria-invalid=\"false\" name=\"menu-209\"><option value=\"\">&#8212;Escolha uma op\u00e7\u00e3o&#8212;<\/option><option value=\"LIVRE\">LIVRE<\/option><option value=\"A\u00e7\u00e3o\">A\u00e7\u00e3o<\/option><option value=\"Com\u00e9dia\">Com\u00e9dia<\/option><option value=\"Com\u00e9dia rom\u00e2ntica\">Com\u00e9dia rom\u00e2ntica<\/option><option value=\"Restrita\">Restrita<\/option><option value=\"Romance\">Romance<\/option><option value=\"Suspense\">Suspense<\/option><option value=\"Terror\">Terror<\/option><option value=\"Outro (escreva no campo abaixo)\">Outro (escreva no campo abaixo)<\/option><\/select><\/span>\n<\/p>\n<p><span class=\"wpcf7-form-control-wrap\" data-name=\"text-15\"><input size=\"40\" maxlength=\"400\" class=\"wpcf7-form-control wpcf7-text\" aria-invalid=\"false\" value=\"\" type=\"text\" name=\"text-15\" \/><\/span>\n<\/p>\n<p><strong>Observa\u00e7\u00e3o:<\/strong><i>D\u00favidas ou qualquer outra prefer\u00eancia?<\/i>\n<\/p>\n<p><span class=\"wpcf7-form-control-wrap\" data-name=\"textarea-247\"><textarea cols=\"40\" rows=\"10\" maxlength=\"2000\" class=\"wpcf7-form-control wpcf7-textarea\" aria-invalid=\"false\" name=\"textarea-247\"><\/textarea><\/span>\n<\/p>\n<p>\n<hr \/>\n<\/p>\n<h2>\u2192 INSCRI\u00c7\u00c3O\n<\/h2>\n<h3>\u2022 Inscri\u00e7\u00e3o para ideias OFFLINE\n<\/h3>\n<p><strong>A ideia pertence a qual projeto?*<\/strong><small>\u00c9 poss\u00edvel adotar uma ideia do <b>Adote Uma Ideia<\/b> e desenvolv\u00ea-la no <b>Leitor Criativo<\/b>.<\/small>\n<\/p>\n<p><span class=\"wpcf7-form-control-wrap\" data-name=\"menu-300\"><select class=\"wpcf7-form-control wpcf7-select wpcf7-validates-as-required\" aria-required=\"true\" aria-invalid=\"false\" name=\"menu-300\"><option value=\"\">&#8212;Escolha uma op\u00e7\u00e3o&#8212;<\/option><option value=\"Adote Uma Ideia\">Adote Uma Ideia<\/option><option value=\"Leitor Criativo\">Leitor Criativo<\/option><\/select><\/span>\n<\/p>\n<p><strong>Informe o n\u00ba da ideia:*<\/strong>\n<\/p>\n<p><span class=\"wpcf7-form-control-wrap\" data-name=\"text-20\"><input size=\"40\" maxlength=\"400\" class=\"wpcf7-form-control wpcf7-text wpcf7-validates-as-required\" aria-required=\"true\" aria-invalid=\"false\" value=\"\" type=\"text\" name=\"text-20\" \/><\/span>\n<\/p>\n<p><strong>Quantos cap\u00edtulos a fanfic ter\u00e1?*<\/strong><small>Para ideias do <b>Leitor Criativo<\/b>, \u00e9 poss\u00edvel solicitar UMA VEZ, antes da hist\u00f3ria come\u00e7ar a escrita, a mudan\u00e7a na quantidade de cap\u00edtulos. A altera\u00e7\u00e3o \u00e9 mediante aprova\u00e7\u00e3o do leitor doador. Informe abaixo a quantidade de cap\u00edtulos desejada. <b>Caso n\u00e3o tenha interesse em mudar a quantidade j\u00e1 definida pelo Leitor, selecione a op\u00e7\u00e3o zero (0).<\/b><\/small>\n<\/p>\n<p><span class=\"wpcf7-form-control-wrap\" data-name=\"menu-500\"><select class=\"wpcf7-form-control wpcf7-select wpcf7-validates-as-required\" aria-required=\"true\" aria-invalid=\"false\" name=\"menu-500\"><option value=\"\">&#8212;Escolha uma op\u00e7\u00e3o&#8212;<\/option><option value=\"0\">0<\/option><option value=\"5\">5<\/option><option value=\"6\">6<\/option><option value=\"7\">7<\/option><option value=\"8\">8<\/option><option value=\"9\">9<\/option><option value=\"10\">10<\/option><option value=\"11\">11<\/option><option value=\"12\">12<\/option><option value=\"13\">13<\/option><option value=\"14\">14<\/option><option value=\"15\">15<\/option><\/select><\/span>\n<\/p>\n<h3>\u2022 Inscri\u00e7\u00e3o para ideias ONLINE\n<\/h3>\n<p><small><b>Obs.<\/b> Inscrever-se na lista de espera n\u00e3o garante a participa\u00e7\u00e3o na fanfic.<br \/>\n<b>2\u00aa Obs.<\/b> Pode haver fanfics online sem autor inscrito, eles estar\u00e3o identificados com \"Autor respons\u00e1vel\".<\/small>\n<\/p>\n<p><strong>Selecione quantas quiser:*<\/strong><span class=\"wpcf7-form-control-wrap\" data-name=\"checkbox-84\"><span class=\"wpcf7-form-control wpcf7-checkbox wpcf7-validates-as-required\"><span class=\"wpcf7-list-item first last\"><label><input type=\"checkbox\" name=\"checkbox-84[]\" value=\"Nenhum \u2013 Nova fanfic\" \/><span class=\"wpcf7-list-item-label\">Nenhum \u2013 Nova fanfic<\/span><\/label><\/span><\/span><\/span>\n<\/p>\n<p><b>Observa\u00e7\u00e3o? D\u00favida? Retire-as ou informe-as aqui:<\/b>\n<\/p>\n<p><span class=\"wpcf7-form-control-wrap\" data-name=\"your-message\"><textarea cols=\"40\" rows=\"10\" maxlength=\"2000\" class=\"wpcf7-form-control wpcf7-textarea\" aria-invalid=\"false\" name=\"your-message\"><\/textarea><\/span>\n<\/p>\n<p><input class=\"wpcf7-form-control wpcf7-submit has-spinner\" type=\"submit\" value=\"Enviar\" \/>\n<\/p><div class=\"wpcf7-response-output\" aria-hidden=\"true\"><\/div>\n<\/form>\n<\/div>\n\n","protected":false},"excerpt":{"rendered":"<p>IMPORTANTE! \u00bb Sempre mantenha seus contatos atualizados. \u00bb\u00a0Se n\u00e3o se importa com fandom e g\u00eanero, deixe-os\u00a0LIVRE. \u00bb Confira todas as [&hellip;]<\/p>\n","protected":false},"author":2,"featured_media":0,"parent":587,"menu_order":0,"comment_status":"closed","ping_status":"closed","template":"modelo-leitor-internas.php","meta":{"_acf_changed":false,"footnotes":""},"class_list":["post-4873","page","type-page","status-publish","hentry"],"acf":[],"_links":{"self":[{"href":"https:\/\/espacocriativo.net\/adote\/wp-json\/wp\/v2\/pages\/4873","targetHints":{"allow":["GET"]}}],"collection":[{"href":"https:\/\/espacocriativo.net\/adote\/wp-json\/wp\/v2\/pages"}],"about":[{"href":"https:\/\/espacocriativo.net\/adote\/wp-json\/wp\/v2\/types\/page"}],"author":[{"embeddable":true,"href":"https:\/\/espacocriativo.net\/adote\/wp-json\/wp\/v2\/users\/2"}],"replies":[{"embeddable":true,"href":"https:\/\/espacocriativo.net\/adote\/wp-json\/wp\/v2\/comments?post=4873"}],"version-history":[{"count":0,"href":"https:\/\/espacocriativo.net\/adote\/wp-json\/wp\/v2\/pages\/4873\/revisions"}],"up":[{"embeddable":true,"href":"https:\/\/espacocriativo.net\/adote\/wp-json\/wp\/v2\/pages\/587"}],"wp:attachment":[{"href":"https:\/\/espacocriativo.net\/adote\/wp-json\/wp\/v2\/media?parent=4873"}],"curies":[{"name":"wp","href":"https:\/\/api.w.org\/{rel}","templated":true}]}}