{"id":4172,"date":"2017-10-12T04:38:42","date_gmt":"2017-10-12T04:38:42","guid":{"rendered":"http:\/\/espacocriativo.net\/adote\/?page_id=4172"},"modified":"2025-01-16T21:37:32","modified_gmt":"2025-01-17T00:37:32","slug":"ideias-221-a-230","status":"publish","type":"page","link":"https:\/\/espacocriativo.net\/adote\/disponiveis\/ideias-221-a-230\/","title":{"rendered":"Ideias \u00bb #221 a #230"},"content":{"rendered":"<p style=\"text-align: center;\">Antes de adotar, confira as <a href=\"https:\/\/espacocriativo.net\/adote\/?page_id=609\">regras do jogo<\/a>.<\/p>\n<p style=\"text-align: center;\"><a href=\"#221\">#221<\/a> | <a href=\"#222\">#222<\/a> | <a href=\"#223\">#223<\/a> | <a href=\"#225\">#225<\/a> | <a href=\"#226\">#226<\/a>\u00a0| <a href=\"#228\">#228<\/a> | <a href=\"#229\">#229<\/a> | <a href=\"#230\">#230<\/a><\/p>\n<hr \/>\n<h2 align=\"center\">Ideia #221<\/h2>\n<p><a name=\"221\"><\/a><strong>Doada por <a href=\"https:\/\/twitter.com\/Toris_Snow\" target=\"_blank\" rel=\"noopener noreferrer\">Victoria<\/a>.<\/strong><br \/>\n<strong>Resumo:<\/strong> Baseado na m\u00fasica Cry baby \u2013 Janis Joplin.<br \/>\n<strong>Fandom:<\/strong> Livre<br \/>\n<strong>G\u00eanero:<\/strong> Livre<br \/>\n<strong>Nota:<\/strong> &#8212;<br \/>\n<strong>Sugest\u00e3o:<\/strong> &#8212;<br \/>\n<strong>Contato:<\/strong> <a href=\"mailto:snow79729@gmail.com\">E-mail<\/a> | <a href=\"https:\/\/twitter.com\/Toris_Snow\" target=\"_blank\" rel=\"noopener noreferrer\">Twitter<\/a><\/p>\n<p style=\"text-align: center;\"><strong>Para adotar, complete o formul\u00e1rio a seguir: <a href=\"https:\/\/espacocriativo.net\/adote\/?page_id=594\">Link<\/a><\/strong><\/p>\n<hr \/>\n<h2 align=\"center\">Ideia #222<\/h2>\n<p><a name=\"222\"><\/a><strong>Doada por <a href=\"https:\/\/twitter.com\/Toris_Snow\" target=\"_blank\" rel=\"noopener noreferrer\">Victoria<\/a>.<\/strong><br \/>\n<strong>Resumo:<\/strong> Eles s\u00e3o dois amantes de vidas passadas, mas h\u00e1 um problema: Ela \u00e9 uma sereia e ele um mero mortal. Ambos foram mortos na vida passada, e agora se reencontram.<br \/>\nEla, na forma humana, o segue at\u00e9 Seul, na busca de ficar perto de seu amor, mas h\u00e1 um problema (na verdade v\u00e1rios): Ela apagou a mem\u00f3ria dele por meio de um beijo.<br \/>\nUma aventura come\u00e7a, e PP precisa conquistar o seu amor antes que o tempo termine, e ela tenha que voltar ao mar.<br \/>\n<strong>Fandom:<\/strong> Algum grupo k-pop<br \/>\n<strong>G\u00eanero:<\/strong> Romance \/ Drama \/ A\u00e7\u00e3o \/ Com\u00e9dia<br \/>\n<strong>Nota:<\/strong> Bom, tive essa ideia assistindo ao dorama &#8220;A lenda do mar azul&#8221; (Assista, \u00e9 muuuuito bom. RECOMENDO).<br \/>\nA hist\u00f3ria do dorama se baseia no amor da sereia e do homem (Ele \u00e9 tipo OMG, muito mara).<br \/>\nCaso voc\u00ea queira se basear no dorama, fique a vontade\u2026 Abuse de sua imagina\u00e7\u00e3o.<br \/>\n<strong>Sugest\u00e3o:<\/strong> Acho que a PP poderia ser interativa, o que aproximaria a leitora com a fanfic.<br \/>\nSe voc\u00ea quiser usar o personagem principal como o &#8220;mocinho&#8221; da fic, eu acho que ficaria legal tamb\u00e9m (O ator, Lee Min-ho, \u00e9 um gato), contudo, usar os meninos do KPop ficaria legal tamb\u00e9m.<br \/>\nUse e abuse de sua imagina\u00e7\u00e3o.<br \/>\n<strong>Contato:<\/strong> <a href=\"mailto:snow79729@gmail.com\">E-mail<\/a> | <a href=\"https:\/\/twitter.com\/Toris_Snow\" target=\"_blank\" rel=\"noopener noreferrer\">Twitter<\/a><\/p>\n<p style=\"text-align: center;\"><strong>Para adotar, complete o formul\u00e1rio a seguir: <a href=\"https:\/\/espacocriativo.net\/adote\/?page_id=594\">Link<\/a><\/strong><\/p>\n<hr \/>\n<h2 align=\"center\">Ideia #223<\/h2>\n<p><a name=\"223\"><\/a><strong>Doada por <i>Victoria<\/i>.<\/strong><br \/>\n<strong>Resumo:<\/strong> Akai Ito, a ador\u00e1vel lenda da fita vermelha do amor enla\u00e7ada no dedo mindinho esquerdo com a outra ponta conectada \u00e0 sua alma g\u00eamea eterna.<br \/>\nEra s\u00f3 um mito. Mas a curiosidade dos mitos \u00e9 que \u00e0s vezes, eles s\u00e3o reais.<br \/>\nC\u00fapido era s\u00f3 uma entidade m\u00edstica respons\u00e1vel por fazer as almas g\u00eameas humanas se encontrarem, mas mesmo com s\u00e9culos de experi\u00eancia algo sai muito errado em uma das suas tarefas e a culpa acaba sendo toda sua. A Deusa do Amor, revoltada por tamanha afronta designou a C\u00fapido uma das piores puni\u00e7\u00f5es: descer e fazer com as pr\u00f3prias m\u00e3os o que deveria ser feito. E assim, C\u00fapido \u00e9 obrigado a assumir uma forma mortal de uma garota de 18 anos para completar seu trabalho e voltar a seu posto original.<br \/>\nC\u00fapido tem que aprender agora como ser humano ao mesmo tempo que precisa terminar sua miss\u00e3o, por\u00e9m ele s\u00f3 n\u00e3o contava que tamb\u00e9m seria v\u00edtima da pr\u00f3pria for\u00e7a maior que servia: O Amor.<br \/>\n<strong>Fandom:<\/strong> Prefer\u00eancia por algum grupo de k-pop<br \/>\n<strong>G\u00eanero:<\/strong> Romance \/ Com\u00e9dia<br \/>\n<strong>Nota:<\/strong> Em resumo, a entidade pode ser tanto feminina quanto masculina\u2026 seria legal faz\u00ea-lo voltar dps de tudo em um corpo masculino ou algo assim, mas vai da sua prefer\u00eancia. Eu desenvolvi a sinopse pra uma hist\u00f3ria minha mesmo da Akai Ito, mas acabou que o enredo me levou rumo e acabou sobrando s\u00f3 a sinopse.<br \/>\nImaginei em o Taehyung do BTS. E o casal q deu \u2018errado\u2019 seria Jikook mas isso vai do seu crit\u00e9rio tamb\u00e9m.<br \/>\n<strong>Sugest\u00e3o:<\/strong> O casal que iniciou tudo poderia ser homoafetivo com ambos no arm\u00e1rio, onde por um erro os dois se separam e complicam ainda mais o romance.<br \/>\nC\u00fapido pode tamb\u00e9m tradicionalmente desistir de ser uma entidade pra ser humano.<br \/>\nE o corpo mortal utilizado durante a fic poderia ser de algu\u00e9m que morreu ou estava \u00e0 beira de uma morte irrevers\u00edvel.<br \/>\nClaro que isso s\u00e3o apenas ideias que eu utilizei pra ter a sinopse kkk achei que poderia usar.<br \/>\n<strong>Contato:<\/strong> <a href=\"mailto:nayara90899@gmail.com\">E-mail<\/a><\/p>\n<p style=\"text-align: center;\"><strong>Para adotar, complete o formul\u00e1rio a seguir: <a href=\"https:\/\/espacocriativo.net\/adote\/?page_id=594\">Link<\/a><\/strong><\/p>\n<hr \/>\n<h2 align=\"center\">Ideia #225<\/h2>\n<p><a name=\"225\"><\/a><strong>Doada por <i>Kelly Oliveira<\/i>.<\/strong><br \/>\n<strong>Resumo:<\/strong> M\u00fasica: Kontrol \u2013 Kim SungKyu<br \/>\nAqui vai um trecho da song:<\/p>\n<p>&#8220;Volte,<br \/>\nVoc\u00ea \u00e9 a \u00fanica pessoa<br \/>\nque pode acabar com essa espera sem fim dentro de mim<\/p>\n<p>Eu n\u00e3o farei perguntas<br \/>\nSobre porque voc\u00ea me deixou para tr\u00e1s, aqui sozinho<br \/>\nPorque voc\u00ea me deixou? Porque fez isso comigo..<\/p>\n<p>Qual a import\u00e2ncia sobre isso?<br \/>\nEu s\u00f3 preciso de voc\u00ea ao meu lado<br \/>\nIsso \u00e9 tudo o que preciso<\/p>\n<p>Volte<br \/>\nA cada dia eu estarei aqui, derramando l\u00e1grimas sem fim<br \/>\nEnquanto espero por voc\u00ea, volte para mim\u2026&#8221;<br \/>\n<strong>Fandom:<\/strong> Livre<br \/>\n<strong>G\u00eanero:<\/strong> Drama<br \/>\n<strong>Sugest\u00e3o:<\/strong> Segue o link da m\u00fasica: <a href=\"https:\/\/www.youtube.com\/watch?v=mjKy5sbh3Fk\" target=\"_blank\" rel=\"noopener noreferrer\">https:\/\/www.youtube.com\/watch?v=mjKy5sbh3Fk<\/a><br \/>\n<strong>Nota:<\/strong> &#8212;<br \/>\n<strong>Contato:<\/strong> <a href=\"mailto:kellyteuk@gmail.com\">E-mail<\/a><\/p>\n<p style=\"text-align: center;\"><strong>Para adotar, complete o formul\u00e1rio a seguir: <a href=\"https:\/\/espacocriativo.net\/adote\/?page_id=594\">Link<\/a><\/strong><\/p>\n<hr \/>\n<h2 align=\"center\">Ideia #226<\/h2>\n<p><a name=\"226\"><\/a><strong>Doada por <a href=\"https:\/\/twitter.com\/fixp4rker\" target=\"_blank\" rel=\"noopener noreferrer\">Melissa Lima<\/a>.<\/strong><br \/>\n<strong>Resumo:<\/strong> Um assassinato misterioso acontece na regi\u00e3o e a culpa cai sobre o namorado: um jovem de 21 anos, universit\u00e1rio, que n\u00e3o estava na cidade quando aconteceu. A policial respons\u00e1vel pelo caso n\u00e3o acredita que a culpa tenha sido do namorado, embora existam evid\u00eancias que seja ele.<br \/>\n<strong>Fandom:<\/strong> Livre<br \/>\n<strong>G\u00eanero:<\/strong> Suspense<br \/>\n<strong>Sugest\u00e3o:<\/strong> &#8212;<br \/>\n<strong>Nota:<\/strong> &#8212;<br \/>\n<strong>Contato:<\/strong> <a href=\"mailto:mlabesttein@gmail.com\">E-mail<\/a> | <a href=\"https:\/\/twitter.com\/fixp4rker\" target=\"_blank\" rel=\"noopener noreferrer\">Twitter<\/a><\/p>\n<p style=\"text-align: center;\"><strong>Para adotar, complete o formul\u00e1rio a seguir: <a href=\"https:\/\/espacocriativo.net\/adote\/?page_id=594\">Link<\/a><\/strong><\/p>\n<hr \/>\n<h2 align=\"center\">Ideia #228<\/h2>\n<p><a name=\"228\"><\/a><strong>Doada por <a href=\"https:\/\/twitter.com\/jubspvcs\" target=\"_blank\" rel=\"noopener noreferrer\">Jubs<\/a>.<\/strong><br \/>\n<strong>Resumo:<\/strong> Ela \u00e9 uma fotografa de bandas, a banda favorita dela vai fazer um show e ela tenta de qualquer maneira a autoriza\u00e7\u00e3o para fotografa-los. At\u00e9 que ela est\u00e1 nos bastidores e esbarra feio em um dos integrantes que desmaia e ela tem que ajuda-lo\u2026<\/p>\n<p>Pensado com The Maine, mas pode ser com qualquer banda!<br \/>\n<strong>Fandom:<\/strong> The Maine \/ Banda<br \/>\n<strong>G\u00eanero:<\/strong> Livre<br \/>\n<strong>Sugest\u00e3o:<\/strong> &#8212;<br \/>\n<strong>Nota:<\/strong> &#8212;<br \/>\n<strong>Contato:<\/strong> <a href=\"mailto:juliacastro956@gmail.com\">E-mail<\/a> | <a href=\"https:\/\/twitter.com\/jubspvcs\" target=\"_blank\" rel=\"noopener noreferrer\">Twitter<\/a><\/p>\n<p style=\"text-align: center;\"><strong>Para adotar, complete o formul\u00e1rio a seguir: <a href=\"https:\/\/espacocriativo.net\/adote\/?page_id=594\">Link<\/a><\/strong><\/p>\n<hr \/>\n<h2 align=\"center\">Ideia #229<\/h2>\n<p><a name=\"229\"><\/a><strong>Doada por <a href=\"https:\/\/twitter.com\/babbycupcake\" target=\"_blank\" rel=\"noopener noreferrer\">Suh Souza<\/a>.<\/strong><br \/>\n<strong>Resumo:<\/strong> A historia de uma mulher de 23 anos, que as v\u00e9speras de completar 24 anos, a chamada idade da decis\u00e3o, percebe que n\u00e3o fez nada de realmente fant\u00e1stico. Sempre foi mediana em tudo em sua vida, e at\u00e9 mesmo no sexo suas experiencias ficavam na media: nem espetaculares e nem sem gra\u00e7a.<br \/>\nEla decide tomar uma atitude e o destino conspira a seu favor quando por engano, o curr\u00edculo que ela envio para uma ag\u00eancia de empregos \u00e9 entregue a uma dona de sex shop.<br \/>\nApesar de ter seus pr\u00f3prios preconceitos com o lugar, come\u00e7a a trabalhar na loja e cria uma amizade com a dona do lugar. Uma cinquentona casada a 32 anos que a ensina muitas coisas a respeito de como viver a vida. Al\u00e9m disso, ela logo percebe que a maioria das pessoas que frequentam a loja s\u00e3o pessoas comuns em busca da mesma coisa que ela: um pouco de a\u00e7\u00e3o em seus dias mon\u00f3tonos.<br \/>\nO principal desafio da personagem \u00e9 se auto descobrir e embora eu n\u00e3o me oponha a um par rom\u00e2ntico, n\u00e3o deixe que esse seja o ponto auto da historia.<br \/>\nA principal n\u00e3o \u00e9 a t\u00edpica nerd, t\u00edmida e antissocial, \u00e9 apenas uma pessoa comum: por favor n\u00e3o entre nesse clich\u00ea.<br \/>\n<strong>Fandom:<\/strong> Livre<br \/>\n<strong>G\u00eanero:<\/strong> Amizade \/ Fluff<br \/>\n<strong>Sugest\u00e3o:<\/strong> &#8212;<br \/>\n<strong>Nota:<\/strong> De prefer\u00eancia em primeira pessoa, e nada de POV.<br \/>\nO ideal seria que a historia fosse um conto longo (por favor, eu imploro por 5 mil palavras pelo menos), ou uma short fic, com um capitulo de introdu\u00e7\u00e3o e depois cap\u00edtulos contando em cada uma historias dos clientes e da patroa e como essas interferem na vida da principal.<br \/>\n<strong>Contato:<\/strong> <a href=\"mailto:souza.suzanaalves@gmail.com\">E-mail<\/a> | <a href=\"https:\/\/twitter.com\/babbycupcake\" target=\"_blank\" rel=\"noopener noreferrer\">Twitter<\/a><\/p>\n<p style=\"text-align: center;\"><strong>Para adotar, complete o formul\u00e1rio a seguir: <a href=\"https:\/\/espacocriativo.net\/adote\/?page_id=594\">Link<\/a><\/strong><\/p>\n<hr \/>\n<h2 align=\"center\">Ideia #230<\/h2>\n<p><a name=\"230\"><\/a><strong>Doada por <i>Lyra<\/i>.<\/strong><br \/>\n<strong>Resumo:<\/strong> Um garoto do ensino m\u00e9dio tem cinco irm\u00e3s mais velhas, todas envolvidas de algum jeito no mundo da moda (sendo modelos, estilistas, trabalhando em revistas, a escolha \u00e9 sua!), de modo que ele detesta esse mundo e tudo relacionado a ele, considerando um assunto superficial e mesquinho. Ao ser obrigado a fazer um projeto pra escola em dupla com uma menina que \u00e9 basicamente a personifica\u00e7\u00e3o de tudo que ele odeia, as coisas podem ficar complicadas\u2026 especialmente quando ele percebe estar se apaixonando por ela.<br \/>\n<strong>Fandom:<\/strong> Livre<br \/>\n<strong>G\u00eanero:<\/strong> Romance (e qualquer outro que voc\u00ea quiser!)<br \/>\n<strong>Sugest\u00e3o:<\/strong> Pensei no t\u00edtulo &#8220;Casa de Bonecas&#8221;, mas a escolha \u00e9 livre.<br \/>\n<strong>Nota:<\/strong> &#8212;<br \/>\n<strong>Contato:<\/strong> <a href=\"mailto:livgarcia7@gmail.com\">E-mail<\/a><\/p>\n<p style=\"text-align: center;\"><strong>Para adotar, complete o formul\u00e1rio a seguir: <a href=\"https:\/\/espacocriativo.net\/adote\/?page_id=594\">Link<\/a><\/strong><\/p>\n","protected":false},"excerpt":{"rendered":"<p>Antes de adotar, confira as regras do jogo. #221 | #222 | #223 | #225 | #226\u00a0| #228 | #229 [&hellip;]<\/p>\n","protected":false},"author":2,"featured_media":0,"parent":606,"menu_order":0,"comment_status":"closed","ping_status":"closed","template":"iframe.php","meta":{"_acf_changed":false,"footnotes":""},"class_list":["post-4172","page","type-page","status-publish","hentry"],"acf":[],"_links":{"self":[{"href":"https:\/\/espacocriativo.net\/adote\/wp-json\/wp\/v2\/pages\/4172","targetHints":{"allow":["GET"]}}],"collection":[{"href":"https:\/\/espacocriativo.net\/adote\/wp-json\/wp\/v2\/pages"}],"about":[{"href":"https:\/\/espacocriativo.net\/adote\/wp-json\/wp\/v2\/types\/page"}],"author":[{"embeddable":true,"href":"https:\/\/espacocriativo.net\/adote\/wp-json\/wp\/v2\/users\/2"}],"replies":[{"embeddable":true,"href":"https:\/\/espacocriativo.net\/adote\/wp-json\/wp\/v2\/comments?post=4172"}],"version-history":[{"count":3,"href":"https:\/\/espacocriativo.net\/adote\/wp-json\/wp\/v2\/pages\/4172\/revisions"}],"predecessor-version":[{"id":8244,"href":"https:\/\/espacocriativo.net\/adote\/wp-json\/wp\/v2\/pages\/4172\/revisions\/8244"}],"up":[{"embeddable":true,"href":"https:\/\/espacocriativo.net\/adote\/wp-json\/wp\/v2\/pages\/606"}],"wp:attachment":[{"href":"https:\/\/espacocriativo.net\/adote\/wp-json\/wp\/v2\/media?parent=4172"}],"curies":[{"name":"wp","href":"https:\/\/api.w.org\/{rel}","templated":true}]}}