{"id":2659,"date":"2016-01-27T18:30:42","date_gmt":"2016-01-27T18:30:42","guid":{"rendered":"http:\/\/espacocriativo.net\/adote\/?page_id=2659"},"modified":"2026-01-26T19:41:25","modified_gmt":"2026-01-26T22:41:25","slug":"ideias-201-a-210","status":"publish","type":"page","link":"https:\/\/espacocriativo.net\/adote\/indisponiveis\/ideias-201-a-210\/","title":{"rendered":"Ideias \u00bb #201 a #210"},"content":{"rendered":"<p><!-- \n\n\n\n\n\n\n\n\n\n<blockquote>\n\n\n\n\n\n\n\n\n\n\n<p style=\"text-align: center;\">N\u00e3o temos ideias adotadas neste se\u00e7\u00e3o. Adote uma!<\/p>\n\n\n\n\n\n\n\n\n\n\n<\/blockquote>\n\n\n\n\n\n\n\n\n\n --><\/p>\n<p><!--\n\n\n\n\n\n\n\n\n\n\n\n\n<div class=\"tabber\"><\/div>\n\n\n\n\n\n\n\n\n\n\n\n\n--><\/p>\n\n\n<p class=\"has-text-align-center\"><a href=\"#203\">#203<\/a> | <a href=\"#204\">#204<\/a><\/p>\n\n\n\n<hr class=\"wp-block-separator has-alpha-channel-opacity\"\/>\n\n\n\n<h2 class=\"wp-block-heading has-text-align-center\">Ideia #203<\/h2>\n\n\n\n<p><strong>Doada por <a href=\"https:\/\/twitter.com\/poxaniall_\" target=\"_blank\" rel=\"noreferrer noopener\">Annarya<\/a>.<\/strong><br><strong>Resumo:<\/strong> Eles s\u00e3o um casal. Est\u00e3o juntos desde crian\u00e7a e agora, eles moram juntos. Os pais s\u00e3o ricos e melhores amigos, o que contribuiu para que eles se tornassem um casal. Ele estuda medicina para se tornar cirurgi\u00e3o e ela estuda Direito. Mas o relacionamento dos dois est\u00e3o desgastado, e eles nunca ficaram com ningu\u00e9m que n\u00e3o fosse um ao outro. O pp, incomodado com o futuro da rela\u00e7\u00e3o, prop\u00f5e a pp um relacionamento aberto, para que eles pudessem ter novas experi\u00eancias. Mesmo contra, ela aceita. Acima de tudo, eles s\u00e3o melhores amigos e contam tudo um ao outro. O que eles n\u00e3o sabiam, \u00e9 que um relacionamento aberto traria uma revela\u00e7\u00e3o que eles nunca confessaram: Eles se amavam.<br><strong>Fandom:<\/strong> Livre<br><strong>G\u00eanero:<\/strong> Romance \/ Com\u00e9dia<br><strong>Nota:<\/strong> &#8212;<br><strong>Sugest\u00e3o:<\/strong> Seria legal se cada cap\u00edtulo fosse um POV dele e outro dela.<br><strong>Contato:<\/strong> <a href=\"mailto:nara36@live.com\">E-mail<\/a> | <a href=\"https:\/\/twitter.com\/poxaniall_\" target=\"_blank\" rel=\"noreferrer noopener\">Twitter<\/a><\/p>\n\n\n\n<h3 class=\"wp-block-heading has-text-align-center\"><b>Esta ideia j\u00e1 foi reservada!<\/b><\/h3>\n\n\n\n<ul class=\"wp-block-list\">\n<li><strong>Nome:<\/strong> Nyx<\/li>\n\n\n\n<li><strong>Contato:<\/strong> <a href=\"mailto:ficsnyx@gmail.com\">@<\/a> | <a href=\"https:\/\/instagram.com\/escritora_nyx\" target=\"_blank\" rel=\"noreferrer noopener\">Instagram<\/a><\/li>\n\n\n\n<li><strong>Em cria\u00e7\u00e3o.<\/strong><\/li>\n<\/ul>\n\n\n\n<hr class=\"wp-block-separator has-alpha-channel-opacity\"\/>\n\n\n\n<h2 class=\"wp-block-heading has-text-align-center\">Ideia #204<\/h2>\n\n\n\n<p><a><\/a><strong>Doada por <a href=\"https:\/\/twitter.com\/mundodacaputo\" target=\"_blank\" rel=\"noreferrer noopener\">Carol Caputo<\/a>.<\/strong><br><strong>Resumo:<\/strong> Ele \u00e9 um m\u00e9dico mutante geneticamente modificado para n\u00e3o sentir nada que deixou para atr\u00e1s um amor avassalador ap\u00f3s algum evento traumatizante. Quando seus inimigos sequestram a \u00fanica pessoa que pode quebrar o gelo de sentimentos que \u00e9 a sua frieza e calculismo s\u00e3o colocados a prova.<br><strong>Fandom:<\/strong> Livre<br><strong>G\u00eanero:<\/strong> A\u00e7\u00e3o \/ Restrita<br><strong>Nota:<\/strong> Os personagens devem ser pessoas cinzas, mais puxado para vil\u00f5es.<\/p>\n\n\n\n<p>O passado entre a principal sequestrada e o principal deve ser forte, intenso e com uma ruptura marcante que causou consequ\u00eancia na vida dos dois.<\/p>\n\n\n\n<p>Caso ajude a ideia surgiu ap\u00f3s conhecer o vil\u00e3o Ajax (Francis) de Deadpool.<br><strong>Sugest\u00e3o:<\/strong> &#8212;<br><strong>Contato:<\/strong> <a href=\"mailto:anacarolinacaputo@gmail.com\">E-mail<\/a> | <a rel=\"noreferrer noopener\" href=\"https:\/\/twitter.com\/mundodacaputo\" target=\"_blank\">Twitter<\/a><\/p>\n\n\n\n<h3 class=\"wp-block-heading has-text-align-center\"><b>Esta ideia j\u00e1 foi reservada!<\/b><\/h3>\n\n\n\n<ul class=\"wp-block-list\">\n<li><strong>Nome:<\/strong> Soldada<\/li>\n\n\n\n<li><strong>Contato:<\/strong> <a href=\"soldadaesteveaqui@gmail.com\">@<\/a> | <a rel=\"noreferrer noopener\" href=\"https:\/\/x.com\/LariSoldada\" target=\"_blank\">X (Twitter)<\/a><\/li>\n\n\n\n<li><strong>Leia: <\/strong><a rel=\"noreferrer noopener\" href=\"https:\/\/espacocriativo.net\/fictions\/restritas-andamento\/original-restrita-andamento\/\" target=\"_blank\">Vicious Game<\/a><em>&nbsp;{Original, Restrita, Andamento}<\/em><\/li>\n<\/ul>\n","protected":false},"excerpt":{"rendered":"<p>#203 | #204 Ideia #203 Doada por Annarya.Resumo: Eles s\u00e3o um casal. Est\u00e3o juntos desde crian\u00e7a e agora, eles moram [&hellip;]<\/p>\n","protected":false},"author":2,"featured_media":0,"parent":643,"menu_order":0,"comment_status":"closed","ping_status":"closed","template":"iframe.php","meta":{"_acf_changed":false,"footnotes":""},"class_list":["post-2659","page","type-page","status-publish","hentry"],"acf":[],"_links":{"self":[{"href":"https:\/\/espacocriativo.net\/adote\/wp-json\/wp\/v2\/pages\/2659","targetHints":{"allow":["GET"]}}],"collection":[{"href":"https:\/\/espacocriativo.net\/adote\/wp-json\/wp\/v2\/pages"}],"about":[{"href":"https:\/\/espacocriativo.net\/adote\/wp-json\/wp\/v2\/types\/page"}],"author":[{"embeddable":true,"href":"https:\/\/espacocriativo.net\/adote\/wp-json\/wp\/v2\/users\/2"}],"replies":[{"embeddable":true,"href":"https:\/\/espacocriativo.net\/adote\/wp-json\/wp\/v2\/comments?post=2659"}],"version-history":[{"count":9,"href":"https:\/\/espacocriativo.net\/adote\/wp-json\/wp\/v2\/pages\/2659\/revisions"}],"predecessor-version":[{"id":8525,"href":"https:\/\/espacocriativo.net\/adote\/wp-json\/wp\/v2\/pages\/2659\/revisions\/8525"}],"up":[{"embeddable":true,"href":"https:\/\/espacocriativo.net\/adote\/wp-json\/wp\/v2\/pages\/643"}],"wp:attachment":[{"href":"https:\/\/espacocriativo.net\/adote\/wp-json\/wp\/v2\/media?parent=2659"}],"curies":[{"name":"wp","href":"https:\/\/api.w.org\/{rel}","templated":true}]}}