{"id":2644,"date":"2016-01-15T15:47:49","date_gmt":"2016-01-15T15:47:49","guid":{"rendered":"http:\/\/espacocriativo.net\/adote\/?page_id=2644"},"modified":"2026-01-26T19:41:31","modified_gmt":"2026-01-26T22:41:31","slug":"ideias-201-a-210","status":"publish","type":"page","link":"https:\/\/espacocriativo.net\/adote\/disponiveis\/ideias-201-a-210\/","title":{"rendered":"Ideias \u00bb #201 a #210"},"content":{"rendered":"\n<p class=\"has-text-align-center\">Antes de adotar, confira as <a href=\"https:\/\/espacocriativo.net\/adote\/?page_id=609\">regras do jogo<\/a>.<\/p>\n\n\n\n<p class=\"has-text-align-center\"><a href=\"#201\">#201<\/a> | <a href=\"#202\">#202<\/a> | <a href=\"#205\">#205<\/a>\u00a0 | <a href=\"#206\">#206<\/a> | <a href=\"#207\">#207<\/a>\u00a0| <a href=\"#208\">#208<\/a> | <a href=\"#209\">#209<\/a> | <a href=\"#210\">#210<\/a><\/p>\n\n\n\n<hr class=\"wp-block-separator has-alpha-channel-opacity\"\/>\n\n\n\n<h2 class=\"wp-block-heading has-text-align-center\">Ideia #201<\/h2>\n\n\n\n<p><a name=\"201\"><\/a><strong>Doada por <a href=\"https:\/\/twitter.com\/alluhadstay\" target=\"_blank\" rel=\"noopener noreferrer\">Victoria<\/a>.<\/strong><br>\n<strong>Resumo:<\/strong> Uma fanfic colegial, onde tudo acontece em uma escola bem rica e onde o col\u00e9gio \u00e9 interno -s\u00f3 se quiser. O menino principal n\u00e3o \u00e9 t\u00e3o rico e s\u00f3 conseguiu entrar com uma bolsa\u2026 mas infelizmente foi de uma forma ruim. Ele foi estuprado. Ent\u00e3o ele \u00e9 bem fechado com o amor e bem traumatizado. A menina se apaixona por ele e ela tamb\u00e9m tem um segredo (que eu espero que voc\u00ea escolha, pq n\u00e3o pensei em nada) :\\\\\\<br>\n<strong>Fandom:<\/strong> Livre<br>\n<strong>G\u00eanero:<\/strong> Colegial \/ Drama<br>\n<strong>Nota:<\/strong> &#8212;<br>\n<strong>Sugest\u00e3o:<\/strong> &#8212;<br>\n<strong>Contato:<\/strong> <a href=\"mailto:victoriasilveirarend@gmail.com\">E-mail<\/a> | <a href=\"https:\/\/twitter.com\/alluhadstay\" target=\"_blank\" rel=\"noopener noreferrer\">Twitter<\/a><br>\n<strong>Aviso do site:<\/strong> Este assunto foi considerado delicado de ser abordado. Ao elabor\u00e1-lo, atente-se \u00e0s informa\u00e7\u00f5es e procure n\u00e3o ser ofensivo de forma alguma.<\/p>\n\n\n\n<p class=\"has-text-align-center\"><strong>Para adotar, complete o formul\u00e1rio a seguir: <a href=\"https:\/\/espacocriativo.net\/adote\/?page_id=594\">Link<\/a><\/strong><\/p>\n\n\n\n<hr class=\"wp-block-separator has-alpha-channel-opacity\"\/>\n\n\n\n<h2 class=\"wp-block-heading has-text-align-center\">Ideia #202<\/h2>\n\n\n\n<p><a name=\"202\"><\/a><strong>Doada por <a href=\"https:\/\/twitter.com\/srtafourtris\" target=\"_blank\" rel=\"noopener noreferrer\">Rebeca<\/a>.<\/strong><br>\n<strong>Resumo:<\/strong> A protagonista \u00e9 uma Banshee assim como a Lydia mas ela tem um caso com o Parrish e eles ficam apaixonados e conectados por causa do neg\u00f3cio das mortes que os dois acham, Theo precisa de Hellhound pra acabar com a \u00faltima quimera eles sequestram a PP pra atrair o Hellhound e prende-lo.<br>\n<strong>Fandom:<\/strong> S\u00e9ries \u2013 Teen Wolf<br>\n<strong>G\u00eanero:<\/strong> Romance, Suspense, A\u00e7\u00e3o<br>\n<strong>Nota:<\/strong> &#8212;<br>\n<strong>Sugest\u00e3o:<\/strong> &#8212;<br>\n<strong>Contato:<\/strong> <a href=\"mailto:victoriasilveirarend@gmail.com\">E-mail<\/a> | <a href=\"https:\/\/twitter.com\/srtafourtris\" target=\"_blank\" rel=\"noopener noreferrer\">Twitter<\/a><\/p>\n\n\n\n<p class=\"has-text-align-center\"><strong>Para adotar, complete o formul\u00e1rio a seguir: <a href=\"https:\/\/espacocriativo.net\/adote\/?page_id=594\">Link<\/a><\/strong><\/p>\n\n\n\n<hr class=\"wp-block-separator has-alpha-channel-opacity\"\/>\n\n\n\n<h2 class=\"wp-block-heading has-text-align-center\">Ideia #205<\/h2>\n\n\n\n<p><strong>Doada por <em>Patricia<\/em>.<\/strong><br><strong>Resumo:<\/strong> O personagem principal \u00e9 dan\u00e7arino numa boate para mulheres, ele trabalha l\u00e1 para pagar uma d\u00edvida (pode ser por empr\u00e9stimo, faculdade, jogo, qualquer coisa). A principal vai pela primeira vez para aquele lugar e \u00e9 muito t\u00edmida OU maliciosa. Ambos s\u00e3o adultos, tanto que ela v\u00ea ele numa despedida de solteiro de uma amiga (ou ent\u00e3o no anivers\u00e1rio dela, fica a gosto de quem escrever). O primeiro contato do casal \u00e9 feito quando ele a puxa para o palco e dan\u00e7a com\/\/para ela. Aquela coisa de &#8220;esse \u00e9 o meu show, eu que escolho quem sobe aqui ou n\u00e3o&#8221;. E para desenvolver a hist\u00f3ria do casal, eles se encontram fora do local noturno, algumas vezes at\u00e9 se conhecerem melhor.<br><strong>Fandom:<\/strong> Livre<br><strong>G\u00eanero:<\/strong> Romance \/ Restrita<br><strong>Nota:<\/strong> Frase base: &#8220;Quando eu coloquei uma m\u00e1scara, eu descobri uma coragem que eu n\u00e3o sabia que tinha&#8221;.<br><strong>Sugest\u00e3o:<\/strong> A principal pode ter acabado de terminar um relacionamento.<br><strong>Contato:<\/strong> <a href=\"mailto:ifyouseepattie@gmail.com\">E-mail<\/a><\/p>\n\n\n\n<p class=\"has-text-align-center\"><strong>Para adotar, complete o formul\u00e1rio a seguir: <a href=\"https:\/\/espacocriativo.net\/adote\/?page_id=594\">Link<\/a><\/strong><\/p>\n\n\n\n<hr class=\"wp-block-separator has-alpha-channel-opacity\"\/>\n\n\n\n<h2 class=\"wp-block-heading has-text-align-center\">Ideia #206<\/h2>\n\n\n\n<p><strong>Doada por <a href=\"https:\/\/twitter.com\/samilla_way\" target=\"_blank\" rel=\"noreferrer noopener\">Samilla Way<\/a>.<\/strong><br><strong>Resumo:<\/strong> Voc\u00ea \u00e9 uma garota que sonha estudar arte em Paris, mas n\u00e3o tem dinheiro para isso. Voc\u00ea e sua melhor amiga tem uma ideia &#8220;genial&#8221; de montar um site e virarem namoradas de aluguel na internet. No ano seguinte, voc\u00ea precisa de mais um cliente para conseguir o dinheiro, mas acaba se apaixonando por ele e ele por voc\u00ea.<br><strong>Fandom:<\/strong> Livre<br><strong>G\u00eanero:<\/strong> Romance \/ Drama ou Restrita<br><strong>Nota:<\/strong> Tem que ser interativa.<br><strong>Sugest\u00e3o:<\/strong> &#8212;<br><strong>Contato:<\/strong> <a href=\"mailto:samilla.way1@gmail.com@gmail.com\">E-mail<\/a> | <a href=\"https:\/\/twitter.com\/samilla_way\" target=\"_blank\" rel=\"noreferrer noopener\">Twitter<\/a><\/p>\n\n\n\n<p class=\"has-text-align-center\"><strong>Para adotar, complete o formul\u00e1rio a seguir: <a href=\"https:\/\/espacocriativo.net\/adote\/?page_id=594\">Link<\/a><\/strong><\/p>\n\n\n<\/ul>\n<p><!-- \/wp:post-content --><\/p>\n<hr \/>\n<h2 align=\"center\">Ideia #207<\/h2>\n<p><a name=\"207\"><\/a><strong>Doada por Adelyn Weiz.<\/strong><br \/>\n<strong>Resumo:<\/strong> A personagem principal tem 38 anos, \u00e9 uma advogada renomada no ramo da criminal\u00edstica, se v\u00ea envolvida em um caso de mortes misteriosas em um hospital. Seu cliente \u00e9 o dono da rede de hospitais e principal suspeito das mortes. Ao descobrir aos poucos e conhecer melhor o cliente, ela come\u00e7a a questionar seus proprios valores morais, pois descobre que n\u00e3o se trata de nenhum santo. Ela se corrompe aos poucos, mas deseja sair dessa trama onde se enredou. E, para piorar, a proximidade com seu filho adolescente viciado em drogas e uma inesperada paix\u00e3o entre ambos surge\u2026<br \/>\n<strong>Fandom:<\/strong> Livre<br \/>\n<strong>G\u00eanero:<\/strong> Romance \/ Drama \/ Policial<br \/>\n<strong>Nota:<\/strong> \u2013 Por favor coloque uma boa diferen\u00e7a de idade entre os personagens. A id\u00e9ia era fazer a pp mais velha do que o pp (eu sempre quis ler assim, s\u00f3 via o contrario haha).<br \/>\n\u2013 A pp \u00e9 uma mulher sensual, autoconfiante, impulsiva, gosta de riscos e n\u00e3o mede esfor\u00e7os pra conseguir o que quer. Se aproxima do rapaz para ajudar de certa forma mas acaba sendo seduzida por ele.<br \/>\n\u2013 O pp j\u00e1 \u00e9 um cara mais fechado, se tranca muito em si, nas drogas, quase sempre calado, agressivo ou ir\u00f4nico.Atraente, mas tamb\u00e9m com uma aura meio &#8220;negra&#8221;, o que faz que o chamem de &#8220;psicopata&#8221; ou &#8220;esquisit\u00e3o&#8217;. Maduro demais para a idade, meio arrogante.<br \/>\n\u2013 A pp vive o dilema entre ceder ao rapaz ou prosseguir a rela\u00e7\u00e3o com o noivo, que \u00e9 um renomado cirurgi\u00e3o.<br \/>\n<strong>Sugest\u00e3o:<\/strong> \u2013 Pode ser restrita.<br \/>\n<strong>Contato:<\/strong> <a href=\"mailto:contatoallyfics@gmail.com\">E-mail<\/a><\/p>\n<p style=\"text-align: center;\"><strong>Para adotar, complete o formul\u00e1rio a seguir: <a href=\"https:\/\/espacocriativo.net\/adote\/?page_id=594\">Link<\/a><\/strong><\/p>\n<hr \/>\n<h2 align=\"center\">Ideia #208<\/h2>\n<p><a name=\"208\"><\/a><strong>Doada por <i>Adelyn Weiz<\/i>.<\/strong><br \/>\n<strong>Resumo:<\/strong> A pp acorda em uma cidade desconhecida e sem se lembrar de nada do que houve, apenas com dois policiais ao seu lado a algemando. Aos poucos a realidade fica clara: ela foi confundida com uma perigosa assassina em s\u00e9rie que a pol\u00edcia vinha procurando h\u00e1 anos.Sua semelhan\u00e7a f\u00edsica com a assassina \u00e9 impressionante, e a principal agora possui o desafio de provar sua inoc\u00eancia. Tentam mat\u00e1-la, por acharem que se trata da criminosa, tanto os pr\u00f3prios bandidos quanto outras pessoas. Mas tudo s\u00f3 tende a piorar quando ela se envolve com um dos novos agentes do FBI.<br \/>\n<strong>Fandom:<\/strong> Livre<br \/>\n<strong>G\u00eanero:<\/strong> Romance \/ Restrita<br \/>\n<strong>Nota:<\/strong> Por favor descreva bem as cenas de assassinato e detalhe as investiga\u00e7\u00f5es acerca dos assassinatos.<br \/>\nA assassina \u00e9 serial killer, psicopata e s\u00e1dica, os padr\u00f5es das v\u00edtimas ficam a crit\u00e9rio da autora.<br \/>\n<strong>Sugest\u00e3o:<\/strong> &#8212;<br \/>\n<strong>Contato:<\/strong> <a href=\"mailto:contatoallyfics@gmail.com\">E-mail<\/a><\/p>\n<p style=\"text-align: center;\"><strong>Para adotar, complete o formul\u00e1rio a seguir: <a href=\"https:\/\/espacocriativo.net\/adote\/?page_id=594\">Link<\/a><\/strong><\/p>\n<hr \/>\n<h2 align=\"center\">Ideia #209<\/h2>\n<p><a name=\"209\"><\/a><strong>Doada por <i>Adelyn Weiz<\/i>.<\/strong><br \/>\n<strong>Resumo:<\/strong> A pp e o pp se conhecem no \u00faltimo ano do ensino m\u00e9dio, a pp a t\u00edpica garota-problema expulsa de col\u00e9gios anteriores, aparentemente quieta e introvertida, esconde uma personalidade agressiva, explosiva e impulsiva. O pp toca em uma banda e possui apar\u00eancia de bad boy, mas seu interior \u00e9 exatamente o oposto, \u00e9 um rapaz rom\u00e2ntico e que procurava nas ex namoradas algo &#8220;para sempre&#8221;. A pp, tem fama de &#8220;vadia&#8221; e n\u00e3o esta nem a\u00ed pra ningu\u00e9m. Ela fica com v\u00e1rios meninos da sala, meio bitch, por\u00e9m o pp(melhor amigo dela) se apaixona por ela e tenta conquistar. No ano seguinte, ela entra em uma faculdade e eles assumem o namoro para os pais, porem a familia certinha dela \u00e9 contra pois ele n\u00e3o tem situa\u00e7\u00e3o est\u00e1vel. Seu melhor amigo \u00e9 do ex\u00e9rcito, e ele resolve se alistar. Mas ter\u00e1 de morar por um tempo em outro pa\u00eds e se afastar da amada. Ser\u00e1 mesmo que o amor sobreviveria a dist\u00e2ncia?<br \/>\n<strong>Fandom:<\/strong> Livre<br \/>\n<strong>G\u00eanero:<\/strong> Romance \/ Drama<br \/>\n<strong>Nota:<\/strong> \u2013 Mostrar as conversas do casal \u00e0 dist\u00e2ncia, as brigas, os desafios da dist\u00c2ncia<br \/>\n\u2013 Antes de namorar, fazer o pp sofrer bem na m\u00e3o da pp..<br \/>\n\u2013 Com o treinamento, o pp volta diferente do menino sens\u00edvel de antes, passa a ficar mais agressivo e desconfiado e isso desgastaria a rela\u00e7\u00e3o\u2026 final feliz ou n\u00e3o fica a criterio da autora<br \/>\n<strong>Sugest\u00e3o:<\/strong> \u2013 O pp pode conhecer outra garota ou ser perturbado por uma ex do passado que n\u00e3o o esqueceu.<br \/>\n\u2013 alguma gravidez ou morte<br \/>\n<strong>Contato:<\/strong> <a href=\"mailto:contatoallyfics@gmail.com\">E-mail<\/a><\/p>\n<p style=\"text-align: center;\"><strong>Para adotar, complete o formul\u00e1rio a seguir: <a href=\"https:\/\/espacocriativo.net\/adote\/?page_id=594\">Link<\/a><\/strong><\/p>\n<hr \/>\n<h2 align=\"center\">Ideia #210<\/h2>\n<p><a name=\"210\"><\/a><strong>Doada por <a href=\"https:\/\/twitter.com\/menotelukas\" target=\"_blank\" rel=\"noopener noreferrer\">Bruna Araujo<\/a>.<\/strong><br \/>\n<strong>Resumo:<\/strong>WHERE DO BROKEN HEARTS GO<\/p>\n<p>\u201cAgora, estou procurando em cada lugar solit\u00e1rio<br \/>\nCada esquina, chamando pelo seu nome<br \/>\nTentando te encontrar, mas eu realmente n\u00e3o sei<br \/>\nPara onde v\u00e3o os cora\u00e7\u00f5es partidos\u201d<\/p>\n<p>Disse ele (Harry Styles) arrependido depois de ter me tra\u00eddo com quem se dizia ser minha melhor amiga, eu ainda n\u00e3o acredito que eles fizeram isso comigo. Eu confiei, ajudei e isso aconteceu, a minha vontade maior era de matar os dois por terem me feito passar vergonha na frente de todos na faculdade. Nunca imaginaria que isso iria acontecer, Harry parecia ser um menino t\u00e3o sincero e fiel, sempre atencioso comigo e pelo menos perto de mim nunca olhava para nenhuma garota. Meu erro realmente foi ter confiado demais nas pessoas que n\u00e3o deveria, e agora eu prefiro ficar sozinha do que mal acompanhada.<br \/>\nSavannah Hall, estudante de medicina na universidade de Harvard, 19 anos e por azar, tra\u00edda pela sua melhor amiga Lily Walter e seu namorado perfeito Harry Styles.<\/p>\n<p>Fanfic inspirada na m\u00fasica Where Do Broken Hearts Go \u2013 One Direction<br \/>\n<strong>Fandom:<\/strong> One Direction<br \/>\n<strong>G\u00eanero:<\/strong> Romance \/ Aventura \/ Suspense<br \/>\n<strong>Nota:<\/strong> Escute bastante a m\u00fasica e deixe suas ideias se aflorarem.<br \/>\n<strong>Sugest\u00e3o:<\/strong> A Savannah \u00e9 uma garota bem centrada nos estudos e por ter sido tra\u00edda pelo Harry n\u00e3o confia mais em ningu\u00e9m, as vezes nem em ela mesma.<br \/>\nJ\u00e1 o Harry era um rapaz certo at\u00e9 ser influenciado pela Lily a ex melhor amiga da Savannah, e por isso ele a traiu.<br \/>\n<strong>Contato:<\/strong> <a href=\"mailto:b.araujom11@gmail.com\">E-mail<\/a> | <a href=\"https:\/\/twitter.com\/menotelukas\" target=\"_blank\" rel=\"noopener noreferrer\">Twitter<\/a><\/p>\n<p style=\"text-align: center;\"><strong>Para adotar, complete o formul\u00e1rio a seguir: <a href=\"https:\/\/espacocriativo.net\/adote\/?page_id=594\">Link<\/a><\/strong><\/p>","protected":false},"excerpt":{"rendered":"<p>Antes de adotar, confira as regras do jogo. #201 | #202 | #205\u00a0 | #206 | #207\u00a0| #208 | #209 [&hellip;]<\/p>\n","protected":false},"author":2,"featured_media":0,"parent":606,"menu_order":0,"comment_status":"closed","ping_status":"closed","template":"iframe.php","meta":{"_acf_changed":false,"footnotes":""},"class_list":["post-2644","page","type-page","status-publish","hentry"],"acf":[],"_links":{"self":[{"href":"https:\/\/espacocriativo.net\/adote\/wp-json\/wp\/v2\/pages\/2644","targetHints":{"allow":["GET"]}}],"collection":[{"href":"https:\/\/espacocriativo.net\/adote\/wp-json\/wp\/v2\/pages"}],"about":[{"href":"https:\/\/espacocriativo.net\/adote\/wp-json\/wp\/v2\/types\/page"}],"author":[{"embeddable":true,"href":"https:\/\/espacocriativo.net\/adote\/wp-json\/wp\/v2\/users\/2"}],"replies":[{"embeddable":true,"href":"https:\/\/espacocriativo.net\/adote\/wp-json\/wp\/v2\/comments?post=2644"}],"version-history":[{"count":6,"href":"https:\/\/espacocriativo.net\/adote\/wp-json\/wp\/v2\/pages\/2644\/revisions"}],"predecessor-version":[{"id":8524,"href":"https:\/\/espacocriativo.net\/adote\/wp-json\/wp\/v2\/pages\/2644\/revisions\/8524"}],"up":[{"embeddable":true,"href":"https:\/\/espacocriativo.net\/adote\/wp-json\/wp\/v2\/pages\/606"}],"wp:attachment":[{"href":"https:\/\/espacocriativo.net\/adote\/wp-json\/wp\/v2\/media?parent=2644"}],"curies":[{"name":"wp","href":"https:\/\/api.w.org\/{rel}","templated":true}]}}