{"id":1750,"date":"2014-12-24T05:16:39","date_gmt":"2014-12-24T05:16:39","guid":{"rendered":"http:\/\/adote.alltimefics.com\/?page_id=1750"},"modified":"2014-12-24T05:16:39","modified_gmt":"2014-12-24T05:16:39","slug":"ideias-181-a-190","status":"publish","type":"page","link":"https:\/\/espacocriativo.net\/adote\/indisponiveis\/ideias-181-a-190\/","title":{"rendered":"Ideias \u00bb #181 a #190"},"content":{"rendered":"<p align=\"center\">N\u00e3o temos ideias adotadas neste se\u00e7\u00e3o. Adote uma!<\/p>\n<p><!--\n\n\n<p style=\"text-align: center;\"><a href=\"#188\">#188<\/a><\/p>\n\n\n\n\n\n\n<hr>\n\n\n\n--><\/p>\n","protected":false},"excerpt":{"rendered":"<p>N\u00e3o temos ideias adotadas neste se\u00e7\u00e3o. Adote uma!<\/p>\n","protected":false},"author":2,"featured_media":0,"parent":643,"menu_order":0,"comment_status":"open","ping_status":"open","template":"iframe.php","meta":{"_acf_changed":false,"footnotes":""},"class_list":["post-1750","page","type-page","status-publish","hentry"],"acf":[],"_links":{"self":[{"href":"https:\/\/espacocriativo.net\/adote\/wp-json\/wp\/v2\/pages\/1750","targetHints":{"allow":["GET"]}}],"collection":[{"href":"https:\/\/espacocriativo.net\/adote\/wp-json\/wp\/v2\/pages"}],"about":[{"href":"https:\/\/espacocriativo.net\/adote\/wp-json\/wp\/v2\/types\/page"}],"author":[{"embeddable":true,"href":"https:\/\/espacocriativo.net\/adote\/wp-json\/wp\/v2\/users\/2"}],"replies":[{"embeddable":true,"href":"https:\/\/espacocriativo.net\/adote\/wp-json\/wp\/v2\/comments?post=1750"}],"version-history":[{"count":0,"href":"https:\/\/espacocriativo.net\/adote\/wp-json\/wp\/v2\/pages\/1750\/revisions"}],"up":[{"embeddable":true,"href":"https:\/\/espacocriativo.net\/adote\/wp-json\/wp\/v2\/pages\/643"}],"wp:attachment":[{"href":"https:\/\/espacocriativo.net\/adote\/wp-json\/wp\/v2\/media?parent=1750"}],"curies":[{"name":"wp","href":"https:\/\/api.w.org\/{rel}","templated":true}]}}