{"id":1582,"date":"2014-09-29T00:23:20","date_gmt":"2014-09-29T00:23:20","guid":{"rendered":"http:\/\/alltimefics.com\/adote\/?page_id=1582"},"modified":"2014-09-29T00:23:20","modified_gmt":"2014-09-29T00:23:20","slug":"ideias-171-a-180","status":"publish","type":"page","link":"https:\/\/espacocriativo.net\/adote\/disponiveis\/ideias-171-a-180\/","title":{"rendered":"Ideias \u00bb #171 a #180"},"content":{"rendered":"<p style=\"text-align: center;\">Antes de adotar, confira as <a href=\"https:\/\/espacocriativo.net\/adote\/?page_id=609\">regras do jogo<\/a>.<\/p>\n<p style=\"text-align: center;\"><a href=\"#172\">#172<\/a> | <a href=\"#173\">#173<\/a> | <a href=\"#174\">#174<\/a> | <a href=\"#175\">#175<\/a> | <a href=\"#177\">#177<\/a> | <a href=\"#178\">#178<\/a> | <a href=\"#179\">#179<\/a> | <a href=\"#180\">#180<\/a><\/p>\n<hr>\n<h2 align=\"center\">Ideia #171<\/h2>\n<p align=\"center\">Retirada do ar.<\/p>\n<hr>\n<h2 align=\"center\">Ideia #172<\/h2>\n<p><a name=\"172\"><\/a><strong>Doada por <a href=\"https:\/\/twitter.com\/thayillidio\" target=\"_blank\" rel=\"noopener noreferrer\">Thallyta illidio<\/a>.<\/strong><br \/>\n<strong>Resumo:<\/strong> Ela tem passado por um per\u00edodo dif\u00edcil na vida dela (a autora pode decidir o que vem acontecendo) e durante esse per\u00edodo ela come\u00e7a a ter sonhos sempre muito parecidos todas as noites, ela est\u00e1 em uma floresta, perdida, e v\u00ea uma borboleta completamente negra, que a guia dentro da floresta, por um tempo os sonhos acabam assim, sem sentido nenhum, at\u00e9 que em algumas noites a borboleta leva ela \u00e0 um rapaz, que seria tipo o &#8220;anjo&#8221; dela, n\u00e3o necessariamente seguindo a ideia pr\u00e9 moldada de anjo da guarda, n\u00e3o precisa ter asas ou ser enviado por uma divindade para cuidar dela, ele apenas passa seguran\u00e7a a ela, e ela come\u00e7a a sonhar com ele todas as noites e a se apaixonar por ele, at\u00e9 que um dia a borboleta n\u00e3o a guia a ele, e se transforma em um monstro ou uma esp\u00e9cie de dem\u00f4nio (n\u00e3o defini bem essa parte, a autora pode levar para o lado sobrenatural e criar literalmente um monstro, ou pode usar como um sentido figurado para representar os medos dela que seriam relacionados a vida real dela considerando que ela est\u00e1 sonhando e tudo isso \u00e9 na cabe\u00e7a dela), no fim o rapaz a ajuda a &#8220;destruir&#8221; a borboleta e com isso os sonhos se acabam, a vida dela come\u00e7a a melhorar e ela nunca mais sonha com o rapaz, a floresta ou nada disso novamente, mas no ano seguinte, entra um rapaz novo na escola dela, e quando ela o v\u00ea percebe que \u00e9 exatamente igual ao rapaz dos sonhos, a minha ideia original era os olhares de ambos se cruzarem e a fic acabar ai, deixando os leitores deduzirem seu pr\u00f3prio final, mas isso estaria a preferencia da autora, caso ela quisesse continuar da\u00ed ou fazer uma parte 2 da fic, ela poderia escolher qualquer coisa que acontecesse adiante.<br \/>\n<strong>Fandom:<\/strong> Livre<br \/>\n<strong>G\u00eanero:<\/strong> Suspense \/ Drama \/ Romance<br \/>\n<strong>Nota:<\/strong> Essa foi uma ideia que eu tive acho que quando eu tinha 9 anos, eu queria ser escritora, mas obviamente n\u00e3o tinha capacidade para escrever um livro assim naquela idade, n\u00e3o tinha maturidade, hoje eu at\u00e9 poderia escrever, mas depois de muitas tentativas deduzi que n\u00e3o sou muito boa com hist\u00f3rias de g\u00eaneros sobrenaturais ou fant\u00e1sticos, ent\u00e3o decidi doar a hist\u00f3ria. Como eu pensei nela muito nova, sei que a ideia precisa de muito aperfei\u00e7oamento, ent\u00e3o estou disposta a deixar a autora fazer as altera\u00e7\u00f5es que preferir na hist\u00f3ria (contanto \u00e9 claro que n\u00e3o interfira na ideia principal). Tudo que eu pe\u00e7o encarecidamente \u00e9 que ponha o meu nome quando postar a fic, s\u00f3 dar um al\u00f4 e dizer que a ideia foi minha, pq eu realmente sou apegada a ela, considerando q foi a primeira hist\u00f3ria q pensei em escrever.<br \/>\n<strong>Sugest\u00e3o:<\/strong> &#8212;<br \/>\n<strong>Contato:<\/strong> <a href=\"mailto:thallytaillidio@gmail.com\">E-mail<\/a> | <a href=\"https:\/\/twitter.com\/thayillidio\" target=\"_blank\" rel=\"noopener noreferrer\">Twitter<\/a><\/p>\n<p style=\"text-align: center;\"><strong>Para adotar, complete o formul\u00e1rio a seguir: <a href=\"https:\/\/espacocriativo.net\/adote\/?page_id=594\">Link<\/a><\/strong><\/p>\n<hr>\n<h2 align=\"center\">Ideia #173<\/h2>\n<p><a name=\"173\"><\/a><strong>Doada por <i>Giuliana Chinen Da Silva<\/i>.<\/strong><br \/>\n<strong>Resumo:<\/strong> 5 amigas viajam para Londres procurando uma vida melhor. Mesmo com seus problemas, elas conseguem se divertir; l\u00e1, elas encontram One Direction e \u00e9 a\u00ed que a hist\u00f3ria come\u00e7a.<br \/>\n<strong>Fandom:<\/strong> One Direction<br \/>\n<strong>G\u00eanero:<\/strong> Romance \/ Aventura<br \/>\n<strong>Nota:<\/strong> Uma delas \u00e9 gordinha.<br \/>\n<strong>Sugest\u00e3o:<\/strong> &#8212;<br \/>\n<strong>Contato:<\/strong> <a href=\"mailto:giuliana.thinen@hotmail.com\">E-mail<\/a><\/p>\n<p style=\"text-align: center;\"><strong>Para adotar, complete o formul\u00e1rio a seguir: <a href=\"https:\/\/espacocriativo.net\/adote\/?page_id=594\">Link<\/a><\/strong><\/p>\n<hr>\n<h2 align=\"center\">Ideia #174<\/h2>\n<p><a name=\"174\"><\/a><strong>Doada por <i>Loulie<\/i>.<\/strong><br \/>\n<strong>Resumo:<\/strong> Voc\u00ea \u00e9 uma garota de 16 anos que vive no s\u00e9culo XVIII, mas n\u00e3o \u00e9 uma garota comum. Voc\u00ea detesta a pol\u00edtica dos casamentos arranjados, de usar vestidos, aprender todos aqueles modos da sociedade daquela \u00e9poca e ter que ser a menina perfeita. O \u00fanico capaz de lhe entender \u00e9 seu prime, o \u00fanico amigo que voc\u00ea tem al\u00e9m da Ama que lhe criou.<br \/>\nDiversas confus\u00f5es acontecem at\u00e9 uma guerra chegar e voc\u00ea decidir que quer ir junto com seu primo, disfar\u00e7ada de homem e sem ele saber. Mas as coisas complicam quando ele come\u00e7a a se apaixonar por voc\u00ea.<br \/>\n<strong>Fandom:<\/strong> Livre<br \/>\n<strong>G\u00eanero:<\/strong> Romance \/ Com\u00e9dia<br \/>\n<strong>Nota:<\/strong> Fica livre se eles ficam juntos no final ou n\u00e3o.<br \/>\n<strong>Sugest\u00e3o:<\/strong> O ponto de vista ficaria legal sendo por ela.<br \/>\n<strong>Contato:<\/strong> <a href=\"mailto:jbahia.tigre@gmail.com\">E-mail<\/a><\/p>\n<p style=\"text-align: center;\"><strong>Para adotar, complete o formul\u00e1rio a seguir: <a href=\"https:\/\/espacocriativo.net\/adote\/?page_id=594\">Link<\/a><\/strong><\/p>\n<hr>\n<h2 align=\"center\">Ideia #175<\/h2>\n<p><a name=\"175\"><\/a><strong>Doada por <i>Brenda<\/i>.<\/strong><br \/>\n<strong>Resumo:<\/strong> Ela \u00e9 c\u00e9tica. N\u00e3o consegue acreditar em coisas sobrenaturais, ou que n\u00e3o tenha alguma explica\u00e7\u00e3o cient\u00edfica. Seu melhor amigo por\u00e9m, \u00e9 viciado em coisas relacionadas a aliens e teima em discutir com a PP sobre a exist\u00eancia deles.<br \/>\nE assim, esse amigo (que pode vir a ser um paquera), e a PP vivenciam a queda de um objeto desconhecido. Desse objeto desconhecido surgi um alien\u00edgena \u2013 pra l\u00e1 de bonit\u00e3o e sinistro, tamb\u00e9m um bom paquera \u2013 que pode vir a mexer n\u00e3o s\u00f3 com as cren\u00e7as da PP, mas tamb\u00e9m com a paz na Terra. Ent\u00e3o, a PP e o melhor amigo v\u00e3o ter que descobrir todo o mist\u00e9rio por tr\u00e1s da antiga vida do alien bonit\u00e3o (que perdeu a mem\u00f3ria), e descobrir o porqu\u00ea de novas ra\u00e7as estarem vindo at\u00e9 a Terra.<br \/>\n<strong>Fandom:<\/strong> Livre<br \/>\n<strong>G\u00eanero:<\/strong> Suspense \/ Romance \/ Fic\u00e7\u00e3o<br \/>\n<strong>Nota:<\/strong> &#8212;<br \/>\n<strong>Sugest\u00e3o:<\/strong> Seria legal ser interativa e ter rolar uma d\u00favida se o alien \u00e9 ou n\u00e3o confi\u00e1vel.<br \/>\n<strong>Contato:<\/strong> <a href=\"mailto:silva.brendadias@gmail.com\">E-mail<\/a><\/p>\n<p style=\"text-align: center;\"><strong>Para adotar, complete o formul\u00e1rio a seguir: <a href=\"https:\/\/espacocriativo.net\/adote\/?page_id=594\">Link<\/a><\/strong><\/p>\n<hr>\n<h2 align=\"center\">Ideia #177<\/h2>\n<p><a name=\"177\"><\/a><strong>Doada por <a href=\"https:\/\/twitter.com\/ItsFroooZain\" target=\"_blank\" rel=\"noopener noreferrer\">Joana D&#8217;arc<\/a>.<\/strong><br \/>\n<strong>Resumo:<\/strong> Eu vivo ouvindo a m\u00fasica &#8220;A Carta e o Soldado&#8221; de Henrique Cerqueira, acho que ela daria uma \u00f3tima fanfic rom\u00e2ntica, mas nem tenho muito tempo para pensar\u2026<br \/>\nGostaria de quem adotasse a ideia n\u00e3o trocasse a ess\u00eancia da garota preferi esperar pelo cara certo e isso \u00e9 meio que &#8220;ela n\u00e3o namora com ningu\u00e9m&#8221; e muito menos &#8220;ficar&#8221;\u2026<br \/>\n<strong>Fandom:<\/strong> Livre<br \/>\n<strong>G\u00eanero:<\/strong> Rom\u00e2ntico e Dram\u00e1tico, tendo um pouco de A\u00e7\u00e3o<br \/>\n<strong>Nota:<\/strong> &#8212;<br \/>\n<strong>Sugest\u00e3o:<\/strong> Acho legal que o PP sonhasse com a garota depois de receber a carta, e claro, n\u00e3o apenas aquela carta falada na m\u00fasica, v\u00e1rias cartas, por v\u00e1rios dias.<br \/>\n<strong>Contato:<\/strong> <a href=\"mailto:BrigadeiroEKS@gmail.com\">E-mail<\/a> | <a href=\"https:\/\/twitter.com\/ItsFroooZain\" target=\"_blank\" rel=\"noopener noreferrer\">Twitter<\/a><\/p>\n<p style=\"text-align: center;\"><strong>Para adotar, complete o formul\u00e1rio a seguir: <a href=\"https:\/\/espacocriativo.net\/adote\/?page_id=594\">Link<\/a><\/strong><\/p>\n<hr>\n<h2 align=\"center\">Ideia #178<\/h2>\n<p><a name=\"178\"><\/a><strong>Doada por <a href=\"https:\/\/twitter.com\/stealmyviados\" target=\"_blank\" rel=\"noopener noreferrer\">Sophia<\/a>.<\/strong><br \/>\n<strong>Resumo:<\/strong> Ela \u00e9 filha do dono de uma empresa e foi for\u00e7ada a se casar com um empres\u00e1rio para que ele continue investindo na empresa de seu pai. S\u00f3 que ningu\u00e9m sabe que ele \u00e9 psicopata e que ele bate e pratica viol\u00eancia (como o estupro) com a menina. Ela conhece um dos meninos em uma festa que \u00e9 obrigada a ir, e o tal empres\u00e1rio trata ela mal na frente deles. Seria legal se eles fossem famosos e o boy da One Direction descobrisse sobre isso, eles se apaixonassem, mas a\u00ed eles teriam que arranjar um jeito de acabar com esse casamento sem prejudicar a empresa do pai da menina.<br \/>\n<strong>Fandom:<\/strong> One Direction<br \/>\n<strong>G\u00eanero:<\/strong> Viol\u00eancia \/ Romance \/ Restrita<br \/>\n<strong>Nota:<\/strong> Eu comecei a escrev\u00ea-la, mas n\u00e3o consigo mais.<br \/>\nA fanfic foi inspirada na m\u00fasica &#8216;The song saved my life&#8217;, da banda Simple Plan. Eu usei uma met\u00e1fora como se o menino fosse a &#8220;m\u00fasica&#8221; que salvou a vida dela.<br \/>\n<strong>Sugest\u00e3o:<\/strong> A fanfic dever\u00e1 ser interativa.<br \/>\n<strong>Contato:<\/strong> <a href=\"mailto:sophiazeira@gmail.com\">E-mail<\/a> | <a href=\"https:\/\/twitter.com\/stealmyviados\" target=\"_blank\" rel=\"noopener noreferrer\">Twitter<\/a><br \/>\n<strong>Aviso da Administra\u00e7\u00e3o:<\/strong> Este conte\u00fado \u00e9 inapropriado para menores de idade. Ao adot\u00e1-lo, analise bem como ser\u00e1 feita a elabora\u00e7\u00e3o da hist\u00f3ria; caso ela venha a conter informa\u00e7\u00f5es impr\u00f3prias ou denunciada por tal, ser\u00e1 retirada do site sem aviso pr\u00e9vio.<\/p>\n<p style=\"text-align: center;\"><strong>Para adotar, complete o formul\u00e1rio a seguir: <a href=\"https:\/\/espacocriativo.net\/adote\/?page_id=594\">Link<\/a><\/strong><\/p>\n<hr>\n<h2 align=\"center\">Ideia #179<\/h2>\n<p><a name=\"179\"><\/a><strong>Doada por <i>Vit\u00f3ria<\/i>.<\/strong><br \/>\n<strong>Resumo:<\/strong> E se os integrantes do McFly mudassem de corpos com garotas que s\u00f3 viram uma vez na vida?<br \/>\n<strong>Fandom:<\/strong> McFLY<br \/>\n<strong>G\u00eanero:<\/strong> Com\u00e9dia Rom\u00e2ntica<br \/>\n<strong>Nota:<\/strong> Ambos podem estar estressados, e, tipo naqueles filmes de crian\u00e7as, todos, em lugares diferentes, dissessem &#8220;Minha vida \u00e9 uma merda!&#8221; ou algo relacionado, e no dia seguinte, seus corpos est\u00e3o trocados.<br \/>\nPara eles conhecerem as meninas, eles podem sim ter dormidos com elas uma vez, eles tem de se conhecer.<br \/>\n<strong>Sugest\u00e3o:<\/strong> &#8212;<br \/>\n<strong>Contato:<\/strong> <a href=\"mailto:viigrimes@gmail.com\">E-mail<\/a><\/p>\n<p style=\"text-align: center;\"><strong>Para adotar, complete o formul\u00e1rio a seguir: <a href=\"https:\/\/espacocriativo.net\/adote\/?page_id=594\">Link<\/a><\/strong><\/p>\n<hr>\n<h2 align=\"center\">Ideia #180<\/h2>\n<p><a name=\"180\"><\/a><strong>Doada por <i>Luana<\/i>.<\/strong><br \/>\n<strong>Resumo:<\/strong> A principal teria um caso com o principal antes do mesmo ficar famoso. Ela ficar\u00e1 gr\u00e1vida dele e ele n\u00e3o saber\u00e1. Tamb\u00e9m contar\u00e1 \u00e0 filha que seu pai \u00e9 o principal. E a filha, um dia, v\u00ea seu pai na rua e sai correndo o chamando; a PP vai atr\u00e1s dela, mas \u00e9 tarde demais: a mesma j\u00e1 havia chamado o PP de pai! Tempo depois (tempo curto) ele descobre que a PP \u00e9 uma garota (que poderia ser amor antigo, ou tanto faz) com quem teve uma amizade colorida. E logo saber\u00e1 que a filha dela, \u00e9 filha dele. Eles (PP&#8217;s) ficar\u00e3o juntos e ele a trairia, fazendo eles terminarem e causar uma briga! Ele tenta se reconciliar, mas ser\u00e1 muito dif\u00edcil ter a confian\u00e7a da PP de novo. No final eles ficam juntos (ou n\u00e3o).<br \/>\n<strong>Fandom:<\/strong> Livre \/ One Direction<br \/>\n<strong>G\u00eanero:<\/strong> Romance<br \/>\n<strong>Nota:<\/strong> Me avise se pegar a ideia, mesmo que for mudar algo! Aconselho que a fic seja com uma banda de no m\u00ednimo 4 integrantes!<br \/>\n<strong>Sugest\u00e3o:<\/strong> A principal poder\u00e1 ser melhor amiga de um dos outros meninos da banda.<br \/>\n<strong>Contato:<\/strong> <a href=\"mailto:lulu_chiquito@hotmail.com\">E-mail<\/a><\/p>\n<p style=\"text-align: center;\"><strong>Para adotar, complete o formul\u00e1rio a seguir: <a href=\"https:\/\/espacocriativo.net\/adote\/?page_id=594\">Link<\/a><\/strong><\/p>\n","protected":false},"excerpt":{"rendered":"<p>Antes de adotar, confira as regras do jogo. #172 | #173 | #174 | #175 | #177 | #178 | [&hellip;]<\/p>\n","protected":false},"author":2,"featured_media":0,"parent":606,"menu_order":0,"comment_status":"closed","ping_status":"closed","template":"iframe.php","meta":{"_acf_changed":false,"footnotes":""},"class_list":["post-1582","page","type-page","status-publish","hentry"],"acf":[],"_links":{"self":[{"href":"https:\/\/espacocriativo.net\/adote\/wp-json\/wp\/v2\/pages\/1582","targetHints":{"allow":["GET"]}}],"collection":[{"href":"https:\/\/espacocriativo.net\/adote\/wp-json\/wp\/v2\/pages"}],"about":[{"href":"https:\/\/espacocriativo.net\/adote\/wp-json\/wp\/v2\/types\/page"}],"author":[{"embeddable":true,"href":"https:\/\/espacocriativo.net\/adote\/wp-json\/wp\/v2\/users\/2"}],"replies":[{"embeddable":true,"href":"https:\/\/espacocriativo.net\/adote\/wp-json\/wp\/v2\/comments?post=1582"}],"version-history":[{"count":0,"href":"https:\/\/espacocriativo.net\/adote\/wp-json\/wp\/v2\/pages\/1582\/revisions"}],"up":[{"embeddable":true,"href":"https:\/\/espacocriativo.net\/adote\/wp-json\/wp\/v2\/pages\/606"}],"wp:attachment":[{"href":"https:\/\/espacocriativo.net\/adote\/wp-json\/wp\/v2\/media?parent=1582"}],"curies":[{"name":"wp","href":"https:\/\/api.w.org\/{rel}","templated":true}]}}