{"id":1360,"date":"2014-07-24T14:37:25","date_gmt":"2014-07-24T14:37:25","guid":{"rendered":"http:\/\/alltimefics.com\/adote\/?page_id=1360"},"modified":"2014-07-24T14:37:25","modified_gmt":"2014-07-24T14:37:25","slug":"ideias-151-a-160","status":"publish","type":"page","link":"https:\/\/espacocriativo.net\/adote\/disponiveis\/ideias-151-a-160\/","title":{"rendered":"Ideias \u00bb #151 a #160"},"content":{"rendered":"<p style=\"text-align: center;\">Antes de adotar, confira as <a href=\"https:\/\/espacocriativo.net\/adote\/?page_id=609\">regras do jogo<\/a>.<\/p>\n<p style=\"text-align: center;\"><a href=\"#151\">#151<\/a> | <a href=\"#152\">#152<\/a> | <a href=\"#153\">#153<\/a> | <a href=\"#154\">#154<\/a> | <a href=\"#156\">#156<\/a> | <a href=\"#157\">#157<\/a> | <a href=\"#158\">#158<\/a> | <a href=\"#159\">#159<\/a> | <a href=\"#160\">#160<\/a><\/p>\n<hr>\n<h2 align=\"center\">Ideia #151<\/h2>\n<p><a name=\"151\"><\/a><strong>Doada por <a href=\"https:\/\/twitter.com\/JullyAdamovich\" target=\"_blank\" rel=\"noopener noreferrer\">Jully Adamovich<\/a>.<\/strong><br \/>\n<strong>Resumo:<\/strong> Cinco melhores amigas de inf\u00e2ncia agora est\u00e3o no colegial. Como j\u00e1 era de se esperar, todas elas tem problemas, anorexia, auto-mutila\u00e7\u00e3o, baixa auto-estima, isolamento, entre outros, mas nessa etapa de suas vidas os problemas ficam mais graves e na hora que elas mais precisam umas das outras, elas se separam. Por sorte do destino elas encontram cinco garotos, ser\u00e1 que o amor ser\u00e1 capaz de consertar tudo? Voc\u00ea vai descobrir essas e outras respostas em meio de discuss\u00f5es, brigas, beijos, festas e outras coisas, o que ser\u00e1 que essas garotas escondem atr\u00e1s de c\u00edlios posti\u00e7os, batom e l\u00e1pis de olho?<br \/>\n<strong>Fandom:<\/strong> Livre (One Direction seria o essencial, por\u00e9m \u00e9 da sua escolha.)<br \/>\n<strong>G\u00eanero:<\/strong> Com\u00e9dia \/ Romance \/ Drama<br \/>\n<strong>Nota:<\/strong> Seria bom se tivessem apresenta\u00e7\u00f5es antes de come\u00e7ar a fic, mas isso \u00e9 uma frescura minha, voc\u00ea pode ou n\u00e3o colocar.<br \/>\nExemplo que voc\u00ea pode seguir:<\/p>\n<p>Louis&#8217;s Girl<br \/>\nOl\u00e1, me chamo # #, moro com meus tios, pois meus pais morreram em um acidente de carro. Tenho cabelos medianos, castanhos, ondulados e olhos castanhos, 1.65 de altura e sou considerada a palha\u00e7a da escola. Sou amiga de todos, mas ningu\u00e9m nunca soube do meu problema com drogas, sim, eu fui viciada em drogas; no come\u00e7o eu s\u00f3 curtia com meus amigos, mas depois eu tive que ir para um centro de reabilita\u00e7\u00e3o e as \u00fanicas que sabem disso s\u00e3o minhas melhores amigas, mas n\u00f3s perdemos contato.<\/p>\n<p>Niall&#8217;s Girl<br \/>\nOl\u00e1, me chamo # #, tenho cabelos castanhos claros, lisos, medianos, tenho 1.61 de altura e moro com minha m\u00e3e, pois meu pai saiu de casa; sim, ele saiu e nunca mais voltou. Sou considerada a fofinha da escola, sou amiga de algumas pessoas e tenho alguns inimigos, mas o que quase ningu\u00e9m sabe \u00e9 que eu estou muito doente, sim, eu estou com c\u00e2ncer de est\u00f4mago e as \u00fanicas pessoas que sabem disso s\u00e3o minha m\u00e3e e meu irm\u00e3o.<\/p>\n<p>Zayn&#8217;s Girl<br \/>\nOl\u00e1, me chamo # #, tenho pele branca (tipo de vampiro, haha), cabelos loiros claros, lisos, olhos azuis e 1.61 de altura. Moro com minha m\u00e3e, pois ela e meu pai se separaram quando eu tinha 8 anos; eu e meus irm\u00e3os ficamos bem tristes, mas entendemos. Sou considerada a rainha da escola; sim, as garotas do time da l\u00edderes de torcida me chamaram para o time e eu aceitei, agora eu tenho, tipo, &#8220;a escola aos meus p\u00e9s&#8221;, mas o que ningu\u00e9m sabe \u00e9 que eu tenho anorexia. Eu sempre fui muito magra, mas quando eu entrei pro time e l\u00edderes de torcida, achei que tinha que ser mais, ent\u00e3o aqui estou eu.<\/p>\n<p>Harry&#8217;s Girl<br \/>\nOl\u00e1, me chamo # #, tenho cabelos cor de avel\u00e3, curtos, franja, olhos castanhos, 1.67 de altura e sou considerada a rainha da escola. \u00c9, eu tamb\u00e9m fa\u00e7o parte das l\u00edderes de torcida e se voc\u00ea acha que eu sou amigas da Zayn&#8217;s Giel, voc\u00ea est\u00e1 errada, n\u00f3s perdemos o contato, mas eu praticamente mando na escola. O que ningu\u00e9m sabe \u00e9 que quando meus pais morreram, comecei a ter pesadelos toda noite e bem fortes e isso est\u00e1 me deixando meio\u2026 Assombrada.<\/p>\n<p>Liam&#8217;s Girl<br \/>\nOl\u00e1, me chamo # #, tenho cabelos loiros escuros, compridos e ondulados na ponta, olhos cor de mel e 1.67 de altura, sou considerada a VADIA da escola e j\u00e1 peguei praticamente todos. Agora come\u00e7aram boatos de que eu dei para o ex-diretor (que por sinal n\u00e3o \u00e9 mentira), mas o problema \u00e9 que meus pais s\u00e3o crist\u00e3os e eu estou come\u00e7ando a achar que estou gr\u00e1vida.<br \/>\n<strong>Sugest\u00e3o:<\/strong> A Niall&#8217;s Girl morre no final.<br \/>\n<strong>Contato:<\/strong> <a href=\"mailto:juliaherta@hotmail.com\">E-mail<\/a> | <a href=\"https:\/\/twitter.com\/JullyAdamovich\" target=\"_blank\" rel=\"noopener noreferrer\">Twitter<\/a><\/p>\n<p style=\"text-align: center;\"><strong>Para adotar, complete o formul\u00e1rio a seguir: <a href=\"https:\/\/espacocriativo.net\/adote\/?page_id=594\">Link<\/a><\/strong><\/p>\n<hr>\n<h2 align=\"center\">Ideia #152<\/h2>\n<p><a name=\"152\"><\/a><strong>Doada por <a href=\"https:\/\/twitter.com\/justnarcisism\" target=\"_blank\" rel=\"noopener noreferrer\">Lelen<\/a>.<\/strong><br \/>\n<strong>Resumo:<\/strong> Ela \u00e9 uma super-humana encontrada \u00e0 deriva numa c\u00e1psula criog\u00eanica pela Frota Estelar dez anos depois da descoberta de Khan e seus tripulantes. Quando decidiram &#8220;acorda-la&#8221;, um dos efeitos da criogenia foi a perda de mem\u00f3ria da principal, que \u00e9 enganada pela Frota, que a faz acreditar ser apenas uma humana comum.<br \/>\nEla vira uma pesquisadora de esp\u00e9cies da Frota em Londres, e est\u00e1 l\u00e1 quando Khan\/John Harrison ataca pela primeira vez como inimigo. Ao descobrir que a Frota pretende ir at\u00e9 Kronos (Qo&#8217;noS) capturar o novo inimigo, ela d\u00e1 um jeito de embarcar na Enterprise.<br \/>\nDepois que Khan se rende a Kirk, a principal se encanta e quer &#8220;estudar&#8221; melhor a esp\u00e9cie super-humana; \u00e9 o momento em que Khan revela saber o grande segredo que a Frota escondera da jovem.<br \/>\n<strong>Fandom:<\/strong> S\u00e9ries \u2013 Star Trek (2009\/2013)<br \/>\n<strong>G\u00eanero:<\/strong> What if \/ Fic\u00e7\u00e3o cient\u00edfica \/ Romance<br \/>\n<strong>Nota:<\/strong> A principal deve fazer par com Khan\/John Harrison, mas n\u00e3o precisa necessariamente ficar apenas com ele durante a hist\u00f3ria.<br \/>\n<strong>Sugest\u00e3o:<\/strong> &#8212;<br \/>\n<strong>Contato:<\/strong> <a href=\"mailto:lelenzets@gmail.com\">E-mail<\/a> | <a href=\"https:\/\/twitter.com\/justnarcisism\" target=\"_blank\" rel=\"noopener noreferrer\">Twitter<\/a><\/p>\n<p style=\"text-align: center;\"><strong>Para adotar, complete o formul\u00e1rio a seguir: <a href=\"https:\/\/espacocriativo.net\/adote\/?page_id=594\">Link<\/a><\/strong><\/p>\n<hr>\n<h2 align=\"center\">Ideia #153<\/h2>\n<p><a name=\"153\"><\/a><strong>Doada por <a href=\"https:\/\/twitter.com\/justnarcisism\" target=\"_blank\" rel=\"noopener noreferrer\">Lelen<\/a>.<\/strong><br \/>\n<strong>Resumo:<\/strong> Sherlock se v\u00ea interessado por sua nova vizinha do andar de cima, ela tem uma percep\u00e7\u00e3o t\u00e3o boa quanto a dele, mas quando se trata de analisar a ela, Holmes quase nunca acerta.<br \/>\nEla passa a se juntar aos casos de Sherlock e Watson, o ultimo acha a principal peculiar, mas n\u00e3o consegue dizer o que o incomoda.<br \/>\n<strong>Fandom:<\/strong> S\u00e9rie \u2013 Sherlock<br \/>\n<strong>G\u00eanero:<\/strong> Romance \/ Mist\u00e9rio \/ Suspense<br \/>\n<strong>Nota:<\/strong> O romance entre a principal e Sherlock pode ser bem leve, nas entrelinhas.<br \/>\n<strong>Sugest\u00e3o:<\/strong> A principal pode ser parente de John.<br \/>\n<strong>Contato:<\/strong> <a href=\"mailto:lelenzets@gmail.com\">E-mail<\/a> | <a href=\"https:\/\/twitter.com\/justnarcisism\" target=\"_blank\" rel=\"noopener noreferrer\">Twitter<\/a><\/p>\n<p style=\"text-align: center;\"><strong>Para adotar, complete o formul\u00e1rio a seguir: <a href=\"https:\/\/espacocriativo.net\/adote\/?page_id=594\">Link<\/a><\/strong><\/p>\n<hr>\n<h2 align=\"center\">Ideia #154<\/h2>\n<p><a name=\"154\"><\/a><strong>Doada por <a href=\"https:\/\/twitter.com\/forallmybabies\" target=\"_blank\" rel=\"noopener noreferrer\">Lais Alves<\/a>.<\/strong><br \/>\n<strong>Resumo:<\/strong> A pp e o pp estariam presos (isso presos) em pris\u00f5es diferentes na Inglaterra\u2026 N\u00e3o importa se na fic eles ser\u00e3o culpados ou inocentes. Ent\u00e3o, acontecem problemas nas pris\u00f5es que eles est\u00e3o e todos eles tem que ser transferidos pra uma pris\u00e3o no Iraque, pois a fic se passar\u00e1 um pouco no futuro e a taxa de crimes aumentou ent\u00e3o as pris\u00f5es est\u00e3o cheias.E as mulheres e homens ficam no mesmo bloco mas em celas separadas. A pp tem um irm\u00e3o que t\u00e1 no ex\u00e9rcito la no Iraque e tem um cara l\u00e1 que quer pq quer a pp. Essa \u00e9 a id\u00e9ia geral, o resto deixo por conta da imagina\u00e7\u00e3o da autora.<br \/>\n<strong>Fandom:<\/strong> Livre<br \/>\n<strong>G\u00eanero:<\/strong> Romance \/ Drama \/ Um pouco de com\u00e9dia.<br \/>\n<strong>Nota:<\/strong> Qualquer coisa, \u00e9 s\u00f3 vir falar comigo.<br \/>\n<strong>Contato:<\/strong> <a href=\"mailto:lala_alves2007@live.com\">E-mail<\/a> | <a href=\"https:\/\/twitter.com\/forallmybabies\" target=\"_blank\" rel=\"noopener noreferrer\">Twitter<\/a><\/p>\n<p style=\"text-align: center;\"><strong>Para adotar, complete o formul\u00e1rio a seguir: <a href=\"https:\/\/espacocriativo.net\/adote\/?page_id=594\">Link<\/a><\/strong><\/p>\n<hr>\n<h2 align=\"center\">Ideia #156<\/h2>\n<p><a name=\"156\"><\/a><strong>Doada por <i>Tha\u00eds M.<\/i><\/strong><br \/>\n<strong>Resumo:<\/strong> A principal \u00e9 uma tipo de anjo da guarda, s\u00f3 que diferente dos outros ela n\u00e3o tem asas, ou qualquer contato com alguma divindade. Ela \u00e9 quase uma garota normal, vai para escola e tem alguns amigos. O \u00fanico problema \u00e9 que ela simplesmente aparece num lugar diferente toda vez que um garoto (o principal) corre perigo. Ela acha que \u00e9 algum tipo de dem\u00f4nio e por isso n\u00e3o conta \u00e1 ningu\u00e9m. No decorrer da hist\u00f3ria, ela vai descobrindo quem ela realmente \u00e9 com a ajuda do principal.<br \/>\n<strong>Fandom:<\/strong> Livre<br \/>\n<strong>G\u00eanero:<\/strong> Suspense \/ Com\u00e9dia \/ Romance<br \/>\n<strong>Nota:<\/strong> O principal tem que ser bem humorado e fazer piadinha sobre a garota principal. No fim da hist\u00f3ria a autora decide o que acontece.<br \/>\n<strong>Contato:<\/strong> <a href=\"mailto:atahh.moraes@gmail.com\">E-mail<\/a><\/p>\n<p style=\"text-align: center;\"><strong>Para adotar, complete o formul\u00e1rio a seguir: <a href=\"https:\/\/espacocriativo.net\/adote\/?page_id=594\">Link<\/a><\/strong><\/p>\n<hr>\n<h2 align=\"center\">Ideia #157<\/h2>\n<p><a name=\"157\"><\/a><strong>Doada por <a href=\"https:\/\/twitter.com\/stckslana\" target=\"_blank\" rel=\"noopener noreferrer\">Lorenna<\/a>.<\/strong><br \/>\n<strong>Resumo:<\/strong> Eu sempre tenho ideias loucas para fanfic, e esses dias do nada me veio uma meio sobrenatural: A garota \u00e9 meio que predestinada, precisa escolher entre o bem e o mal, o c\u00e9u e o inferno, ela fica presa em um mundo totalmente diferente, e ent\u00e3o o principal, sem ao menos conhece-la, entra naquele mundo por meio de sonhos, e acaba se apaixonando; tamb\u00e9m imaginei ele como um desenhista, que depois de conhecer ela n\u00e3o consegue desenhar outra coisa al\u00e9m de seu retrato<br \/>\n<strong>Fandom:<\/strong> Livre<br \/>\n<strong>G\u00eanero:<\/strong> Drama \/ Sobrenatural \/ Romance<br \/>\n<strong>Nota:<\/strong> Se pegar, por favor, me chame no e-mail (lorennasanches@outlook.com) e venha conversar, t\u00f3 sozinha.<br \/>\n<strong>Sugest\u00e3o:<\/strong> N\u00e3o, coloca s\u00f3 meu nome l\u00e1, quero me sentir orgulhosa, haha!<br \/>\n<strong>Contato:<\/strong> <a href=\"mailto:lorennasanches@outlook.com\">E-mail<\/a> | <a href=\"https:\/\/twitter.com\/stckslana\" target=\"_blank\" rel=\"noopener noreferrer\">Twitter<\/a><\/p>\n<p style=\"text-align: center;\"><strong>Para adotar, complete o formul\u00e1rio a seguir: <a href=\"https:\/\/espacocriativo.net\/adote\/?page_id=594\">Link<\/a><\/strong><\/p>\n<hr>\n<h2 align=\"center\">Ideia #158<\/h2>\n<p><a name=\"158\"><\/a><strong>Doada por <a href=\"https:\/\/twitter.com\/stckslana\" target=\"_blank\" rel=\"noopener noreferrer\">Lorenna<\/a>.<\/strong><br \/>\n<strong>Resumo:<\/strong> O pai do principal se casou com uma vadia, depois ele morreu e o principal jura que a culpa foi da mulher, ent\u00e3o ele fica t\u00e3o louco que resolve se vingar dela. Ele muda de estado, para o lugar que ela est\u00e1 agora e descobre que ela se casou com outro cara \u2013 que tamb\u00e9m morreu. \u2013 e que agora t\u00e1 tomando conta da filha dele, que \u00e9 a principal. Ent\u00e3o ele muda o plano e resolve retomar os estudos e ir para a mesma escola que a principal, para se vingar usando ela. Parte do plano envolvia eles namorando, mas ao desenvolver da hist\u00f3ria ele acaba gostando dela, enquanto ele meio que chantageia a mulher, fazendo ela sofrer como o pai dele sofria. Mas aos poucos ele vai parando com o plano por que queria que a principal ficasse em seguran\u00e7a e porque tava muito confuso com tudo o que tava sentindo e n\u00e3o queria acabar com aquilo, s\u00f3 que ai a madrasta descobre que eles t\u00e3o juntos, e tava com tanta raiva que conta para a menina, sei l\u00e1, num momento importante para os principais, ai ela acredita na madrasta porque t\u00e1 magoada com ele e o resto fica a crit\u00e9rio da autora<br \/>\n<strong>Fandom:<\/strong> Livre<br \/>\n<strong>G\u00eanero:<\/strong> Drama \/ Romance \/ Vingan\u00e7a<br \/>\n<strong>Nota:<\/strong> Por favor, ignore os erros de portugu\u00eas porque eu to escrevendo tudo as pressas, haha.<br \/>\nSe tiver como continuar em contato comigo enquanto escreve, me dizendo sobre como t\u00e1 a fic e at\u00e9 me pedindo ajuda, sou sua partner pessoal, haha, \u00e9 s\u00f3 ir mandando e-mails para o lorennasanches@outlook.com.<br \/>\n<strong>Sugest\u00e3o:<\/strong> Olha, a grande parte desta ideia foi apenas ele, o pai morrendo, a madrasta e a menina, s\u00f3 que quando essa ideia me veio a cabe\u00e7a eu n\u00e3o consegui parar de pensar mais, e eu achei t\u00e3o legalzinho que decidi postar tudo, mas caso a autora queira colocar s\u00f3 o que eu falei, n\u00e3o vejo problema.<br \/>\n<strong>Contato:<\/strong> <a href=\"mailto:lorennasanches@outlook.com\">E-mail<\/a> | <a href=\"https:\/\/twitter.com\/stckslana\" target=\"_blank\" rel=\"noopener noreferrer\">Twitter<\/a><\/p>\n<p style=\"text-align: center;\"><strong>Para adotar, complete o formul\u00e1rio a seguir: <a href=\"https:\/\/espacocriativo.net\/adote\/?page_id=594\">Link<\/a><\/strong><\/p>\n<hr>\n<h2 align=\"center\">Ideia #159<\/h2>\n<p><a name=\"159\"><\/a><strong>Doada por <a href=\"https:\/\/twitter.com\/louisreidatreta\" target=\"_blank\" rel=\"noopener noreferrer\">Karina Oliveira<\/a>.<\/strong><br \/>\n<strong>Resumo:<\/strong> A fanfic dever\u00e1 se passar em um bairro nobre, onde a garota que foi adota aos 7 anos mora na casa de uma fam\u00edlia que tem um filho que paga de valent\u00e3o. Em um dia que os dois ficam sozinhos em casa, acabam se envolvendo, e nesse momento o amigo do favorito acaba chegando e v\u00ea a cena. Depois de toda a explica\u00e7\u00e3o o amigo aceita manter isso em segredo, somente se a garota ser sua escrava sexual. O favorito n\u00e3o aceita, mas o amigo diz tudo que pode fazer de mal a garota. O que acontecer\u00e1 depois desse dia cheio de confus\u00f5es?<br \/>\n<strong>Fandom:<\/strong> Livre<br \/>\n<strong>G\u00eanero:<\/strong> Com\u00e9dia Romantica \/ Drama<br \/>\n<strong>Nota:<\/strong> Acho que seria bom escrever sem fandom, pois a leitora ir\u00e1 se sentir melhor lendo com conhecidos. Tamb\u00e9m em colocar alguns cap\u00edtulos em 1\u00b0pessoa deixaria interessante.<br \/>\n<strong>Sugest\u00e3o:<\/strong> Pode se passar no Brasil.<br \/>\n<strong>Contato:<\/strong> <a href=\"mailto:karina_cind9@hotmail.com\">E-mail<\/a> | <a href=\"https:\/\/twitter.com\/louisreidatreta\" target=\"_blank\" rel=\"noopener noreferrer\">Twitter<\/a><\/p>\n<p style=\"text-align: center;\"><strong>Para adotar, complete o formul\u00e1rio a seguir: <a href=\"https:\/\/espacocriativo.net\/adote\/?page_id=594\">Link<\/a><\/strong><\/p>\n<hr>\n<h2 align=\"center\">Ideia #160<\/h2>\n<p><a name=\"160\"><\/a><strong>Doada por <a href=\"https:\/\/twitter.com\/emanuelysantann\" target=\"_blank\" rel=\"noopener noreferrer\">Manu<\/a>.<\/strong><br \/>\n<strong>Resumo:<\/strong> Depois de um tempo do t\u00e9rmino do namoro, ela come\u00e7a a namorar um cara mais velho e fica noiva dele (ele tem uma filha). A filha dele simplesmente vai odiar ela, e, como se n\u00e3o bastasse, come\u00e7a a namorar o ex da PP por qual ela ainda \u00e9 apaixonada.<br \/>\n<strong>Fandom:<\/strong> One Direction \/ Livre<br \/>\n<strong>G\u00eanero:<\/strong> Com\u00e9dia Rom\u00e2ntica<br \/>\n<strong>Nota:<\/strong> &#8212;<br \/>\n<strong>Sugest\u00e3o:<\/strong> &#8212;<br \/>\n<strong>Contato:<\/strong> <a href=\"mailto:emanuely.santanna@hotmail.com\">E-mail<\/a> | <a href=\"https:\/\/twitter.com\/emanuelysantann\" target=\"_blank\" rel=\"noopener noreferrer\">Twitter<\/a><\/p>\n<p style=\"text-align: center;\"><strong>Para adotar, complete o formul\u00e1rio a seguir: <a href=\"https:\/\/espacocriativo.net\/adote\/?page_id=594\">Link<\/a><\/strong><\/p>\n","protected":false},"excerpt":{"rendered":"<p>Antes de adotar, confira as regras do jogo. #151 | #152 | #153 | #154 | #156 | #157 | [&hellip;]<\/p>\n","protected":false},"author":2,"featured_media":0,"parent":606,"menu_order":0,"comment_status":"closed","ping_status":"closed","template":"iframe.php","meta":{"_acf_changed":false,"footnotes":""},"class_list":["post-1360","page","type-page","status-publish","hentry"],"acf":[],"_links":{"self":[{"href":"https:\/\/espacocriativo.net\/adote\/wp-json\/wp\/v2\/pages\/1360","targetHints":{"allow":["GET"]}}],"collection":[{"href":"https:\/\/espacocriativo.net\/adote\/wp-json\/wp\/v2\/pages"}],"about":[{"href":"https:\/\/espacocriativo.net\/adote\/wp-json\/wp\/v2\/types\/page"}],"author":[{"embeddable":true,"href":"https:\/\/espacocriativo.net\/adote\/wp-json\/wp\/v2\/users\/2"}],"replies":[{"embeddable":true,"href":"https:\/\/espacocriativo.net\/adote\/wp-json\/wp\/v2\/comments?post=1360"}],"version-history":[{"count":0,"href":"https:\/\/espacocriativo.net\/adote\/wp-json\/wp\/v2\/pages\/1360\/revisions"}],"up":[{"embeddable":true,"href":"https:\/\/espacocriativo.net\/adote\/wp-json\/wp\/v2\/pages\/606"}],"wp:attachment":[{"href":"https:\/\/espacocriativo.net\/adote\/wp-json\/wp\/v2\/media?parent=1360"}],"curies":[{"name":"wp","href":"https:\/\/api.w.org\/{rel}","templated":true}]}}